{"id":990,"date":"2020-05-13T09:03:47","date_gmt":"2020-05-13T13:03:47","guid":{"rendered":"https:\/\/unitedwaysem.org\/211-toolkit\/"},"modified":"2026-04-06T10:44:56","modified_gmt":"2026-04-06T14:44:56","slug":"211-toolkit","status":"publish","type":"page","link":"https:\/\/unitedwaysem.org\/es\/our-impact\/2-1-1-impact\/211-toolkit\/","title":{"rendered":"Kit de herramientas 211"},"content":{"rendered":"","protected":false},"excerpt":{"rendered":"","protected":false},"author":11,"featured_media":0,"parent":1454,"menu_order":0,"comment_status":"closed","ping_status":"closed","template":"","meta":{"_acf_changed":false,"_relevanssi_hide_post":"","_relevanssi_hide_content":"","_relevanssi_pin_for_all":"","_relevanssi_pin_keywords":"","_relevanssi_unpin_keywords":"","_relevanssi_related_keywords":"","_relevanssi_related_include_ids":"","_relevanssi_related_exclude_ids":"","_relevanssi_related_no_append":"","_relevanssi_related_not_related":"","_relevanssi_related_posts":"","_relevanssi_noindex_reason":""},"class_list":["post-990","page","type-page","status-publish","hentry","news_type-update"],"acf":{"page_layout":[{"acf_fc_layout":"layout_hero","_acfe_flexible_toggle":null,"component_hero":{"kicker_text":"","heading":"211 Toolkit","summary":"","image":"","cta":"","bubble":""}},{"acf_fc_layout":"layout_wysiwyg","_acfe_flexible_toggle":null,"component_wysiwyg":{"content":"La l\u00ednea de ayuda 211 de United Way conecta cada d\u00eda a cientos de personas con recursos \u00fatiles. Utilice las herramientas que se indican a continuaci\u00f3n para ayudarnos a difundir el mensaje y garantizar que todas las personas que lo necesiten sepan que pueden llamar al 211 para pedir ayuda.","":null,"settings":""}},{"acf_fc_layout":"layout_table","_acfe_flexible_toggle":null,"component_table":{"table":{"acftf":{"v":"1.3.33"},"p":{"o":{"uh":1},"ca":""},"c":[{"p":""},{"p":""}],"h":[{"c":"LEARN MORE"},{"c":""}],"b":[[{"c":"Impact Dashboard"},{"c":"<a class=\"report-block-wrap-col__link\" href=\"https:\/\/unitedwaysem.org\/our-impact\/2-1-1-impact\/\" rel=\"noopener\">Learn More<\/a>"}],[{"c":"One Crisis Away Video"},{"c":"<a class=\"report-block-wrap-col__link\" href=\"https:\/\/youtu.be\/r_pYLxYk32E\" rel=\"noopener\">YouTube<\/a><br>\n<a class=\"report-block-wrap-col__link\" href=\"https:\/\/fb.watch\/3r9jSUswWG\/\" rel=\"noopener\">Facebook<\/a><br>\n<a class=\"report-block-wrap-col__link\" href=\"https:\/\/vimeo.com\/444639761\" rel=\"noopener\">Download from Vimeo<\/a><br>\n<a class=\"report-block-wrap-col__link\" href=\"https:\/\/www.linkedin.com\/feed\/update\/urn:li:activity:6762935060833341440\" rel=\"noopener\">LinkedIn<\/a>"}],[{"c":"Video"},{"c":"<a class=\"report-block-wrap-col__link\" href=\"https:\/\/www.youtube.com\/watch?v=JSzDS4KjUrw&amp;feature=youtu.be\" rel=\"noopener\">YouTube <\/a><br>\n<a class=\"report-block-wrap-col__link\" href=\"https:\/\/www.facebook.com\/watch\/?v=124318708928387\" rel=\"noopener\">Facebook<\/a><br>\n<a class=\"report-block-wrap-col__link\" href=\"https:\/\/vimeo.com\/390515321\" rel=\"noopener\">Download from Vimeo<\/a><br>\n<a class=\"report-block-wrap-col__link\" href=\"https:\/\/twitter.com\/UnitedWaySEM\/status\/1357174258309488640\" rel=\"noopener\">Twitter (30 second version)<\/a>"}]]},"helper_width":"bleed"}},{"acf_fc_layout":"layout_table","_acfe_flexible_toggle":null,"component_table":{"table":{"acftf":{"v":"1.3.20"},"p":{"o":{"uh":1},"ca":""},"c":[{"p":""},{"p":""}],"h":[{"c":"SOCIAL MEDIA"},{"c":""}],"b":[[{"c":"Social Media Ideas"},{"c":"<a class=\"report-block-wrap-col__link\" href=\"https:\/\/unitedwaysem.org\/wp-content\/uploads\/2025\/02\/2-1-1-Day-Social-One-Pager.pdf\" target=\"_blank\" rel=\"noopener\">View\/Download<\/a>"}],[{"c":"600x600 images (best for Instagram)"},{"c":"<a class=\"report-block-wrap-col__link\" href=\"https:\/\/unitedwaysem.org\/wp-content\/uploads\/2020\/05\/2021-2-1-1-IG3-2-1024x1024.jpg\" target=\"_blank\" rel=\"noopener\">Option 1<\/a><br>\n<a class=\"report-block-wrap-col__link\" href=\"https:\/\/unitedwaysem.org\/wp-content\/uploads\/2020\/05\/2022-2-1-1-Digital-Ads_V3-1.jpg\" target=\"_blank\" rel=\"noopener\">Option 2<\/a><br>\n<a class=\"report-block-wrap-col__link\" href=\"https:\/\/unitedwaysem.org\/wp-content\/uploads\/2020\/05\/2022-2-1-1-Digital-Ads_V3-2.jpg\" target=\"_blank\" rel=\"noopener\">Option 3<\/a><br>\n<a class=\"report-block-wrap-col__link\" href=\"https:\/\/unitedwaysem.org\/wp-content\/uploads\/2020\/05\/2022-2-1-1-Digital-Ads_V3-3.jpg\" target=\"_blank\" rel=\"noopener\">Option 4<\/a>"}],[{"c":"1200x600 images (best for Facebook, LinkedIn, Twitter)"},{"c":"<a class=\"report-block-wrap-col__link\" href=\"https:\/\/unitedwaysem.org\/wp-content\/uploads\/2025\/02\/2021-2-1-1-TW1-scaled-1.jpg\" target=\"_blank\" rel=\"noopener\">Option 1<\/a><br>"}]]},"helper_width":"bleed"}},{"acf_fc_layout":"layout_table","_acfe_flexible_toggle":null,"component_table":{"table":{"acftf":{"v":"1.3.33"},"p":{"o":{"uh":1},"ca":""},"c":[{"p":""},{"p":""},{"p":""},{"p":""}],"h":[{"c":"PRINT"},{"c":""},{"c":""},{"c":""}],"b":[[{"c":"Order free printed 211 materials"},{"c":"<a class=\"report-block-wrap-col__link\" href=\"http:\/\/unitedwaysem.org\/get-help\/order-2-1-1-materials\/\" rel=\"noopener\">Order now<\/a>"},{"c":""},{"c":""}],[{"c":"Printable 211 posters"},{"c":"<a class=\"report-block-wrap-col__link\" href=\"https:\/\/unitedwaysem.org\/wp-content\/uploads\/2025\/02\/2-1-1-Flyer.pdf\" rel=\"noopener\">English<\/a><br>\n<a class=\"report-block-wrap-col__link\" href=\"https:\/\/unitedwaysem.org\/wp-content\/uploads\/2025\/02\/2-1-1-Poster-Spanish.pdf\" rel=\"noopener\">Spanish<\/a><br>\n<a class=\"report-block-wrap-col__link\" href=\"https:\/\/unitedwaysem.org\/wp-content\/uploads\/2025\/02\/2-1-1-Poster-Arabic.pdf\" rel=\"noopener\">Arabic<\/a>"},{"c":""},{"c":""}]]},"helper_width":"bleed"}},{"acf_fc_layout":"layout_table","_acfe_flexible_toggle":null,"component_table":{"table":{"acftf":{"v":"1.3.20"},"p":{"o":{"uh":1},"ca":""},"c":[{"p":""},{"p":""},{"p":""},{"p":""}],"h":[{"c":"CORPORATE"},{"c":""},{"c":""},{"c":""}],"b":[[{"c":"Event Ideas"},{"c":"<a class=\"report-block-wrap-col__link\" href=\"https:\/\/unitedwaysem.org\/wp-content\/uploads\/2025\/02\/2021-2-1-1-Day-Celebration-Ideas.pdf\" target=\"_blank\" rel=\"noopener\">Learn more<\/a>"},{"c":""},{"c":""}],[{"c":"Short stories for emails, newsletters, blogs"},{"c":"<a class=\"report-block-wrap-col__link\" href=\"https:\/\/unitedwaysem.org\/wp-content\/uploads\/2025\/02\/2-1-1-Stories-2023-updates.pdf\" target=\"_blank\" rel=\"noopener\">View\/Download<\/a>"},{"c":""},{"c":""}],[{"c":"Sample email copy"},{"c":"<a class=\"report-block-wrap-col__link\" href=\"https:\/\/unitedwaysem.org\/wp-content\/uploads\/2025\/02\/2-1-1-Sample-Email.pdf\" target=\"_blank\" rel=\"noopener\">View Sample<\/a>"},{"c":""},{"c":""}]]},"helper_width":"bleed"}},{"acf_fc_layout":"layout_table","_acfe_flexible_toggle":null,"component_table":{"table":{"acftf":{"v":"1.3.20"},"p":{"o":{"uh":1},"ca":""},"c":[{"p":""},{"p":""}],"h":[{"c":"EMAIL"},{"c":""}],"b":[[{"c":"Custom footer"},{"c":"<a href=\"https:\/\/unitedwaysem.org\/wp-content\/uploads\/2025\/02\/2021-2-1-1-Email-Graphic-V2-Blue-1-scaled-1.jpg\" target=\"_blank\" rel=\"noopener\">Footer (blue)<\/a><br>\n<a href=\"https:\/\/unitedwaysem.org\/wp-content\/uploads\/2020\/05\/2021-2-1-1-Email-Graphic-V2-White-1-1024x307.jpg\" target=\"_blank\" rel=\"noopener\">Footer (white)<\/a>"}]]},"helper_width":"bleed"}}]},"yoast_head":"<!-- This site is optimized with the Yoast SEO plugin v26.8 - https:\/\/yoast.com\/product\/yoast-seo-wordpress\/ -->\n<title>211 Toolkit - United Way for Southeastern Michigan<\/title>\n<meta name=\"description\" content=\"United Way\u2019s 2-1-1 helpline connects hundreds of people every day with helpful resources. Use the tools below to help us spread the word and ensure that everyone in need knows they can call 2-1-1 for help.\" \/>\n<meta name=\"robots\" content=\"index, follow, max-snippet:-1, max-image-preview:large, max-video-preview:-1\" \/>\n<link rel=\"canonical\" href=\"https:\/\/unitedwaysem.org\/es\/our-impact\/2-1-1-impact\/211-toolkit\/\" \/>\n<meta property=\"og:locale\" content=\"es_MX\" \/>\n<meta property=\"og:type\" content=\"article\" \/>\n<meta property=\"og:title\" content=\"211 Toolkit - United Way for Southeastern Michigan\" \/>\n<meta property=\"og:description\" content=\"United Way\u2019s 2-1-1 helpline connects hundreds of people every day with helpful resources. Use the tools below to help us spread the word and ensure that everyone in need knows they can call 2-1-1 for help.\" \/>\n<meta property=\"og:url\" content=\"https:\/\/unitedwaysem.org\/es\/our-impact\/2-1-1-impact\/211-toolkit\/\" \/>\n<meta property=\"og:site_name\" content=\"United Way for Southeastern Michigan\" \/>\n<meta property=\"article:modified_time\" content=\"2026-04-06T14:44:56+00:00\" \/>\n<meta property=\"og:image\" content=\"https:\/\/unitedwaysem.org\/wp-content\/uploads\/2025\/01\/uwsem-share-image-v2.jpg\" \/>\n\t<meta property=\"og:image:width\" content=\"1200\" \/>\n\t<meta property=\"og:image:height\" content=\"630\" \/>\n\t<meta property=\"og:image:type\" content=\"image\/jpeg\" \/>\n<meta name=\"twitter:card\" content=\"summary_large_image\" \/>\n<meta name=\"twitter:label1\" content=\"Tiempo de lectura\" \/>\n\t<meta name=\"twitter:data1\" content=\"1 minuto\" \/>\n<script type=\"application\/ld+json\" class=\"yoast-schema-graph\">{\"@context\":\"https:\/\/schema.org\",\"@graph\":[{\"@type\":\"WebPage\",\"@id\":\"https:\/\/unitedwaysem.org\/our-impact\/2-1-1-impact\/211-toolkit\/\",\"url\":\"https:\/\/unitedwaysem.org\/our-impact\/2-1-1-impact\/211-toolkit\/\",\"name\":\"211 Toolkit - United Way for Southeastern Michigan\",\"isPartOf\":{\"@id\":\"https:\/\/unitedwaysem.org\/#website\"},\"datePublished\":\"2020-05-13T13:03:47+00:00\",\"dateModified\":\"2026-04-06T14:44:56+00:00\",\"description\":\"United Way\u2019s 2-1-1 helpline connects hundreds of people every day with helpful resources. Use the tools below to help us spread the word and ensure that everyone in need knows they can call 2-1-1 for help.\",\"breadcrumb\":{\"@id\":\"https:\/\/unitedwaysem.org\/our-impact\/2-1-1-impact\/211-toolkit\/#breadcrumb\"},\"inLanguage\":\"es\",\"potentialAction\":[{\"@type\":\"ReadAction\",\"target\":[\"https:\/\/unitedwaysem.org\/our-impact\/2-1-1-impact\/211-toolkit\/\"]}]},{\"@type\":\"BreadcrumbList\",\"@id\":\"https:\/\/unitedwaysem.org\/our-impact\/2-1-1-impact\/211-toolkit\/#breadcrumb\",\"itemListElement\":[{\"@type\":\"ListItem\",\"position\":1,\"name\":\"Home\",\"item\":\"https:\/\/unitedwaysem.org\/\"},{\"@type\":\"ListItem\",\"position\":2,\"name\":\"Our Impact\",\"item\":\"https:\/\/unitedwaysem.org\/our-impact\/\"},{\"@type\":\"ListItem\",\"position\":3,\"name\":\"211 Impact\",\"item\":\"https:\/\/unitedwaysem.org\/our-impact\/2-1-1-impact\/\"},{\"@type\":\"ListItem\",\"position\":4,\"name\":\"211 Toolkit\"}]},{\"@type\":\"WebSite\",\"@id\":\"https:\/\/unitedwaysem.org\/#website\",\"url\":\"https:\/\/unitedwaysem.org\/\",\"name\":\"United Way for Southeastern Michigan\",\"description\":\"\",\"publisher\":{\"@id\":\"https:\/\/unitedwaysem.org\/#organization\"},\"potentialAction\":[{\"@type\":\"SearchAction\",\"target\":{\"@type\":\"EntryPoint\",\"urlTemplate\":\"https:\/\/unitedwaysem.org\/?s={search_term_string}\"},\"query-input\":{\"@type\":\"PropertyValueSpecification\",\"valueRequired\":true,\"valueName\":\"search_term_string\"}}],\"inLanguage\":\"es\"},{\"@type\":\"Organization\",\"@id\":\"https:\/\/unitedwaysem.org\/#organization\",\"name\":\"United Way for Southeastern Michigan\",\"url\":\"https:\/\/unitedwaysem.org\/\",\"logo\":{\"@type\":\"ImageObject\",\"inLanguage\":\"es\",\"@id\":\"https:\/\/unitedwaysem.org\/#\/schema\/logo\/image\/\",\"url\":\"https:\/\/unitedwaysem.org\/wp-content\/uploads\/2024\/12\/uwsem-logo.png\",\"contentUrl\":\"https:\/\/unitedwaysem.org\/wp-content\/uploads\/2024\/12\/uwsem-logo.png\",\"width\":768,\"height\":768,\"caption\":\"United Way for Southeastern Michigan\"},\"image\":{\"@id\":\"https:\/\/unitedwaysem.org\/#\/schema\/logo\/image\/\"}}]}<\/script>\n<!-- \/ Yoast SEO plugin. -->","yoast_head_json":{"title":"211 Toolkit - United Way for Southeastern Michigan","description":"United Way\u2019s 2-1-1 helpline connects hundreds of people every day with helpful resources. Use the tools below to help us spread the word and ensure that everyone in need knows they can call 2-1-1 for help.","robots":{"index":"index","follow":"follow","max-snippet":"max-snippet:-1","max-image-preview":"max-image-preview:large","max-video-preview":"max-video-preview:-1"},"canonical":"https:\/\/unitedwaysem.org\/es\/our-impact\/2-1-1-impact\/211-toolkit\/","og_locale":"es_MX","og_type":"article","og_title":"211 Toolkit - United Way for Southeastern Michigan","og_description":"United Way\u2019s 2-1-1 helpline connects hundreds of people every day with helpful resources. Use the tools below to help us spread the word and ensure that everyone in need knows they can call 2-1-1 for help.","og_url":"https:\/\/unitedwaysem.org\/es\/our-impact\/2-1-1-impact\/211-toolkit\/","og_site_name":"United Way for Southeastern Michigan","article_modified_time":"2026-04-06T14:44:56+00:00","og_image":[{"width":1200,"height":630,"url":"https:\/\/unitedwaysem.org\/wp-content\/uploads\/2025\/01\/uwsem-share-image-v2.jpg","type":"image\/jpeg"}],"twitter_card":"summary_large_image","twitter_misc":{"Tiempo de lectura":"1 minuto"},"schema":{"@context":"https:\/\/schema.org","@graph":[{"@type":"WebPage","@id":"https:\/\/unitedwaysem.org\/our-impact\/2-1-1-impact\/211-toolkit\/","url":"https:\/\/unitedwaysem.org\/our-impact\/2-1-1-impact\/211-toolkit\/","name":"211 Toolkit - United Way for Southeastern Michigan","isPartOf":{"@id":"https:\/\/unitedwaysem.org\/#website"},"datePublished":"2020-05-13T13:03:47+00:00","dateModified":"2026-04-06T14:44:56+00:00","description":"United Way\u2019s 2-1-1 helpline connects hundreds of people every day with helpful resources. Use the tools below to help us spread the word and ensure that everyone in need knows they can call 2-1-1 for help.","breadcrumb":{"@id":"https:\/\/unitedwaysem.org\/our-impact\/2-1-1-impact\/211-toolkit\/#breadcrumb"},"inLanguage":"es","potentialAction":[{"@type":"ReadAction","target":["https:\/\/unitedwaysem.org\/our-impact\/2-1-1-impact\/211-toolkit\/"]}]},{"@type":"BreadcrumbList","@id":"https:\/\/unitedwaysem.org\/our-impact\/2-1-1-impact\/211-toolkit\/#breadcrumb","itemListElement":[{"@type":"ListItem","position":1,"name":"Home","item":"https:\/\/unitedwaysem.org\/"},{"@type":"ListItem","position":2,"name":"Our Impact","item":"https:\/\/unitedwaysem.org\/our-impact\/"},{"@type":"ListItem","position":3,"name":"211 Impact","item":"https:\/\/unitedwaysem.org\/our-impact\/2-1-1-impact\/"},{"@type":"ListItem","position":4,"name":"211 Toolkit"}]},{"@type":"WebSite","@id":"https:\/\/unitedwaysem.org\/#website","url":"https:\/\/unitedwaysem.org\/","name":"United Way para el sureste de Michigan","description":"","publisher":{"@id":"https:\/\/unitedwaysem.org\/#organization"},"potentialAction":[{"@type":"SearchAction","target":{"@type":"EntryPoint","urlTemplate":"https:\/\/unitedwaysem.org\/?s={search_term_string}"},"query-input":{"@type":"PropertyValueSpecification","valueRequired":true,"valueName":"search_term_string"}}],"inLanguage":"es"},{"@type":"Organization","@id":"https:\/\/unitedwaysem.org\/#organization","name":"United Way para el sureste de Michigan","url":"https:\/\/unitedwaysem.org\/","logo":{"@type":"ImageObject","inLanguage":"es","@id":"https:\/\/unitedwaysem.org\/#\/schema\/logo\/image\/","url":"https:\/\/unitedwaysem.org\/wp-content\/uploads\/2024\/12\/uwsem-logo.png","contentUrl":"https:\/\/unitedwaysem.org\/wp-content\/uploads\/2024\/12\/uwsem-logo.png","width":768,"height":768,"caption":"United Way for Southeastern Michigan"},"image":{"@id":"https:\/\/unitedwaysem.org\/#\/schema\/logo\/image\/"}}]}},"_links":{"self":[{"href":"https:\/\/unitedwaysem.org\/es\/wp-json\/wp\/v2\/pages\/990","targetHints":{"allow":["GET"]}}],"collection":[{"href":"https:\/\/unitedwaysem.org\/es\/wp-json\/wp\/v2\/pages"}],"about":[{"href":"https:\/\/unitedwaysem.org\/es\/wp-json\/wp\/v2\/types\/page"}],"author":[{"embeddable":true,"href":"https:\/\/unitedwaysem.org\/es\/wp-json\/wp\/v2\/users\/11"}],"replies":[{"embeddable":true,"href":"https:\/\/unitedwaysem.org\/es\/wp-json\/wp\/v2\/comments?post=990"}],"version-history":[{"count":1,"href":"https:\/\/unitedwaysem.org\/es\/wp-json\/wp\/v2\/pages\/990\/revisions"}],"predecessor-version":[{"id":8039,"href":"https:\/\/unitedwaysem.org\/es\/wp-json\/wp\/v2\/pages\/990\/revisions\/8039"}],"up":[{"embeddable":true,"href":"https:\/\/unitedwaysem.org\/es\/wp-json\/wp\/v2\/pages\/1454"}],"wp:attachment":[{"href":"https:\/\/unitedwaysem.org\/es\/wp-json\/wp\/v2\/media?parent=990"}],"curies":[{"name":"wp","href":"https:\/\/api.w.org\/{rel}","templated":true}]}}