{"id":895,"date":"2020-01-07T15:31:14","date_gmt":"2020-01-07T20:31:14","guid":{"rendered":"https:\/\/unitedwaysem.org\/careers\/"},"modified":"2025-05-20T17:14:25","modified_gmt":"2025-05-20T21:14:25","slug":"careers","status":"publish","type":"page","link":"https:\/\/unitedwaysem.org\/es\/get-to-know-us\/careers\/","title":{"rendered":"Empleos"},"content":{"rendered":"","protected":false},"excerpt":{"rendered":"","protected":false},"author":11,"featured_media":900,"parent":333,"menu_order":0,"comment_status":"closed","ping_status":"closed","template":"","meta":{"_acf_changed":false,"_relevanssi_hide_post":"","_relevanssi_hide_content":"","_relevanssi_pin_for_all":"","_relevanssi_pin_keywords":"","_relevanssi_unpin_keywords":"","_relevanssi_related_keywords":"","_relevanssi_related_include_ids":"","_relevanssi_related_exclude_ids":"","_relevanssi_related_no_append":"","_relevanssi_related_not_related":"","_relevanssi_related_posts":"","_relevanssi_noindex_reason":""},"class_list":["post-895","page","type-page","status-publish","has-post-thumbnail","hentry","news_type-update"],"acf":{"page_layout":[{"acf_fc_layout":"layout_hero","_acfe_flexible_toggle":"","component_hero":{"kicker_text":"Don't just work for a paycheck. Work for a mission.","heading":"Careers","summary":"","image":900,"cta":"","bubble":""}},{"acf_fc_layout":"layout_wysiwyg","_acfe_flexible_toggle":"","component_wysiwyg":{"content":"<h2 style=\"text-align: center;\">C\u00f3mo es trabajar en United<\/h2>\r\nLos miembros de nuestro equipo combinan sus fortalezas individuales para desarrollar soluciones a algunos de los retos m\u00e1s dif\u00edciles de nuestra regi\u00f3n. \u00danase a nuestro equipo para construir comunidades equitativas con hogares estables y ni\u00f1os pr\u00f3speros.\r\n<p style=\"text-align: center;\"><a class=\"tm-button button version-1\" role=\"button\" href=\"https:\/\/unitedwaysem.applicantpro.com\/jobs\/\" target=\"_blank\" rel=\"noopener\"><span class=\"tm-button-inner\"><span class=\"text\">Ver ofertas de empleo<\/span><\/span><\/a><\/p>","":null,"settings":""}},{"acf_fc_layout":"layout_promo","_acfe_flexible_toggle":"","component_promo":{"":null,"title":"Colaboraci\u00f3n din\u00e1mica","abstract":"We celebrate out-of-the-box ideas. We value different perspectives and a can-do attitude. Our success is driven by the ability of all departments to work together to ensure that we\u2019re focused on one thing \u2014 serving our community. ","links":null,"button":"","button2":null,"image":3668,"reverse":false,"color":"navy","id":""}},{"acf_fc_layout":"layout_promo","_acfe_flexible_toggle":"","component_promo":{"":null,"title":"Nuestro talento","abstract":"We pride ourselves on being an equal opportunity employer, seeking job candidates from culturally and racially diverse backgrounds. In addition to their life experiences, our team members come armed with connections in education, government, corporate, and small business settings \u2014 and we celebrate that. ","links":null,"button":"","button2":null,"image":3748,"reverse":true,"color":"white","id":""}},{"acf_fc_layout":"layout_promo","_acfe_flexible_toggle":"","component_promo":{"":null,"title":"Un hermoso espacio de trabajo: The Fisher","abstract":"We\u2019re enthusiastic about our space inside the iconic Albert Kahn-designed Fisher Building. Our office is in the heart of New Center, a historically revived Detroit neighborhood, ensuring we are close to the community we serve. ","links":null,"button":"","button2":null,"image":897,"reverse":false,"color":"navy","id":""}},{"acf_fc_layout":"layout_group","_acfe_flexible_toggle":"","component_group":{"version":"3","header":{"":null,"show_arrows":false,"heading":"Benefits and Perks","subheading":"","abstract":"We believe that to serve our mission, our team members need a culture that values work-life integration, individual needs, and continuous learning. "},"columns":[{"image":2553,"title":"Health Care","abstract":"We offer competitive health, vision and dental plans to team members and their families. Flexible Spending Accounts are also available to offset deductibles and other health care costs. We offer group wellness, with an emphasis on mental wellbeing. Supplemental insurance is also available, including accident, critical illness and hospital insurance, along with pet insurance.","button":""},{"image":2554,"title":"Vacation","abstract":"We encourage our team members to rest and recharge. New regular, full time team members earn 20 vacation days in their first year and 25 days beginning their second year and 13 paid holidays.","button":""},{"image":2017,"title":"Professional Development","abstract":"We foster growth opportunities through webinars, seminars, conferences, workshops, internal\/external trainings, cohorts and other educational programs and platforms.\u202f We encourage team members to continuously increase their knowledge and grow their skill sets and competencies \u2013 major contributors to career enhancement and organizational success!","button":""},{"image":1159,"title":"Volunteer PTO","abstract":"We value volunteerism, and we walk the walk by providing team member volunteer opportunities internally, as well as allowing team members to take time to give back to the causes they care about in the community.","button":""},{"image":1216,"title":"Retirement Savings","abstract":"We help you plan for your future by offering a 403(b)-retirement plan along with expert retirement planning services so you can work now and relax later.","button":""}]}},{"acf_fc_layout":"layout_accordion","_acfe_flexible_toggle":"","component_accordion":{"heading":"FAQs","panels":[{"panel_heading":"How often are job listings posted?","panel_copy":"Jobs are posted when a position is authorized by United Way leaders and will remain open until candidate finalists are selected. The frequency and number of postings varies. Check back often and follow our social networks to get real-time alerts."},{"panel_heading":"If a position has been posted for a long time, are you still taking applications?","panel_copy":"Yes, if you see a position posted on the career page, we are accepting applicants."},{"panel_heading":"What happens after I apply?","panel_copy":"The time period between submitting an application and the next steps varies depending on the number of applications received. A member of the Talent Acquisition team will contact potential candidates as quickly as possible to discuss the next steps."},{"panel_heading":"If I apply for a position, do I get an interview?","panel_copy":"Your application will be considered and reviewed by a member of our Talent Acquisition team and selected candidates will receive an interview. Candidates who aren\u2019t selected will be notified via email."}]}},{"acf_fc_layout":"layout_wysiwyg","_acfe_flexible_toggle":"","component_wysiwyg":{"content":"<p style=\"text-align: center;\"><a class=\"tm-button button version-1\" role=\"button\" href=\"https:\/\/unitedwaysem.applicantpro.com\/jobs\/\" target=\"_blank\" rel=\"noopener\"><span class=\"tm-button-inner\"><span class=\"text\">Ver ofertas de empleo<\/span><\/span><\/a><\/p>","":null,"settings":""}}]},"yoast_head":"<!-- This site is optimized with the Yoast SEO plugin v26.8 - https:\/\/yoast.com\/product\/yoast-seo-wordpress\/ -->\n<title>Careers - United Way for Southeastern Michigan<\/title>\n<meta name=\"description\" content=\"Our team members combine their individual strengths to develop solutions to some of our region\u2019s toughest challenges. Join our team!\" \/>\n<meta name=\"robots\" content=\"index, follow, max-snippet:-1, max-image-preview:large, max-video-preview:-1\" \/>\n<link rel=\"canonical\" href=\"https:\/\/unitedwaysem.org\/es\/get-to-know-us\/careers\/\" \/>\n<meta property=\"og:locale\" content=\"es_MX\" \/>\n<meta property=\"og:type\" content=\"article\" \/>\n<meta property=\"og:title\" content=\"Careers - United Way for Southeastern Michigan\" \/>\n<meta property=\"og:description\" content=\"Our team members combine their individual strengths to develop solutions to some of our region\u2019s toughest challenges. Join our team!\" \/>\n<meta property=\"og:url\" content=\"https:\/\/unitedwaysem.org\/es\/get-to-know-us\/careers\/\" \/>\n<meta property=\"og:site_name\" content=\"United Way for Southeastern Michigan\" \/>\n<meta property=\"article:modified_time\" content=\"2025-05-20T21:14:25+00:00\" \/>\n<meta property=\"og:image\" content=\"https:\/\/unitedwaysem.org\/wp-content\/uploads\/2020\/01\/UWSEM-Careers-Hero-1.jpg\" \/>\n\t<meta property=\"og:image:width\" content=\"1440\" \/>\n\t<meta property=\"og:image:height\" content=\"500\" \/>\n\t<meta property=\"og:image:type\" content=\"image\/jpeg\" \/>\n<meta name=\"twitter:card\" content=\"summary_large_image\" \/>\n<script type=\"application\/ld+json\" class=\"yoast-schema-graph\">{\"@context\":\"https:\/\/schema.org\",\"@graph\":[{\"@type\":\"WebPage\",\"@id\":\"https:\/\/unitedwaysem.org\/get-to-know-us\/careers\/\",\"url\":\"https:\/\/unitedwaysem.org\/get-to-know-us\/careers\/\",\"name\":\"Careers - United Way for Southeastern Michigan\",\"isPartOf\":{\"@id\":\"https:\/\/unitedwaysem.org\/#website\"},\"primaryImageOfPage\":{\"@id\":\"https:\/\/unitedwaysem.org\/get-to-know-us\/careers\/#primaryimage\"},\"image\":{\"@id\":\"https:\/\/unitedwaysem.org\/get-to-know-us\/careers\/#primaryimage\"},\"thumbnailUrl\":\"https:\/\/unitedwaysem.org\/wp-content\/uploads\/2020\/01\/UWSEM-Careers-Hero-1.jpg\",\"datePublished\":\"2020-01-07T20:31:14+00:00\",\"dateModified\":\"2025-05-20T21:14:25+00:00\",\"description\":\"Our team members combine their individual strengths to develop solutions to some of our region\u2019s toughest challenges. Join our team!\",\"breadcrumb\":{\"@id\":\"https:\/\/unitedwaysem.org\/get-to-know-us\/careers\/#breadcrumb\"},\"inLanguage\":\"es\",\"potentialAction\":[{\"@type\":\"ReadAction\",\"target\":[\"https:\/\/unitedwaysem.org\/get-to-know-us\/careers\/\"]}]},{\"@type\":\"ImageObject\",\"inLanguage\":\"es\",\"@id\":\"https:\/\/unitedwaysem.org\/get-to-know-us\/careers\/#primaryimage\",\"url\":\"https:\/\/unitedwaysem.org\/wp-content\/uploads\/2020\/01\/UWSEM-Careers-Hero-1.jpg\",\"contentUrl\":\"https:\/\/unitedwaysem.org\/wp-content\/uploads\/2020\/01\/UWSEM-Careers-Hero-1.jpg\",\"width\":1440,\"height\":500},{\"@type\":\"BreadcrumbList\",\"@id\":\"https:\/\/unitedwaysem.org\/get-to-know-us\/careers\/#breadcrumb\",\"itemListElement\":[{\"@type\":\"ListItem\",\"position\":1,\"name\":\"Home\",\"item\":\"https:\/\/unitedwaysem.org\/\"},{\"@type\":\"ListItem\",\"position\":2,\"name\":\"Get to Know Us\",\"item\":\"https:\/\/unitedwaysem.org\/get-to-know-us\/\"},{\"@type\":\"ListItem\",\"position\":3,\"name\":\"Careers\"}]},{\"@type\":\"WebSite\",\"@id\":\"https:\/\/unitedwaysem.org\/#website\",\"url\":\"https:\/\/unitedwaysem.org\/\",\"name\":\"United Way for Southeastern Michigan\",\"description\":\"\",\"publisher\":{\"@id\":\"https:\/\/unitedwaysem.org\/#organization\"},\"potentialAction\":[{\"@type\":\"SearchAction\",\"target\":{\"@type\":\"EntryPoint\",\"urlTemplate\":\"https:\/\/unitedwaysem.org\/?s={search_term_string}\"},\"query-input\":{\"@type\":\"PropertyValueSpecification\",\"valueRequired\":true,\"valueName\":\"search_term_string\"}}],\"inLanguage\":\"es\"},{\"@type\":\"Organization\",\"@id\":\"https:\/\/unitedwaysem.org\/#organization\",\"name\":\"United Way for Southeastern Michigan\",\"url\":\"https:\/\/unitedwaysem.org\/\",\"logo\":{\"@type\":\"ImageObject\",\"inLanguage\":\"es\",\"@id\":\"https:\/\/unitedwaysem.org\/#\/schema\/logo\/image\/\",\"url\":\"https:\/\/unitedwaysem.org\/wp-content\/uploads\/2024\/12\/uwsem-logo.png\",\"contentUrl\":\"https:\/\/unitedwaysem.org\/wp-content\/uploads\/2024\/12\/uwsem-logo.png\",\"width\":768,\"height\":768,\"caption\":\"United Way for Southeastern Michigan\"},\"image\":{\"@id\":\"https:\/\/unitedwaysem.org\/#\/schema\/logo\/image\/\"}}]}<\/script>\n<!-- \/ Yoast SEO plugin. -->","yoast_head_json":{"title":"Carreras - United Way para el Sureste de Michigan","description":"Los miembros de nuestro equipo combinan sus fortalezas individuales para desarrollar soluciones a algunos de los desaf\u00edos m\u00e1s dif\u00edciles de nuestra regi\u00f3n. \u00a1\u00danase a nuestro equipo!","robots":{"index":"index","follow":"follow","max-snippet":"max-snippet:-1","max-image-preview":"max-image-preview:large","max-video-preview":"max-video-preview:-1"},"canonical":"https:\/\/unitedwaysem.org\/es\/get-to-know-us\/careers\/","og_locale":"es_MX","og_type":"article","og_title":"Careers - United Way for Southeastern Michigan","og_description":"Our team members combine their individual strengths to develop solutions to some of our region\u2019s toughest challenges. Join our team!","og_url":"https:\/\/unitedwaysem.org\/es\/get-to-know-us\/careers\/","og_site_name":"United Way for Southeastern Michigan","article_modified_time":"2025-05-20T21:14:25+00:00","og_image":[{"width":1440,"height":500,"url":"https:\/\/unitedwaysem.org\/wp-content\/uploads\/2020\/01\/UWSEM-Careers-Hero-1.jpg","type":"image\/jpeg"}],"twitter_card":"summary_large_image","schema":{"@context":"https:\/\/schema.org","@graph":[{"@type":"WebPage","@id":"https:\/\/unitedwaysem.org\/get-to-know-us\/careers\/","url":"https:\/\/unitedwaysem.org\/get-to-know-us\/careers\/","name":"Carreras - United Way para el Sureste de Michigan","isPartOf":{"@id":"https:\/\/unitedwaysem.org\/#website"},"primaryImageOfPage":{"@id":"https:\/\/unitedwaysem.org\/get-to-know-us\/careers\/#primaryimage"},"image":{"@id":"https:\/\/unitedwaysem.org\/get-to-know-us\/careers\/#primaryimage"},"thumbnailUrl":"https:\/\/unitedwaysem.org\/wp-content\/uploads\/2020\/01\/UWSEM-Careers-Hero-1.jpg","datePublished":"2020-01-07T20:31:14+00:00","dateModified":"2025-05-20T21:14:25+00:00","description":"Los miembros de nuestro equipo combinan sus fortalezas individuales para desarrollar soluciones a algunos de los desaf\u00edos m\u00e1s dif\u00edciles de nuestra regi\u00f3n. \u00a1\u00danase a nuestro equipo!","breadcrumb":{"@id":"https:\/\/unitedwaysem.org\/get-to-know-us\/careers\/#breadcrumb"},"inLanguage":"es","potentialAction":[{"@type":"ReadAction","target":["https:\/\/unitedwaysem.org\/get-to-know-us\/careers\/"]}]},{"@type":"ImageObject","inLanguage":"es","@id":"https:\/\/unitedwaysem.org\/get-to-know-us\/careers\/#primaryimage","url":"https:\/\/unitedwaysem.org\/wp-content\/uploads\/2020\/01\/UWSEM-Careers-Hero-1.jpg","contentUrl":"https:\/\/unitedwaysem.org\/wp-content\/uploads\/2020\/01\/UWSEM-Careers-Hero-1.jpg","width":1440,"height":500},{"@type":"BreadcrumbList","@id":"https:\/\/unitedwaysem.org\/get-to-know-us\/careers\/#breadcrumb","itemListElement":[{"@type":"ListItem","position":1,"name":"Home","item":"https:\/\/unitedwaysem.org\/"},{"@type":"ListItem","position":2,"name":"Get to Know Us","item":"https:\/\/unitedwaysem.org\/get-to-know-us\/"},{"@type":"ListItem","position":3,"name":"Careers"}]},{"@type":"WebSite","@id":"https:\/\/unitedwaysem.org\/#website","url":"https:\/\/unitedwaysem.org\/","name":"United Way para el sureste de Michigan","description":"","publisher":{"@id":"https:\/\/unitedwaysem.org\/#organization"},"potentialAction":[{"@type":"SearchAction","target":{"@type":"EntryPoint","urlTemplate":"https:\/\/unitedwaysem.org\/?s={search_term_string}"},"query-input":{"@type":"PropertyValueSpecification","valueRequired":true,"valueName":"search_term_string"}}],"inLanguage":"es"},{"@type":"Organization","@id":"https:\/\/unitedwaysem.org\/#organization","name":"United Way para el sureste de Michigan","url":"https:\/\/unitedwaysem.org\/","logo":{"@type":"ImageObject","inLanguage":"es","@id":"https:\/\/unitedwaysem.org\/#\/schema\/logo\/image\/","url":"https:\/\/unitedwaysem.org\/wp-content\/uploads\/2024\/12\/uwsem-logo.png","contentUrl":"https:\/\/unitedwaysem.org\/wp-content\/uploads\/2024\/12\/uwsem-logo.png","width":768,"height":768,"caption":"United Way for Southeastern Michigan"},"image":{"@id":"https:\/\/unitedwaysem.org\/#\/schema\/logo\/image\/"}}]}},"_links":{"self":[{"href":"https:\/\/unitedwaysem.org\/es\/wp-json\/wp\/v2\/pages\/895","targetHints":{"allow":["GET"]}}],"collection":[{"href":"https:\/\/unitedwaysem.org\/es\/wp-json\/wp\/v2\/pages"}],"about":[{"href":"https:\/\/unitedwaysem.org\/es\/wp-json\/wp\/v2\/types\/page"}],"author":[{"embeddable":true,"href":"https:\/\/unitedwaysem.org\/es\/wp-json\/wp\/v2\/users\/11"}],"replies":[{"embeddable":true,"href":"https:\/\/unitedwaysem.org\/es\/wp-json\/wp\/v2\/comments?post=895"}],"version-history":[{"count":0,"href":"https:\/\/unitedwaysem.org\/es\/wp-json\/wp\/v2\/pages\/895\/revisions"}],"up":[{"embeddable":true,"href":"https:\/\/unitedwaysem.org\/es\/wp-json\/wp\/v2\/pages\/333"}],"wp:featuredmedia":[{"embeddable":true,"href":"https:\/\/unitedwaysem.org\/es\/wp-json\/wp\/v2\/media\/900"}],"wp:attachment":[{"href":"https:\/\/unitedwaysem.org\/es\/wp-json\/wp\/v2\/media?parent=895"}],"curies":[{"name":"wp","href":"https:\/\/api.w.org\/{rel}","templated":true}]}}