{"id":816,"date":"2019-04-30T19:16:17","date_gmt":"2019-04-30T23:16:17","guid":{"rendered":"https:\/\/unitedwaysem.org\/tocqueville-society\/"},"modified":"2026-01-14T10:17:30","modified_gmt":"2026-01-14T15:17:30","slug":"tocqueville-society","status":"publish","type":"page","link":"https:\/\/unitedwaysem.org\/es\/get-involved\/give\/affinity-groups\/tocqueville-society\/","title":{"rendered":"Sociedad Tocqueville"},"content":{"rendered":"","protected":false},"excerpt":{"rendered":"","protected":false},"author":11,"featured_media":0,"parent":751,"menu_order":0,"comment_status":"closed","ping_status":"closed","template":"","meta":{"_acf_changed":false,"_relevanssi_hide_post":"","_relevanssi_hide_content":"","_relevanssi_pin_for_all":"","_relevanssi_pin_keywords":"","_relevanssi_unpin_keywords":"","_relevanssi_related_keywords":"","_relevanssi_related_include_ids":"","_relevanssi_related_exclude_ids":"","_relevanssi_related_no_append":"","_relevanssi_related_not_related":"","_relevanssi_related_posts":"","_relevanssi_noindex_reason":""},"class_list":["post-816","page","type-page","status-publish","hentry"],"acf":{"page_layout":[{"acf_fc_layout":"layout_hero","_acfe_flexible_toggle":null,"component_hero":{"kicker_text":"","heading":"The Tocqueville Society","summary":"The Tocqueville Society recognizes local philanthropic leaders who donate $10,000 or more each year to create long-lasting change by tackling our community\u2019s most serious issues.","image":2357,"cta":{"title":"Tocqueville Society information","url":"https:\/\/unitedwaysem.org\/tocqueville-society-information\/","target":"_blank"},"bubble":""}},{"acf_fc_layout":"layout_wysiwyg","_acfe_flexible_toggle":null,"component_wysiwyg":{"content":"La Sociedad Tocqueville reconoce a las personas que tienen un impacto significativo en su comunidad a trav\u00e9s de sus generosas donaciones. Este grupo forma parte de una red m\u00e1s amplia de fil\u00e1ntropos de todo el pa\u00eds que se han comprometido a generar un cambio duradero. Los donantes de Tocqueville provienen de diversos or\u00edgenes y poseen muchas habilidades. Todos ellos comparten una pasi\u00f3n com\u00fan por apoyar los esfuerzos de United Way para mejorar nuestra zona. Si est\u00e1 interesado en obtener m\u00e1s informaci\u00f3n o tiene alguna pregunta, proporcione sus datos a continuaci\u00f3n y un miembro de nuestro equipo se pondr\u00e1 en contacto con usted.\r\n\r\n<img class=\"aligncenter wp-image-2358 size-large\" src=\"https:\/\/unitedwaysem.org\/wp-content\/uploads\/2025\/01\/2023-Contribution-Event-at-DTE-4016-1024x683.jpg\" alt=\"\" width=\"1024\" height=\"683\" \/>\r\n<h3>Criterios y beneficios de la membres\u00eda<\/h3>\r\nThe Tocqueville Society honors local leaders in philanthropy who generously give $10,000 or more each year to address our community\u2019s most pressing challenges. These members are committed to creating lasting change by focusing on key areas such as education, stable employment, financial security, and access to essential services like healthcare, transportation, and technology.\r\n\r\nBeing part of the Tocqueville Society comes with many benefits, including:\r\n<ul>\r\n \t<li>Invitaciones a eventos sociales y de networking exclusivos de la Sociedad Tocqueville.<\/li>\r\n \t<li>Oportunidades para unirse a comit\u00e9s y proyectos selectos de United Way.<\/li>\r\n \t<li>Un miembro del equipo dedicado a ayudarle y personalizar sus actividades filantr\u00f3picas.<\/li>\r\n \t<li>Actualizaciones peri\u00f3dicas sobre c\u00f3mo sus contribuciones est\u00e1n marcando la diferencia, junto con oportunidades para ser voluntario y participar.<\/li>\r\n \t<li>La oportunidad de conectarse con otras personas afines, apasionadas por contribuir a su comunidad, y apoyarlas.<\/li>\r\n<\/ul>\r\n<img class=\"aligncenter wp-image-2355 size-large\" src=\"https:\/\/unitedwaysem.org\/wp-content\/uploads\/2025\/01\/Corey-at-Tocqueville-Summer-2023-1024x812.jpg\" alt=\"\" width=\"1024\" height=\"812\" \/>\r\n<h3>Participa<\/h3>\r\n<a class=\"tm-button button version-1\" role=\"button\" href=\"https:\/\/unitedwaysem.org\/wp-content\/uploads\/2025\/11\/1212-2025-10.75x8.625-Tocqueville-Brochure-Pledge-Form-noBleed-V7.pdf\" target=\"_blank\" rel=\"noopener\"><span class=\"tm-button-inner\"><span class=\"text\">Descargar folleto<\/span><\/span><\/a>\u00a0<a class=\"tm-button button version-1\" role=\"button\" href=\"https:\/\/unitedwaysem.org\/es\/get-involved\/give\/affinity-groups\/tocqueville-society\/tocqueville-society-information\/\" target=\"_self\"><span class=\"tm-button-inner\"><span class=\"text\">M\u00e1s informaci\u00f3n<\/span><\/span><\/a>\u00a0<a class=\"tm-button button version-1\" role=\"button\" href=\"https:\/\/unitedwaysem.org\/wp-content\/uploads\/2025\/11\/2025-Donor-Impact-Report.pdf\" target=\"_blank\" rel=\"noopener\"><span class=\"tm-button-inner\"><span class=\"text\">Informe de impacto<\/span><\/span><\/a>\r\n\r\n\u00bfPreguntas? Comun\u00edquese con Emily Remington en\u00a0<a href=\"mailto:Emily.Remington@UnitedWaySEM.org\">Emily.Remington@UnitedWaySEM.org<\/a>\u00a0o al 313-226-9243.","":null,"settings":""}},{"acf_fc_layout":"layout_our_impact","_acfe_flexible_toggle":null,"component_our_impact":{"header":{"title":"Your Impact","abstract":"Here are just a few of the many ways Tocqueville members make a difference","link":""},"dynamic_population":false,"version":"1","topic_filter":[],"program_theme_filter":[],"layout":[{"acf_fc_layout":"version_5","stat_col_1":2352,"stat_col_2":2353,"stat_col_3":2354,"stat_col_4":""}]}}]},"yoast_head":"<!-- This site is optimized with the Yoast SEO plugin v26.8 - https:\/\/yoast.com\/product\/yoast-seo-wordpress\/ -->\n<title>Tocqueville Society - United Way for Southeastern Michigan<\/title>\n<meta name=\"description\" content=\"The Tocqueville Society recognizes local philanthropic leaders who donate $10,000 or more each year to create long-lasting change by tackling our community\u2019s most serious issues.\" \/>\n<meta name=\"robots\" content=\"index, follow, max-snippet:-1, max-image-preview:large, max-video-preview:-1\" \/>\n<link rel=\"canonical\" href=\"https:\/\/unitedwaysem.org\/es\/get-involved\/give\/affinity-groups\/tocqueville-society\/\" \/>\n<meta property=\"og:locale\" content=\"es_MX\" \/>\n<meta property=\"og:type\" content=\"article\" \/>\n<meta property=\"og:title\" content=\"Tocqueville Society - United Way for Southeastern Michigan\" \/>\n<meta property=\"og:description\" content=\"The Tocqueville Society recognizes local philanthropic leaders who donate $10,000 or more each year to create long-lasting change by tackling our community\u2019s most serious issues.\" \/>\n<meta property=\"og:url\" content=\"https:\/\/unitedwaysem.org\/es\/get-involved\/give\/affinity-groups\/tocqueville-society\/\" \/>\n<meta property=\"og:site_name\" content=\"United Way for Southeastern Michigan\" \/>\n<meta property=\"article:modified_time\" content=\"2026-01-14T15:17:30+00:00\" \/>\n<meta property=\"og:image\" content=\"https:\/\/unitedwaysem.org\/wp-content\/uploads\/2025\/01\/uwsem-share-image-v2.jpg\" \/>\n\t<meta property=\"og:image:width\" content=\"1200\" \/>\n\t<meta property=\"og:image:height\" content=\"630\" \/>\n\t<meta property=\"og:image:type\" content=\"image\/jpeg\" \/>\n<meta name=\"twitter:card\" content=\"summary_large_image\" \/>\n<meta name=\"twitter:label1\" content=\"Tiempo de lectura\" \/>\n\t<meta name=\"twitter:data1\" content=\"2 minutos\" \/>\n<script type=\"application\/ld+json\" class=\"yoast-schema-graph\">{\"@context\":\"https:\/\/schema.org\",\"@graph\":[{\"@type\":\"WebPage\",\"@id\":\"https:\/\/unitedwaysem.org\/get-involved\/give\/affinity-groups\/tocqueville-society\/\",\"url\":\"https:\/\/unitedwaysem.org\/get-involved\/give\/affinity-groups\/tocqueville-society\/\",\"name\":\"Tocqueville Society - United Way for Southeastern Michigan\",\"isPartOf\":{\"@id\":\"https:\/\/unitedwaysem.org\/#website\"},\"datePublished\":\"2019-04-30T23:16:17+00:00\",\"dateModified\":\"2026-01-14T15:17:30+00:00\",\"description\":\"The Tocqueville Society recognizes local philanthropic leaders who donate $10,000 or more each year to create long-lasting change by tackling our community\u2019s most serious issues.\",\"breadcrumb\":{\"@id\":\"https:\/\/unitedwaysem.org\/get-involved\/give\/affinity-groups\/tocqueville-society\/#breadcrumb\"},\"inLanguage\":\"es\",\"potentialAction\":[{\"@type\":\"ReadAction\",\"target\":[\"https:\/\/unitedwaysem.org\/get-involved\/give\/affinity-groups\/tocqueville-society\/\"]}]},{\"@type\":\"BreadcrumbList\",\"@id\":\"https:\/\/unitedwaysem.org\/get-involved\/give\/affinity-groups\/tocqueville-society\/#breadcrumb\",\"itemListElement\":[{\"@type\":\"ListItem\",\"position\":1,\"name\":\"Home\",\"item\":\"https:\/\/unitedwaysem.org\/\"},{\"@type\":\"ListItem\",\"position\":2,\"name\":\"Get Involved\",\"item\":\"https:\/\/unitedwaysem.org\/get-involved\/\"},{\"@type\":\"ListItem\",\"position\":3,\"name\":\"Give\",\"item\":\"https:\/\/unitedwaysem.org\/get-involved\/give\/\"},{\"@type\":\"ListItem\",\"position\":4,\"name\":\"Affinity Groups\",\"item\":\"https:\/\/unitedwaysem.org\/get-involved\/give\/affinity-groups\/\"},{\"@type\":\"ListItem\",\"position\":5,\"name\":\"Tocqueville Society\"}]},{\"@type\":\"WebSite\",\"@id\":\"https:\/\/unitedwaysem.org\/#website\",\"url\":\"https:\/\/unitedwaysem.org\/\",\"name\":\"United Way for Southeastern Michigan\",\"description\":\"\",\"publisher\":{\"@id\":\"https:\/\/unitedwaysem.org\/#organization\"},\"potentialAction\":[{\"@type\":\"SearchAction\",\"target\":{\"@type\":\"EntryPoint\",\"urlTemplate\":\"https:\/\/unitedwaysem.org\/?s={search_term_string}\"},\"query-input\":{\"@type\":\"PropertyValueSpecification\",\"valueRequired\":true,\"valueName\":\"search_term_string\"}}],\"inLanguage\":\"es\"},{\"@type\":\"Organization\",\"@id\":\"https:\/\/unitedwaysem.org\/#organization\",\"name\":\"United Way for Southeastern Michigan\",\"url\":\"https:\/\/unitedwaysem.org\/\",\"logo\":{\"@type\":\"ImageObject\",\"inLanguage\":\"es\",\"@id\":\"https:\/\/unitedwaysem.org\/#\/schema\/logo\/image\/\",\"url\":\"https:\/\/unitedwaysem.org\/wp-content\/uploads\/2024\/12\/uwsem-logo.png\",\"contentUrl\":\"https:\/\/unitedwaysem.org\/wp-content\/uploads\/2024\/12\/uwsem-logo.png\",\"width\":768,\"height\":768,\"caption\":\"United Way for Southeastern Michigan\"},\"image\":{\"@id\":\"https:\/\/unitedwaysem.org\/#\/schema\/logo\/image\/\"}}]}<\/script>\n<!-- \/ Yoast SEO plugin. -->","yoast_head_json":{"title":"Tocqueville Society - United Way for Southeastern Michigan","description":"La Sociedad Tocqueville reconoce a los l\u00edderes filantr\u00f3picos locales que donan $10,000 o m\u00e1s cada a\u00f1o para generar un cambio duradero al abordar los problemas m\u00e1s graves de nuestra comunidad.","robots":{"index":"index","follow":"follow","max-snippet":"max-snippet:-1","max-image-preview":"max-image-preview:large","max-video-preview":"max-video-preview:-1"},"canonical":"https:\/\/unitedwaysem.org\/es\/get-involved\/give\/affinity-groups\/tocqueville-society\/","og_locale":"es_MX","og_type":"article","og_title":"Tocqueville Society - United Way for Southeastern Michigan","og_description":"The Tocqueville Society recognizes local philanthropic leaders who donate $10,000 or more each year to create long-lasting change by tackling our community\u2019s most serious issues.","og_url":"https:\/\/unitedwaysem.org\/es\/get-involved\/give\/affinity-groups\/tocqueville-society\/","og_site_name":"United Way for Southeastern Michigan","article_modified_time":"2026-01-14T15:17:30+00:00","og_image":[{"width":1200,"height":630,"url":"https:\/\/unitedwaysem.org\/wp-content\/uploads\/2025\/01\/uwsem-share-image-v2.jpg","type":"image\/jpeg"}],"twitter_card":"summary_large_image","twitter_misc":{"Tiempo de lectura":"2 minutos"},"schema":{"@context":"https:\/\/schema.org","@graph":[{"@type":"WebPage","@id":"https:\/\/unitedwaysem.org\/get-involved\/give\/affinity-groups\/tocqueville-society\/","url":"https:\/\/unitedwaysem.org\/get-involved\/give\/affinity-groups\/tocqueville-society\/","name":"Tocqueville Society - United Way for Southeastern Michigan","isPartOf":{"@id":"https:\/\/unitedwaysem.org\/#website"},"datePublished":"2019-04-30T23:16:17+00:00","dateModified":"2026-01-14T15:17:30+00:00","description":"La Sociedad Tocqueville reconoce a los l\u00edderes filantr\u00f3picos locales que donan $10,000 o m\u00e1s cada a\u00f1o para generar un cambio duradero al abordar los problemas m\u00e1s graves de nuestra comunidad.","breadcrumb":{"@id":"https:\/\/unitedwaysem.org\/get-involved\/give\/affinity-groups\/tocqueville-society\/#breadcrumb"},"inLanguage":"es","potentialAction":[{"@type":"ReadAction","target":["https:\/\/unitedwaysem.org\/get-involved\/give\/affinity-groups\/tocqueville-society\/"]}]},{"@type":"BreadcrumbList","@id":"https:\/\/unitedwaysem.org\/get-involved\/give\/affinity-groups\/tocqueville-society\/#breadcrumb","itemListElement":[{"@type":"ListItem","position":1,"name":"Home","item":"https:\/\/unitedwaysem.org\/"},{"@type":"ListItem","position":2,"name":"Get Involved","item":"https:\/\/unitedwaysem.org\/get-involved\/"},{"@type":"ListItem","position":3,"name":"Give","item":"https:\/\/unitedwaysem.org\/get-involved\/give\/"},{"@type":"ListItem","position":4,"name":"Affinity Groups","item":"https:\/\/unitedwaysem.org\/get-involved\/give\/affinity-groups\/"},{"@type":"ListItem","position":5,"name":"Tocqueville Society"}]},{"@type":"WebSite","@id":"https:\/\/unitedwaysem.org\/#website","url":"https:\/\/unitedwaysem.org\/","name":"United Way para el sureste de Michigan","description":"","publisher":{"@id":"https:\/\/unitedwaysem.org\/#organization"},"potentialAction":[{"@type":"SearchAction","target":{"@type":"EntryPoint","urlTemplate":"https:\/\/unitedwaysem.org\/?s={search_term_string}"},"query-input":{"@type":"PropertyValueSpecification","valueRequired":true,"valueName":"search_term_string"}}],"inLanguage":"es"},{"@type":"Organization","@id":"https:\/\/unitedwaysem.org\/#organization","name":"United Way para el sureste de Michigan","url":"https:\/\/unitedwaysem.org\/","logo":{"@type":"ImageObject","inLanguage":"es","@id":"https:\/\/unitedwaysem.org\/#\/schema\/logo\/image\/","url":"https:\/\/unitedwaysem.org\/wp-content\/uploads\/2024\/12\/uwsem-logo.png","contentUrl":"https:\/\/unitedwaysem.org\/wp-content\/uploads\/2024\/12\/uwsem-logo.png","width":768,"height":768,"caption":"United Way for Southeastern Michigan"},"image":{"@id":"https:\/\/unitedwaysem.org\/#\/schema\/logo\/image\/"}}]}},"_links":{"self":[{"href":"https:\/\/unitedwaysem.org\/es\/wp-json\/wp\/v2\/pages\/816","targetHints":{"allow":["GET"]}}],"collection":[{"href":"https:\/\/unitedwaysem.org\/es\/wp-json\/wp\/v2\/pages"}],"about":[{"href":"https:\/\/unitedwaysem.org\/es\/wp-json\/wp\/v2\/types\/page"}],"author":[{"embeddable":true,"href":"https:\/\/unitedwaysem.org\/es\/wp-json\/wp\/v2\/users\/11"}],"replies":[{"embeddable":true,"href":"https:\/\/unitedwaysem.org\/es\/wp-json\/wp\/v2\/comments?post=816"}],"version-history":[{"count":0,"href":"https:\/\/unitedwaysem.org\/es\/wp-json\/wp\/v2\/pages\/816\/revisions"}],"up":[{"embeddable":true,"href":"https:\/\/unitedwaysem.org\/es\/wp-json\/wp\/v2\/pages\/751"}],"wp:attachment":[{"href":"https:\/\/unitedwaysem.org\/es\/wp-json\/wp\/v2\/media?parent=816"}],"curies":[{"name":"wp","href":"https:\/\/api.w.org\/{rel}","templated":true}]}}