{"id":805,"date":"2019-04-29T20:02:18","date_gmt":"2019-04-30T00:02:18","guid":{"rendered":"https:\/\/unitedwaysem.org\/women-united\/"},"modified":"2026-02-23T10:02:11","modified_gmt":"2026-02-23T15:02:11","slug":"women-united","status":"publish","type":"page","link":"https:\/\/unitedwaysem.org\/es\/get-involved\/give\/affinity-groups\/women-united\/","title":{"rendered":"Mujeres Unidas"},"content":{"rendered":"","protected":false},"excerpt":{"rendered":"","protected":false},"author":12,"featured_media":0,"parent":751,"menu_order":0,"comment_status":"closed","ping_status":"closed","template":"","meta":{"_acf_changed":false,"_relevanssi_hide_post":"","_relevanssi_hide_content":"","_relevanssi_pin_for_all":"","_relevanssi_pin_keywords":"","_relevanssi_unpin_keywords":"","_relevanssi_related_keywords":"","_relevanssi_related_include_ids":"","_relevanssi_related_exclude_ids":"","_relevanssi_related_no_append":"","_relevanssi_related_not_related":"","_relevanssi_related_posts":"","_relevanssi_noindex_reason":""},"class_list":["post-805","page","type-page","status-publish","hentry","news_type-update"],"acf":{"page_layout":[{"acf_fc_layout":"layout_hero","_acfe_flexible_toggle":null,"component_hero":{"kicker_text":"","heading":"Women United","summary":"","image":5266,"cta":"","bubble":""}},{"acf_fc_layout":"layout_wysiwyg","_acfe_flexible_toggle":null,"component_wysiwyg":{"content":"Women United is a powerful and diverse network of leaders who support causes for women and children throughout Southeastern Michigan.\u202fThis dynamic group is open to all women who are passionate about creating change and building meaningful relationships.\r\n\r\nJoin us to:\r\n<ul>\r\n \t<li>Impulsa el cambio en la comunidad.<\/li>\r\n \t<li>Participa en proyectos de voluntariado que tengan un impacto significativo en nuestra comunidad.<\/li>\r\n \t<li>Abordar cuestiones cr\u00edticas que afectan a los ni\u00f1os, las familias y los cuidadores mediante la recaudaci\u00f3n de fondos junto con l\u00edderes empresariales y comunitarios clave.<\/li>\r\n \t<li>Establezca contactos con otras mujeres influyentes que sienten pasi\u00f3n por el sureste de M\u00edchigan y promueva nuestra misi\u00f3n a trav\u00e9s de sus ideas y fortalezas \u00fanicas.<\/li>\r\n \t<li>Participe en eventos y oportunidades exclusivas, como la Cumbre anual de Mujeres Influyentes, el evento El poder del bolsillo, la serie de desarrollo profesional Mujeres que lideran el camino, eventos sociales, proyectos de voluntariado especializados y mucho m\u00e1s.<\/li>\r\n<\/ul>\r\n<h2 style=\"text-align: center;\">S\u00c9 PARTE DEL IMPACTO<\/h2>\r\nAs a member, you\u2019ll become part of a global network of more than 75,000 committed, passionate women in 165 communities across six countries, all dedicated to improving lives and creating stronger communities. Membership is open to all women in Southeastern Michigan.\r\n\r\nMembers will also have opportunities to grow into leadership roles on the Women United committee and subcommittees.\r\n\r\n<a class=\"tm-button button version-1\" role=\"button\" href=\"https:\/\/unitedwaysem.org\/es\/get-involved\/give\/affinity-groups\/women-united\/women-united-signup\/\"><span class=\"tm-button-inner\"><span class=\"text\">\u00danete ahora<\/span><\/span><\/a>\r\n\r\nLe animamos a que <a href=\"https:\/\/ignite.stratuslive.com\/unitedwaysem\/get-involved\/donate\/main-donation-page?slca=0000145\" target=\"_blank\" rel=\"noopener\">Hacer una donaci\u00f3n \u00fanica, donar mensualmente<\/a> o utilice la deducci\u00f3n de n\u00f3mina a trav\u00e9s de la campa\u00f1a de United Way en su lugar de trabajo para apoyar la importante labor y los recursos que proporcionamos a los ni\u00f1os, las mujeres y las familias de nuestra comunidad.","":null,"settings":""}},{"acf_fc_layout":"layout_featured_news_events","_acfe_flexible_toggle":null,"component_featured_news_events":{"header":{"title":"Upcoming Events","abstract":"Find details and RSVP or buy tickets for our upcoming events below! Have questions? Email us at WomenUnited@LiveUnitedSEM.org.","link":""},"manually_curate":true,"featured_items":[4645,7212]}},{"acf_fc_layout":"layout_our_impact","_acfe_flexible_toggle":null,"component_our_impact":{"header":{"title":"Our Impact","abstract":"Here are just a few ways Women United makes a difference in Southeastern Michigan. ","link":""},"dynamic_population":false,"version":"1","topic_filter":[],"program_theme_filter":[],"layout":[{"acf_fc_layout":"version_5","stat_col_1":2261,"stat_col_2":2263,"stat_col_3":2264,"stat_col_4":""},{"acf_fc_layout":"version_4","story_col_1":2944,"story_col_2":3492}]}}]},"yoast_head":"<!-- This site is optimized with the Yoast SEO plugin v26.8 - https:\/\/yoast.com\/product\/yoast-seo-wordpress\/ -->\n<title>Women United - United Way for Southeastern Michigan<\/title>\n<meta name=\"description\" content=\"Women United is a powerful and diverse network of leaders who support early childhood education and literacy work throughout Southeastern Michigan.\" \/>\n<meta name=\"robots\" content=\"index, follow, max-snippet:-1, max-image-preview:large, max-video-preview:-1\" \/>\n<link rel=\"canonical\" href=\"https:\/\/unitedwaysem.org\/es\/get-involved\/give\/affinity-groups\/women-united\/\" \/>\n<meta property=\"og:locale\" content=\"es_MX\" \/>\n<meta property=\"og:type\" content=\"article\" \/>\n<meta property=\"og:title\" content=\"Women United - United Way for Southeastern Michigan\" \/>\n<meta property=\"og:description\" content=\"Women United is a powerful and diverse network of leaders who support early childhood education and literacy work throughout Southeastern Michigan.\" \/>\n<meta property=\"og:url\" content=\"https:\/\/unitedwaysem.org\/es\/get-involved\/give\/affinity-groups\/women-united\/\" \/>\n<meta property=\"og:site_name\" content=\"United Way for Southeastern Michigan\" \/>\n<meta property=\"article:modified_time\" content=\"2026-02-23T15:02:11+00:00\" \/>\n<meta property=\"og:image\" content=\"https:\/\/unitedwaysem.org\/wp-content\/uploads\/2025\/01\/uwsem-share-image-v2.jpg\" \/>\n\t<meta property=\"og:image:width\" content=\"1200\" \/>\n\t<meta property=\"og:image:height\" content=\"630\" \/>\n\t<meta property=\"og:image:type\" content=\"image\/jpeg\" \/>\n<meta name=\"twitter:card\" content=\"summary_large_image\" \/>\n<meta name=\"twitter:label1\" content=\"Tiempo de lectura\" \/>\n\t<meta name=\"twitter:data1\" content=\"2 minutos\" \/>\n<script type=\"application\/ld+json\" class=\"yoast-schema-graph\">{\"@context\":\"https:\/\/schema.org\",\"@graph\":[{\"@type\":\"WebPage\",\"@id\":\"https:\/\/unitedwaysem.org\/get-involved\/give\/affinity-groups\/women-united\/\",\"url\":\"https:\/\/unitedwaysem.org\/get-involved\/give\/affinity-groups\/women-united\/\",\"name\":\"Women United - United Way for Southeastern Michigan\",\"isPartOf\":{\"@id\":\"https:\/\/unitedwaysem.org\/#website\"},\"datePublished\":\"2019-04-30T00:02:18+00:00\",\"dateModified\":\"2026-02-23T15:02:11+00:00\",\"description\":\"Women United is a powerful and diverse network of leaders who support early childhood education and literacy work throughout Southeastern Michigan.\",\"breadcrumb\":{\"@id\":\"https:\/\/unitedwaysem.org\/get-involved\/give\/affinity-groups\/women-united\/#breadcrumb\"},\"inLanguage\":\"es\",\"potentialAction\":[{\"@type\":\"ReadAction\",\"target\":[\"https:\/\/unitedwaysem.org\/get-involved\/give\/affinity-groups\/women-united\/\"]}]},{\"@type\":\"BreadcrumbList\",\"@id\":\"https:\/\/unitedwaysem.org\/get-involved\/give\/affinity-groups\/women-united\/#breadcrumb\",\"itemListElement\":[{\"@type\":\"ListItem\",\"position\":1,\"name\":\"Home\",\"item\":\"https:\/\/unitedwaysem.org\/\"},{\"@type\":\"ListItem\",\"position\":2,\"name\":\"Get Involved\",\"item\":\"https:\/\/unitedwaysem.org\/get-involved\/\"},{\"@type\":\"ListItem\",\"position\":3,\"name\":\"Give\",\"item\":\"https:\/\/unitedwaysem.org\/get-involved\/give\/\"},{\"@type\":\"ListItem\",\"position\":4,\"name\":\"Affinity Groups\",\"item\":\"https:\/\/unitedwaysem.org\/get-involved\/give\/affinity-groups\/\"},{\"@type\":\"ListItem\",\"position\":5,\"name\":\"Women United\"}]},{\"@type\":\"WebSite\",\"@id\":\"https:\/\/unitedwaysem.org\/#website\",\"url\":\"https:\/\/unitedwaysem.org\/\",\"name\":\"United Way for Southeastern Michigan\",\"description\":\"\",\"publisher\":{\"@id\":\"https:\/\/unitedwaysem.org\/#organization\"},\"potentialAction\":[{\"@type\":\"SearchAction\",\"target\":{\"@type\":\"EntryPoint\",\"urlTemplate\":\"https:\/\/unitedwaysem.org\/?s={search_term_string}\"},\"query-input\":{\"@type\":\"PropertyValueSpecification\",\"valueRequired\":true,\"valueName\":\"search_term_string\"}}],\"inLanguage\":\"es\"},{\"@type\":\"Organization\",\"@id\":\"https:\/\/unitedwaysem.org\/#organization\",\"name\":\"United Way for Southeastern Michigan\",\"url\":\"https:\/\/unitedwaysem.org\/\",\"logo\":{\"@type\":\"ImageObject\",\"inLanguage\":\"es\",\"@id\":\"https:\/\/unitedwaysem.org\/#\/schema\/logo\/image\/\",\"url\":\"https:\/\/unitedwaysem.org\/wp-content\/uploads\/2024\/12\/uwsem-logo.png\",\"contentUrl\":\"https:\/\/unitedwaysem.org\/wp-content\/uploads\/2024\/12\/uwsem-logo.png\",\"width\":768,\"height\":768,\"caption\":\"United Way for Southeastern Michigan\"},\"image\":{\"@id\":\"https:\/\/unitedwaysem.org\/#\/schema\/logo\/image\/\"}}]}<\/script>\n<!-- \/ Yoast SEO plugin. -->","yoast_head_json":{"title":"Women United - United Way for Southeastern Michigan","description":"Women United is a powerful and diverse network of leaders who support early childhood education and literacy work throughout Southeastern Michigan.","robots":{"index":"index","follow":"follow","max-snippet":"max-snippet:-1","max-image-preview":"max-image-preview:large","max-video-preview":"max-video-preview:-1"},"canonical":"https:\/\/unitedwaysem.org\/es\/get-involved\/give\/affinity-groups\/women-united\/","og_locale":"es_MX","og_type":"article","og_title":"Women United - United Way for Southeastern Michigan","og_description":"Women United is a powerful and diverse network of leaders who support early childhood education and literacy work throughout Southeastern Michigan.","og_url":"https:\/\/unitedwaysem.org\/es\/get-involved\/give\/affinity-groups\/women-united\/","og_site_name":"United Way for Southeastern Michigan","article_modified_time":"2026-02-23T15:02:11+00:00","og_image":[{"width":1200,"height":630,"url":"https:\/\/unitedwaysem.org\/wp-content\/uploads\/2025\/01\/uwsem-share-image-v2.jpg","type":"image\/jpeg"}],"twitter_card":"summary_large_image","twitter_misc":{"Tiempo de lectura":"2 minutos"},"schema":{"@context":"https:\/\/schema.org","@graph":[{"@type":"WebPage","@id":"https:\/\/unitedwaysem.org\/get-involved\/give\/affinity-groups\/women-united\/","url":"https:\/\/unitedwaysem.org\/get-involved\/give\/affinity-groups\/women-united\/","name":"Women United - United Way for Southeastern Michigan","isPartOf":{"@id":"https:\/\/unitedwaysem.org\/#website"},"datePublished":"2019-04-30T00:02:18+00:00","dateModified":"2026-02-23T15:02:11+00:00","description":"Women United is a powerful and diverse network of leaders who support early childhood education and literacy work throughout Southeastern Michigan.","breadcrumb":{"@id":"https:\/\/unitedwaysem.org\/get-involved\/give\/affinity-groups\/women-united\/#breadcrumb"},"inLanguage":"es","potentialAction":[{"@type":"ReadAction","target":["https:\/\/unitedwaysem.org\/get-involved\/give\/affinity-groups\/women-united\/"]}]},{"@type":"BreadcrumbList","@id":"https:\/\/unitedwaysem.org\/get-involved\/give\/affinity-groups\/women-united\/#breadcrumb","itemListElement":[{"@type":"ListItem","position":1,"name":"Home","item":"https:\/\/unitedwaysem.org\/"},{"@type":"ListItem","position":2,"name":"Get Involved","item":"https:\/\/unitedwaysem.org\/get-involved\/"},{"@type":"ListItem","position":3,"name":"Give","item":"https:\/\/unitedwaysem.org\/get-involved\/give\/"},{"@type":"ListItem","position":4,"name":"Affinity Groups","item":"https:\/\/unitedwaysem.org\/get-involved\/give\/affinity-groups\/"},{"@type":"ListItem","position":5,"name":"Women United"}]},{"@type":"WebSite","@id":"https:\/\/unitedwaysem.org\/#website","url":"https:\/\/unitedwaysem.org\/","name":"United Way para el sureste de Michigan","description":"","publisher":{"@id":"https:\/\/unitedwaysem.org\/#organization"},"potentialAction":[{"@type":"SearchAction","target":{"@type":"EntryPoint","urlTemplate":"https:\/\/unitedwaysem.org\/?s={search_term_string}"},"query-input":{"@type":"PropertyValueSpecification","valueRequired":true,"valueName":"search_term_string"}}],"inLanguage":"es"},{"@type":"Organization","@id":"https:\/\/unitedwaysem.org\/#organization","name":"United Way para el sureste de Michigan","url":"https:\/\/unitedwaysem.org\/","logo":{"@type":"ImageObject","inLanguage":"es","@id":"https:\/\/unitedwaysem.org\/#\/schema\/logo\/image\/","url":"https:\/\/unitedwaysem.org\/wp-content\/uploads\/2024\/12\/uwsem-logo.png","contentUrl":"https:\/\/unitedwaysem.org\/wp-content\/uploads\/2024\/12\/uwsem-logo.png","width":768,"height":768,"caption":"United Way for Southeastern Michigan"},"image":{"@id":"https:\/\/unitedwaysem.org\/#\/schema\/logo\/image\/"}}]}},"_links":{"self":[{"href":"https:\/\/unitedwaysem.org\/es\/wp-json\/wp\/v2\/pages\/805","targetHints":{"allow":["GET"]}}],"collection":[{"href":"https:\/\/unitedwaysem.org\/es\/wp-json\/wp\/v2\/pages"}],"about":[{"href":"https:\/\/unitedwaysem.org\/es\/wp-json\/wp\/v2\/types\/page"}],"author":[{"embeddable":true,"href":"https:\/\/unitedwaysem.org\/es\/wp-json\/wp\/v2\/users\/12"}],"replies":[{"embeddable":true,"href":"https:\/\/unitedwaysem.org\/es\/wp-json\/wp\/v2\/comments?post=805"}],"version-history":[{"count":2,"href":"https:\/\/unitedwaysem.org\/es\/wp-json\/wp\/v2\/pages\/805\/revisions"}],"predecessor-version":[{"id":8107,"href":"https:\/\/unitedwaysem.org\/es\/wp-json\/wp\/v2\/pages\/805\/revisions\/8107"}],"up":[{"embeddable":true,"href":"https:\/\/unitedwaysem.org\/es\/wp-json\/wp\/v2\/pages\/751"}],"wp:attachment":[{"href":"https:\/\/unitedwaysem.org\/es\/wp-json\/wp\/v2\/media?parent=805"}],"curies":[{"name":"wp","href":"https:\/\/api.w.org\/{rel}","templated":true}]}}