{"id":8,"date":"2024-08-12T16:28:26","date_gmt":"2024-08-12T16:28:26","guid":{"rendered":"https:\/\/unitedwaysem.org\/?page_id=8"},"modified":"2026-01-28T16:10:55","modified_gmt":"2026-01-28T21:10:55","slug":"home","status":"publish","type":"page","link":"https:\/\/unitedwaysem.org\/es\/","title":{"rendered":"Inicio"},"content":{"rendered":"","protected":false},"excerpt":{"rendered":"","protected":false},"author":4,"featured_media":0,"parent":0,"menu_order":0,"comment_status":"closed","ping_status":"closed","template":"","meta":{"_acf_changed":false,"_relevanssi_hide_post":"","_relevanssi_hide_content":"","_relevanssi_pin_for_all":"","_relevanssi_pin_keywords":"","_relevanssi_unpin_keywords":"","_relevanssi_related_keywords":"","_relevanssi_related_include_ids":"","_relevanssi_related_exclude_ids":"","_relevanssi_related_no_append":"","_relevanssi_related_not_related":"","_relevanssi_related_posts":"","_relevanssi_noindex_reason":""},"class_list":["post-8","page","type-page","status-publish","hentry"],"acf":{"page_layout":[{"acf_fc_layout":"layout_home_hero","_acfe_flexible_toggle":null,"component_home_hero":{"title":"La uni\u00f3n es el camino hacia un futuro mejor.","abstract":"More than 40 percent of families in Southeastern Michigan struggle to afford basic needs like food, housing and health care. United Way works to make a difference for these households right here in Macomb, Oakland, Washtenaw and Wayne counties.","image":65,"dropdown":{"title":"How can we help you today?","default_choice":"I\u2019m looking for...","choices":[{"link":{"title":"Utility Assistance","url":"https:\/\/unitedwaysem.org\/resources\/utility-assistance\/","target":""}},{"link":{"title":"Tax Assistance","url":"https:\/\/unitedwaysem.org\/resources\/tax-preparation-assistance\/","target":""}},{"link":{"title":"Child Care Options","url":"https:\/\/unitedwaysem.org\/resources\/connect4care\/","target":"_blank"}},{"link":{"title":"Volunteer Opportunites","url":"https:\/\/unitedwaysem.org\/get-involved\/volunteering\/","target":"_blank"}},{"link":{"title":"Other","url":"https:\/\/unitedwaysem.org\/get-help\/","target":""}}]}}},{"acf_fc_layout":"layout_text_promo","_acfe_flexible_toggle":null,"component_text_promo":{"title":"\u00bfNecesitas ayuda?","abstract":"<strong>United Way programs are available to help!<\/strong> Please view a partial list below. If you can\u2019t find what you need, please dial 2-1-1 to connect with one of our community care advocates, 24 hours a day, seven days a week.","linksleft":[{"link":{"title":"211 Helpline","url":"https:\/\/unitedwaysem.org\/resources\/contact-2-1-1\/","target":""}},{"link":{"title":"Utility Assistance","url":"https:\/\/unitedwaysem.org\/resources\/utility-assistance\/","target":""}},{"link":{"title":"Tax Assistance","url":"https:\/\/unitedwaysem.org\/resources\/tax-preparation-assistance\/","target":""}}],"linksright":[{"link":{"title":"Creating Youth Opportunity","url":"https:\/\/unitedwaysem.org\/programs\/creating-youth-opportunity\/","target":""}},{"link":{"title":"Meeting Basic Needs","url":"https:\/\/unitedwaysem.org\/programs\/meeting-basic-needs\/","target":""}},{"link":{"title":"I'm Not Sure","url":"https:\/\/unitedwaysem.org\/get-help\/","target":""}}],"bubble":35}},{"acf_fc_layout":"layout_promo","_acfe_flexible_toggle":null,"component_promo":{"":null,"title":"\u00bfListo para participar?","abstract":"<b>United Way supporters like you make our work possible.<\/b> Whether you\u2019re a donor, an advocate, a volunteer or a combination of those three, you are making an enormous impact in Southeastern Michigan.","links":[{"link":""}],"button":{"title":"Get Involved","url":"https:\/\/unitedwaysem.org\/get-involved\/","target":"_blank"},"button2":"","image":644,"reverse":false,"color":"navy","id":""}},{"acf_fc_layout":"layout_promo","_acfe_flexible_toggle":null,"component_promo":{"":null,"title":"Colabora con nosotros","abstract":"<b>Join our network of hundreds of corporate, nonprofit, foundation and labor partners.<\/b> Together, we are a powerful force  working together to make Southeastern Michigan a better place for all.","links":null,"button":{"title":"PARTNERSHIP OPPORTUNITIES","url":"https:\/\/unitedwaysem.org\/grants-hub\/","target":""},"button2":"","image":3687,"reverse":true,"color":"navy","id":""}},{"acf_fc_layout":"layout_our_impact","_acfe_flexible_toggle":null,"component_our_impact":{"header":{"title":"OUR IMPACT","abstract":"When you support United Way, you help families find relief in times of crisis and work toward stability. Here are just a few ways that your support makes a difference.","link":{"title":"See More","url":"https:\/\/unitedwaysem.org\/our-impact\/","target":""}},"dynamic_population":true,"version":"1","topic_filter":[264,165,166,171,164,168,169,170,263,172,167,173,203,204,174,176,175,177],"program_theme_filter":[132,133,131,134],"layout":[{"acf_fc_layout":"version_1","story_col_1":32,"stat_col_2_row_1":15,"stat_col_2_row_2":16},{"acf_fc_layout":"version_3","stat_col_1_row_1":15,"stat_col_1_row_2":16,"stat_col_2":16,"story_col_3":32}]}},{"acf_fc_layout":"layout_featured_news_events","_acfe_flexible_toggle":null,"component_featured_news_events":{"header":{"title":"Featured NEWS\/EVENTS","abstract":"Find the latest news and events from United Way for Southeastern Michigan.","link":{"title":"See More","url":"https:\/\/unitedwaysem.org\/news-events\/","target":""}},"manually_curate":false,"featured_items":[2923,2838,2200]}},{"acf_fc_layout":"layout_marquee","_acfe_flexible_toggle":null,"component_marquee":{"header":{"title":"","abstract":"","link":""},"items":null}},{"acf_fc_layout":"layout_featured_sponsor","_acfe_flexible_toggle":null,"component_featured_sponsor":{"image":"","sponsor_title":"","abstract":""}}]},"yoast_head":"<!-- This site is optimized with the Yoast SEO plugin v26.8 - https:\/\/yoast.com\/product\/yoast-seo-wordpress\/ -->\n<title>Home - United Way for Southeastern Michigan<\/title>\n<meta name=\"description\" content=\"More than 40 percent of families in Southeastern Michigan struggle to afford basic needs. United Way works to make a difference in Macomb, Oakland, Washtenaw and Wayne counties.\" \/>\n<meta name=\"robots\" content=\"index, follow, max-snippet:-1, max-image-preview:large, max-video-preview:-1\" \/>\n<link rel=\"canonical\" href=\"https:\/\/unitedwaysem.org\/es\/\" \/>\n<meta property=\"og:locale\" content=\"es_MX\" \/>\n<meta property=\"og:type\" content=\"article\" \/>\n<meta property=\"og:title\" content=\"Home - United Way for Southeastern Michigan\" \/>\n<meta property=\"og:description\" content=\"More than 40 percent of families in Southeastern Michigan struggle to afford basic needs. United Way works to make a difference in Macomb, Oakland, Washtenaw and Wayne counties.\" \/>\n<meta property=\"og:url\" content=\"https:\/\/unitedwaysem.org\/es\/\" \/>\n<meta property=\"og:site_name\" content=\"United Way for Southeastern Michigan\" \/>\n<meta property=\"article:modified_time\" content=\"2026-01-28T21:10:55+00:00\" \/>\n<meta property=\"og:image\" content=\"https:\/\/unitedwaysem.org\/wp-content\/uploads\/2025\/01\/uwsem-share-image-v2.jpg\" \/>\n\t<meta property=\"og:image:width\" content=\"1200\" \/>\n\t<meta property=\"og:image:height\" content=\"630\" \/>\n\t<meta property=\"og:image:type\" content=\"image\/jpeg\" \/>\n<meta name=\"twitter:card\" content=\"summary_large_image\" \/>\n<meta name=\"twitter:label1\" content=\"Tiempo de lectura\" \/>\n\t<meta name=\"twitter:data1\" content=\"2 minutos\" \/>\n<script type=\"application\/ld+json\" class=\"yoast-schema-graph\">{\"@context\":\"https:\/\/schema.org\",\"@graph\":[{\"@type\":\"WebPage\",\"@id\":\"https:\/\/unitedwaysem.org\/\",\"url\":\"https:\/\/unitedwaysem.org\/\",\"name\":\"Home - United Way for Southeastern Michigan\",\"isPartOf\":{\"@id\":\"https:\/\/unitedwaysem.org\/#website\"},\"datePublished\":\"2024-08-12T16:28:26+00:00\",\"dateModified\":\"2026-01-28T21:10:55+00:00\",\"description\":\"More than 40 percent of families in Southeastern Michigan struggle to afford basic needs. United Way works to make a difference in Macomb, Oakland, Washtenaw and Wayne counties.\",\"breadcrumb\":{\"@id\":\"https:\/\/unitedwaysem.org\/#breadcrumb\"},\"inLanguage\":\"es\",\"potentialAction\":[{\"@type\":\"ReadAction\",\"target\":[\"https:\/\/unitedwaysem.org\/\"]}]},{\"@type\":\"BreadcrumbList\",\"@id\":\"https:\/\/unitedwaysem.org\/#breadcrumb\",\"itemListElement\":[{\"@type\":\"ListItem\",\"position\":1,\"name\":\"Home\",\"item\":\"https:\/\/unitedwaysem.org\/\"},{\"@type\":\"ListItem\",\"position\":2,\"name\":\"Home\"}]},{\"@type\":\"WebSite\",\"@id\":\"https:\/\/unitedwaysem.org\/#website\",\"url\":\"https:\/\/unitedwaysem.org\/\",\"name\":\"United Way for Southeastern Michigan\",\"description\":\"\",\"publisher\":{\"@id\":\"https:\/\/unitedwaysem.org\/#organization\"},\"potentialAction\":[{\"@type\":\"SearchAction\",\"target\":{\"@type\":\"EntryPoint\",\"urlTemplate\":\"https:\/\/unitedwaysem.org\/?s={search_term_string}\"},\"query-input\":{\"@type\":\"PropertyValueSpecification\",\"valueRequired\":true,\"valueName\":\"search_term_string\"}}],\"inLanguage\":\"es\"},{\"@type\":\"Organization\",\"@id\":\"https:\/\/unitedwaysem.org\/#organization\",\"name\":\"United Way for Southeastern Michigan\",\"url\":\"https:\/\/unitedwaysem.org\/\",\"logo\":{\"@type\":\"ImageObject\",\"inLanguage\":\"es\",\"@id\":\"https:\/\/unitedwaysem.org\/#\/schema\/logo\/image\/\",\"url\":\"https:\/\/unitedwaysem.org\/wp-content\/uploads\/2024\/12\/uwsem-logo.png\",\"contentUrl\":\"https:\/\/unitedwaysem.org\/wp-content\/uploads\/2024\/12\/uwsem-logo.png\",\"width\":768,\"height\":768,\"caption\":\"United Way for Southeastern Michigan\"},\"image\":{\"@id\":\"https:\/\/unitedwaysem.org\/#\/schema\/logo\/image\/\"}}]}<\/script>\n<!-- \/ Yoast SEO plugin. -->","yoast_head_json":{"title":"Inicio - United Way del sureste de M\u00edchigan","description":"M\u00e1s del 40 % de las familias del sureste de M\u00edchigan tienen dificultades para cubrir sus necesidades b\u00e1sicas. United Way trabaja para marcar la diferencia en los condados de Macomb, Oakland, Washtenaw y Wayne.","robots":{"index":"index","follow":"follow","max-snippet":"max-snippet:-1","max-image-preview":"max-image-preview:large","max-video-preview":"max-video-preview:-1"},"canonical":"https:\/\/unitedwaysem.org\/es\/","og_locale":"es_MX","og_type":"article","og_title":"Home - United Way for Southeastern Michigan","og_description":"More than 40 percent of families in Southeastern Michigan struggle to afford basic needs. United Way works to make a difference in Macomb, Oakland, Washtenaw and Wayne counties.","og_url":"https:\/\/unitedwaysem.org\/es\/","og_site_name":"United Way for Southeastern Michigan","article_modified_time":"2026-01-28T21:10:55+00:00","og_image":[{"width":1200,"height":630,"url":"https:\/\/unitedwaysem.org\/wp-content\/uploads\/2025\/01\/uwsem-share-image-v2.jpg","type":"image\/jpeg"}],"twitter_card":"summary_large_image","twitter_misc":{"Tiempo de lectura":"2 minutos"},"schema":{"@context":"https:\/\/schema.org","@graph":[{"@type":"WebPage","@id":"https:\/\/unitedwaysem.org\/","url":"https:\/\/unitedwaysem.org\/","name":"Inicio - United Way del sureste de M\u00edchigan","isPartOf":{"@id":"https:\/\/unitedwaysem.org\/#website"},"datePublished":"2024-08-12T16:28:26+00:00","dateModified":"2026-01-28T21:10:55+00:00","description":"M\u00e1s del 40 % de las familias del sureste de M\u00edchigan tienen dificultades para cubrir sus necesidades b\u00e1sicas. United Way trabaja para marcar la diferencia en los condados de Macomb, Oakland, Washtenaw y Wayne.","breadcrumb":{"@id":"https:\/\/unitedwaysem.org\/#breadcrumb"},"inLanguage":"es","potentialAction":[{"@type":"ReadAction","target":["https:\/\/unitedwaysem.org\/"]}]},{"@type":"BreadcrumbList","@id":"https:\/\/unitedwaysem.org\/#breadcrumb","itemListElement":[{"@type":"ListItem","position":1,"name":"Home","item":"https:\/\/unitedwaysem.org\/"},{"@type":"ListItem","position":2,"name":"Home"}]},{"@type":"WebSite","@id":"https:\/\/unitedwaysem.org\/#website","url":"https:\/\/unitedwaysem.org\/","name":"United Way para el sureste de Michigan","description":"","publisher":{"@id":"https:\/\/unitedwaysem.org\/#organization"},"potentialAction":[{"@type":"SearchAction","target":{"@type":"EntryPoint","urlTemplate":"https:\/\/unitedwaysem.org\/?s={search_term_string}"},"query-input":{"@type":"PropertyValueSpecification","valueRequired":true,"valueName":"search_term_string"}}],"inLanguage":"es"},{"@type":"Organization","@id":"https:\/\/unitedwaysem.org\/#organization","name":"United Way para el sureste de Michigan","url":"https:\/\/unitedwaysem.org\/","logo":{"@type":"ImageObject","inLanguage":"es","@id":"https:\/\/unitedwaysem.org\/#\/schema\/logo\/image\/","url":"https:\/\/unitedwaysem.org\/wp-content\/uploads\/2024\/12\/uwsem-logo.png","contentUrl":"https:\/\/unitedwaysem.org\/wp-content\/uploads\/2024\/12\/uwsem-logo.png","width":768,"height":768,"caption":"United Way for Southeastern Michigan"},"image":{"@id":"https:\/\/unitedwaysem.org\/#\/schema\/logo\/image\/"}}]}},"_links":{"self":[{"href":"https:\/\/unitedwaysem.org\/es\/wp-json\/wp\/v2\/pages\/8","targetHints":{"allow":["GET"]}}],"collection":[{"href":"https:\/\/unitedwaysem.org\/es\/wp-json\/wp\/v2\/pages"}],"about":[{"href":"https:\/\/unitedwaysem.org\/es\/wp-json\/wp\/v2\/types\/page"}],"author":[{"embeddable":true,"href":"https:\/\/unitedwaysem.org\/es\/wp-json\/wp\/v2\/users\/4"}],"replies":[{"embeddable":true,"href":"https:\/\/unitedwaysem.org\/es\/wp-json\/wp\/v2\/comments?post=8"}],"version-history":[{"count":0,"href":"https:\/\/unitedwaysem.org\/es\/wp-json\/wp\/v2\/pages\/8\/revisions"}],"wp:attachment":[{"href":"https:\/\/unitedwaysem.org\/es\/wp-json\/wp\/v2\/media?parent=8"}],"curies":[{"name":"wp","href":"https:\/\/api.w.org\/{rel}","templated":true}]}}