{"id":776,"date":"2019-04-26T10:37:54","date_gmt":"2019-04-26T14:37:54","guid":{"rendered":"https:\/\/unitedwaysem.org\/workplace-campaign\/"},"modified":"2026-01-14T12:22:30","modified_gmt":"2026-01-14T17:22:30","slug":"workplace-campaign","status":"publish","type":"page","link":"https:\/\/unitedwaysem.org\/es\/about-us\/workplace-campaign\/","title":{"rendered":"Campa\u00f1a en el lugar de trabajo"},"content":{"rendered":"","protected":false},"excerpt":{"rendered":"","protected":false},"author":11,"featured_media":0,"parent":683,"menu_order":0,"comment_status":"closed","ping_status":"closed","template":"","meta":{"_acf_changed":false,"_relevanssi_hide_post":"","_relevanssi_hide_content":"","_relevanssi_pin_for_all":"","_relevanssi_pin_keywords":"","_relevanssi_unpin_keywords":"","_relevanssi_related_keywords":"","_relevanssi_related_include_ids":"","_relevanssi_related_exclude_ids":"","_relevanssi_related_no_append":"","_relevanssi_related_not_related":"","_relevanssi_related_posts":"","_relevanssi_noindex_reason":""},"class_list":["post-776","page","type-page","status-publish","hentry","news_type-update"],"acf":{"page_layout":[{"acf_fc_layout":"layout_hero","_acfe_flexible_toggle":null,"component_hero":{"kicker_text":"Work United","heading":"Workplace Campaign","summary":"Join the 500+ companies that support the community through United Way \u2014 all while boosting workplace morale.","image":1203,"cta":"","bubble":""}},{"acf_fc_layout":"layout_wysiwyg","_acfe_flexible_toggle":null,"component_wysiwyg":{"content":"<h3 class=\"sub-title\">Ayude a las familias a pasar de la crisis a la estabilidad y de la estabilidad a la prosperidad.<\/h3>\r\nWhen you and your coworkers give to United Way, you\u2019re making your dollars go further toward helping the community. We leverage a network of hundreds of community, corporate, government and nonprofit partners, and thousands of donors, volunteers and advocates, to create sustainable change in our community.\r\n\r\nWe can\u2019t wait to show you the impact United Way is able to make because of supporters like you.\u202f<a href=\"https:\/\/unitedwaysem.org\/es\/campaign-toolkit-resources\/\">Haga clic aqu\u00ed para ver nuestro kit de herramientas para campa\u00f1as, repleto de recursos que le ayudar\u00e1n a que su campa\u00f1a sea un \u00e9xito.<\/a>.\r\n\r\nUnited is the Way.\r\n\r\n<a class=\"tm-button button version-1\" role=\"button\" href=\"https:\/\/unitedwaysem.org\/es\/campaign-toolkit-resources\/\" target=\"_self\"><span class=\"tm-button-inner\"><span class=\"text\">Kit de herramientas para campa\u00f1as<\/span><\/span><\/a>\r\n<div class=\"row d-flex justify-content-center flex-wrap services\">\r\n\r\n<!-- end .col-lg-4 -->\r\n\r\n<\/div>\r\n<!-- end .row -->\r\n\r\n<!-- end .container -->","":null,"settings":""}},{"acf_fc_layout":"layout_listing_grid","_acfe_flexible_toggle":null,"component_listing_grid":{"header":{"title":"5 Tips to Run a Successful Campaign","abstract":"","link":"","show_arrows":false},"manually_curate":true,"post_types":[],"cards":[{"image":"","title":"1. Energize","abstract":"Recruit a strong team to lead your United Way Campaign.","button":""},{"image":"","title":"2. Inspire","abstract":"Share the United Way story with all employees.","button":""},{"image":"","title":"3. Engage","abstract":"Connect employees with advocacy and volunteer opportunities to learn more about the work they support.","button":""},{"image":"","title":"4. Ask","abstract":"Make sure everyone knows that every dollar matters and ask them to contribute.","button":""},{"image":"","title":"5. Show Appreciation","abstract":"Thank everyone for giving.","button":""}],"columns":"3","quantity":""}},{"acf_fc_layout":"layout_wysiwyg","_acfe_flexible_toggle":null,"component_wysiwyg":{"content":"<h3 class=\"blue-block__textblock-title\">Dirija la campa\u00f1a en el lugar de trabajo de su empresa<\/h3>\r\n<p class=\"p1\">Los coordinadores de campa\u00f1as de empleados utilizan su pasi\u00f3n y talento para inspirar y motivar a sus colegas a unirse a la misi\u00f3n de United Way. Como representantes de United Way, los coordinadores de campa\u00f1as de empleados informan a sus compa\u00f1eros de trabajo sobre las donaciones, las iniciativas de voluntariado y las acciones de defensa que est\u00e1n marcando la diferencia en el sureste de Michigan.<\/p>\r\n<p class=\"p1\">P\u00f3ngase en contacto con nosotros para obtener m\u00e1s informaci\u00f3n sobre c\u00f3mo convertirse en coordinador de campa\u00f1as para empleados.<\/p>\r\n<a class=\"tm-button button version-1\" role=\"button\" href=\"https:\/\/unitedwaysem.org\/wp-content\/uploads\/2026\/01\/1171-2025-8.5x11-Campaign-Materials-ECC-Guide-V2.pdf\" target=\"_self\"><span class=\"tm-button-inner\"><span class=\"text\">Descarguen la gu\u00eda\u00a0<\/span><\/span><\/a><a class=\"tm-button button version-1\" role=\"button\" href=\"mailto:LiveUnited@LiveUnitedSEM.org?subject=Workplace%20Campaign\" target=\"_blank\" rel=\"noopener\"><span class=\"tm-button-inner\"><span class=\"text\">Reg\u00edstrate<\/span><\/span><\/a>","":null,"settings":""}},{"acf_fc_layout":"layout_group","_acfe_flexible_toggle":null,"component_group":{"version":"3","header":{"":null,"show_arrows":false,"heading":"Learn about the work firsthand","subheading":"","abstract":""},"columns":[{"image":1859,"title":"Advocate","abstract":"Use your voice and join one of our current advocacy efforts to help affect policy change that benefits the community.","button":{"title":"Learn More","url":"https:\/\/unitedwaysem.org\/get-involved\/advocate\/","target":""}},{"image":3668,"title":"Volunteer","abstract":"Roll up your sleeves and give your time to make a difference in the community.","button":{"title":"Visit our Volunteer Portal","url":"https:\/\/unitedwaysem.org\/opportunities\/volunteer-portal\/","target":"_blank"}},{"image":2762,"title":"Request a Speaker","abstract":"Learn more about our mission through a United Way speaker.","button":{"title":"Request a United Way Speaker","url":"https:\/\/unitedwaysem.org\/about-us\/united-way-speaker\/","target":""}}]}}]},"yoast_head":"<!-- This site is optimized with the Yoast SEO plugin v26.8 - https:\/\/yoast.com\/product\/yoast-seo-wordpress\/ -->\n<title>Workplace Campaign - United Way for Southeastern Michigan<\/title>\n<meta name=\"description\" content=\"Join the 500-plus companies that support the community through United Way \u2014 all while boosting workplace morale.\" \/>\n<meta name=\"robots\" content=\"index, follow, max-snippet:-1, max-image-preview:large, max-video-preview:-1\" \/>\n<link rel=\"canonical\" href=\"https:\/\/unitedwaysem.org\/es\/about-us\/workplace-campaign\/\" \/>\n<meta property=\"og:locale\" content=\"es_MX\" \/>\n<meta property=\"og:type\" content=\"article\" \/>\n<meta property=\"og:title\" content=\"Workplace Campaign - United Way for Southeastern Michigan\" \/>\n<meta property=\"og:description\" content=\"Join the 500-plus companies that support the community through United Way \u2014 all while boosting workplace morale.\" \/>\n<meta property=\"og:url\" content=\"https:\/\/unitedwaysem.org\/es\/about-us\/workplace-campaign\/\" \/>\n<meta property=\"og:site_name\" content=\"United Way for Southeastern Michigan\" \/>\n<meta property=\"article:modified_time\" content=\"2026-01-14T17:22:30+00:00\" \/>\n<meta property=\"og:image\" content=\"https:\/\/unitedwaysem.org\/wp-content\/uploads\/2025\/01\/uwsem-share-image-v2.jpg\" \/>\n\t<meta property=\"og:image:width\" content=\"1200\" \/>\n\t<meta property=\"og:image:height\" content=\"630\" \/>\n\t<meta property=\"og:image:type\" content=\"image\/jpeg\" \/>\n<meta name=\"twitter:card\" content=\"summary_large_image\" \/>\n<meta name=\"twitter:label1\" content=\"Tiempo de lectura\" \/>\n\t<meta name=\"twitter:data1\" content=\"3 minutos\" \/>\n<script type=\"application\/ld+json\" class=\"yoast-schema-graph\">{\"@context\":\"https:\/\/schema.org\",\"@graph\":[{\"@type\":\"WebPage\",\"@id\":\"https:\/\/unitedwaysem.org\/about-us\/workplace-campaign\/\",\"url\":\"https:\/\/unitedwaysem.org\/about-us\/workplace-campaign\/\",\"name\":\"Workplace Campaign - United Way for Southeastern Michigan\",\"isPartOf\":{\"@id\":\"https:\/\/unitedwaysem.org\/#website\"},\"datePublished\":\"2019-04-26T14:37:54+00:00\",\"dateModified\":\"2026-01-14T17:22:30+00:00\",\"description\":\"Join the 500-plus companies that support the community through United Way \u2014 all while boosting workplace morale.\",\"breadcrumb\":{\"@id\":\"https:\/\/unitedwaysem.org\/about-us\/workplace-campaign\/#breadcrumb\"},\"inLanguage\":\"es\",\"potentialAction\":[{\"@type\":\"ReadAction\",\"target\":[\"https:\/\/unitedwaysem.org\/about-us\/workplace-campaign\/\"]}]},{\"@type\":\"BreadcrumbList\",\"@id\":\"https:\/\/unitedwaysem.org\/about-us\/workplace-campaign\/#breadcrumb\",\"itemListElement\":[{\"@type\":\"ListItem\",\"position\":1,\"name\":\"Home\",\"item\":\"https:\/\/unitedwaysem.org\/\"},{\"@type\":\"ListItem\",\"position\":2,\"name\":\"About Us\",\"item\":\"https:\/\/unitedwaysem.org\/about-us\/\"},{\"@type\":\"ListItem\",\"position\":3,\"name\":\"Workplace Campaign\"}]},{\"@type\":\"WebSite\",\"@id\":\"https:\/\/unitedwaysem.org\/#website\",\"url\":\"https:\/\/unitedwaysem.org\/\",\"name\":\"United Way for Southeastern Michigan\",\"description\":\"\",\"publisher\":{\"@id\":\"https:\/\/unitedwaysem.org\/#organization\"},\"potentialAction\":[{\"@type\":\"SearchAction\",\"target\":{\"@type\":\"EntryPoint\",\"urlTemplate\":\"https:\/\/unitedwaysem.org\/?s={search_term_string}\"},\"query-input\":{\"@type\":\"PropertyValueSpecification\",\"valueRequired\":true,\"valueName\":\"search_term_string\"}}],\"inLanguage\":\"es\"},{\"@type\":\"Organization\",\"@id\":\"https:\/\/unitedwaysem.org\/#organization\",\"name\":\"United Way for Southeastern Michigan\",\"url\":\"https:\/\/unitedwaysem.org\/\",\"logo\":{\"@type\":\"ImageObject\",\"inLanguage\":\"es\",\"@id\":\"https:\/\/unitedwaysem.org\/#\/schema\/logo\/image\/\",\"url\":\"https:\/\/unitedwaysem.org\/wp-content\/uploads\/2024\/12\/uwsem-logo.png\",\"contentUrl\":\"https:\/\/unitedwaysem.org\/wp-content\/uploads\/2024\/12\/uwsem-logo.png\",\"width\":768,\"height\":768,\"caption\":\"United Way for Southeastern Michigan\"},\"image\":{\"@id\":\"https:\/\/unitedwaysem.org\/#\/schema\/logo\/image\/\"}}]}<\/script>\n<!-- \/ Yoast SEO plugin. -->","yoast_head_json":{"title":"Workplace Campaign - United Way for Southeastern Michigan","description":"Join the 500-plus companies that support the community through United Way \u2014 all while boosting workplace morale.","robots":{"index":"index","follow":"follow","max-snippet":"max-snippet:-1","max-image-preview":"max-image-preview:large","max-video-preview":"max-video-preview:-1"},"canonical":"https:\/\/unitedwaysem.org\/es\/about-us\/workplace-campaign\/","og_locale":"es_MX","og_type":"article","og_title":"Workplace Campaign - United Way for Southeastern Michigan","og_description":"Join the 500-plus companies that support the community through United Way \u2014 all while boosting workplace morale.","og_url":"https:\/\/unitedwaysem.org\/es\/about-us\/workplace-campaign\/","og_site_name":"United Way for Southeastern Michigan","article_modified_time":"2026-01-14T17:22:30+00:00","og_image":[{"width":1200,"height":630,"url":"https:\/\/unitedwaysem.org\/wp-content\/uploads\/2025\/01\/uwsem-share-image-v2.jpg","type":"image\/jpeg"}],"twitter_card":"summary_large_image","twitter_misc":{"Tiempo de lectura":"3 minutos"},"schema":{"@context":"https:\/\/schema.org","@graph":[{"@type":"WebPage","@id":"https:\/\/unitedwaysem.org\/about-us\/workplace-campaign\/","url":"https:\/\/unitedwaysem.org\/about-us\/workplace-campaign\/","name":"Workplace Campaign - United Way for Southeastern Michigan","isPartOf":{"@id":"https:\/\/unitedwaysem.org\/#website"},"datePublished":"2019-04-26T14:37:54+00:00","dateModified":"2026-01-14T17:22:30+00:00","description":"Join the 500-plus companies that support the community through United Way \u2014 all while boosting workplace morale.","breadcrumb":{"@id":"https:\/\/unitedwaysem.org\/about-us\/workplace-campaign\/#breadcrumb"},"inLanguage":"es","potentialAction":[{"@type":"ReadAction","target":["https:\/\/unitedwaysem.org\/about-us\/workplace-campaign\/"]}]},{"@type":"BreadcrumbList","@id":"https:\/\/unitedwaysem.org\/about-us\/workplace-campaign\/#breadcrumb","itemListElement":[{"@type":"ListItem","position":1,"name":"Home","item":"https:\/\/unitedwaysem.org\/"},{"@type":"ListItem","position":2,"name":"About Us","item":"https:\/\/unitedwaysem.org\/about-us\/"},{"@type":"ListItem","position":3,"name":"Workplace Campaign"}]},{"@type":"WebSite","@id":"https:\/\/unitedwaysem.org\/#website","url":"https:\/\/unitedwaysem.org\/","name":"United Way para el sureste de Michigan","description":"","publisher":{"@id":"https:\/\/unitedwaysem.org\/#organization"},"potentialAction":[{"@type":"SearchAction","target":{"@type":"EntryPoint","urlTemplate":"https:\/\/unitedwaysem.org\/?s={search_term_string}"},"query-input":{"@type":"PropertyValueSpecification","valueRequired":true,"valueName":"search_term_string"}}],"inLanguage":"es"},{"@type":"Organization","@id":"https:\/\/unitedwaysem.org\/#organization","name":"United Way para el sureste de Michigan","url":"https:\/\/unitedwaysem.org\/","logo":{"@type":"ImageObject","inLanguage":"es","@id":"https:\/\/unitedwaysem.org\/#\/schema\/logo\/image\/","url":"https:\/\/unitedwaysem.org\/wp-content\/uploads\/2024\/12\/uwsem-logo.png","contentUrl":"https:\/\/unitedwaysem.org\/wp-content\/uploads\/2024\/12\/uwsem-logo.png","width":768,"height":768,"caption":"United Way for Southeastern Michigan"},"image":{"@id":"https:\/\/unitedwaysem.org\/#\/schema\/logo\/image\/"}}]}},"_links":{"self":[{"href":"https:\/\/unitedwaysem.org\/es\/wp-json\/wp\/v2\/pages\/776","targetHints":{"allow":["GET"]}}],"collection":[{"href":"https:\/\/unitedwaysem.org\/es\/wp-json\/wp\/v2\/pages"}],"about":[{"href":"https:\/\/unitedwaysem.org\/es\/wp-json\/wp\/v2\/types\/page"}],"author":[{"embeddable":true,"href":"https:\/\/unitedwaysem.org\/es\/wp-json\/wp\/v2\/users\/11"}],"replies":[{"embeddable":true,"href":"https:\/\/unitedwaysem.org\/es\/wp-json\/wp\/v2\/comments?post=776"}],"version-history":[{"count":0,"href":"https:\/\/unitedwaysem.org\/es\/wp-json\/wp\/v2\/pages\/776\/revisions"}],"up":[{"embeddable":true,"href":"https:\/\/unitedwaysem.org\/es\/wp-json\/wp\/v2\/pages\/683"}],"wp:attachment":[{"href":"https:\/\/unitedwaysem.org\/es\/wp-json\/wp\/v2\/media?parent=776"}],"curies":[{"name":"wp","href":"https:\/\/api.w.org\/{rel}","templated":true}]}}