{"id":7383,"date":"2026-03-04T11:21:44","date_gmt":"2026-03-04T16:21:44","guid":{"rendered":"https:\/\/unitedwaysem.org\/?page_id=7383"},"modified":"2026-03-04T11:21:44","modified_gmt":"2026-03-04T16:21:44","slug":"2026-power-of-the-purse-interest-form","status":"publish","type":"page","link":"https:\/\/unitedwaysem.org\/es\/get-involved\/give\/affinity-groups\/women-united\/power-of-the-purse\/2026-power-of-the-purse-interest-form\/","title":{"rendered":"Formulario de inter\u00e9s en el poder de la cartera 2026"},"content":{"rendered":"","protected":false},"excerpt":{"rendered":"","protected":false},"author":11,"featured_media":0,"parent":1808,"menu_order":0,"comment_status":"closed","ping_status":"closed","template":"","meta":{"_acf_changed":false,"_relevanssi_hide_post":"","_relevanssi_hide_content":"","_relevanssi_pin_for_all":"","_relevanssi_pin_keywords":"","_relevanssi_unpin_keywords":"","_relevanssi_related_keywords":"","_relevanssi_related_include_ids":"","_relevanssi_related_exclude_ids":"","_relevanssi_related_no_append":"","_relevanssi_related_not_related":"","_relevanssi_related_posts":"","_relevanssi_noindex_reason":""},"class_list":["post-7383","page","type-page","status-publish","hentry"],"acf":{"page_layout":[{"acf_fc_layout":"layout_usm_action_form","_acfe_flexible_toggle":null,"component_usm_action_form":{"":null,"heading":"2026 Power of the Purse interest form","description":"Por favor, ingrese su informaci\u00f3n para suscribirse a las actualizaciones sobre el evento Power of the Purse de este a\u00f1o, que se llevar\u00e1 a cabo el 4 de noviembre en el Morris Lawrence Building del Washtenaw Community College en Ann Arbor.","image":7385,"form_html":"<iframe src=\"https:\/\/analytics.clickdimensions.com\/liveunitedsemorg-asyem\/pages\/\/xhpqrfjefgrwgad2lcc6q.html?PageId=a969e8c7e317f111915a001dd8b71ce9\" allowtransparency=\"true\" width=\"100%\" height=\"900px\" type=\"text\/html\" frameborder=\"0\" scrolling=\"no\"> style=\"border:0\"><\/iframe>"}}]},"yoast_head":"<!-- This site is optimized with the Yoast SEO plugin v26.8 - https:\/\/yoast.com\/product\/yoast-seo-wordpress\/ -->\n<title>2026 Power of the Purse interest form - United Way for Southeastern Michigan<\/title>\n<meta name=\"description\" content=\"Please enter your information to sign up for updates about this year&#039;s Power of the Purse, set for Nov. 4 in Ann Arbor.\" \/>\n<meta name=\"robots\" content=\"index, follow, max-snippet:-1, max-image-preview:large, max-video-preview:-1\" \/>\n<link rel=\"canonical\" href=\"https:\/\/unitedwaysem.org\/es\/get-involved\/give\/affinity-groups\/women-united\/power-of-the-purse\/2026-power-of-the-purse-interest-form\/\" \/>\n<meta property=\"og:locale\" content=\"es_MX\" \/>\n<meta property=\"og:type\" content=\"article\" \/>\n<meta property=\"og:title\" content=\"2026 Power of the Purse interest form - United Way for Southeastern Michigan\" \/>\n<meta property=\"og:description\" content=\"Please enter your information to sign up for updates about this year&#039;s Power of the Purse, set for Nov. 4 in Ann Arbor.\" \/>\n<meta property=\"og:url\" content=\"https:\/\/unitedwaysem.org\/es\/get-involved\/give\/affinity-groups\/women-united\/power-of-the-purse\/2026-power-of-the-purse-interest-form\/\" \/>\n<meta property=\"og:site_name\" content=\"United Way for Southeastern Michigan\" \/>\n<meta property=\"og:image\" content=\"https:\/\/unitedwaysem.org\/wp-content\/uploads\/2025\/01\/uwsem-share-image-v2.jpg\" \/>\n\t<meta property=\"og:image:width\" content=\"1200\" \/>\n\t<meta property=\"og:image:height\" content=\"630\" \/>\n\t<meta property=\"og:image:type\" content=\"image\/jpeg\" \/>\n<meta name=\"twitter:card\" content=\"summary_large_image\" \/>\n<meta name=\"twitter:label1\" content=\"Tiempo de lectura\" \/>\n\t<meta name=\"twitter:data1\" content=\"1 minuto\" \/>\n<script type=\"application\/ld+json\" class=\"yoast-schema-graph\">{\"@context\":\"https:\/\/schema.org\",\"@graph\":[{\"@type\":\"WebPage\",\"@id\":\"https:\/\/unitedwaysem.org\/get-involved\/give\/affinity-groups\/women-united\/power-of-the-purse\/2026-power-of-the-purse-interest-form\/\",\"url\":\"https:\/\/unitedwaysem.org\/get-involved\/give\/affinity-groups\/women-united\/power-of-the-purse\/2026-power-of-the-purse-interest-form\/\",\"name\":\"2026 Power of the Purse interest form - United Way for Southeastern Michigan\",\"isPartOf\":{\"@id\":\"https:\/\/unitedwaysem.org\/#website\"},\"datePublished\":\"2026-03-04T16:21:44+00:00\",\"description\":\"Please enter your information to sign up for updates about this year's Power of the Purse, set for Nov. 4 in Ann Arbor.\",\"breadcrumb\":{\"@id\":\"https:\/\/unitedwaysem.org\/get-involved\/give\/affinity-groups\/women-united\/power-of-the-purse\/2026-power-of-the-purse-interest-form\/#breadcrumb\"},\"inLanguage\":\"es\",\"potentialAction\":[{\"@type\":\"ReadAction\",\"target\":[\"https:\/\/unitedwaysem.org\/get-involved\/give\/affinity-groups\/women-united\/power-of-the-purse\/2026-power-of-the-purse-interest-form\/\"]}]},{\"@type\":\"BreadcrumbList\",\"@id\":\"https:\/\/unitedwaysem.org\/get-involved\/give\/affinity-groups\/women-united\/power-of-the-purse\/2026-power-of-the-purse-interest-form\/#breadcrumb\",\"itemListElement\":[{\"@type\":\"ListItem\",\"position\":1,\"name\":\"Home\",\"item\":\"https:\/\/unitedwaysem.org\/\"},{\"@type\":\"ListItem\",\"position\":2,\"name\":\"Get Involved\",\"item\":\"https:\/\/unitedwaysem.org\/get-involved\/\"},{\"@type\":\"ListItem\",\"position\":3,\"name\":\"Give\",\"item\":\"https:\/\/unitedwaysem.org\/get-involved\/give\/\"},{\"@type\":\"ListItem\",\"position\":4,\"name\":\"Affinity Groups\",\"item\":\"https:\/\/unitedwaysem.org\/get-involved\/give\/affinity-groups\/\"},{\"@type\":\"ListItem\",\"position\":5,\"name\":\"Women United\",\"item\":\"https:\/\/unitedwaysem.org\/get-involved\/give\/affinity-groups\/women-united\/\"},{\"@type\":\"ListItem\",\"position\":6,\"name\":\"Power of the Purse\",\"item\":\"https:\/\/unitedwaysem.org\/get-involved\/give\/affinity-groups\/women-united\/power-of-the-purse\/\"},{\"@type\":\"ListItem\",\"position\":7,\"name\":\"2026 Power of the Purse interest form\"}]},{\"@type\":\"WebSite\",\"@id\":\"https:\/\/unitedwaysem.org\/#website\",\"url\":\"https:\/\/unitedwaysem.org\/\",\"name\":\"United Way for Southeastern Michigan\",\"description\":\"\",\"publisher\":{\"@id\":\"https:\/\/unitedwaysem.org\/#organization\"},\"potentialAction\":[{\"@type\":\"SearchAction\",\"target\":{\"@type\":\"EntryPoint\",\"urlTemplate\":\"https:\/\/unitedwaysem.org\/?s={search_term_string}\"},\"query-input\":{\"@type\":\"PropertyValueSpecification\",\"valueRequired\":true,\"valueName\":\"search_term_string\"}}],\"inLanguage\":\"es\"},{\"@type\":\"Organization\",\"@id\":\"https:\/\/unitedwaysem.org\/#organization\",\"name\":\"United Way for Southeastern Michigan\",\"url\":\"https:\/\/unitedwaysem.org\/\",\"logo\":{\"@type\":\"ImageObject\",\"inLanguage\":\"es\",\"@id\":\"https:\/\/unitedwaysem.org\/#\/schema\/logo\/image\/\",\"url\":\"https:\/\/unitedwaysem.org\/wp-content\/uploads\/2024\/12\/uwsem-logo.png\",\"contentUrl\":\"https:\/\/unitedwaysem.org\/wp-content\/uploads\/2024\/12\/uwsem-logo.png\",\"width\":768,\"height\":768,\"caption\":\"United Way for Southeastern Michigan\"},\"image\":{\"@id\":\"https:\/\/unitedwaysem.org\/#\/schema\/logo\/image\/\"}}]}<\/script>\n<!-- \/ Yoast SEO plugin. -->","yoast_head_json":{"title":"Formulario de inter\u00e9s en Power of the Purse 2026 - United Way para el sureste de Michigan","description":"Ingrese su informaci\u00f3n para suscribirse y recibir actualizaciones sobre el evento Power of the Purse de este a\u00f1o, que se celebrar\u00e1 el 4 de noviembre en Ann Arbor.","robots":{"index":"index","follow":"follow","max-snippet":"max-snippet:-1","max-image-preview":"max-image-preview:large","max-video-preview":"max-video-preview:-1"},"canonical":"https:\/\/unitedwaysem.org\/es\/get-involved\/give\/affinity-groups\/women-united\/power-of-the-purse\/2026-power-of-the-purse-interest-form\/","og_locale":"es_MX","og_type":"article","og_title":"2026 Power of the Purse interest form - United Way for Southeastern Michigan","og_description":"Please enter your information to sign up for updates about this year's Power of the Purse, set for Nov. 4 in Ann Arbor.","og_url":"https:\/\/unitedwaysem.org\/es\/get-involved\/give\/affinity-groups\/women-united\/power-of-the-purse\/2026-power-of-the-purse-interest-form\/","og_site_name":"United Way for Southeastern Michigan","og_image":[{"width":1200,"height":630,"url":"https:\/\/unitedwaysem.org\/wp-content\/uploads\/2025\/01\/uwsem-share-image-v2.jpg","type":"image\/jpeg"}],"twitter_card":"summary_large_image","twitter_misc":{"Tiempo de lectura":"1 minuto"},"schema":{"@context":"https:\/\/schema.org","@graph":[{"@type":"WebPage","@id":"https:\/\/unitedwaysem.org\/get-involved\/give\/affinity-groups\/women-united\/power-of-the-purse\/2026-power-of-the-purse-interest-form\/","url":"https:\/\/unitedwaysem.org\/get-involved\/give\/affinity-groups\/women-united\/power-of-the-purse\/2026-power-of-the-purse-interest-form\/","name":"Formulario de inter\u00e9s en Power of the Purse 2026 - United Way para el sureste de Michigan","isPartOf":{"@id":"https:\/\/unitedwaysem.org\/#website"},"datePublished":"2026-03-04T16:21:44+00:00","description":"Ingrese su informaci\u00f3n para suscribirse y recibir actualizaciones sobre el evento Power of the Purse de este a\u00f1o, que se celebrar\u00e1 el 4 de noviembre en Ann Arbor.","breadcrumb":{"@id":"https:\/\/unitedwaysem.org\/get-involved\/give\/affinity-groups\/women-united\/power-of-the-purse\/2026-power-of-the-purse-interest-form\/#breadcrumb"},"inLanguage":"es","potentialAction":[{"@type":"ReadAction","target":["https:\/\/unitedwaysem.org\/get-involved\/give\/affinity-groups\/women-united\/power-of-the-purse\/2026-power-of-the-purse-interest-form\/"]}]},{"@type":"BreadcrumbList","@id":"https:\/\/unitedwaysem.org\/get-involved\/give\/affinity-groups\/women-united\/power-of-the-purse\/2026-power-of-the-purse-interest-form\/#breadcrumb","itemListElement":[{"@type":"ListItem","position":1,"name":"Home","item":"https:\/\/unitedwaysem.org\/"},{"@type":"ListItem","position":2,"name":"Get Involved","item":"https:\/\/unitedwaysem.org\/get-involved\/"},{"@type":"ListItem","position":3,"name":"Give","item":"https:\/\/unitedwaysem.org\/get-involved\/give\/"},{"@type":"ListItem","position":4,"name":"Affinity Groups","item":"https:\/\/unitedwaysem.org\/get-involved\/give\/affinity-groups\/"},{"@type":"ListItem","position":5,"name":"Women United","item":"https:\/\/unitedwaysem.org\/get-involved\/give\/affinity-groups\/women-united\/"},{"@type":"ListItem","position":6,"name":"Power of the Purse","item":"https:\/\/unitedwaysem.org\/get-involved\/give\/affinity-groups\/women-united\/power-of-the-purse\/"},{"@type":"ListItem","position":7,"name":"2026 Power of the Purse interest form"}]},{"@type":"WebSite","@id":"https:\/\/unitedwaysem.org\/#website","url":"https:\/\/unitedwaysem.org\/","name":"United Way para el sureste de Michigan","description":"","publisher":{"@id":"https:\/\/unitedwaysem.org\/#organization"},"potentialAction":[{"@type":"SearchAction","target":{"@type":"EntryPoint","urlTemplate":"https:\/\/unitedwaysem.org\/?s={search_term_string}"},"query-input":{"@type":"PropertyValueSpecification","valueRequired":true,"valueName":"search_term_string"}}],"inLanguage":"es"},{"@type":"Organization","@id":"https:\/\/unitedwaysem.org\/#organization","name":"United Way para el sureste de Michigan","url":"https:\/\/unitedwaysem.org\/","logo":{"@type":"ImageObject","inLanguage":"es","@id":"https:\/\/unitedwaysem.org\/#\/schema\/logo\/image\/","url":"https:\/\/unitedwaysem.org\/wp-content\/uploads\/2024\/12\/uwsem-logo.png","contentUrl":"https:\/\/unitedwaysem.org\/wp-content\/uploads\/2024\/12\/uwsem-logo.png","width":768,"height":768,"caption":"United Way for Southeastern Michigan"},"image":{"@id":"https:\/\/unitedwaysem.org\/#\/schema\/logo\/image\/"}}]}},"_links":{"self":[{"href":"https:\/\/unitedwaysem.org\/es\/wp-json\/wp\/v2\/pages\/7383","targetHints":{"allow":["GET"]}}],"collection":[{"href":"https:\/\/unitedwaysem.org\/es\/wp-json\/wp\/v2\/pages"}],"about":[{"href":"https:\/\/unitedwaysem.org\/es\/wp-json\/wp\/v2\/types\/page"}],"author":[{"embeddable":true,"href":"https:\/\/unitedwaysem.org\/es\/wp-json\/wp\/v2\/users\/11"}],"replies":[{"embeddable":true,"href":"https:\/\/unitedwaysem.org\/es\/wp-json\/wp\/v2\/comments?post=7383"}],"version-history":[{"count":5,"href":"https:\/\/unitedwaysem.org\/es\/wp-json\/wp\/v2\/pages\/7383\/revisions"}],"predecessor-version":[{"id":8155,"href":"https:\/\/unitedwaysem.org\/es\/wp-json\/wp\/v2\/pages\/7383\/revisions\/8155"}],"up":[{"embeddable":true,"href":"https:\/\/unitedwaysem.org\/es\/wp-json\/wp\/v2\/pages\/1808"}],"wp:attachment":[{"href":"https:\/\/unitedwaysem.org\/es\/wp-json\/wp\/v2\/media?parent=7383"}],"curies":[{"name":"wp","href":"https:\/\/api.w.org\/{rel}","templated":true}]}}