{"id":729,"date":"2019-03-14T12:59:56","date_gmt":"2019-03-14T16:59:56","guid":{"rendered":"https:\/\/unitedwaysem.org\/our-history\/"},"modified":"2025-05-20T15:49:19","modified_gmt":"2025-05-20T19:49:19","slug":"our-history","status":"publish","type":"page","link":"https:\/\/unitedwaysem.org\/es\/about-us\/our-history\/","title":{"rendered":"Nuestra historia"},"content":{"rendered":"","protected":false},"excerpt":{"rendered":"","protected":false},"author":11,"featured_media":0,"parent":683,"menu_order":0,"comment_status":"closed","ping_status":"closed","template":"","meta":{"_acf_changed":false,"_relevanssi_hide_post":"","_relevanssi_hide_content":"","_relevanssi_pin_for_all":"","_relevanssi_pin_keywords":"","_relevanssi_unpin_keywords":"","_relevanssi_related_keywords":"","_relevanssi_related_include_ids":"","_relevanssi_related_exclude_ids":"","_relevanssi_related_no_append":"","_relevanssi_related_not_related":"","_relevanssi_related_posts":"","_relevanssi_noindex_reason":""},"class_list":["post-729","page","type-page","status-publish","hentry","news_type-update"],"acf":{"page_layout":[{"acf_fc_layout":"layout_hero","_acfe_flexible_toggle":"","component_hero":{"kicker_text":"","heading":"Our History","summary":"We have a long history of building relationships to improve lives and communities. Take a look back and see where we\u2019ve come from.","image":733,"cta":"","bubble":""}},{"acf_fc_layout":"layout_wysiwyg","_acfe_flexible_toggle":"","component_wysiwyg":{"content":"<h3 id=\"three-image-header\">1887<\/h3>\r\n<section>En Denver, los l\u00edderes religiosos crean la Sociedad de Organizaciones Ben\u00e9ficas, que se convertir\u00eda en la primera delegaci\u00f3n de United Way del pa\u00eds. La organizaci\u00f3n planificaba y coordinaba los servicios locales y llevaba a cabo una \u00fanica campa\u00f1a de recaudaci\u00f3n de fondos para 22 agencias.\r\n<h3>1912<\/h3>\r\nLa Sociedad de Organizaciones Ben\u00e9ficas comienza en el condado de Oakland.\r\n<h3>1917<\/h3>\r\n<img class=\"attachment-medium size-medium aligncenter\" src=\"https:\/\/unitedwaysem.org\/wp-content\/uploads\/2025\/05\/Detroit-1917-768x595-300x232-1.jpg\" alt=\"\" width=\"300\" height=\"232\" \/>\r\nLa Sociedad de Organizaciones Ben\u00e9ficas se convierte en la Uni\u00f3n Comunitaria de Detroit, predecesora de United Way para el sureste de Michigan. La organizaci\u00f3n se form\u00f3 con el fin de promover servicios sociales, tales como cuidado infantil, familia, salud, recreaci\u00f3n y planificaci\u00f3n comunitaria.\r\n<h3>1935<\/h3>\r\n<img class=\"size-full wp-image-3745 aligncenter\" src=\"https:\/\/unitedwaysem.org\/wp-content\/uploads\/2025\/05\/the-american-federation-of-labor-768x712-300x278-1.jpg\" alt=\"\" width=\"300\" height=\"278\" \/>\r\nLa Federaci\u00f3n Estadounidense del Trabajo funda oficialmente el Sindicato de Trabajadores del Autom\u00f3vil, que contribuye a establecer pr\u00e1cticas laborales justas, mejores salarios y una clase media en ascenso.\r\n<h3>1942<\/h3>\r\n<img class=\"size-full wp-image-3744 aligncenter\" src=\"https:\/\/unitedwaysem.org\/wp-content\/uploads\/2025\/05\/1942-768x568-300x222-1.jpg\" alt=\"\" width=\"300\" height=\"222\" \/>\r\nLa rama de recaudaci\u00f3n de fondos de la Uni\u00f3n Comunitaria de Detroit, el Fondo Comunitario de Detroit, se convierte en el Fondo de Guerra. La organizaci\u00f3n ayud\u00f3 a las familias afectadas por la Segunda Guerra Mundial.\r\n<h3>1945<\/h3>\r\n<img class=\"size-full wp-image-3743 aligncenter\" src=\"https:\/\/unitedwaysem.org\/wp-content\/uploads\/2025\/05\/DSC_0067-701x1024-205x300-1.jpg\" alt=\"\" width=\"205\" height=\"300\" \/>\r\nLa Segunda Guerra Mundial termina y el Fondo de Guerra se convierte en el Fondo Comunitario del \u00c1rea Metropolitana de Detroit.\r\n<h3>1949<\/h3>\r\n<img class=\"size-full wp-image-3742 aligncenter\" src=\"https:\/\/unitedwaysem.org\/wp-content\/uploads\/2025\/05\/35906-768x955-241x300-1.jpg\" alt=\"\" width=\"241\" height=\"300\" \/>\r\nUnited Foundation se establece como una organizaci\u00f3n independiente para recaudar fondos para organizaciones de servicios humanos a trav\u00e9s de la campa\u00f1a Torch Drive. Detroit se convierte en la primera gran ciudad en organizar una campa\u00f1a de recaudaci\u00f3n de fondos de United Way dentro de las empresas. Para llamar la atenci\u00f3n sobre esta nueva iniciativa de campa\u00f1a en el lugar de trabajo, los organizadores construyen una estructura de madera en la mediana de Woodward, cerca de Jefferson, con una antorcha en la parte superior.\r\n<h3>1949<\/h3>\r\nSe constituye Pontiac United Fund.\r\n<h3>1951<\/h3>\r\n<img class=\"size-full wp-image-3741 aligncenter\" src=\"https:\/\/unitedwaysem.org\/wp-content\/uploads\/2025\/05\/1951-768x970-238x300-1.jpg\" alt=\"\" width=\"238\" height=\"300\" \/>\r\nEl Consejo de Agencias Sociales del \u00c1rea Metropolitana de Detroit y la Community Chest se fusionan para formar United Community Services of Metropolitan Detroit, que ofrece servicios de planificaci\u00f3n, distribuci\u00f3n de fondos, informaci\u00f3n y derivaci\u00f3n.\r\n<h3>1969<\/h3>\r\n<img class=\"size-full wp-image-3740 aligncenter\" src=\"https:\/\/unitedwaysem.org\/wp-content\/uploads\/2025\/05\/35910-768x961-240x300-1.jpg\" alt=\"\" width=\"240\" height=\"300\" \/>\r\nSe construye una antorcha met\u00e1lica de 18 metros y se coloca en el n\u00famero 1 de Woodward como s\u00edmbolo permanente de la campa\u00f1a Greater Detroit, en sustituci\u00f3n de la estructura de madera que hab\u00eda que construir y desmontar cada a\u00f1o. La antorcha fue esculpida por Dario Bonucci y sirve como s\u00edmbolo de la preocupaci\u00f3n y generosidad de la comunidad. Supuso un rayo de esperanza en una \u00e9poca de disturbios civiles.\r\n<h3>1973<\/h3>\r\n<img class=\"size-full wp-image-3739 aligncenter\" src=\"https:\/\/unitedwaysem.org\/wp-content\/uploads\/2025\/05\/1973-768x516-300x202-1.jpg\" alt=\"\" width=\"300\" height=\"202\" \/>\r\nPontiac United Fund pasa a llamarse United Way of Pontiac-North Oakland y adopta el logotipo nacional de United Way.\r\n<h3>1974<\/h3>\r\n<img class=\"size-full wp-image-3738 aligncenter\" src=\"https:\/\/unitedwaysem.org\/wp-content\/uploads\/2025\/05\/1974-768x551-300x215-1.jpg\" alt=\"\" width=\"300\" height=\"215\" \/>\r\nLas organizaciones United Way ubicadas en Estados Unidos y Canad\u00e1 recaudan $1,038,995,000, la primera vez en la historia que una campa\u00f1a anual de una sola organizaci\u00f3n recauda m\u00e1s de $1 mil millones.\r\n<h3>1987<\/h3>\r\n<img class=\"size-full wp-image-3737 aligncenter\" src=\"https:\/\/unitedwaysem.org\/wp-content\/uploads\/2025\/05\/35914-768x948-243x300-1.jpg\" alt=\"\" width=\"243\" height=\"300\" \/>\r\nUnited Community Services of Metropolitan Detroit y United Foundation, la organizaci\u00f3n independiente creada para recaudar fondos a trav\u00e9s de la campa\u00f1a Torch Drive, se trasladan a una sede conjunta en Detroit.\r\n<h3>1989<\/h3>\r\nUnited Way de Pontiac-North Oakland pasa a llamarse United Way del condado de Oakland.\r\n<h3>1995<\/h3>\r\nUnited Foundation y United Community Services de Metropolitan Detroit se fusionan para formar United Way Community Services.\n\nEl Comit\u00e9 de Atlanta elige a United Way of America, junto con sus filiales locales, para que act\u00fae como proveedor principal de apoyo comunitario y servicios de voluntariado para el relevo de la antorcha ol\u00edmpica de 1996.\r\n<h3>1996<\/h3>\r\nUnited Way of America identifica un plan estrat\u00e9gico para centrarse en ni\u00f1os sanos, familias sanas y comunidades sanas.\r\n<h3>2005<\/h3>\r\n<img class=\"attachment-medium size-medium aligncenter\" src=\"https:\/\/unitedwaysem.org\/wp-content\/uploads\/2019\/03\/UWSEM_2017_Logo_R_Vertical-Color-300x197.png\" alt=\"\" width=\"300\" height=\"197\" \/>\r\nLas juntas directivas de United Way Community Services y United Way of Oakland County votan a favor de crear una nueva organizaci\u00f3n: United Way for Southeastern Michigan.\r\n<h3>2007<\/h3>\r\nSe presenta la United Way Financial Stability Partnership\u2122. Esta iniciativa nacional ayuda a las personas con ingresos bajos o moderados a alcanzar la estabilidad financiera a largo plazo. Los ingresos anuales de United Way superan los $4 mil millones por primera vez, lo que le permite mantener su posici\u00f3n como la organizaci\u00f3n ben\u00e9fica m\u00e1s grande del pa\u00eds.\r\n<h3>2008<\/h3>\r\nUnited Way Worldwide adopta su eslogan Live United, mientras que United Way for Southeastern Michigan adopta la Agenda para el Cambio, un plan de diez a\u00f1os para lograr un impacto medible en la regi\u00f3n metropolitana de Detroit, garantizando que todos tengan un mayor acceso a la educaci\u00f3n, los ingresos y los recursos b\u00e1sicos.\r\n<h3>2011<\/h3>\r\n<img class=\"attachment-medium size-medium aligncenter\" src=\"https:\/\/unitedwaysem.org\/wp-content\/uploads\/2019\/03\/2011-768x576-1-300x225.jpg\" alt=\"\" width=\"300\" height=\"225\" \/>\r\nEn el sureste de Michigan, m\u00e1s de 300,000 ni\u00f1os dependen de comidas escolares gratuitas o a precio reducido. En respuesta a ello, United Way for Southeastern Michigan pone en marcha su programa de comidas de verano. En su primer a\u00f1o, los centros sirvieron 724,912 comidas a los ni\u00f1os de la regi\u00f3n. Esa cifra aumentar\u00eda hasta m\u00e1s de 1.2 millones.\r\n<h3>2012<\/h3>\r\n<img class=\"attachment-medium size-medium aligncenter\" src=\"https:\/\/unitedwaysem.org\/wp-content\/uploads\/2019\/03\/2012-768x294-1-300x115.jpg\" alt=\"\" width=\"300\" height=\"115\" \/>\r\nLa marca United Way celebra su 125 aniversario.\r\n<h3>2013<\/h3>\r\n<img class=\"attachment-medium size-medium aligncenter\" src=\"https:\/\/unitedwaysem.org\/wp-content\/uploads\/2019\/03\/2013-768x512-1-300x200.jpg\" alt=\"\" width=\"300\" height=\"200\" \/>\r\nQuinientos estudiantes que, hist\u00f3ricamente, habr\u00edan abandonado la escuela secundaria en las circunstancias actuales, se grad\u00faan en nuestras escuelas secundarias Turnaround.\r\n<h3>2017<\/h3>\r\n<img class=\"attachment-medium size-medium aligncenter\" src=\"https:\/\/unitedwaysem.org\/wp-content\/uploads\/2019\/03\/2017-480x440-1-300x275.jpg\" alt=\"\" width=\"300\" height=\"275\" \/>\r\nUnited Way for Southeastern Michigan celebra los 100 a\u00f1os de presencia de la organizaci\u00f3n sin fines de lucro en el sureste de Michigan.\r\n<h3>2019<\/h3>\r\n<img class=\"size-full wp-image-3735 aligncenter\" src=\"https:\/\/unitedwaysem.org\/wp-content\/uploads\/2025\/05\/Fisher_Building_Detroit_crop-246x300-1.jpg\" alt=\"\" width=\"246\" height=\"300\" \/>\r\nUnited Way for Southeastern Michigan se traslada a una nueva sede. Nuestras oficinas se encuentran ahora en el hist\u00f3rico edificio Fisher, en el barrio New Center de Detroit. Seguimos comprometidos con mantener nuestra presencia en el coraz\u00f3n de la comunidad a la que servimos.\r\n<h3>2020<\/h3>\r\n<img class=\"size-full wp-image-3734 aligncenter\" src=\"https:\/\/unitedwaysem.org\/wp-content\/uploads\/2025\/05\/2020-COVID-19-Fund-Header-3-1024x307-1-300x90-1.jpg\" alt=\"\" width=\"300\" height=\"90\" \/>\r\nCuando la pandemia de COVID-19 azot\u00f3 los Estados Unidos, las delegaciones de United Way de todo el pa\u00eds lideraron los esfuerzos para ayudar a sus comunidades a responder y recuperarse. Aqu\u00ed, en el \u00e1rea metropolitana de Detroit, United Way for Southeastern Michigan puso en marcha el Fondo de Respuesta Comunitaria COVID-19, que recaud\u00f3 m\u00e1s de $15 millones para apoyar a cientos de organizaciones sin fines de lucro, guarder\u00edas, distritos escolares y grupos de base que prestan servicios a cientos de miles de familias de toda la regi\u00f3n.\r\n<h3>2023<\/h3>\r\nEn una votaci\u00f3n un\u00e1nime, la Junta Directiva de United Way for Southeastern Michigan aprueba una fusi\u00f3n con United Way of Washtenaw County. A partir del 1 de octubre de 2023, la fusi\u00f3n ampl\u00eda el \u00e1rea de cobertura de United Way for Southeastern Michigan para incluir los condados de Macomb, Oakland, Washtenaw y Wayne.\r\n<h3 style=\"text-align: left;\">2025<\/h3>\r\n<img class=\"attachment-medium size-medium aligncenter\" src=\"https:\/\/unitedwaysem.org\/wp-content\/uploads\/2025\/01\/United-Way-Logo-transparent-background-300x109.png\" alt=\"\" width=\"300\" height=\"150\" \/>\r\nUnited Way para el sureste de Michigan renueva su logotipo, presenta el nuevo eslogan \"United is the Way\" y lanza un sitio web redise\u00f1ado.\r\n\r\n<\/section>","":null,"settings":""}}]},"yoast_head":"<!-- This site is optimized with the Yoast SEO plugin v26.8 - https:\/\/yoast.com\/product\/yoast-seo-wordpress\/ -->\n<title>Our History - United Way for Southeastern Michigan<\/title>\n<meta name=\"description\" content=\"We have a long history of building relationships to improve lives and communities. Take a look back and see where we\u2019ve come from.\" \/>\n<meta name=\"robots\" content=\"index, follow, max-snippet:-1, max-image-preview:large, max-video-preview:-1\" \/>\n<link rel=\"canonical\" href=\"https:\/\/unitedwaysem.org\/es\/about-us\/our-history\/\" \/>\n<meta property=\"og:locale\" content=\"es_MX\" \/>\n<meta property=\"og:type\" content=\"article\" \/>\n<meta property=\"og:title\" content=\"Our History - United Way for Southeastern Michigan\" \/>\n<meta property=\"og:description\" content=\"We have a long history of building relationships to improve lives and communities. Take a look back and see where we\u2019ve come from.\" \/>\n<meta property=\"og:url\" content=\"https:\/\/unitedwaysem.org\/es\/about-us\/our-history\/\" \/>\n<meta property=\"og:site_name\" content=\"United Way for Southeastern Michigan\" \/>\n<meta property=\"article:modified_time\" content=\"2025-05-20T19:49:19+00:00\" \/>\n<meta property=\"og:image\" content=\"https:\/\/unitedwaysem.org\/wp-content\/uploads\/2025\/01\/uwsem-share-image-v2.jpg\" \/>\n\t<meta property=\"og:image:width\" content=\"1200\" \/>\n\t<meta property=\"og:image:height\" content=\"630\" \/>\n\t<meta property=\"og:image:type\" content=\"image\/jpeg\" \/>\n<meta name=\"twitter:card\" content=\"summary_large_image\" \/>\n<script type=\"application\/ld+json\" class=\"yoast-schema-graph\">{\"@context\":\"https:\/\/schema.org\",\"@graph\":[{\"@type\":\"WebPage\",\"@id\":\"https:\/\/unitedwaysem.org\/about-us\/our-history\/\",\"url\":\"https:\/\/unitedwaysem.org\/about-us\/our-history\/\",\"name\":\"Our History - United Way for Southeastern Michigan\",\"isPartOf\":{\"@id\":\"https:\/\/unitedwaysem.org\/#website\"},\"datePublished\":\"2019-03-14T16:59:56+00:00\",\"dateModified\":\"2025-05-20T19:49:19+00:00\",\"description\":\"We have a long history of building relationships to improve lives and communities. Take a look back and see where we\u2019ve come from.\",\"breadcrumb\":{\"@id\":\"https:\/\/unitedwaysem.org\/about-us\/our-history\/#breadcrumb\"},\"inLanguage\":\"es\",\"potentialAction\":[{\"@type\":\"ReadAction\",\"target\":[\"https:\/\/unitedwaysem.org\/about-us\/our-history\/\"]}]},{\"@type\":\"BreadcrumbList\",\"@id\":\"https:\/\/unitedwaysem.org\/about-us\/our-history\/#breadcrumb\",\"itemListElement\":[{\"@type\":\"ListItem\",\"position\":1,\"name\":\"Home\",\"item\":\"https:\/\/unitedwaysem.org\/\"},{\"@type\":\"ListItem\",\"position\":2,\"name\":\"About Us\",\"item\":\"https:\/\/unitedwaysem.org\/about-us\/\"},{\"@type\":\"ListItem\",\"position\":3,\"name\":\"Our History\"}]},{\"@type\":\"WebSite\",\"@id\":\"https:\/\/unitedwaysem.org\/#website\",\"url\":\"https:\/\/unitedwaysem.org\/\",\"name\":\"United Way for Southeastern Michigan\",\"description\":\"\",\"publisher\":{\"@id\":\"https:\/\/unitedwaysem.org\/#organization\"},\"potentialAction\":[{\"@type\":\"SearchAction\",\"target\":{\"@type\":\"EntryPoint\",\"urlTemplate\":\"https:\/\/unitedwaysem.org\/?s={search_term_string}\"},\"query-input\":{\"@type\":\"PropertyValueSpecification\",\"valueRequired\":true,\"valueName\":\"search_term_string\"}}],\"inLanguage\":\"es\"},{\"@type\":\"Organization\",\"@id\":\"https:\/\/unitedwaysem.org\/#organization\",\"name\":\"United Way for Southeastern Michigan\",\"url\":\"https:\/\/unitedwaysem.org\/\",\"logo\":{\"@type\":\"ImageObject\",\"inLanguage\":\"es\",\"@id\":\"https:\/\/unitedwaysem.org\/#\/schema\/logo\/image\/\",\"url\":\"https:\/\/unitedwaysem.org\/wp-content\/uploads\/2024\/12\/uwsem-logo.png\",\"contentUrl\":\"https:\/\/unitedwaysem.org\/wp-content\/uploads\/2024\/12\/uwsem-logo.png\",\"width\":768,\"height\":768,\"caption\":\"United Way for Southeastern Michigan\"},\"image\":{\"@id\":\"https:\/\/unitedwaysem.org\/#\/schema\/logo\/image\/\"}}]}<\/script>\n<!-- \/ Yoast SEO plugin. -->","yoast_head_json":{"title":"Nuestra Historia - United Way para el sureste de Michigan","description":"Contamos con una larga trayectoria en el establecimiento de relaciones para mejorar vidas y comunidades. Eche un vistazo atr\u00e1s y vea de d\u00f3nde venimos.","robots":{"index":"index","follow":"follow","max-snippet":"max-snippet:-1","max-image-preview":"max-image-preview:large","max-video-preview":"max-video-preview:-1"},"canonical":"https:\/\/unitedwaysem.org\/es\/about-us\/our-history\/","og_locale":"es_MX","og_type":"article","og_title":"Our History - United Way for Southeastern Michigan","og_description":"We have a long history of building relationships to improve lives and communities. Take a look back and see where we\u2019ve come from.","og_url":"https:\/\/unitedwaysem.org\/es\/about-us\/our-history\/","og_site_name":"United Way for Southeastern Michigan","article_modified_time":"2025-05-20T19:49:19+00:00","og_image":[{"width":1200,"height":630,"url":"https:\/\/unitedwaysem.org\/wp-content\/uploads\/2025\/01\/uwsem-share-image-v2.jpg","type":"image\/jpeg"}],"twitter_card":"summary_large_image","schema":{"@context":"https:\/\/schema.org","@graph":[{"@type":"WebPage","@id":"https:\/\/unitedwaysem.org\/about-us\/our-history\/","url":"https:\/\/unitedwaysem.org\/about-us\/our-history\/","name":"Nuestra Historia - United Way para el sureste de Michigan","isPartOf":{"@id":"https:\/\/unitedwaysem.org\/#website"},"datePublished":"2019-03-14T16:59:56+00:00","dateModified":"2025-05-20T19:49:19+00:00","description":"Contamos con una larga trayectoria en el establecimiento de relaciones para mejorar vidas y comunidades. Eche un vistazo atr\u00e1s y vea de d\u00f3nde venimos.","breadcrumb":{"@id":"https:\/\/unitedwaysem.org\/about-us\/our-history\/#breadcrumb"},"inLanguage":"es","potentialAction":[{"@type":"ReadAction","target":["https:\/\/unitedwaysem.org\/about-us\/our-history\/"]}]},{"@type":"BreadcrumbList","@id":"https:\/\/unitedwaysem.org\/about-us\/our-history\/#breadcrumb","itemListElement":[{"@type":"ListItem","position":1,"name":"Home","item":"https:\/\/unitedwaysem.org\/"},{"@type":"ListItem","position":2,"name":"About Us","item":"https:\/\/unitedwaysem.org\/about-us\/"},{"@type":"ListItem","position":3,"name":"Our History"}]},{"@type":"WebSite","@id":"https:\/\/unitedwaysem.org\/#website","url":"https:\/\/unitedwaysem.org\/","name":"United Way para el sureste de Michigan","description":"","publisher":{"@id":"https:\/\/unitedwaysem.org\/#organization"},"potentialAction":[{"@type":"SearchAction","target":{"@type":"EntryPoint","urlTemplate":"https:\/\/unitedwaysem.org\/?s={search_term_string}"},"query-input":{"@type":"PropertyValueSpecification","valueRequired":true,"valueName":"search_term_string"}}],"inLanguage":"es"},{"@type":"Organization","@id":"https:\/\/unitedwaysem.org\/#organization","name":"United Way para el sureste de Michigan","url":"https:\/\/unitedwaysem.org\/","logo":{"@type":"ImageObject","inLanguage":"es","@id":"https:\/\/unitedwaysem.org\/#\/schema\/logo\/image\/","url":"https:\/\/unitedwaysem.org\/wp-content\/uploads\/2024\/12\/uwsem-logo.png","contentUrl":"https:\/\/unitedwaysem.org\/wp-content\/uploads\/2024\/12\/uwsem-logo.png","width":768,"height":768,"caption":"United Way for Southeastern Michigan"},"image":{"@id":"https:\/\/unitedwaysem.org\/#\/schema\/logo\/image\/"}}]}},"_links":{"self":[{"href":"https:\/\/unitedwaysem.org\/es\/wp-json\/wp\/v2\/pages\/729","targetHints":{"allow":["GET"]}}],"collection":[{"href":"https:\/\/unitedwaysem.org\/es\/wp-json\/wp\/v2\/pages"}],"about":[{"href":"https:\/\/unitedwaysem.org\/es\/wp-json\/wp\/v2\/types\/page"}],"author":[{"embeddable":true,"href":"https:\/\/unitedwaysem.org\/es\/wp-json\/wp\/v2\/users\/11"}],"replies":[{"embeddable":true,"href":"https:\/\/unitedwaysem.org\/es\/wp-json\/wp\/v2\/comments?post=729"}],"version-history":[{"count":0,"href":"https:\/\/unitedwaysem.org\/es\/wp-json\/wp\/v2\/pages\/729\/revisions"}],"up":[{"embeddable":true,"href":"https:\/\/unitedwaysem.org\/es\/wp-json\/wp\/v2\/pages\/683"}],"wp:attachment":[{"href":"https:\/\/unitedwaysem.org\/es\/wp-json\/wp\/v2\/media?parent=729"}],"curies":[{"name":"wp","href":"https:\/\/api.w.org\/{rel}","templated":true}]}}