{"id":716,"date":"2019-03-06T17:34:59","date_gmt":"2019-03-06T22:34:59","guid":{"rendered":"https:\/\/unitedwaysem.org\/advocate\/"},"modified":"2025-12-02T11:01:01","modified_gmt":"2025-12-02T16:01:01","slug":"advocate","status":"publish","type":"page","link":"https:\/\/unitedwaysem.org\/es\/get-involved\/advocate\/","title":{"rendered":"Defensor"},"content":{"rendered":"","protected":false},"excerpt":{"rendered":"","protected":false},"author":12,"featured_media":0,"parent":291,"menu_order":0,"comment_status":"closed","ping_status":"closed","template":"","meta":{"_acf_changed":false,"_relevanssi_hide_post":"","_relevanssi_hide_content":"","_relevanssi_pin_for_all":"","_relevanssi_pin_keywords":"","_relevanssi_unpin_keywords":"","_relevanssi_related_keywords":"","_relevanssi_related_include_ids":"","_relevanssi_related_exclude_ids":"","_relevanssi_related_no_append":"","_relevanssi_related_not_related":"","_relevanssi_related_posts":"","_relevanssi_noindex_reason":""},"class_list":["post-716","page","type-page","status-publish","hentry"],"acf":{"page_layout":[{"acf_fc_layout":"layout_hero","_acfe_flexible_toggle":"","component_hero":{"kicker_text":"","heading":"Use Your Voice To Create Change","summary":"Advocate with United Way in support of policies that change our community for the better.","image":1859,"cta":"","bubble":""}},{"acf_fc_layout":"layout_text_promo","_acfe_flexible_toggle":"","component_text_promo":{"title":"\u00bfPor qu\u00e9 la defensa de los derechos?","abstract":"At United Way, we believe that effective policy is crucial to creating long-lasting positive change in our community. That\u2019s why we advocate for local, state and federal policies that help families move from crisis to stability and from stability to prosperity. We work directly with local officials and state and federal legislators in Lansing and Washington, D.C., to speak out on the policies that have the greatest impact on individuals, children and families in Southeastern Michigan.\r\n\r\n\r\nWe activate our network of thousands of dedicated advocates to mobilize around issues like health care, food security and helping Michigan workers get good-paying jobs.","linksleft":[{"link":{"title":"View Our Full Policy Agenda","url":"https:\/\/unitedwaysem.org\/wp-content\/uploads\/2025\/03\/2025-2026-11x8.5-UWSEM-Policy-Agenda-V5.pdf","target":"_blank"}},{"link":{"title":"View our Working Families Policy Agenda","url":"https:\/\/unitedwaysem.org\/wp-content\/uploads\/2025\/04\/1176-8.5x11-Advocacy-One-Pager-V1.pdf","target":"_blank"}}],"linksright":null,"bubble":35}},{"acf_fc_layout":"layout_promo","_acfe_flexible_toggle":"","component_promo":{"":null,"title":"\u00a1Su voto importa!","abstract":"Elections just don't happen every four years. Your voice matters in state and local elections too.","links":[{"link":{"title":"Find out what petitions are circulating in Michigan right now.","url":"https:\/\/unitedwaysem.org\/get-involved\/advocate\/know-before-you-sign\/","target":"_blank"}}],"button":{"title":"Pledge to vote","url":"https:\/\/unitedwaysem.org\/get-involved\/advocate\/i-pledge-to-vote\/","target":"_blank"},"button2":{"title":"Visit our voter information center","url":"https:\/\/unitedwaysem.org\/voting-information-and-resources\/","target":"_blank"},"image":74,"reverse":false,"color":"white","id":""}},{"acf_fc_layout":"layout_featured_advocacy","_acfe_flexible_toggle":"","component_featured_advocacy":{"heading":"Take Action","actions":""}},{"acf_fc_layout":"layout_our_impact","_acfe_flexible_toggle":"","component_our_impact":{"header":{"title":"Your Voice Has An Impact","abstract":"","link":""},"dynamic_population":true,"version":"1","topic_filter":[165],"program_theme_filter":[],"layout":[{"acf_fc_layout":"version_5","stat_col_1":null,"stat_col_2":null,"stat_col_3":null,"stat_col_4":null}]}},{"acf_fc_layout":"layout_footer_promo","_acfe_flexible_toggle":"","component_footer_promo":{"title":"M\u00e1s formas de ayudar a tu comunidad","abstract":"Visit our volunteer portal and use the search function to find the volunteer opportunity that fits your schedule, interests, location and more.","buttons":[{"button":{"title":"Other Ways To Get Involved","url":"https:\/\/unitedwaysem.org\/get-involved\/","target":""}}]}}]},"yoast_head":"<!-- This site is optimized with the Yoast SEO plugin v26.8 - https:\/\/yoast.com\/product\/yoast-seo-wordpress\/ -->\n<title>Advocate - United Way for Southeastern Michigan<\/title>\n<meta name=\"description\" content=\"Advocate with United Way in support of policies that change our community for the better, around issues like food, health care and jobs.\" \/>\n<meta name=\"robots\" content=\"index, follow, max-snippet:-1, max-image-preview:large, max-video-preview:-1\" \/>\n<link rel=\"canonical\" href=\"https:\/\/unitedwaysem.org\/es\/get-involved\/advocate\/\" \/>\n<meta property=\"og:locale\" content=\"es_MX\" \/>\n<meta property=\"og:type\" content=\"article\" \/>\n<meta property=\"og:title\" content=\"Advocate - United Way for Southeastern Michigan\" \/>\n<meta property=\"og:description\" content=\"Advocate with United Way in support of policies that change our community for the better, around issues like food, health care and jobs.\" \/>\n<meta property=\"og:url\" content=\"https:\/\/unitedwaysem.org\/es\/get-involved\/advocate\/\" \/>\n<meta property=\"og:site_name\" content=\"United Way for Southeastern Michigan\" \/>\n<meta property=\"article:modified_time\" content=\"2025-12-02T16:01:01+00:00\" \/>\n<meta property=\"og:image\" content=\"https:\/\/unitedwaysem.org\/wp-content\/uploads\/2025\/01\/uwsem-share-image-v2.jpg\" \/>\n\t<meta property=\"og:image:width\" content=\"1200\" \/>\n\t<meta property=\"og:image:height\" content=\"630\" \/>\n\t<meta property=\"og:image:type\" content=\"image\/jpeg\" \/>\n<meta name=\"twitter:card\" content=\"summary_large_image\" \/>\n<meta name=\"twitter:label1\" content=\"Tiempo de lectura\" \/>\n\t<meta name=\"twitter:data1\" content=\"2 minutos\" \/>\n<script type=\"application\/ld+json\" class=\"yoast-schema-graph\">{\"@context\":\"https:\/\/schema.org\",\"@graph\":[{\"@type\":\"WebPage\",\"@id\":\"https:\/\/unitedwaysem.org\/get-involved\/advocate\/\",\"url\":\"https:\/\/unitedwaysem.org\/get-involved\/advocate\/\",\"name\":\"Advocate - United Way for Southeastern Michigan\",\"isPartOf\":{\"@id\":\"https:\/\/unitedwaysem.org\/#website\"},\"datePublished\":\"2019-03-06T22:34:59+00:00\",\"dateModified\":\"2025-12-02T16:01:01+00:00\",\"description\":\"Advocate with United Way in support of policies that change our community for the better, around issues like food, health care and jobs.\",\"breadcrumb\":{\"@id\":\"https:\/\/unitedwaysem.org\/get-involved\/advocate\/#breadcrumb\"},\"inLanguage\":\"es\",\"potentialAction\":[{\"@type\":\"ReadAction\",\"target\":[\"https:\/\/unitedwaysem.org\/get-involved\/advocate\/\"]}]},{\"@type\":\"BreadcrumbList\",\"@id\":\"https:\/\/unitedwaysem.org\/get-involved\/advocate\/#breadcrumb\",\"itemListElement\":[{\"@type\":\"ListItem\",\"position\":1,\"name\":\"Home\",\"item\":\"https:\/\/unitedwaysem.org\/\"},{\"@type\":\"ListItem\",\"position\":2,\"name\":\"Get Involved\",\"item\":\"https:\/\/unitedwaysem.org\/get-involved\/\"},{\"@type\":\"ListItem\",\"position\":3,\"name\":\"Advocate\"}]},{\"@type\":\"WebSite\",\"@id\":\"https:\/\/unitedwaysem.org\/#website\",\"url\":\"https:\/\/unitedwaysem.org\/\",\"name\":\"United Way for Southeastern Michigan\",\"description\":\"\",\"publisher\":{\"@id\":\"https:\/\/unitedwaysem.org\/#organization\"},\"potentialAction\":[{\"@type\":\"SearchAction\",\"target\":{\"@type\":\"EntryPoint\",\"urlTemplate\":\"https:\/\/unitedwaysem.org\/?s={search_term_string}\"},\"query-input\":{\"@type\":\"PropertyValueSpecification\",\"valueRequired\":true,\"valueName\":\"search_term_string\"}}],\"inLanguage\":\"es\"},{\"@type\":\"Organization\",\"@id\":\"https:\/\/unitedwaysem.org\/#organization\",\"name\":\"United Way for Southeastern Michigan\",\"url\":\"https:\/\/unitedwaysem.org\/\",\"logo\":{\"@type\":\"ImageObject\",\"inLanguage\":\"es\",\"@id\":\"https:\/\/unitedwaysem.org\/#\/schema\/logo\/image\/\",\"url\":\"https:\/\/unitedwaysem.org\/wp-content\/uploads\/2024\/12\/uwsem-logo.png\",\"contentUrl\":\"https:\/\/unitedwaysem.org\/wp-content\/uploads\/2024\/12\/uwsem-logo.png\",\"width\":768,\"height\":768,\"caption\":\"United Way for Southeastern Michigan\"},\"image\":{\"@id\":\"https:\/\/unitedwaysem.org\/#\/schema\/logo\/image\/\"}}]}<\/script>\n<!-- \/ Yoast SEO plugin. -->","yoast_head_json":{"title":"Abogado - United Way del Sureste de Michigan","description":"Abogue con United Way en apoyo a pol\u00edticas que cambien nuestra comunidad para mejor, en torno a temas como alimentaci\u00f3n, atenci\u00f3n m\u00e9dica y empleo.","robots":{"index":"index","follow":"follow","max-snippet":"max-snippet:-1","max-image-preview":"max-image-preview:large","max-video-preview":"max-video-preview:-1"},"canonical":"https:\/\/unitedwaysem.org\/es\/get-involved\/advocate\/","og_locale":"es_MX","og_type":"article","og_title":"Advocate - United Way for Southeastern Michigan","og_description":"Advocate with United Way in support of policies that change our community for the better, around issues like food, health care and jobs.","og_url":"https:\/\/unitedwaysem.org\/es\/get-involved\/advocate\/","og_site_name":"United Way for Southeastern Michigan","article_modified_time":"2025-12-02T16:01:01+00:00","og_image":[{"width":1200,"height":630,"url":"https:\/\/unitedwaysem.org\/wp-content\/uploads\/2025\/01\/uwsem-share-image-v2.jpg","type":"image\/jpeg"}],"twitter_card":"summary_large_image","twitter_misc":{"Tiempo de lectura":"2 minutos"},"schema":{"@context":"https:\/\/schema.org","@graph":[{"@type":"WebPage","@id":"https:\/\/unitedwaysem.org\/get-involved\/advocate\/","url":"https:\/\/unitedwaysem.org\/get-involved\/advocate\/","name":"Abogado - United Way del Sureste de Michigan","isPartOf":{"@id":"https:\/\/unitedwaysem.org\/#website"},"datePublished":"2019-03-06T22:34:59+00:00","dateModified":"2025-12-02T16:01:01+00:00","description":"Abogue con United Way en apoyo a pol\u00edticas que cambien nuestra comunidad para mejor, en torno a temas como alimentaci\u00f3n, atenci\u00f3n m\u00e9dica y empleo.","breadcrumb":{"@id":"https:\/\/unitedwaysem.org\/get-involved\/advocate\/#breadcrumb"},"inLanguage":"es","potentialAction":[{"@type":"ReadAction","target":["https:\/\/unitedwaysem.org\/get-involved\/advocate\/"]}]},{"@type":"BreadcrumbList","@id":"https:\/\/unitedwaysem.org\/get-involved\/advocate\/#breadcrumb","itemListElement":[{"@type":"ListItem","position":1,"name":"Home","item":"https:\/\/unitedwaysem.org\/"},{"@type":"ListItem","position":2,"name":"Get Involved","item":"https:\/\/unitedwaysem.org\/get-involved\/"},{"@type":"ListItem","position":3,"name":"Advocate"}]},{"@type":"WebSite","@id":"https:\/\/unitedwaysem.org\/#website","url":"https:\/\/unitedwaysem.org\/","name":"United Way para el sureste de Michigan","description":"","publisher":{"@id":"https:\/\/unitedwaysem.org\/#organization"},"potentialAction":[{"@type":"SearchAction","target":{"@type":"EntryPoint","urlTemplate":"https:\/\/unitedwaysem.org\/?s={search_term_string}"},"query-input":{"@type":"PropertyValueSpecification","valueRequired":true,"valueName":"search_term_string"}}],"inLanguage":"es"},{"@type":"Organization","@id":"https:\/\/unitedwaysem.org\/#organization","name":"United Way para el sureste de Michigan","url":"https:\/\/unitedwaysem.org\/","logo":{"@type":"ImageObject","inLanguage":"es","@id":"https:\/\/unitedwaysem.org\/#\/schema\/logo\/image\/","url":"https:\/\/unitedwaysem.org\/wp-content\/uploads\/2024\/12\/uwsem-logo.png","contentUrl":"https:\/\/unitedwaysem.org\/wp-content\/uploads\/2024\/12\/uwsem-logo.png","width":768,"height":768,"caption":"United Way for Southeastern Michigan"},"image":{"@id":"https:\/\/unitedwaysem.org\/#\/schema\/logo\/image\/"}}]}},"_links":{"self":[{"href":"https:\/\/unitedwaysem.org\/es\/wp-json\/wp\/v2\/pages\/716","targetHints":{"allow":["GET"]}}],"collection":[{"href":"https:\/\/unitedwaysem.org\/es\/wp-json\/wp\/v2\/pages"}],"about":[{"href":"https:\/\/unitedwaysem.org\/es\/wp-json\/wp\/v2\/types\/page"}],"author":[{"embeddable":true,"href":"https:\/\/unitedwaysem.org\/es\/wp-json\/wp\/v2\/users\/12"}],"replies":[{"embeddable":true,"href":"https:\/\/unitedwaysem.org\/es\/wp-json\/wp\/v2\/comments?post=716"}],"version-history":[{"count":0,"href":"https:\/\/unitedwaysem.org\/es\/wp-json\/wp\/v2\/pages\/716\/revisions"}],"up":[{"embeddable":true,"href":"https:\/\/unitedwaysem.org\/es\/wp-json\/wp\/v2\/pages\/291"}],"wp:attachment":[{"href":"https:\/\/unitedwaysem.org\/es\/wp-json\/wp\/v2\/media?parent=716"}],"curies":[{"name":"wp","href":"https:\/\/api.w.org\/{rel}","templated":true}]}}