{"id":713,"date":"2019-03-06T13:49:22","date_gmt":"2019-03-06T18:49:22","guid":{"rendered":"https:\/\/unitedwaysem.org\/financials\/"},"modified":"2025-09-29T11:37:49","modified_gmt":"2025-09-29T15:37:49","slug":"financials","status":"publish","type":"page","link":"https:\/\/unitedwaysem.org\/es\/about-us\/financials\/","title":{"rendered":"Finanzas"},"content":{"rendered":"","protected":false},"excerpt":{"rendered":"","protected":false},"author":11,"featured_media":0,"parent":683,"menu_order":0,"comment_status":"closed","ping_status":"closed","template":"","meta":{"_acf_changed":false,"_relevanssi_hide_post":"","_relevanssi_hide_content":"","_relevanssi_pin_for_all":"","_relevanssi_pin_keywords":"","_relevanssi_unpin_keywords":"","_relevanssi_related_keywords":"","_relevanssi_related_include_ids":"","_relevanssi_related_exclude_ids":"","_relevanssi_related_no_append":"","_relevanssi_related_not_related":"","_relevanssi_related_posts":"","_relevanssi_noindex_reason":""},"class_list":["post-713","page","type-page","status-publish","hentry","news_type-update"],"acf":{"page_layout":[{"acf_fc_layout":"layout_hero","_acfe_flexible_toggle":"","component_hero":{"kicker_text":"","heading":"Financials","summary":"United Way for Southeastern Michigan is one of more than 1,200 United Way chapters nationwide and operates cooperatively with and financially independently of United Way Worldwide.","image":2493,"cta":"","bubble":""}},{"acf_fc_layout":"layout_wysiwyg","_acfe_flexible_toggle":"","component_wysiwyg":{"content":"<h2 style=\"text-align: center;\">Altos est\u00e1ndares de profesionalismo<\/h2>\r\nUnited Way for Southeastern Michigan mantiene los m\u00e1s altos est\u00e1ndares de profesionalismo, rendici\u00f3n de cuentas y transparencia en la administraci\u00f3n de los fondos de los contribuyentes y en la gesti\u00f3n financiera. Los procedimientos de control interno incluyen un riguroso sistema de controles y contrapesos que impide que las mismas personas gestionen transacciones de forma aislada y disuade de realizar actividades cuestionables. Como pr\u00e1ctica habitual, United Way separa las responsabilidades para limitar la participaci\u00f3n de los empleados a funciones espec\u00edficas dentro del proceso que son interdependientes, de modo que cualquier irregularidad que pudiera surgir se detecte r\u00e1pidamente. Al personal de contabilidad se le asignan funciones individuales para protegerse contra posibles irregularidades. Ning\u00fan miembro del personal puede procesar ninguna transacci\u00f3n de principio a fin. Nuestro comit\u00e9 de finanzas (integrado por voluntarios que son profesionales financieros de alto nivel) supervisa los procedimientos contables y financieros, y controla regularmente las finanzas de la organizaci\u00f3n. Una firma de contabilidad independiente audita los libros de United Way anualmente. Un comit\u00e9 de auditor\u00eda independiente (integrado por voluntarios, entre los que se incluyen socios de varias firmas de contadores p\u00fablicos certificados) y la junta directiva deben revisar y aprobar las auditor\u00edas anuales. United Way se compromete a mantener las pr\u00e1cticas de control financiero m\u00e1s eficaces disponibles para garantizar que se prevenga cualquier tipo de irregularidad financiera o que esta se identifique r\u00e1pidamente y se aborde de manera adecuada.","":null,"settings":""}},{"acf_fc_layout":"layout_text_promo","_acfe_flexible_toggle":"","component_text_promo":{"title":"Informes anuales y estados financieros","abstract":"Please find our most recent annual report and financial documents below. Questions? Email <a href=\"mailto:LiveUnited@LiveUnitedSEM.org\">LiveUnited@LiveUnitedSEM.org<\/a>.","linksleft":[{"link":{"title":"2023-2024 Annual Report","url":"https:\/\/unitedwaysem.org\/wp-content\/uploads\/2025\/03\/055-2025-8.5x11-2023-24-Annual-Report-V8.pdf","target":""}},{"link":{"title":"Financial Statements as of Sept. 30, 2024","url":"https:\/\/unitedwaysem.org\/wp-content\/uploads\/2025\/05\/79012-United-Way-For-Southeastern-Michigan-0924-FS-Final.pdf","target":"_blank"}},{"link":""}],"linksright":[{"link":{"title":"Form 990 for year ending Sept. 30, 2024","url":"https:\/\/unitedwaysem.org\/wp-content\/uploads\/2025\/09\/PUBLIC-DISCLOSURE-2023-UNITED-WAY-FOR-SOUTHEASTERN-MICHIGAN-2-1.pdf","target":"_blank"}}],"bubble":2317}},{"acf_fc_layout":"layout_featured_sponsor","_acfe_flexible_toggle":"","component_featured_sponsor":{"image":2316,"sponsor_title":"Four-star rating from Charity Navigator","abstract":"United Way for Southeastern Michigan is registered as a 501(c)(3) nonprofit organization and has received a four-star rating from Charity Navigator. The Tax ID of United Way for Southeastern Michigan is 20-3099071."}}]},"yoast_head":"<!-- This site is optimized with the Yoast SEO plugin v26.8 - https:\/\/yoast.com\/product\/yoast-seo-wordpress\/ -->\n<title>Financials - United Way for Southeastern Michigan<\/title>\n<meta name=\"description\" content=\"United Way for Southeastern Michigan operates cooperatively with and financially independently of United Way Worldwide.\" \/>\n<meta name=\"robots\" content=\"index, follow, max-snippet:-1, max-image-preview:large, max-video-preview:-1\" \/>\n<link rel=\"canonical\" href=\"https:\/\/unitedwaysem.org\/es\/about-us\/financials\/\" \/>\n<meta property=\"og:locale\" content=\"es_MX\" \/>\n<meta property=\"og:type\" content=\"article\" \/>\n<meta property=\"og:title\" content=\"Financials - United Way for Southeastern Michigan\" \/>\n<meta property=\"og:description\" content=\"United Way for Southeastern Michigan operates cooperatively with and financially independently of United Way Worldwide.\" \/>\n<meta property=\"og:url\" content=\"https:\/\/unitedwaysem.org\/es\/about-us\/financials\/\" \/>\n<meta property=\"og:site_name\" content=\"United Way for Southeastern Michigan\" \/>\n<meta property=\"article:modified_time\" content=\"2025-09-29T15:37:49+00:00\" \/>\n<meta property=\"og:image\" content=\"https:\/\/unitedwaysem.org\/wp-content\/uploads\/2025\/01\/uwsem-share-image-v2.jpg\" \/>\n\t<meta property=\"og:image:width\" content=\"1200\" \/>\n\t<meta property=\"og:image:height\" content=\"630\" \/>\n\t<meta property=\"og:image:type\" content=\"image\/jpeg\" \/>\n<meta name=\"twitter:card\" content=\"summary_large_image\" \/>\n<meta name=\"twitter:label1\" content=\"Tiempo de lectura\" \/>\n\t<meta name=\"twitter:data1\" content=\"2 minutos\" \/>\n<script type=\"application\/ld+json\" class=\"yoast-schema-graph\">{\"@context\":\"https:\/\/schema.org\",\"@graph\":[{\"@type\":\"WebPage\",\"@id\":\"https:\/\/unitedwaysem.org\/about-us\/financials\/\",\"url\":\"https:\/\/unitedwaysem.org\/about-us\/financials\/\",\"name\":\"Financials - United Way for Southeastern Michigan\",\"isPartOf\":{\"@id\":\"https:\/\/unitedwaysem.org\/#website\"},\"datePublished\":\"2019-03-06T18:49:22+00:00\",\"dateModified\":\"2025-09-29T15:37:49+00:00\",\"description\":\"United Way for Southeastern Michigan operates cooperatively with and financially independently of United Way Worldwide.\",\"breadcrumb\":{\"@id\":\"https:\/\/unitedwaysem.org\/about-us\/financials\/#breadcrumb\"},\"inLanguage\":\"es\",\"potentialAction\":[{\"@type\":\"ReadAction\",\"target\":[\"https:\/\/unitedwaysem.org\/about-us\/financials\/\"]}]},{\"@type\":\"BreadcrumbList\",\"@id\":\"https:\/\/unitedwaysem.org\/about-us\/financials\/#breadcrumb\",\"itemListElement\":[{\"@type\":\"ListItem\",\"position\":1,\"name\":\"Home\",\"item\":\"https:\/\/unitedwaysem.org\/\"},{\"@type\":\"ListItem\",\"position\":2,\"name\":\"About Us\",\"item\":\"https:\/\/unitedwaysem.org\/about-us\/\"},{\"@type\":\"ListItem\",\"position\":3,\"name\":\"Financials\"}]},{\"@type\":\"WebSite\",\"@id\":\"https:\/\/unitedwaysem.org\/#website\",\"url\":\"https:\/\/unitedwaysem.org\/\",\"name\":\"United Way for Southeastern Michigan\",\"description\":\"\",\"publisher\":{\"@id\":\"https:\/\/unitedwaysem.org\/#organization\"},\"potentialAction\":[{\"@type\":\"SearchAction\",\"target\":{\"@type\":\"EntryPoint\",\"urlTemplate\":\"https:\/\/unitedwaysem.org\/?s={search_term_string}\"},\"query-input\":{\"@type\":\"PropertyValueSpecification\",\"valueRequired\":true,\"valueName\":\"search_term_string\"}}],\"inLanguage\":\"es\"},{\"@type\":\"Organization\",\"@id\":\"https:\/\/unitedwaysem.org\/#organization\",\"name\":\"United Way for Southeastern Michigan\",\"url\":\"https:\/\/unitedwaysem.org\/\",\"logo\":{\"@type\":\"ImageObject\",\"inLanguage\":\"es\",\"@id\":\"https:\/\/unitedwaysem.org\/#\/schema\/logo\/image\/\",\"url\":\"https:\/\/unitedwaysem.org\/wp-content\/uploads\/2024\/12\/uwsem-logo.png\",\"contentUrl\":\"https:\/\/unitedwaysem.org\/wp-content\/uploads\/2024\/12\/uwsem-logo.png\",\"width\":768,\"height\":768,\"caption\":\"United Way for Southeastern Michigan\"},\"image\":{\"@id\":\"https:\/\/unitedwaysem.org\/#\/schema\/logo\/image\/\"}}]}<\/script>\n<!-- \/ Yoast SEO plugin. -->","yoast_head_json":{"title":"Finanzas - United Way para el Sudeste de Michigan","description":"United Way for Southeastern Michigan opera en cooperaci\u00f3n con United Way Worldwide y es financieramente independiente de esta.","robots":{"index":"index","follow":"follow","max-snippet":"max-snippet:-1","max-image-preview":"max-image-preview:large","max-video-preview":"max-video-preview:-1"},"canonical":"https:\/\/unitedwaysem.org\/es\/about-us\/financials\/","og_locale":"es_MX","og_type":"article","og_title":"Financials - United Way for Southeastern Michigan","og_description":"United Way for Southeastern Michigan operates cooperatively with and financially independently of United Way Worldwide.","og_url":"https:\/\/unitedwaysem.org\/es\/about-us\/financials\/","og_site_name":"United Way for Southeastern Michigan","article_modified_time":"2025-09-29T15:37:49+00:00","og_image":[{"width":1200,"height":630,"url":"https:\/\/unitedwaysem.org\/wp-content\/uploads\/2025\/01\/uwsem-share-image-v2.jpg","type":"image\/jpeg"}],"twitter_card":"summary_large_image","twitter_misc":{"Tiempo de lectura":"2 minutos"},"schema":{"@context":"https:\/\/schema.org","@graph":[{"@type":"WebPage","@id":"https:\/\/unitedwaysem.org\/about-us\/financials\/","url":"https:\/\/unitedwaysem.org\/about-us\/financials\/","name":"Finanzas - United Way para el Sudeste de Michigan","isPartOf":{"@id":"https:\/\/unitedwaysem.org\/#website"},"datePublished":"2019-03-06T18:49:22+00:00","dateModified":"2025-09-29T15:37:49+00:00","description":"United Way for Southeastern Michigan opera en cooperaci\u00f3n con United Way Worldwide y es financieramente independiente de esta.","breadcrumb":{"@id":"https:\/\/unitedwaysem.org\/about-us\/financials\/#breadcrumb"},"inLanguage":"es","potentialAction":[{"@type":"ReadAction","target":["https:\/\/unitedwaysem.org\/about-us\/financials\/"]}]},{"@type":"BreadcrumbList","@id":"https:\/\/unitedwaysem.org\/about-us\/financials\/#breadcrumb","itemListElement":[{"@type":"ListItem","position":1,"name":"Home","item":"https:\/\/unitedwaysem.org\/"},{"@type":"ListItem","position":2,"name":"About Us","item":"https:\/\/unitedwaysem.org\/about-us\/"},{"@type":"ListItem","position":3,"name":"Financials"}]},{"@type":"WebSite","@id":"https:\/\/unitedwaysem.org\/#website","url":"https:\/\/unitedwaysem.org\/","name":"United Way para el sureste de Michigan","description":"","publisher":{"@id":"https:\/\/unitedwaysem.org\/#organization"},"potentialAction":[{"@type":"SearchAction","target":{"@type":"EntryPoint","urlTemplate":"https:\/\/unitedwaysem.org\/?s={search_term_string}"},"query-input":{"@type":"PropertyValueSpecification","valueRequired":true,"valueName":"search_term_string"}}],"inLanguage":"es"},{"@type":"Organization","@id":"https:\/\/unitedwaysem.org\/#organization","name":"United Way para el sureste de Michigan","url":"https:\/\/unitedwaysem.org\/","logo":{"@type":"ImageObject","inLanguage":"es","@id":"https:\/\/unitedwaysem.org\/#\/schema\/logo\/image\/","url":"https:\/\/unitedwaysem.org\/wp-content\/uploads\/2024\/12\/uwsem-logo.png","contentUrl":"https:\/\/unitedwaysem.org\/wp-content\/uploads\/2024\/12\/uwsem-logo.png","width":768,"height":768,"caption":"United Way for Southeastern Michigan"},"image":{"@id":"https:\/\/unitedwaysem.org\/#\/schema\/logo\/image\/"}}]}},"_links":{"self":[{"href":"https:\/\/unitedwaysem.org\/es\/wp-json\/wp\/v2\/pages\/713","targetHints":{"allow":["GET"]}}],"collection":[{"href":"https:\/\/unitedwaysem.org\/es\/wp-json\/wp\/v2\/pages"}],"about":[{"href":"https:\/\/unitedwaysem.org\/es\/wp-json\/wp\/v2\/types\/page"}],"author":[{"embeddable":true,"href":"https:\/\/unitedwaysem.org\/es\/wp-json\/wp\/v2\/users\/11"}],"replies":[{"embeddable":true,"href":"https:\/\/unitedwaysem.org\/es\/wp-json\/wp\/v2\/comments?post=713"}],"version-history":[{"count":0,"href":"https:\/\/unitedwaysem.org\/es\/wp-json\/wp\/v2\/pages\/713\/revisions"}],"up":[{"embeddable":true,"href":"https:\/\/unitedwaysem.org\/es\/wp-json\/wp\/v2\/pages\/683"}],"wp:attachment":[{"href":"https:\/\/unitedwaysem.org\/es\/wp-json\/wp\/v2\/media?parent=713"}],"curies":[{"name":"wp","href":"https:\/\/api.w.org\/{rel}","templated":true}]}}