{"id":7085,"date":"2026-02-13T16:48:09","date_gmt":"2026-02-13T21:48:09","guid":{"rendered":"https:\/\/unitedwaysem.org\/?page_id=7085"},"modified":"2026-02-16T16:45:25","modified_gmt":"2026-02-16T21:45:25","slug":"my-home-library","status":"publish","type":"page","link":"https:\/\/unitedwaysem.org\/es\/ways-to-give\/my-home-library\/","title":{"rendered":"Mi biblioteca personal"},"content":{"rendered":"","protected":false},"excerpt":{"rendered":"","protected":false},"author":12,"featured_media":0,"parent":1748,"menu_order":0,"comment_status":"closed","ping_status":"closed","template":"","meta":{"_acf_changed":false,"_relevanssi_hide_post":"","_relevanssi_hide_content":"","_relevanssi_pin_for_all":"","_relevanssi_pin_keywords":"","_relevanssi_unpin_keywords":"","_relevanssi_related_keywords":"","_relevanssi_related_include_ids":"","_relevanssi_related_exclude_ids":"","_relevanssi_related_no_append":"","_relevanssi_related_not_related":"","_relevanssi_related_posts":"","_relevanssi_noindex_reason":""},"class_list":["post-7085","page","type-page","status-publish","hentry"],"acf":{"page_layout":[{"acf_fc_layout":"layout_hero","_acfe_flexible_toggle":null,"component_hero":{"kicker_text":"","heading":"My Home Library","summary":"Help local students stock their home libraries while addressing\u00a0book deserts and literacy gaps","image":7115,"cta":"","bubble":""}},{"acf_fc_layout":"layout_wysiwyg","_acfe_flexible_toggle":null,"component_wysiwyg":{"content":"<h3>El desaf\u00edo es urgente<\/h3>\r\nCasi seis de cada diez alumnos de tercer grado de nuestra regi\u00f3n no saben leer con soltura, seg\u00fan los est\u00e1ndares M-STEP (evaluaci\u00f3n estatal de Michigan). En Detroit, solo el 51 % de los alumnos de cuarto grado leen al nivel correspondiente a su grado. No se trata solo de las calificaciones de los ex\u00e1menes: los ni\u00f1os de familias con bajos ingresos tienen seis veces m\u00e1s probabilidades de abandonar la escuela secundaria si no tienen buenas habilidades de lectura en tercer grado, y m\u00e1s del 40 % de las familias de nuestra regi\u00f3n se enfrentan a este riesgo.\r\n<h3>Nuestra soluci\u00f3n<\/h3>\r\nLa iniciativa My Home Library de United Way aborda la escasez de libros y las brechas de alfabetizaci\u00f3n en los condados de Macomb, Oakland, Washtenaw y Wayne. Al proporcionar a los ni\u00f1os libros gratuitos y de alta calidad de su elecci\u00f3n, el programa fomenta el amor por la lectura, crea bibliotecas en el hogar y apoya el rendimiento acad\u00e9mico.\n\nEn asociaci\u00f3n con Scholastic, Inc., United Way organiza ferias de libros patrocinadas de My Home Library en escuelas primarias locales, proporcionando m\u00e1s de 20,000 libros a 4,000 estudiantes. Esta iniciativa tambi\u00e9n involucra a voluntarios comunitarios y socios corporativos para ayudar a los estudiantes a seleccionar cinco libros gratuitos, apoyando a\u00fan m\u00e1s el desarrollo de la alfabetizaci\u00f3n y el \u00e9xito acad\u00e9mico.","":null,"settings":""}},{"acf_fc_layout":"layout_group","_acfe_flexible_toggle":null,"component_group":{"version":"2","header":{"":null,"show_arrows":false,"heading":"","subheading":"","abstract":""},"columns":[{"image":7088,"title":"Make a Donation","abstract":"Give today to help students stock their home libraries.","button":{"title":"Donate","url":"https:\/\/ignite.stratuslive.com\/unitedwaysem\/get-involved\/donate\/my-home-library-donate","target":"_blank"}},{"image":7089,"title":"Become a Sponsor","abstract":"Help address book deserts and literacy gaps and receive recognition for your company.","button":{"title":"Become a sponsor","url":"https:\/\/ignite.stratuslive.com\/unitedwaysem\/get-involved\/donate\/my-home-library-sponsorship","target":"_blank"}}]}},{"acf_fc_layout":"layout_wysiwyg","_acfe_flexible_toggle":null,"component_wysiwyg":{"content":"Si est\u00e1 interesado en asociarse con nosotros, comun\u00edquese con Kristen Cibulskis al 313-466-2624 o <a href=\"mailto:Kristen.Cibulskis@LiveUnitedSEM.org\">Kristen.Cibulskis@LiveUnitedSEM.org<\/a>.","":null,"settings":""}}]},"yoast_head":"<!-- This site is optimized with the Yoast SEO plugin v26.8 - https:\/\/yoast.com\/product\/yoast-seo-wordpress\/ -->\n<title>My Home Library - United Way for Southeastern Michigan<\/title>\n<meta name=\"description\" content=\"Every child deserves to start school with the tools they need to succeed, yet 1 in 4 students don&#039;t have access to the supplies required at the start of the school year.\" \/>\n<meta name=\"robots\" content=\"index, follow, max-snippet:-1, max-image-preview:large, max-video-preview:-1\" \/>\n<link rel=\"canonical\" href=\"https:\/\/unitedwaysem.org\/es\/ways-to-give\/my-home-library\/\" \/>\n<meta property=\"og:locale\" content=\"es_MX\" \/>\n<meta property=\"og:type\" content=\"article\" \/>\n<meta property=\"og:title\" content=\"My Home Library - United Way for Southeastern Michigan\" \/>\n<meta property=\"og:description\" content=\"Every child deserves to start school with the tools they need to succeed, yet 1 in 4 students don&#039;t have access to the supplies required at the start of the school year.\" \/>\n<meta property=\"og:url\" content=\"https:\/\/unitedwaysem.org\/es\/ways-to-give\/my-home-library\/\" \/>\n<meta property=\"og:site_name\" content=\"United Way for Southeastern Michigan\" \/>\n<meta property=\"article:modified_time\" content=\"2026-02-16T21:45:25+00:00\" \/>\n<meta property=\"og:image\" content=\"https:\/\/unitedwaysem.org\/wp-content\/uploads\/2025\/01\/uwsem-share-image-v2.jpg\" \/>\n\t<meta property=\"og:image:width\" content=\"1200\" \/>\n\t<meta property=\"og:image:height\" content=\"630\" \/>\n\t<meta property=\"og:image:type\" content=\"image\/jpeg\" \/>\n<meta name=\"twitter:card\" content=\"summary_large_image\" \/>\n<meta name=\"twitter:label1\" content=\"Tiempo de lectura\" \/>\n\t<meta name=\"twitter:data1\" content=\"2 minutos\" \/>\n<script type=\"application\/ld+json\" class=\"yoast-schema-graph\">{\"@context\":\"https:\/\/schema.org\",\"@graph\":[{\"@type\":\"WebPage\",\"@id\":\"https:\/\/unitedwaysem.org\/ways-to-give\/my-home-library\/\",\"url\":\"https:\/\/unitedwaysem.org\/ways-to-give\/my-home-library\/\",\"name\":\"My Home Library - United Way for Southeastern Michigan\",\"isPartOf\":{\"@id\":\"https:\/\/unitedwaysem.org\/#website\"},\"datePublished\":\"2026-02-13T21:48:09+00:00\",\"dateModified\":\"2026-02-16T21:45:25+00:00\",\"description\":\"Every child deserves to start school with the tools they need to succeed, yet 1 in 4 students don't have access to the supplies required at the start of the school year.\",\"breadcrumb\":{\"@id\":\"https:\/\/unitedwaysem.org\/ways-to-give\/my-home-library\/#breadcrumb\"},\"inLanguage\":\"es\",\"potentialAction\":[{\"@type\":\"ReadAction\",\"target\":[\"https:\/\/unitedwaysem.org\/ways-to-give\/my-home-library\/\"]}]},{\"@type\":\"BreadcrumbList\",\"@id\":\"https:\/\/unitedwaysem.org\/ways-to-give\/my-home-library\/#breadcrumb\",\"itemListElement\":[{\"@type\":\"ListItem\",\"position\":1,\"name\":\"Home\",\"item\":\"https:\/\/unitedwaysem.org\/\"},{\"@type\":\"ListItem\",\"position\":2,\"name\":\"Ways to Give\",\"item\":\"https:\/\/unitedwaysem.org\/ways-to-give\/\"},{\"@type\":\"ListItem\",\"position\":3,\"name\":\"My Home Library\"}]},{\"@type\":\"WebSite\",\"@id\":\"https:\/\/unitedwaysem.org\/#website\",\"url\":\"https:\/\/unitedwaysem.org\/\",\"name\":\"United Way for Southeastern Michigan\",\"description\":\"\",\"publisher\":{\"@id\":\"https:\/\/unitedwaysem.org\/#organization\"},\"potentialAction\":[{\"@type\":\"SearchAction\",\"target\":{\"@type\":\"EntryPoint\",\"urlTemplate\":\"https:\/\/unitedwaysem.org\/?s={search_term_string}\"},\"query-input\":{\"@type\":\"PropertyValueSpecification\",\"valueRequired\":true,\"valueName\":\"search_term_string\"}}],\"inLanguage\":\"es\"},{\"@type\":\"Organization\",\"@id\":\"https:\/\/unitedwaysem.org\/#organization\",\"name\":\"United Way for Southeastern Michigan\",\"url\":\"https:\/\/unitedwaysem.org\/\",\"logo\":{\"@type\":\"ImageObject\",\"inLanguage\":\"es\",\"@id\":\"https:\/\/unitedwaysem.org\/#\/schema\/logo\/image\/\",\"url\":\"https:\/\/unitedwaysem.org\/wp-content\/uploads\/2024\/12\/uwsem-logo.png\",\"contentUrl\":\"https:\/\/unitedwaysem.org\/wp-content\/uploads\/2024\/12\/uwsem-logo.png\",\"width\":768,\"height\":768,\"caption\":\"United Way for Southeastern Michigan\"},\"image\":{\"@id\":\"https:\/\/unitedwaysem.org\/#\/schema\/logo\/image\/\"}}]}<\/script>\n<!-- \/ Yoast SEO plugin. -->","yoast_head_json":{"title":"Mi biblioteca en casa - United Way para el sureste de Michigan","description":"Todos los ni\u00f1os merecen empezar el colegio con las herramientas necesarias para tener \u00e9xito, pero uno de cada cuatro estudiantes no tiene acceso al material escolar necesario al inicio del curso.","robots":{"index":"index","follow":"follow","max-snippet":"max-snippet:-1","max-image-preview":"max-image-preview:large","max-video-preview":"max-video-preview:-1"},"canonical":"https:\/\/unitedwaysem.org\/es\/ways-to-give\/my-home-library\/","og_locale":"es_MX","og_type":"article","og_title":"My Home Library - United Way for Southeastern Michigan","og_description":"Every child deserves to start school with the tools they need to succeed, yet 1 in 4 students don't have access to the supplies required at the start of the school year.","og_url":"https:\/\/unitedwaysem.org\/es\/ways-to-give\/my-home-library\/","og_site_name":"United Way for Southeastern Michigan","article_modified_time":"2026-02-16T21:45:25+00:00","og_image":[{"width":1200,"height":630,"url":"https:\/\/unitedwaysem.org\/wp-content\/uploads\/2025\/01\/uwsem-share-image-v2.jpg","type":"image\/jpeg"}],"twitter_card":"summary_large_image","twitter_misc":{"Tiempo de lectura":"2 minutos"},"schema":{"@context":"https:\/\/schema.org","@graph":[{"@type":"WebPage","@id":"https:\/\/unitedwaysem.org\/ways-to-give\/my-home-library\/","url":"https:\/\/unitedwaysem.org\/ways-to-give\/my-home-library\/","name":"Mi biblioteca en casa - United Way para el sureste de Michigan","isPartOf":{"@id":"https:\/\/unitedwaysem.org\/#website"},"datePublished":"2026-02-13T21:48:09+00:00","dateModified":"2026-02-16T21:45:25+00:00","description":"Todos los ni\u00f1os merecen empezar el colegio con las herramientas necesarias para tener \u00e9xito, pero uno de cada cuatro estudiantes no tiene acceso al material escolar necesario al inicio del curso.","breadcrumb":{"@id":"https:\/\/unitedwaysem.org\/ways-to-give\/my-home-library\/#breadcrumb"},"inLanguage":"es","potentialAction":[{"@type":"ReadAction","target":["https:\/\/unitedwaysem.org\/ways-to-give\/my-home-library\/"]}]},{"@type":"BreadcrumbList","@id":"https:\/\/unitedwaysem.org\/ways-to-give\/my-home-library\/#breadcrumb","itemListElement":[{"@type":"ListItem","position":1,"name":"Home","item":"https:\/\/unitedwaysem.org\/"},{"@type":"ListItem","position":2,"name":"Ways to Give","item":"https:\/\/unitedwaysem.org\/ways-to-give\/"},{"@type":"ListItem","position":3,"name":"My Home Library"}]},{"@type":"WebSite","@id":"https:\/\/unitedwaysem.org\/#website","url":"https:\/\/unitedwaysem.org\/","name":"United Way para el sureste de Michigan","description":"","publisher":{"@id":"https:\/\/unitedwaysem.org\/#organization"},"potentialAction":[{"@type":"SearchAction","target":{"@type":"EntryPoint","urlTemplate":"https:\/\/unitedwaysem.org\/?s={search_term_string}"},"query-input":{"@type":"PropertyValueSpecification","valueRequired":true,"valueName":"search_term_string"}}],"inLanguage":"es"},{"@type":"Organization","@id":"https:\/\/unitedwaysem.org\/#organization","name":"United Way para el sureste de Michigan","url":"https:\/\/unitedwaysem.org\/","logo":{"@type":"ImageObject","inLanguage":"es","@id":"https:\/\/unitedwaysem.org\/#\/schema\/logo\/image\/","url":"https:\/\/unitedwaysem.org\/wp-content\/uploads\/2024\/12\/uwsem-logo.png","contentUrl":"https:\/\/unitedwaysem.org\/wp-content\/uploads\/2024\/12\/uwsem-logo.png","width":768,"height":768,"caption":"United Way for Southeastern Michigan"},"image":{"@id":"https:\/\/unitedwaysem.org\/#\/schema\/logo\/image\/"}}]}},"_links":{"self":[{"href":"https:\/\/unitedwaysem.org\/es\/wp-json\/wp\/v2\/pages\/7085","targetHints":{"allow":["GET"]}}],"collection":[{"href":"https:\/\/unitedwaysem.org\/es\/wp-json\/wp\/v2\/pages"}],"about":[{"href":"https:\/\/unitedwaysem.org\/es\/wp-json\/wp\/v2\/types\/page"}],"author":[{"embeddable":true,"href":"https:\/\/unitedwaysem.org\/es\/wp-json\/wp\/v2\/users\/12"}],"replies":[{"embeddable":true,"href":"https:\/\/unitedwaysem.org\/es\/wp-json\/wp\/v2\/comments?post=7085"}],"version-history":[{"count":0,"href":"https:\/\/unitedwaysem.org\/es\/wp-json\/wp\/v2\/pages\/7085\/revisions"}],"up":[{"embeddable":true,"href":"https:\/\/unitedwaysem.org\/es\/wp-json\/wp\/v2\/pages\/1748"}],"wp:attachment":[{"href":"https:\/\/unitedwaysem.org\/es\/wp-json\/wp\/v2\/media?parent=7085"}],"curies":[{"name":"wp","href":"https:\/\/api.w.org\/{rel}","templated":true}]}}