{"id":7005,"date":"2026-02-11T10:42:49","date_gmt":"2026-02-11T15:42:49","guid":{"rendered":"https:\/\/unitedwaysem.org\/?page_id=7005"},"modified":"2026-02-19T12:18:43","modified_gmt":"2026-02-19T17:18:43","slug":"youth-skilled-trades-education-day-rsvp-page","status":"publish","type":"page","link":"https:\/\/unitedwaysem.org\/es\/about-us\/youth-skilled-trades-education-day-rsvp-page\/","title":{"rendered":"P\u00e1gina de confirmaci\u00f3n de asistencia al D\u00eda de la Educaci\u00f3n Profesional para J\u00f3venes"},"content":{"rendered":"","protected":false},"excerpt":{"rendered":"","protected":false},"author":11,"featured_media":0,"parent":683,"menu_order":0,"comment_status":"closed","ping_status":"closed","template":"","meta":{"_acf_changed":true,"_relevanssi_hide_post":"","_relevanssi_hide_content":"","_relevanssi_pin_for_all":"","_relevanssi_pin_keywords":"","_relevanssi_unpin_keywords":"","_relevanssi_related_keywords":"","_relevanssi_related_include_ids":"","_relevanssi_related_exclude_ids":"","_relevanssi_related_no_append":"","_relevanssi_related_not_related":"","_relevanssi_related_posts":"","_relevanssi_noindex_reason":""},"class_list":["post-7005","page","type-page","status-publish","hentry"],"acf":{"page_layout":[{"acf_fc_layout":"layout_usm_action_form","_acfe_flexible_toggle":null,"component_usm_action_form":{"":null,"heading":"Youth Skilled Trades Education Day RSVP","description":"\u00a1Acomp\u00e1\u00f1enos el s\u00e1bado 25 de abril al D\u00eda de Educaci\u00f3n en Oficios Calificados para J\u00f3venes! Este evento ayuda a j\u00f3venes de entre 13 y 19 a\u00f1os y a sus padres a explorar los oficios calificados como una opci\u00f3n de carrera.\n\nEl evento se realizar\u00e1 de 9 a. m. a 3 p. m. en 15160 Commerce Dr. N. en Dearborn.\n\nLos asistentes de 18 o 19 a\u00f1os pueden ingresar su informaci\u00f3n en esta p\u00e1gina para registrarse por s\u00ed mismos. Aquellos de 17 a\u00f1os o menores deben ser registrados por un padre o tutor.","image":"","form_html":"<iframe src=\"https:\/\/analytics.clickdimensions.com\/liveunitedsemorg-asyem\/pages\/cffmqwddefgrvwad2lcc6q.html?PageId=434c51705d07f1119157001dd8b71ce9\" allowtransparency=\"true\" width=\"100%\" height=\"700px\" type=\"text\/html\" frameborder=\"0\" scrolling=\"no\"> style=\"border:0\"><\/iframe>"}}]},"yoast_head":"<!-- This site is optimized with the Yoast SEO plugin v26.8 - https:\/\/yoast.com\/product\/yoast-seo-wordpress\/ -->\n<title>Youth Skilled Trades Education Day RSVP page - United Way for Southeastern Michigan<\/title>\n<meta name=\"description\" content=\"Join us Saturday, April 25, for Youth Skilled Trades Education Day! This event helps youth between the ages of 13 and 19 and their parents explore skilled trades as a career option.\u00a0\" \/>\n<meta name=\"robots\" content=\"index, follow, max-snippet:-1, max-image-preview:large, max-video-preview:-1\" \/>\n<link rel=\"canonical\" href=\"https:\/\/unitedwaysem.org\/es\/about-us\/youth-skilled-trades-education-day-rsvp-page\/\" \/>\n<meta property=\"og:locale\" content=\"es_MX\" \/>\n<meta property=\"og:type\" content=\"article\" \/>\n<meta property=\"og:title\" content=\"Youth Skilled Trades Education Day RSVP page - United Way for Southeastern Michigan\" \/>\n<meta property=\"og:description\" content=\"Join us Saturday, April 25, for Youth Skilled Trades Education Day! This event helps youth between the ages of 13 and 19 and their parents explore skilled trades as a career option.\u00a0\" \/>\n<meta property=\"og:url\" content=\"https:\/\/unitedwaysem.org\/es\/about-us\/youth-skilled-trades-education-day-rsvp-page\/\" \/>\n<meta property=\"og:site_name\" content=\"United Way for Southeastern Michigan\" \/>\n<meta property=\"article:modified_time\" content=\"2026-02-19T17:18:43+00:00\" \/>\n<meta property=\"og:image\" content=\"https:\/\/unitedwaysem.org\/wp-content\/uploads\/2025\/01\/uwsem-share-image-v2.jpg\" \/>\n\t<meta property=\"og:image:width\" content=\"1200\" \/>\n\t<meta property=\"og:image:height\" content=\"630\" \/>\n\t<meta property=\"og:image:type\" content=\"image\/jpeg\" \/>\n<meta name=\"twitter:card\" content=\"summary_large_image\" \/>\n<meta name=\"twitter:label1\" content=\"Tiempo de lectura\" \/>\n\t<meta name=\"twitter:data1\" content=\"1 minuto\" \/>\n<script type=\"application\/ld+json\" class=\"yoast-schema-graph\">{\"@context\":\"https:\/\/schema.org\",\"@graph\":[{\"@type\":\"WebPage\",\"@id\":\"https:\/\/unitedwaysem.org\/about-us\/youth-skilled-trades-education-day-rsvp-page\/\",\"url\":\"https:\/\/unitedwaysem.org\/about-us\/youth-skilled-trades-education-day-rsvp-page\/\",\"name\":\"Youth Skilled Trades Education Day RSVP page - United Way for Southeastern Michigan\",\"isPartOf\":{\"@id\":\"https:\/\/unitedwaysem.org\/#website\"},\"datePublished\":\"2026-02-11T15:42:49+00:00\",\"dateModified\":\"2026-02-19T17:18:43+00:00\",\"description\":\"Join us Saturday, April 25, for Youth Skilled Trades Education Day! This event helps youth between the ages of 13 and 19 and their parents explore skilled trades as a career option.\u00a0\",\"breadcrumb\":{\"@id\":\"https:\/\/unitedwaysem.org\/about-us\/youth-skilled-trades-education-day-rsvp-page\/#breadcrumb\"},\"inLanguage\":\"es\",\"potentialAction\":[{\"@type\":\"ReadAction\",\"target\":[\"https:\/\/unitedwaysem.org\/about-us\/youth-skilled-trades-education-day-rsvp-page\/\"]}]},{\"@type\":\"BreadcrumbList\",\"@id\":\"https:\/\/unitedwaysem.org\/about-us\/youth-skilled-trades-education-day-rsvp-page\/#breadcrumb\",\"itemListElement\":[{\"@type\":\"ListItem\",\"position\":1,\"name\":\"Home\",\"item\":\"https:\/\/unitedwaysem.org\/\"},{\"@type\":\"ListItem\",\"position\":2,\"name\":\"About Us\",\"item\":\"https:\/\/unitedwaysem.org\/about-us\/\"},{\"@type\":\"ListItem\",\"position\":3,\"name\":\"Youth Skilled Trades Education Day RSVP page\"}]},{\"@type\":\"WebSite\",\"@id\":\"https:\/\/unitedwaysem.org\/#website\",\"url\":\"https:\/\/unitedwaysem.org\/\",\"name\":\"United Way for Southeastern Michigan\",\"description\":\"\",\"publisher\":{\"@id\":\"https:\/\/unitedwaysem.org\/#organization\"},\"potentialAction\":[{\"@type\":\"SearchAction\",\"target\":{\"@type\":\"EntryPoint\",\"urlTemplate\":\"https:\/\/unitedwaysem.org\/?s={search_term_string}\"},\"query-input\":{\"@type\":\"PropertyValueSpecification\",\"valueRequired\":true,\"valueName\":\"search_term_string\"}}],\"inLanguage\":\"es\"},{\"@type\":\"Organization\",\"@id\":\"https:\/\/unitedwaysem.org\/#organization\",\"name\":\"United Way for Southeastern Michigan\",\"url\":\"https:\/\/unitedwaysem.org\/\",\"logo\":{\"@type\":\"ImageObject\",\"inLanguage\":\"es\",\"@id\":\"https:\/\/unitedwaysem.org\/#\/schema\/logo\/image\/\",\"url\":\"https:\/\/unitedwaysem.org\/wp-content\/uploads\/2024\/12\/uwsem-logo.png\",\"contentUrl\":\"https:\/\/unitedwaysem.org\/wp-content\/uploads\/2024\/12\/uwsem-logo.png\",\"width\":768,\"height\":768,\"caption\":\"United Way for Southeastern Michigan\"},\"image\":{\"@id\":\"https:\/\/unitedwaysem.org\/#\/schema\/logo\/image\/\"}}]}<\/script>\n<!-- \/ Yoast SEO plugin. -->","yoast_head_json":{"title":"P\u00e1gina de confirmaci\u00f3n de asistencia al D\u00eda de la Educaci\u00f3n Profesional para J\u00f3venes - United Way for Southeastern Michigan","description":"\u00a1Acomp\u00e1\u00f1enos el s\u00e1bado 25 de abril en el D\u00eda de la Educaci\u00f3n Profesional para J\u00f3venes! Este evento ayuda a los j\u00f3venes de entre 13 y 19 a\u00f1os y a sus padres a explorar las profesiones cualificadas como opci\u00f3n profesional.\u00a0","robots":{"index":"index","follow":"follow","max-snippet":"max-snippet:-1","max-image-preview":"max-image-preview:large","max-video-preview":"max-video-preview:-1"},"canonical":"https:\/\/unitedwaysem.org\/es\/about-us\/youth-skilled-trades-education-day-rsvp-page\/","og_locale":"es_MX","og_type":"article","og_title":"Youth Skilled Trades Education Day RSVP page - United Way for Southeastern Michigan","og_description":"Join us Saturday, April 25, for Youth Skilled Trades Education Day! This event helps youth between the ages of 13 and 19 and their parents explore skilled trades as a career option.\u00a0","og_url":"https:\/\/unitedwaysem.org\/es\/about-us\/youth-skilled-trades-education-day-rsvp-page\/","og_site_name":"United Way for Southeastern Michigan","article_modified_time":"2026-02-19T17:18:43+00:00","og_image":[{"width":1200,"height":630,"url":"https:\/\/unitedwaysem.org\/wp-content\/uploads\/2025\/01\/uwsem-share-image-v2.jpg","type":"image\/jpeg"}],"twitter_card":"summary_large_image","twitter_misc":{"Tiempo de lectura":"1 minuto"},"schema":{"@context":"https:\/\/schema.org","@graph":[{"@type":"WebPage","@id":"https:\/\/unitedwaysem.org\/about-us\/youth-skilled-trades-education-day-rsvp-page\/","url":"https:\/\/unitedwaysem.org\/about-us\/youth-skilled-trades-education-day-rsvp-page\/","name":"P\u00e1gina de confirmaci\u00f3n de asistencia al D\u00eda de la Educaci\u00f3n Profesional para J\u00f3venes - United Way for Southeastern Michigan","isPartOf":{"@id":"https:\/\/unitedwaysem.org\/#website"},"datePublished":"2026-02-11T15:42:49+00:00","dateModified":"2026-02-19T17:18:43+00:00","description":"\u00a1Acomp\u00e1\u00f1enos el s\u00e1bado 25 de abril en el D\u00eda de la Educaci\u00f3n Profesional para J\u00f3venes! Este evento ayuda a los j\u00f3venes de entre 13 y 19 a\u00f1os y a sus padres a explorar las profesiones cualificadas como opci\u00f3n profesional.\u00a0","breadcrumb":{"@id":"https:\/\/unitedwaysem.org\/about-us\/youth-skilled-trades-education-day-rsvp-page\/#breadcrumb"},"inLanguage":"es","potentialAction":[{"@type":"ReadAction","target":["https:\/\/unitedwaysem.org\/about-us\/youth-skilled-trades-education-day-rsvp-page\/"]}]},{"@type":"BreadcrumbList","@id":"https:\/\/unitedwaysem.org\/about-us\/youth-skilled-trades-education-day-rsvp-page\/#breadcrumb","itemListElement":[{"@type":"ListItem","position":1,"name":"Home","item":"https:\/\/unitedwaysem.org\/"},{"@type":"ListItem","position":2,"name":"About Us","item":"https:\/\/unitedwaysem.org\/about-us\/"},{"@type":"ListItem","position":3,"name":"Youth Skilled Trades Education Day RSVP page"}]},{"@type":"WebSite","@id":"https:\/\/unitedwaysem.org\/#website","url":"https:\/\/unitedwaysem.org\/","name":"United Way para el sureste de Michigan","description":"","publisher":{"@id":"https:\/\/unitedwaysem.org\/#organization"},"potentialAction":[{"@type":"SearchAction","target":{"@type":"EntryPoint","urlTemplate":"https:\/\/unitedwaysem.org\/?s={search_term_string}"},"query-input":{"@type":"PropertyValueSpecification","valueRequired":true,"valueName":"search_term_string"}}],"inLanguage":"es"},{"@type":"Organization","@id":"https:\/\/unitedwaysem.org\/#organization","name":"United Way para el sureste de Michigan","url":"https:\/\/unitedwaysem.org\/","logo":{"@type":"ImageObject","inLanguage":"es","@id":"https:\/\/unitedwaysem.org\/#\/schema\/logo\/image\/","url":"https:\/\/unitedwaysem.org\/wp-content\/uploads\/2024\/12\/uwsem-logo.png","contentUrl":"https:\/\/unitedwaysem.org\/wp-content\/uploads\/2024\/12\/uwsem-logo.png","width":768,"height":768,"caption":"United Way for Southeastern Michigan"},"image":{"@id":"https:\/\/unitedwaysem.org\/#\/schema\/logo\/image\/"}}]}},"_links":{"self":[{"href":"https:\/\/unitedwaysem.org\/es\/wp-json\/wp\/v2\/pages\/7005","targetHints":{"allow":["GET"]}}],"collection":[{"href":"https:\/\/unitedwaysem.org\/es\/wp-json\/wp\/v2\/pages"}],"about":[{"href":"https:\/\/unitedwaysem.org\/es\/wp-json\/wp\/v2\/types\/page"}],"author":[{"embeddable":true,"href":"https:\/\/unitedwaysem.org\/es\/wp-json\/wp\/v2\/users\/11"}],"replies":[{"embeddable":true,"href":"https:\/\/unitedwaysem.org\/es\/wp-json\/wp\/v2\/comments?post=7005"}],"version-history":[{"count":1,"href":"https:\/\/unitedwaysem.org\/es\/wp-json\/wp\/v2\/pages\/7005\/revisions"}],"predecessor-version":[{"id":7145,"href":"https:\/\/unitedwaysem.org\/es\/wp-json\/wp\/v2\/pages\/7005\/revisions\/7145"}],"up":[{"embeddable":true,"href":"https:\/\/unitedwaysem.org\/es\/wp-json\/wp\/v2\/pages\/683"}],"wp:attachment":[{"href":"https:\/\/unitedwaysem.org\/es\/wp-json\/wp\/v2\/media?parent=7005"}],"curies":[{"name":"wp","href":"https:\/\/api.w.org\/{rel}","templated":true}]}}