{"id":6984,"date":"2026-02-09T16:05:09","date_gmt":"2026-02-09T21:05:09","guid":{"rendered":"https:\/\/unitedwaysem.org\/?page_id=6984"},"modified":"2026-02-09T16:58:06","modified_gmt":"2026-02-09T21:58:06","slug":"ann-arbor-ceo-fireside-chat","status":"publish","type":"page","link":"https:\/\/unitedwaysem.org\/es\/ann-arbor-ceo-fireside-chat\/","title":{"rendered":"Charla informal con los directores generales conjuntos"},"content":{"rendered":"","protected":false},"excerpt":{"rendered":"","protected":false},"author":11,"featured_media":0,"parent":0,"menu_order":0,"comment_status":"closed","ping_status":"closed","template":"","meta":{"_acf_changed":true,"_relevanssi_hide_post":"","_relevanssi_hide_content":"","_relevanssi_pin_for_all":"","_relevanssi_pin_keywords":"","_relevanssi_unpin_keywords":"","_relevanssi_related_keywords":"","_relevanssi_related_include_ids":"","_relevanssi_related_exclude_ids":"","_relevanssi_related_no_append":"","_relevanssi_related_not_related":"","_relevanssi_related_posts":"","_relevanssi_noindex_reason":""},"class_list":["post-6984","page","type-page","status-publish","hentry"],"acf":{"page_layout":[{"acf_fc_layout":"layout_usm_action_form","_acfe_flexible_toggle":null,"component_usm_action_form":{"":null,"heading":"Joint CEO Fireside Chat RSVP","description":"Acomp\u00e1\u00f1enos el mi\u00e9rcoles 4 de marzo a las 9 a. m. para una charla privada conjunta entre la Dra. Darienne Hudson, presidenta y directora ejecutiva de United Way for Southeastern Michigan, y Shannon Polk, presidenta y directora ejecutiva de la Ann Arbor Area Community Foundation. Las directoras ejecutivas discutir\u00e1n los desaf\u00edos actuales en el condado de Washtenaw.\n\nEl evento se llevar\u00e1 a cabo en el Washtenaw Resource Learning Center, ubicado en 4135 Washtenaw Ave. en Ann Arbor.\n\nPor favor, ingrese sus datos para confirmar su asistencia. \u00a1Esperamos verle all\u00ed!","image":"","form_html":"<iframe src=\"https:\/\/analytics.clickdimensions.com\/liveunitedsemorg-asyem\/pages\/nax8twx6efgrwwad2lcc6g.html?PageId=4f7c0c9cfa05f111915b001dd8b71cea\" allowtransparency=\"true\" width=\"100%\" height=\"900px\" type=\"text\/html\" frameborder=\"0\" scrolling=\"no\"> style=\"border:0\"><\/iframe>"}}]},"yoast_head":"<!-- This site is optimized with the Yoast SEO plugin v26.8 - https:\/\/yoast.com\/product\/yoast-seo-wordpress\/ -->\n<title>Joint CEO fireside chat - United Way for Southeastern Michigan<\/title>\n<meta name=\"description\" content=\"Join us for a CEO fireside chat. United Way for Southeastern Michigan President and CEO Dr. Darienne Hudson and Ann Arbor Area Community Foundation President and CEO Shannon Polk will discuss ongoing challenges in Washtenaw County.\u00a0\" \/>\n<meta name=\"robots\" content=\"index, follow, max-snippet:-1, max-image-preview:large, max-video-preview:-1\" \/>\n<link rel=\"canonical\" href=\"https:\/\/unitedwaysem.org\/es\/ann-arbor-ceo-fireside-chat\/\" \/>\n<meta property=\"og:locale\" content=\"es_MX\" \/>\n<meta property=\"og:type\" content=\"article\" \/>\n<meta property=\"og:title\" content=\"Joint CEO fireside chat - United Way for Southeastern Michigan\" \/>\n<meta property=\"og:description\" content=\"Join us for a CEO fireside chat. United Way for Southeastern Michigan President and CEO Dr. Darienne Hudson and Ann Arbor Area Community Foundation President and CEO Shannon Polk will discuss ongoing challenges in Washtenaw County.\u00a0\" \/>\n<meta property=\"og:url\" content=\"https:\/\/unitedwaysem.org\/es\/ann-arbor-ceo-fireside-chat\/\" \/>\n<meta property=\"og:site_name\" content=\"United Way for Southeastern Michigan\" \/>\n<meta property=\"article:modified_time\" content=\"2026-02-09T21:58:06+00:00\" \/>\n<meta property=\"og:image\" content=\"https:\/\/unitedwaysem.org\/wp-content\/uploads\/2025\/01\/uwsem-share-image-v2.jpg\" \/>\n\t<meta property=\"og:image:width\" content=\"1200\" \/>\n\t<meta property=\"og:image:height\" content=\"630\" \/>\n\t<meta property=\"og:image:type\" content=\"image\/jpeg\" \/>\n<meta name=\"twitter:card\" content=\"summary_large_image\" \/>\n<meta name=\"twitter:label1\" content=\"Tiempo de lectura\" \/>\n\t<meta name=\"twitter:data1\" content=\"1 minuto\" \/>\n<script type=\"application\/ld+json\" class=\"yoast-schema-graph\">{\"@context\":\"https:\/\/schema.org\",\"@graph\":[{\"@type\":\"WebPage\",\"@id\":\"https:\/\/unitedwaysem.org\/ann-arbor-ceo-fireside-chat\/\",\"url\":\"https:\/\/unitedwaysem.org\/ann-arbor-ceo-fireside-chat\/\",\"name\":\"Joint CEO fireside chat - United Way for Southeastern Michigan\",\"isPartOf\":{\"@id\":\"https:\/\/unitedwaysem.org\/#website\"},\"datePublished\":\"2026-02-09T21:05:09+00:00\",\"dateModified\":\"2026-02-09T21:58:06+00:00\",\"description\":\"Join us for a CEO fireside chat. United Way for Southeastern Michigan President and CEO Dr. Darienne Hudson and Ann Arbor Area Community Foundation President and CEO Shannon Polk will discuss ongoing challenges in Washtenaw County.\u00a0\",\"breadcrumb\":{\"@id\":\"https:\/\/unitedwaysem.org\/ann-arbor-ceo-fireside-chat\/#breadcrumb\"},\"inLanguage\":\"es\",\"potentialAction\":[{\"@type\":\"ReadAction\",\"target\":[\"https:\/\/unitedwaysem.org\/ann-arbor-ceo-fireside-chat\/\"]}]},{\"@type\":\"BreadcrumbList\",\"@id\":\"https:\/\/unitedwaysem.org\/ann-arbor-ceo-fireside-chat\/#breadcrumb\",\"itemListElement\":[{\"@type\":\"ListItem\",\"position\":1,\"name\":\"Home\",\"item\":\"https:\/\/unitedwaysem.org\/\"},{\"@type\":\"ListItem\",\"position\":2,\"name\":\"Joint CEO fireside chat\"}]},{\"@type\":\"WebSite\",\"@id\":\"https:\/\/unitedwaysem.org\/#website\",\"url\":\"https:\/\/unitedwaysem.org\/\",\"name\":\"United Way for Southeastern Michigan\",\"description\":\"\",\"publisher\":{\"@id\":\"https:\/\/unitedwaysem.org\/#organization\"},\"potentialAction\":[{\"@type\":\"SearchAction\",\"target\":{\"@type\":\"EntryPoint\",\"urlTemplate\":\"https:\/\/unitedwaysem.org\/?s={search_term_string}\"},\"query-input\":{\"@type\":\"PropertyValueSpecification\",\"valueRequired\":true,\"valueName\":\"search_term_string\"}}],\"inLanguage\":\"es\"},{\"@type\":\"Organization\",\"@id\":\"https:\/\/unitedwaysem.org\/#organization\",\"name\":\"United Way for Southeastern Michigan\",\"url\":\"https:\/\/unitedwaysem.org\/\",\"logo\":{\"@type\":\"ImageObject\",\"inLanguage\":\"es\",\"@id\":\"https:\/\/unitedwaysem.org\/#\/schema\/logo\/image\/\",\"url\":\"https:\/\/unitedwaysem.org\/wp-content\/uploads\/2024\/12\/uwsem-logo.png\",\"contentUrl\":\"https:\/\/unitedwaysem.org\/wp-content\/uploads\/2024\/12\/uwsem-logo.png\",\"width\":768,\"height\":768,\"caption\":\"United Way for Southeastern Michigan\"},\"image\":{\"@id\":\"https:\/\/unitedwaysem.org\/#\/schema\/logo\/image\/\"}}]}<\/script>\n<!-- \/ Yoast SEO plugin. -->","yoast_head_json":{"title":"Charla informal con los directores generales conjuntos - United Way para el sureste de Michigan","description":"\u00danase a nosotros para una charla informal con los directores generales. La Dra. Darienne Hudson, presidenta y directora general de United Way for Southeastern Michigan, y Shannon Polk, presidenta y directora general de Ann Arbor Area Community Foundation, hablar\u00e1n sobre los retos actuales en el condado de Washtenaw.\u00a0","robots":{"index":"index","follow":"follow","max-snippet":"max-snippet:-1","max-image-preview":"max-image-preview:large","max-video-preview":"max-video-preview:-1"},"canonical":"https:\/\/unitedwaysem.org\/es\/ann-arbor-ceo-fireside-chat\/","og_locale":"es_MX","og_type":"article","og_title":"Joint CEO fireside chat - United Way for Southeastern Michigan","og_description":"Join us for a CEO fireside chat. United Way for Southeastern Michigan President and CEO Dr. Darienne Hudson and Ann Arbor Area Community Foundation President and CEO Shannon Polk will discuss ongoing challenges in Washtenaw County.\u00a0","og_url":"https:\/\/unitedwaysem.org\/es\/ann-arbor-ceo-fireside-chat\/","og_site_name":"United Way for Southeastern Michigan","article_modified_time":"2026-02-09T21:58:06+00:00","og_image":[{"width":1200,"height":630,"url":"https:\/\/unitedwaysem.org\/wp-content\/uploads\/2025\/01\/uwsem-share-image-v2.jpg","type":"image\/jpeg"}],"twitter_card":"summary_large_image","twitter_misc":{"Tiempo de lectura":"1 minuto"},"schema":{"@context":"https:\/\/schema.org","@graph":[{"@type":"WebPage","@id":"https:\/\/unitedwaysem.org\/ann-arbor-ceo-fireside-chat\/","url":"https:\/\/unitedwaysem.org\/ann-arbor-ceo-fireside-chat\/","name":"Charla informal con los directores generales conjuntos - United Way para el sureste de Michigan","isPartOf":{"@id":"https:\/\/unitedwaysem.org\/#website"},"datePublished":"2026-02-09T21:05:09+00:00","dateModified":"2026-02-09T21:58:06+00:00","description":"\u00danase a nosotros para una charla informal con los directores generales. La Dra. Darienne Hudson, presidenta y directora general de United Way for Southeastern Michigan, y Shannon Polk, presidenta y directora general de Ann Arbor Area Community Foundation, hablar\u00e1n sobre los retos actuales en el condado de Washtenaw.\u00a0","breadcrumb":{"@id":"https:\/\/unitedwaysem.org\/ann-arbor-ceo-fireside-chat\/#breadcrumb"},"inLanguage":"es","potentialAction":[{"@type":"ReadAction","target":["https:\/\/unitedwaysem.org\/ann-arbor-ceo-fireside-chat\/"]}]},{"@type":"BreadcrumbList","@id":"https:\/\/unitedwaysem.org\/ann-arbor-ceo-fireside-chat\/#breadcrumb","itemListElement":[{"@type":"ListItem","position":1,"name":"Home","item":"https:\/\/unitedwaysem.org\/"},{"@type":"ListItem","position":2,"name":"Joint CEO fireside chat"}]},{"@type":"WebSite","@id":"https:\/\/unitedwaysem.org\/#website","url":"https:\/\/unitedwaysem.org\/","name":"United Way para el sureste de Michigan","description":"","publisher":{"@id":"https:\/\/unitedwaysem.org\/#organization"},"potentialAction":[{"@type":"SearchAction","target":{"@type":"EntryPoint","urlTemplate":"https:\/\/unitedwaysem.org\/?s={search_term_string}"},"query-input":{"@type":"PropertyValueSpecification","valueRequired":true,"valueName":"search_term_string"}}],"inLanguage":"es"},{"@type":"Organization","@id":"https:\/\/unitedwaysem.org\/#organization","name":"United Way para el sureste de Michigan","url":"https:\/\/unitedwaysem.org\/","logo":{"@type":"ImageObject","inLanguage":"es","@id":"https:\/\/unitedwaysem.org\/#\/schema\/logo\/image\/","url":"https:\/\/unitedwaysem.org\/wp-content\/uploads\/2024\/12\/uwsem-logo.png","contentUrl":"https:\/\/unitedwaysem.org\/wp-content\/uploads\/2024\/12\/uwsem-logo.png","width":768,"height":768,"caption":"United Way for Southeastern Michigan"},"image":{"@id":"https:\/\/unitedwaysem.org\/#\/schema\/logo\/image\/"}}]}},"_links":{"self":[{"href":"https:\/\/unitedwaysem.org\/es\/wp-json\/wp\/v2\/pages\/6984","targetHints":{"allow":["GET"]}}],"collection":[{"href":"https:\/\/unitedwaysem.org\/es\/wp-json\/wp\/v2\/pages"}],"about":[{"href":"https:\/\/unitedwaysem.org\/es\/wp-json\/wp\/v2\/types\/page"}],"author":[{"embeddable":true,"href":"https:\/\/unitedwaysem.org\/es\/wp-json\/wp\/v2\/users\/11"}],"replies":[{"embeddable":true,"href":"https:\/\/unitedwaysem.org\/es\/wp-json\/wp\/v2\/comments?post=6984"}],"version-history":[{"count":5,"href":"https:\/\/unitedwaysem.org\/es\/wp-json\/wp\/v2\/pages\/6984\/revisions"}],"predecessor-version":[{"id":6991,"href":"https:\/\/unitedwaysem.org\/es\/wp-json\/wp\/v2\/pages\/6984\/revisions\/6991"}],"wp:attachment":[{"href":"https:\/\/unitedwaysem.org\/es\/wp-json\/wp\/v2\/media?parent=6984"}],"curies":[{"name":"wp","href":"https:\/\/api.w.org\/{rel}","templated":true}]}}