{"id":6615,"date":"2026-01-15T16:42:27","date_gmt":"2026-01-15T21:42:27","guid":{"rendered":"https:\/\/unitedwaysem.org\/?page_id=6615"},"modified":"2026-01-16T14:04:57","modified_gmt":"2026-01-16T19:04:57","slug":"learn-about-bequests","status":"publish","type":"page","link":"https:\/\/unitedwaysem.org\/es\/ways-to-give\/planned-giving\/learn-about-bequests\/","title":{"rendered":"M\u00e1s informaci\u00f3n sobre los legados"},"content":{"rendered":"","protected":false},"excerpt":{"rendered":"","protected":false},"author":21,"featured_media":0,"parent":6350,"menu_order":0,"comment_status":"closed","ping_status":"closed","template":"","meta":{"_acf_changed":false,"_relevanssi_hide_post":"","_relevanssi_hide_content":"","_relevanssi_pin_for_all":"","_relevanssi_pin_keywords":"","_relevanssi_unpin_keywords":"","_relevanssi_related_keywords":"","_relevanssi_related_include_ids":"","_relevanssi_related_exclude_ids":"","_relevanssi_related_no_append":"","_relevanssi_related_not_related":"","_relevanssi_related_posts":"","_relevanssi_noindex_reason":""},"class_list":["post-6615","page","type-page","status-publish","hentry"],"acf":{"page_layout":[{"acf_fc_layout":"layout_hero","_acfe_flexible_toggle":null,"component_hero":{"kicker_text":"","heading":"What is a bequest? ","summary":"A bequest is one of the easiest gifts to make. With the help of an attorney, you can include language in your will or trust specifying a gift to be made to family, friends or United Way as part of your estate plan.","image":"","cta":{"title":"Contact us to learn more or get started","url":"https:\/\/unitedwaysem.org\/ways-to-give\/planned-giving\/planned-giving-contact-form\/","target":"_blank"},"bubble":""}},{"acf_fc_layout":"layout_wysiwyg","_acfe_flexible_toggle":null,"component_wysiwyg":{"content":"<h2>Las ventajas de hacer un legado<\/h2>\r\n<ul>\r\n \t<li>Deje un legado duradero.<\/li>\r\n \t<li>La deducci\u00f3n caritativa del impuesto sobre el patrimonio podr\u00eda traducirse en una herencia mayor para sus herederos.<\/li>\r\n \t<li>Durante su vida, siga utilizando la propiedad que dejar\u00e1 a la organizaci\u00f3n ben\u00e9fica.<\/li>\r\n<\/ul>\r\n<h2>Opciones de legado<\/h2>\r\nHay varias formas de hacer un legado a United Way Worldwide.\r\n\r\n<strong>Legado espec\u00edfico<\/strong>. Done un activo espec\u00edfico, como un inmueble, un autom\u00f3vil, otra propiedad o un regalo por un monto espec\u00edfico en d\u00f3lares.\r\n\r\n<strong>Porcentaje de legado<\/strong>.Deje un porcentaje espec\u00edfico de su patrimonio total a una organizaci\u00f3n ben\u00e9fica.\r\n\r\n<strong>Legado residual<\/strong>.\u202fEl legado residual com\u00fan, que se realiza a partir del saldo de un patrimonio despu\u00e9s de que el testamento o fideicomiso haya distribuido cada uno de los legados espec\u00edficos, consiste en dejar un porcentaje del remanente del patrimonio a una organizaci\u00f3n ben\u00e9fica.\r\n\r\n<strong>Legado contingente<\/strong>. Solo se ejecutar\u00e1 si no se puede cumplir el prop\u00f3sito del legado principal. Por ejemplo, usted podr\u00eda dejar una propiedad espec\u00edfica, como una casa de vacaciones, a un familiar, pero el texto del legado podr\u00eda estipular que, si el familiar no est\u00e1 vivo en el momento de su fallecimiento, la casa de vacaciones pasar\u00e1 a manos de United Way.","":null,"settings":""}},{"acf_fc_layout":"layout_footer_promo","_acfe_flexible_toggle":null,"component_footer_promo":{"title":"P\u00f3ngase en contacto con nosotros para obtener m\u00e1s informaci\u00f3n o empezar.","abstract":"Learn more or notify United Way of your decision to include United Way for Southeastern Michigan in your will or trust.","buttons":[{"button":{"title":"Email Us","url":"mailto:Emily.Remington@UnitedWaySEM.org","target":"_blank"}},{"button":{"title":"Fill out our form","url":"https:\/\/unitedwaysem.org\/ways-to-give\/planned-giving\/planned-giving-contact-form\/","target":"_blank"}}]}}]},"yoast_head":"<!-- This site is optimized with the Yoast SEO plugin v26.8 - https:\/\/yoast.com\/product\/yoast-seo-wordpress\/ -->\n<title>Learn About Bequests - United Way for Southeastern Michigan<\/title>\n<meta name=\"description\" content=\"A bequest is one of the easiest gifts to make. Include language in your will or trust specifying a gift to be made to United Way.\" \/>\n<meta name=\"robots\" content=\"index, follow, max-snippet:-1, max-image-preview:large, max-video-preview:-1\" \/>\n<link rel=\"canonical\" href=\"https:\/\/unitedwaysem.org\/es\/ways-to-give\/planned-giving\/learn-about-bequests\/\" \/>\n<meta property=\"og:locale\" content=\"es_MX\" \/>\n<meta property=\"og:type\" content=\"article\" \/>\n<meta property=\"og:title\" content=\"Learn About Bequests - United Way for Southeastern Michigan\" \/>\n<meta property=\"og:description\" content=\"A bequest is one of the easiest gifts to make. Include language in your will or trust specifying a gift to be made to United Way.\" \/>\n<meta property=\"og:url\" content=\"https:\/\/unitedwaysem.org\/es\/ways-to-give\/planned-giving\/learn-about-bequests\/\" \/>\n<meta property=\"og:site_name\" content=\"United Way for Southeastern Michigan\" \/>\n<meta property=\"article:modified_time\" content=\"2026-01-16T19:04:57+00:00\" \/>\n<meta property=\"og:image\" content=\"https:\/\/unitedwaysem.org\/wp-content\/uploads\/2025\/01\/uwsem-share-image-v2.jpg\" \/>\n\t<meta property=\"og:image:width\" content=\"1200\" \/>\n\t<meta property=\"og:image:height\" content=\"630\" \/>\n\t<meta property=\"og:image:type\" content=\"image\/jpeg\" \/>\n<meta name=\"twitter:card\" content=\"summary_large_image\" \/>\n<meta name=\"twitter:label1\" content=\"Tiempo de lectura\" \/>\n\t<meta name=\"twitter:data1\" content=\"2 minutos\" \/>\n<script type=\"application\/ld+json\" class=\"yoast-schema-graph\">{\"@context\":\"https:\/\/schema.org\",\"@graph\":[{\"@type\":\"WebPage\",\"@id\":\"https:\/\/unitedwaysem.org\/ways-to-give\/planned-giving\/learn-about-bequests\/\",\"url\":\"https:\/\/unitedwaysem.org\/ways-to-give\/planned-giving\/learn-about-bequests\/\",\"name\":\"Learn About Bequests - United Way for Southeastern Michigan\",\"isPartOf\":{\"@id\":\"https:\/\/unitedwaysem.org\/#website\"},\"datePublished\":\"2026-01-15T21:42:27+00:00\",\"dateModified\":\"2026-01-16T19:04:57+00:00\",\"description\":\"A bequest is one of the easiest gifts to make. Include language in your will or trust specifying a gift to be made to United Way.\",\"breadcrumb\":{\"@id\":\"https:\/\/unitedwaysem.org\/ways-to-give\/planned-giving\/learn-about-bequests\/#breadcrumb\"},\"inLanguage\":\"es\",\"potentialAction\":[{\"@type\":\"ReadAction\",\"target\":[\"https:\/\/unitedwaysem.org\/ways-to-give\/planned-giving\/learn-about-bequests\/\"]}]},{\"@type\":\"BreadcrumbList\",\"@id\":\"https:\/\/unitedwaysem.org\/ways-to-give\/planned-giving\/learn-about-bequests\/#breadcrumb\",\"itemListElement\":[{\"@type\":\"ListItem\",\"position\":1,\"name\":\"Home\",\"item\":\"https:\/\/unitedwaysem.org\/\"},{\"@type\":\"ListItem\",\"position\":2,\"name\":\"Ways to Give\",\"item\":\"https:\/\/unitedwaysem.org\/ways-to-give\/\"},{\"@type\":\"ListItem\",\"position\":3,\"name\":\"Planned Giving\",\"item\":\"https:\/\/unitedwaysem.org\/ways-to-give\/planned-giving\/\"},{\"@type\":\"ListItem\",\"position\":4,\"name\":\"Learn About Bequests\"}]},{\"@type\":\"WebSite\",\"@id\":\"https:\/\/unitedwaysem.org\/#website\",\"url\":\"https:\/\/unitedwaysem.org\/\",\"name\":\"United Way for Southeastern Michigan\",\"description\":\"\",\"publisher\":{\"@id\":\"https:\/\/unitedwaysem.org\/#organization\"},\"potentialAction\":[{\"@type\":\"SearchAction\",\"target\":{\"@type\":\"EntryPoint\",\"urlTemplate\":\"https:\/\/unitedwaysem.org\/?s={search_term_string}\"},\"query-input\":{\"@type\":\"PropertyValueSpecification\",\"valueRequired\":true,\"valueName\":\"search_term_string\"}}],\"inLanguage\":\"es\"},{\"@type\":\"Organization\",\"@id\":\"https:\/\/unitedwaysem.org\/#organization\",\"name\":\"United Way for Southeastern Michigan\",\"url\":\"https:\/\/unitedwaysem.org\/\",\"logo\":{\"@type\":\"ImageObject\",\"inLanguage\":\"es\",\"@id\":\"https:\/\/unitedwaysem.org\/#\/schema\/logo\/image\/\",\"url\":\"https:\/\/unitedwaysem.org\/wp-content\/uploads\/2024\/12\/uwsem-logo.png\",\"contentUrl\":\"https:\/\/unitedwaysem.org\/wp-content\/uploads\/2024\/12\/uwsem-logo.png\",\"width\":768,\"height\":768,\"caption\":\"United Way for Southeastern Michigan\"},\"image\":{\"@id\":\"https:\/\/unitedwaysem.org\/#\/schema\/logo\/image\/\"}}]}<\/script>\n<!-- \/ Yoast SEO plugin. -->","yoast_head_json":{"title":"M\u00e1s informaci\u00f3n sobre los legados - United Way for Southeastern Michigan","description":"Un legado es una de las donaciones m\u00e1s f\u00e1ciles de hacer. Incluya una cl\u00e1usula en su testamento o fideicomiso especificando que se haga una donaci\u00f3n a United Way.","robots":{"index":"index","follow":"follow","max-snippet":"max-snippet:-1","max-image-preview":"max-image-preview:large","max-video-preview":"max-video-preview:-1"},"canonical":"https:\/\/unitedwaysem.org\/es\/ways-to-give\/planned-giving\/learn-about-bequests\/","og_locale":"es_MX","og_type":"article","og_title":"Learn About Bequests - United Way for Southeastern Michigan","og_description":"A bequest is one of the easiest gifts to make. Include language in your will or trust specifying a gift to be made to United Way.","og_url":"https:\/\/unitedwaysem.org\/es\/ways-to-give\/planned-giving\/learn-about-bequests\/","og_site_name":"United Way for Southeastern Michigan","article_modified_time":"2026-01-16T19:04:57+00:00","og_image":[{"width":1200,"height":630,"url":"https:\/\/unitedwaysem.org\/wp-content\/uploads\/2025\/01\/uwsem-share-image-v2.jpg","type":"image\/jpeg"}],"twitter_card":"summary_large_image","twitter_misc":{"Tiempo de lectura":"2 minutos"},"schema":{"@context":"https:\/\/schema.org","@graph":[{"@type":"WebPage","@id":"https:\/\/unitedwaysem.org\/ways-to-give\/planned-giving\/learn-about-bequests\/","url":"https:\/\/unitedwaysem.org\/ways-to-give\/planned-giving\/learn-about-bequests\/","name":"M\u00e1s informaci\u00f3n sobre los legados - United Way for Southeastern Michigan","isPartOf":{"@id":"https:\/\/unitedwaysem.org\/#website"},"datePublished":"2026-01-15T21:42:27+00:00","dateModified":"2026-01-16T19:04:57+00:00","description":"Un legado es una de las donaciones m\u00e1s f\u00e1ciles de hacer. Incluya una cl\u00e1usula en su testamento o fideicomiso especificando que se haga una donaci\u00f3n a United Way.","breadcrumb":{"@id":"https:\/\/unitedwaysem.org\/ways-to-give\/planned-giving\/learn-about-bequests\/#breadcrumb"},"inLanguage":"es","potentialAction":[{"@type":"ReadAction","target":["https:\/\/unitedwaysem.org\/ways-to-give\/planned-giving\/learn-about-bequests\/"]}]},{"@type":"BreadcrumbList","@id":"https:\/\/unitedwaysem.org\/ways-to-give\/planned-giving\/learn-about-bequests\/#breadcrumb","itemListElement":[{"@type":"ListItem","position":1,"name":"Home","item":"https:\/\/unitedwaysem.org\/"},{"@type":"ListItem","position":2,"name":"Ways to Give","item":"https:\/\/unitedwaysem.org\/ways-to-give\/"},{"@type":"ListItem","position":3,"name":"Planned Giving","item":"https:\/\/unitedwaysem.org\/ways-to-give\/planned-giving\/"},{"@type":"ListItem","position":4,"name":"Learn About Bequests"}]},{"@type":"WebSite","@id":"https:\/\/unitedwaysem.org\/#website","url":"https:\/\/unitedwaysem.org\/","name":"United Way para el sureste de Michigan","description":"","publisher":{"@id":"https:\/\/unitedwaysem.org\/#organization"},"potentialAction":[{"@type":"SearchAction","target":{"@type":"EntryPoint","urlTemplate":"https:\/\/unitedwaysem.org\/?s={search_term_string}"},"query-input":{"@type":"PropertyValueSpecification","valueRequired":true,"valueName":"search_term_string"}}],"inLanguage":"es"},{"@type":"Organization","@id":"https:\/\/unitedwaysem.org\/#organization","name":"United Way para el sureste de Michigan","url":"https:\/\/unitedwaysem.org\/","logo":{"@type":"ImageObject","inLanguage":"es","@id":"https:\/\/unitedwaysem.org\/#\/schema\/logo\/image\/","url":"https:\/\/unitedwaysem.org\/wp-content\/uploads\/2024\/12\/uwsem-logo.png","contentUrl":"https:\/\/unitedwaysem.org\/wp-content\/uploads\/2024\/12\/uwsem-logo.png","width":768,"height":768,"caption":"United Way for Southeastern Michigan"},"image":{"@id":"https:\/\/unitedwaysem.org\/#\/schema\/logo\/image\/"}}]}},"_links":{"self":[{"href":"https:\/\/unitedwaysem.org\/es\/wp-json\/wp\/v2\/pages\/6615","targetHints":{"allow":["GET"]}}],"collection":[{"href":"https:\/\/unitedwaysem.org\/es\/wp-json\/wp\/v2\/pages"}],"about":[{"href":"https:\/\/unitedwaysem.org\/es\/wp-json\/wp\/v2\/types\/page"}],"author":[{"embeddable":true,"href":"https:\/\/unitedwaysem.org\/es\/wp-json\/wp\/v2\/users\/21"}],"replies":[{"embeddable":true,"href":"https:\/\/unitedwaysem.org\/es\/wp-json\/wp\/v2\/comments?post=6615"}],"version-history":[{"count":0,"href":"https:\/\/unitedwaysem.org\/es\/wp-json\/wp\/v2\/pages\/6615\/revisions"}],"up":[{"embeddable":true,"href":"https:\/\/unitedwaysem.org\/es\/wp-json\/wp\/v2\/pages\/6350"}],"wp:attachment":[{"href":"https:\/\/unitedwaysem.org\/es\/wp-json\/wp\/v2\/media?parent=6615"}],"curies":[{"name":"wp","href":"https:\/\/api.w.org\/{rel}","templated":true}]}}