{"id":5009,"date":"2025-09-11T15:18:47","date_gmt":"2025-09-11T19:18:47","guid":{"rendered":"https:\/\/unitedwaysem.org\/?page_id=5009"},"modified":"2025-10-28T16:17:54","modified_gmt":"2025-10-28T20:17:54","slug":"summer-discovery-autumn-appreciation","status":"publish","type":"page","link":"https:\/\/unitedwaysem.org\/es\/summer-discovery-autumn-appreciation\/","title":{"rendered":"Summer Discovery Autumn Appreciation"},"content":{"rendered":"","protected":false},"excerpt":{"rendered":"","protected":false},"author":12,"featured_media":0,"parent":0,"menu_order":0,"comment_status":"closed","ping_status":"closed","template":"","meta":{"_acf_changed":false,"_relevanssi_hide_post":"","_relevanssi_hide_content":"","_relevanssi_pin_for_all":"","_relevanssi_pin_keywords":"","_relevanssi_unpin_keywords":"","_relevanssi_related_keywords":"","_relevanssi_related_include_ids":"","_relevanssi_related_exclude_ids":"","_relevanssi_related_no_append":"","_relevanssi_related_not_related":"","_relevanssi_related_posts":"","_relevanssi_noindex_reason":""},"class_list":["post-5009","page","type-page","status-publish","hentry","news_type-update"],"acf":{"page_layout":[{"acf_fc_layout":"layout_wysiwyg","_acfe_flexible_toggle":"","component_wysiwyg":{"content":"Gracias por su inter\u00e9s en unirse a nosotros para el evento Summer Discovery Autumn Appreciation. El plazo de inscripci\u00f3n ya ha finalizado. Si tiene alguna pregunta, env\u00ede un correo electr\u00f3nico a <a href=\"mailto:LiveUnited@LiveUnitedSEM.org\">LiveUnited@LiveUnitedSEM.org<\/a>. \u00a1Gracias por su apoyo!","":null,"settings":""}}]},"yoast_head":"<!-- This site is optimized with the Yoast SEO plugin v26.8 - https:\/\/yoast.com\/product\/yoast-seo-wordpress\/ -->\n<title>Summer Discovery Autumn Appreciation - United Way for Southeastern Michigan<\/title>\n<meta name=\"description\" content=\"Join us on Oct. 30 at Little Caesars Arena for Summer Discovery Autumn Appreciation! Please enter your details.\" \/>\n<meta name=\"robots\" content=\"index, follow, max-snippet:-1, max-image-preview:large, max-video-preview:-1\" \/>\n<link rel=\"canonical\" href=\"https:\/\/unitedwaysem.org\/es\/summer-discovery-autumn-appreciation\/\" \/>\n<meta property=\"og:locale\" content=\"es_MX\" \/>\n<meta property=\"og:type\" content=\"article\" \/>\n<meta property=\"og:title\" content=\"Summer Discovery Autumn Appreciation - United Way for Southeastern Michigan\" \/>\n<meta property=\"og:description\" content=\"Join us on Oct. 30 at Little Caesars Arena for Summer Discovery Autumn Appreciation! Please enter your details.\" \/>\n<meta property=\"og:url\" content=\"https:\/\/unitedwaysem.org\/es\/summer-discovery-autumn-appreciation\/\" \/>\n<meta property=\"og:site_name\" content=\"United Way for Southeastern Michigan\" \/>\n<meta property=\"article:modified_time\" content=\"2025-10-28T20:17:54+00:00\" \/>\n<meta property=\"og:image\" content=\"https:\/\/unitedwaysem.org\/wp-content\/uploads\/2025\/01\/uwsem-share-image-v2.jpg\" \/>\n\t<meta property=\"og:image:width\" content=\"1200\" \/>\n\t<meta property=\"og:image:height\" content=\"630\" \/>\n\t<meta property=\"og:image:type\" content=\"image\/jpeg\" \/>\n<meta name=\"twitter:card\" content=\"summary_large_image\" \/>\n<meta name=\"twitter:label1\" content=\"Tiempo de lectura\" \/>\n\t<meta name=\"twitter:data1\" content=\"1 minuto\" \/>\n<script type=\"application\/ld+json\" class=\"yoast-schema-graph\">{\"@context\":\"https:\/\/schema.org\",\"@graph\":[{\"@type\":\"WebPage\",\"@id\":\"https:\/\/unitedwaysem.org\/summer-discovery-autumn-appreciation\/\",\"url\":\"https:\/\/unitedwaysem.org\/summer-discovery-autumn-appreciation\/\",\"name\":\"Summer Discovery Autumn Appreciation - United Way for Southeastern Michigan\",\"isPartOf\":{\"@id\":\"https:\/\/unitedwaysem.org\/#website\"},\"datePublished\":\"2025-09-11T19:18:47+00:00\",\"dateModified\":\"2025-10-28T20:17:54+00:00\",\"description\":\"Join us on Oct. 30 at Little Caesars Arena for Summer Discovery Autumn Appreciation! Please enter your details.\",\"breadcrumb\":{\"@id\":\"https:\/\/unitedwaysem.org\/summer-discovery-autumn-appreciation\/#breadcrumb\"},\"inLanguage\":\"es\",\"potentialAction\":[{\"@type\":\"ReadAction\",\"target\":[\"https:\/\/unitedwaysem.org\/summer-discovery-autumn-appreciation\/\"]}]},{\"@type\":\"BreadcrumbList\",\"@id\":\"https:\/\/unitedwaysem.org\/summer-discovery-autumn-appreciation\/#breadcrumb\",\"itemListElement\":[{\"@type\":\"ListItem\",\"position\":1,\"name\":\"Home\",\"item\":\"https:\/\/unitedwaysem.org\/\"},{\"@type\":\"ListItem\",\"position\":2,\"name\":\"Summer Discovery Autumn Appreciation\"}]},{\"@type\":\"WebSite\",\"@id\":\"https:\/\/unitedwaysem.org\/#website\",\"url\":\"https:\/\/unitedwaysem.org\/\",\"name\":\"United Way for Southeastern Michigan\",\"description\":\"\",\"publisher\":{\"@id\":\"https:\/\/unitedwaysem.org\/#organization\"},\"potentialAction\":[{\"@type\":\"SearchAction\",\"target\":{\"@type\":\"EntryPoint\",\"urlTemplate\":\"https:\/\/unitedwaysem.org\/?s={search_term_string}\"},\"query-input\":{\"@type\":\"PropertyValueSpecification\",\"valueRequired\":true,\"valueName\":\"search_term_string\"}}],\"inLanguage\":\"es\"},{\"@type\":\"Organization\",\"@id\":\"https:\/\/unitedwaysem.org\/#organization\",\"name\":\"United Way for Southeastern Michigan\",\"url\":\"https:\/\/unitedwaysem.org\/\",\"logo\":{\"@type\":\"ImageObject\",\"inLanguage\":\"es\",\"@id\":\"https:\/\/unitedwaysem.org\/#\/schema\/logo\/image\/\",\"url\":\"https:\/\/unitedwaysem.org\/wp-content\/uploads\/2024\/12\/uwsem-logo.png\",\"contentUrl\":\"https:\/\/unitedwaysem.org\/wp-content\/uploads\/2024\/12\/uwsem-logo.png\",\"width\":768,\"height\":768,\"caption\":\"United Way for Southeastern Michigan\"},\"image\":{\"@id\":\"https:\/\/unitedwaysem.org\/#\/schema\/logo\/image\/\"}}]}<\/script>\n<!-- \/ Yoast SEO plugin. -->","yoast_head_json":{"title":"Summer Discovery Autumn Appreciation - United Way for Southeastern Michigan","description":"Join us on Oct. 30 at Little Caesars Arena for Summer Discovery Autumn Appreciation! Please enter your details.","robots":{"index":"index","follow":"follow","max-snippet":"max-snippet:-1","max-image-preview":"max-image-preview:large","max-video-preview":"max-video-preview:-1"},"canonical":"https:\/\/unitedwaysem.org\/es\/summer-discovery-autumn-appreciation\/","og_locale":"es_MX","og_type":"article","og_title":"Summer Discovery Autumn Appreciation - United Way for Southeastern Michigan","og_description":"Join us on Oct. 30 at Little Caesars Arena for Summer Discovery Autumn Appreciation! Please enter your details.","og_url":"https:\/\/unitedwaysem.org\/es\/summer-discovery-autumn-appreciation\/","og_site_name":"United Way for Southeastern Michigan","article_modified_time":"2025-10-28T20:17:54+00:00","og_image":[{"width":1200,"height":630,"url":"https:\/\/unitedwaysem.org\/wp-content\/uploads\/2025\/01\/uwsem-share-image-v2.jpg","type":"image\/jpeg"}],"twitter_card":"summary_large_image","twitter_misc":{"Tiempo de lectura":"1 minuto"},"schema":{"@context":"https:\/\/schema.org","@graph":[{"@type":"WebPage","@id":"https:\/\/unitedwaysem.org\/summer-discovery-autumn-appreciation\/","url":"https:\/\/unitedwaysem.org\/summer-discovery-autumn-appreciation\/","name":"Summer Discovery Autumn Appreciation - United Way for Southeastern Michigan","isPartOf":{"@id":"https:\/\/unitedwaysem.org\/#website"},"datePublished":"2025-09-11T19:18:47+00:00","dateModified":"2025-10-28T20:17:54+00:00","description":"Join us on Oct. 30 at Little Caesars Arena for Summer Discovery Autumn Appreciation! Please enter your details.","breadcrumb":{"@id":"https:\/\/unitedwaysem.org\/summer-discovery-autumn-appreciation\/#breadcrumb"},"inLanguage":"es","potentialAction":[{"@type":"ReadAction","target":["https:\/\/unitedwaysem.org\/summer-discovery-autumn-appreciation\/"]}]},{"@type":"BreadcrumbList","@id":"https:\/\/unitedwaysem.org\/summer-discovery-autumn-appreciation\/#breadcrumb","itemListElement":[{"@type":"ListItem","position":1,"name":"Home","item":"https:\/\/unitedwaysem.org\/"},{"@type":"ListItem","position":2,"name":"Summer Discovery Autumn Appreciation"}]},{"@type":"WebSite","@id":"https:\/\/unitedwaysem.org\/#website","url":"https:\/\/unitedwaysem.org\/","name":"United Way para el sureste de Michigan","description":"","publisher":{"@id":"https:\/\/unitedwaysem.org\/#organization"},"potentialAction":[{"@type":"SearchAction","target":{"@type":"EntryPoint","urlTemplate":"https:\/\/unitedwaysem.org\/?s={search_term_string}"},"query-input":{"@type":"PropertyValueSpecification","valueRequired":true,"valueName":"search_term_string"}}],"inLanguage":"es"},{"@type":"Organization","@id":"https:\/\/unitedwaysem.org\/#organization","name":"United Way para el sureste de Michigan","url":"https:\/\/unitedwaysem.org\/","logo":{"@type":"ImageObject","inLanguage":"es","@id":"https:\/\/unitedwaysem.org\/#\/schema\/logo\/image\/","url":"https:\/\/unitedwaysem.org\/wp-content\/uploads\/2024\/12\/uwsem-logo.png","contentUrl":"https:\/\/unitedwaysem.org\/wp-content\/uploads\/2024\/12\/uwsem-logo.png","width":768,"height":768,"caption":"United Way for Southeastern Michigan"},"image":{"@id":"https:\/\/unitedwaysem.org\/#\/schema\/logo\/image\/"}}]}},"_links":{"self":[{"href":"https:\/\/unitedwaysem.org\/es\/wp-json\/wp\/v2\/pages\/5009","targetHints":{"allow":["GET"]}}],"collection":[{"href":"https:\/\/unitedwaysem.org\/es\/wp-json\/wp\/v2\/pages"}],"about":[{"href":"https:\/\/unitedwaysem.org\/es\/wp-json\/wp\/v2\/types\/page"}],"author":[{"embeddable":true,"href":"https:\/\/unitedwaysem.org\/es\/wp-json\/wp\/v2\/users\/12"}],"replies":[{"embeddable":true,"href":"https:\/\/unitedwaysem.org\/es\/wp-json\/wp\/v2\/comments?post=5009"}],"version-history":[{"count":0,"href":"https:\/\/unitedwaysem.org\/es\/wp-json\/wp\/v2\/pages\/5009\/revisions"}],"wp:attachment":[{"href":"https:\/\/unitedwaysem.org\/es\/wp-json\/wp\/v2\/media?parent=5009"}],"curies":[{"name":"wp","href":"https:\/\/api.w.org\/{rel}","templated":true}]}}