{"id":4812,"date":"2025-09-03T15:53:46","date_gmt":"2025-09-03T19:53:46","guid":{"rendered":"https:\/\/unitedwaysem.org\/?page_id=4812"},"modified":"2025-09-10T11:24:35","modified_gmt":"2025-09-10T15:24:35","slug":"know-before-you-sign","status":"publish","type":"page","link":"https:\/\/unitedwaysem.org\/es\/get-involved\/advocate\/know-before-you-sign\/","title":{"rendered":"Conozca antes de firmar"},"content":{"rendered":"","protected":false},"excerpt":{"rendered":"","protected":false},"author":12,"featured_media":0,"parent":716,"menu_order":0,"comment_status":"closed","ping_status":"closed","template":"","meta":{"_acf_changed":false,"_relevanssi_hide_post":"","_relevanssi_hide_content":"","_relevanssi_pin_for_all":"","_relevanssi_pin_keywords":"","_relevanssi_unpin_keywords":"","_relevanssi_related_keywords":"","_relevanssi_related_include_ids":"","_relevanssi_related_exclude_ids":"","_relevanssi_related_no_append":"","_relevanssi_related_not_related":"","_relevanssi_related_posts":"","_relevanssi_noindex_reason":""},"class_list":["post-4812","page","type-page","status-publish","hentry"],"acf":{"page_layout":[{"acf_fc_layout":"layout_hero","_acfe_flexible_toggle":"","component_hero":{"kicker_text":"","heading":"KNOW BEFORE YOU SIGN","summary":"","image":4364,"cta":"","bubble":""}},{"acf_fc_layout":"layout_wysiwyg","_acfe_flexible_toggle":"","component_wysiwyg":{"content":"Firmar una petici\u00f3n es una excelente manera de influir directamente en nuestras comunidades. Cuando firme, tenga en cuenta estos consejos:\r\n<ol>\r\n \t<li><strong>Lea con atenci\u00f3n.<\/strong> T\u00f3mese el tiempo necesario para leer el resumen y la petici\u00f3n adjunta. Los circuladores no est\u00e1n obligados a comprender ni a representar con precisi\u00f3n su petici\u00f3n, y muchos de ellos cobran en funci\u00f3n del n\u00famero de firmas que recogen.<\/li>\r\n \t<li><strong>Investigue qui\u00e9n apoya y qui\u00e9n no.<\/strong> Puede ver los nombres de los financiadores en la parte inferior de la p\u00e1gina de la petici\u00f3n e investigar qui\u00e9nes apoyan y qui\u00e9nes se oponen a la petici\u00f3n en l\u00ednea.<\/li>\r\n \t<li><strong>Proporcione la informaci\u00f3n correcta.<\/strong> Verifique que la informaci\u00f3n que ha proporcionado, incluyendo su direcci\u00f3n y firma, coincida con su registro de votante o con la identificaci\u00f3n que utiliz\u00f3 para votar.<\/li>\r\n<\/ol>\r\n\u00bfNo est\u00e1 seguro de qu\u00e9 peticiones est\u00e1n circulando? Esto es lo que necesita saber:\r\n<ul>\r\n \t<li><a href=\"#Citizen\">Votaci\u00f3n ciudadana<\/a><\/li>\r\n \t<li><a href=\"#Rank\">Clasificaci\u00f3n Voto MI<\/a><\/li>\r\n \t<li><a href=\"#Invest\">Invierta en MI Kids<\/a><\/li>\r\n \t<li><a href=\"#AMITAX\">AXMITAX<\/a><\/li>\r\n \t<li><a href=\"#Voters\">Los votantes detendr\u00e1n los recortes salariales<\/a><\/li>\r\n \t<li><a href=\"#Michiganders\">Los habitantes de Michigan a favor de sacar el dinero de la pol\u00edtica<\/a><\/li>\r\n<\/ul>\r\n\r\n<hr style=\"border-color: #000000;\" \/>","":null,"settings":""}},{"acf_fc_layout":"layout_wysiwyg","_acfe_flexible_toggle":"","component_wysiwyg":{"content":"<h5 id=\"Citizen\">Voto ciudadano<\/h5>\r\nEstas propuestas exigir\u00edan a los votantes presentar documentos adicionales al inscribirse para votar. Tambi\u00e9n les obligar\u00edan a mostrar su identificaci\u00f3n al emitir su voto.\r\n<ul>\r\n \t<li>Los votantes tendr\u00edan que mostrar su acta de nacimiento, pasaporte u otros documentos confidenciales al registrarse para votar.<\/li>\r\n \t<li>Los ciudadanos ya no pod\u00edan utilizar sus licencias de conducir para registrarse como votantes.<\/li>\r\n \t<li>Los votantes ausentes deber\u00e1n enviar por correo su n\u00famero de licencia de conducir, una copia o el original de su identificaci\u00f3n, o los \u00faltimos cuatro d\u00edgitos de su n\u00famero de seguro social.<\/li>\r\n<\/ul>","":null,"settings":""}},{"acf_fc_layout":"layout_table","_acfe_flexible_toggle":"","component_table":{"table":{"acftf":{"v":"1.3.29"},"p":{"o":{"uh":0},"ca":""},"c":[{"p":""},{"p":""}],"h":[{"c":""},{"c":""}],"b":[[{"c":"<td style=\"vertical-align: top;\"><strong>Pros<\/strong> \n<br>\n<br>\n\u2022 The government may waive fees for people who struggle to get documents, although the legislature would decide who qualifies.<\/td>"},{"c":"<strong>Cons:<\/strong> \n<br>\n<br>\n\u2022 More red tape.<br> \n\u2022 Many rural, married women, low-income, and student voters don\u2019t have the documents these proposals would require.<br>  \n\u2022 In other states, similar policies deny thousands of citizens their right to vote.<br> \n\u2022 The proposal would discourage voters who don\u2019t want to send sensitive information in the mail from casting their ballots absentee.<br> \n\u2022 Our state constitution already requires that all registered voters be citizens, which the Secretary of State verifies."}]]},"helper_width":"bleed"}},{"acf_fc_layout":"layout_wysiwyg","_acfe_flexible_toggle":"","component_wysiwyg":{"content":"<h5 id=\"Rank\">Clasificaci\u00f3n Voto MI<\/h5>\r\nSeg\u00fan esta propuesta, Michigan utilizar\u00eda el voto por orden de preferencia en las elecciones federales y en algunas elecciones estatales.\r\n<ul>\r\n \t<li>La votaci\u00f3n por orden de preferencia es un sistema en el que los votantes clasifican a los candidatos. En primer lugar, se cuentan las primeras opciones de los votantes. Si ning\u00fan candidato obtiene una mayor\u00eda clara, se elimina al candidato con menos votos y los votos de los votantes que lo eligieron se redistribuyen a su siguiente opci\u00f3n. Este proceso se repite hasta que un candidato obtiene la mayor\u00eda.<\/li>\r\n \t<li>Los votantes utilizar\u00edan el voto por orden de preferencia en las elecciones para miembros del Congreso, presidente, gobernador, secretario de estado y fiscal general. Los votantes no clasificar\u00edan a los candidatos para la Legislatura de Michigan, y las oficinas locales podr\u00edan elegir si desean participar.<\/li>\r\n<\/ul>","":null,"settings":""}},{"acf_fc_layout":"layout_table","_acfe_flexible_toggle":"","component_table":{"table":{"acftf":{"v":"1.3.29"},"p":{"o":{"uh":0},"ca":""},"c":[{"p":""},{"p":""}],"h":[{"c":""},{"c":""}],"b":[[{"c":"<strong>Pros:<\/strong> \n<br>\n<br>\n\u2022 Supporters argue that rank choice voting gives candidates a greater incentive to attract all voters, reduce polarization and prevent \"spoiler\" candidates. "},{"c":"<strong>Cons: <\/strong>\n<br>\n<br>\n\u2022 Critics argue that rank choice voting could delay election results and potentially confuse voters. "}]]},"helper_width":"narrow"}},{"acf_fc_layout":"layout_wysiwyg","_acfe_flexible_toggle":"","component_wysiwyg":{"content":"<h5 id=\"Invest\">Invierta en MI Kids<\/h5>\r\nEsta propuesta recaudar\u00eda fondos para las escuelas mediante la aplicaci\u00f3n de un impuesto adicional del 51 % a los ingresos superiores a 500 000 pesos para las personas f\u00edsicas y a 1 mill\u00f3n de pesos para las parejas.","":null,"settings":""}},{"acf_fc_layout":"layout_table","_acfe_flexible_toggle":"","component_table":{"table":{"acftf":{"v":"1.3.29"},"p":{"o":{"uh":0},"ca":""},"c":[{"p":""},{"p":""}],"h":[{"c":""},{"c":""}],"b":[[{"c":"<strong>Pros:<\/strong> \n<br>\n<br>\n\u2022 Funding from the petition could help lower class sizes, recruit and retain teachers, fund career and technical education and improve learning environments. "},{"c":"<strong>Cons:<\/strong> \n<br>\n<br>\n\u2022 Critics argue that the proposal could limit business investment in the state, although the tax only impacts individual taxes and not business taxes. <br>\n\u2022 Some have criticized the proposal because it only benefits public schools and not charter or private schools."}]]},"helper_width":"bleed"}},{"acf_fc_layout":"layout_wysiwyg","_acfe_flexible_toggle":"","component_wysiwyg":{"content":"<h5 id=\"AMITAX\">AxMITax<\/h5>\r\nEsta propuesta eliminar\u00eda todos los impuestos sobre la propiedad en el estado y dificultar\u00eda el aumento de dichos impuestos en el futuro.\r\n<ul>\r\n \t<li>Los impuestos sobre la propiedad son una fuente importante de financiaci\u00f3n para las escuelas y los gobiernos locales; en 2024, estos impuestos recaudaron $20,4 mil millones en todo el estado.<\/li>\r\n \t<li>En el futuro, los aumentos de los impuestos locales requerir\u00e1n la aprobaci\u00f3n del 60% en lugar del 50% de los votantes.<\/li>\r\n \t<li>La propuesta obligar\u00eda al estado a enviar los ingresos procedentes del impuesto sobre las ventas a los gobiernos locales.<\/li>\r\n<\/ul>","":null,"settings":""}},{"acf_fc_layout":"layout_table","_acfe_flexible_toggle":"","component_table":{"table":{"acftf":{"v":"1.3.29"},"p":{"o":{"uh":0},"ca":""},"c":[{"p":""},{"p":""}],"h":[{"c":""},{"c":""}],"b":[[{"c":"<td style=\"vertical-align: top;\"><strong>Pros:<\/strong> \n<br>\n<br>\n\u2022 The proposal would partially make up for the local budget shortfall it would create by directing state funds to local governments. <\/td>"},{"c":"<strong>Cons:<\/strong> \n<br>\n<br>\n\u2022 Critics argue that the proposal would lead to a funding crisis, forcing local governments and schools to cut services. <br>\n\u2022 The proposal would require the state to rely more on sales taxes. Low-income people tend to spend a greater percentage of their income on sales taxes than high-income people, making these taxes regressive. "}]]},"helper_width":"narrow"}},{"acf_fc_layout":"layout_wysiwyg","_acfe_flexible_toggle":"","component_wysiwyg":{"content":"<h5 id=\"Voters\">Los votantes detendr\u00e1n los recortes salariales<\/h5>\r\nEsta propuesta derogar\u00eda una ley para que el salario m\u00ednimo de los trabajadores que reciben propinas alcance el mismo nivel que el de los trabajadores que no reciben propinas para 2030.\r\n<ul>\r\n \t<li>Actualmente, el salario m\u00ednimo en Michigan para los trabajadores que reciben propinas es de $4.74, lo que supone menos de la mitad del salario m\u00ednimo para los trabajadores que no reciben propinas.<\/li>\r\n \t<li>En 2018, un grupo llamado One Fair Wage comenz\u00f3 a circular una petici\u00f3n para eliminar el salario m\u00ednimo con propinas de Michigan. La legislatura estatal adopt\u00f3 la propuesta como ley, pero la modific\u00f3 dr\u00e1sticamente. En julio de 2024, la Suprema Corte de Justicia de Michigan dictamin\u00f3 que la t\u00e1ctica de la legislatura era inconstitucional y exigi\u00f3 que la ley entrara en vigor sin los cambios de la legislatura. En febrero de 2025, la legislatura aprob\u00f3 un paquete bipartidista para reducir la ley y mantener el salario con propinas.<\/li>\r\n \t<li>La propuesta derogar\u00eda el paquete de febrero, permitiendo que la propuesta original entrara en vigor.<\/li>\r\n<\/ul>","":null,"settings":""}},{"acf_fc_layout":"layout_table","_acfe_flexible_toggle":"","component_table":{"table":{"acftf":{"v":"1.3.29"},"p":{"o":{"uh":0},"ca":""},"c":[{"p":""},{"p":""}],"h":[{"c":""},{"c":""}],"b":[[{"c":"<strong>Pros:<\/strong>  \n<br>\n<br>\n\u2022 Relying on tips puts restaurant workers at greater risk of experiencing sexual harassment and wage theft.<br> \n\u2022 A 2015 study found that raising the tipped wage increased earnings in full-service restaurants, with an insignificant impact on jobs. "},{"c":"<td style=\"vertical-align: top;\"><strong>Cons:<\/strong> \n<br>\n<br>\n\u2022 Critics argue that eliminating the tipped minimum wage would decimate the restaurant industry and lead workers to lose their jobs (although many economists disagree).<br> \n\u2022 Tips let some servers make more than the minimum wage. <\/td>"}]]},"helper_width":"narrow"}},{"acf_fc_layout":"layout_wysiwyg","_acfe_flexible_toggle":"","component_wysiwyg":{"content":"<h5 id=\"Michiganders\">Los habitantes de Michigan a favor de sacar el dinero de la pol\u00edtica<\/h5>\r\nEsta propuesta impedir\u00eda que las empresas energ\u00e9ticas o gas\u00edsticas reguladas por el Estado con m\u00e1s de $250 000 al a\u00f1o en contratos gubernamentales realizaran donaciones pol\u00edticas.","":null,"settings":""}},{"acf_fc_layout":"layout_table","_acfe_flexible_toggle":"","component_table":{"table":{"acftf":{"v":"1.3.29"},"p":{"o":{"uh":0},"ca":""},"c":[{"p":""},{"p":""}],"h":[{"c":""},{"c":""}],"b":[[{"c":"<strong>Pros:<\/strong> \n<br>\n<br>\n\u2022 Supporters argue that the proposal would reduce corporate sway in politics. "},{"c":"<strong>Cons:<\/strong> \n<br>\n<br>\n\u2022 Some critics argue that limiting political donations from businesses restricts free speech. "}]]},"helper_width":"narrow"}}]},"yoast_head":"<!-- This site is optimized with the Yoast SEO plugin v26.8 - https:\/\/yoast.com\/product\/yoast-seo-wordpress\/ -->\n<title>Know before you sign - United Way for Southeastern Michigan<\/title>\n<meta name=\"robots\" content=\"index, follow, max-snippet:-1, max-image-preview:large, max-video-preview:-1\" \/>\n<link rel=\"canonical\" href=\"https:\/\/unitedwaysem.org\/es\/get-involved\/advocate\/know-before-you-sign\/\" \/>\n<meta property=\"og:locale\" content=\"es_MX\" \/>\n<meta property=\"og:type\" content=\"article\" \/>\n<meta property=\"og:title\" content=\"Know before you sign - United Way for Southeastern Michigan\" \/>\n<meta property=\"og:url\" content=\"https:\/\/unitedwaysem.org\/es\/get-involved\/advocate\/know-before-you-sign\/\" \/>\n<meta property=\"og:site_name\" content=\"United Way for Southeastern Michigan\" \/>\n<meta property=\"article:modified_time\" content=\"2025-09-10T15:24:35+00:00\" \/>\n<meta property=\"og:image\" content=\"https:\/\/unitedwaysem.org\/wp-content\/uploads\/2025\/01\/uwsem-share-image-v2.jpg\" \/>\n\t<meta property=\"og:image:width\" content=\"1200\" \/>\n\t<meta property=\"og:image:height\" content=\"630\" \/>\n\t<meta property=\"og:image:type\" content=\"image\/jpeg\" \/>\n<meta name=\"twitter:card\" content=\"summary_large_image\" \/>\n<meta name=\"twitter:label1\" content=\"Tiempo de lectura\" \/>\n\t<meta name=\"twitter:data1\" content=\"3 minutos\" \/>\n<script type=\"application\/ld+json\" class=\"yoast-schema-graph\">{\"@context\":\"https:\/\/schema.org\",\"@graph\":[{\"@type\":\"WebPage\",\"@id\":\"https:\/\/unitedwaysem.org\/get-involved\/advocate\/know-before-you-sign\/\",\"url\":\"https:\/\/unitedwaysem.org\/get-involved\/advocate\/know-before-you-sign\/\",\"name\":\"Know before you sign - United Way for Southeastern Michigan\",\"isPartOf\":{\"@id\":\"https:\/\/unitedwaysem.org\/#website\"},\"datePublished\":\"2025-09-03T19:53:46+00:00\",\"dateModified\":\"2025-09-10T15:24:35+00:00\",\"breadcrumb\":{\"@id\":\"https:\/\/unitedwaysem.org\/get-involved\/advocate\/know-before-you-sign\/#breadcrumb\"},\"inLanguage\":\"es\",\"potentialAction\":[{\"@type\":\"ReadAction\",\"target\":[\"https:\/\/unitedwaysem.org\/get-involved\/advocate\/know-before-you-sign\/\"]}]},{\"@type\":\"BreadcrumbList\",\"@id\":\"https:\/\/unitedwaysem.org\/get-involved\/advocate\/know-before-you-sign\/#breadcrumb\",\"itemListElement\":[{\"@type\":\"ListItem\",\"position\":1,\"name\":\"Home\",\"item\":\"https:\/\/unitedwaysem.org\/\"},{\"@type\":\"ListItem\",\"position\":2,\"name\":\"Get Involved\",\"item\":\"https:\/\/unitedwaysem.org\/get-involved\/\"},{\"@type\":\"ListItem\",\"position\":3,\"name\":\"Advocate\",\"item\":\"https:\/\/unitedwaysem.org\/get-involved\/advocate\/\"},{\"@type\":\"ListItem\",\"position\":4,\"name\":\"Know before you sign\"}]},{\"@type\":\"WebSite\",\"@id\":\"https:\/\/unitedwaysem.org\/#website\",\"url\":\"https:\/\/unitedwaysem.org\/\",\"name\":\"United Way for Southeastern Michigan\",\"description\":\"\",\"publisher\":{\"@id\":\"https:\/\/unitedwaysem.org\/#organization\"},\"potentialAction\":[{\"@type\":\"SearchAction\",\"target\":{\"@type\":\"EntryPoint\",\"urlTemplate\":\"https:\/\/unitedwaysem.org\/?s={search_term_string}\"},\"query-input\":{\"@type\":\"PropertyValueSpecification\",\"valueRequired\":true,\"valueName\":\"search_term_string\"}}],\"inLanguage\":\"es\"},{\"@type\":\"Organization\",\"@id\":\"https:\/\/unitedwaysem.org\/#organization\",\"name\":\"United Way for Southeastern Michigan\",\"url\":\"https:\/\/unitedwaysem.org\/\",\"logo\":{\"@type\":\"ImageObject\",\"inLanguage\":\"es\",\"@id\":\"https:\/\/unitedwaysem.org\/#\/schema\/logo\/image\/\",\"url\":\"https:\/\/unitedwaysem.org\/wp-content\/uploads\/2024\/12\/uwsem-logo.png\",\"contentUrl\":\"https:\/\/unitedwaysem.org\/wp-content\/uploads\/2024\/12\/uwsem-logo.png\",\"width\":768,\"height\":768,\"caption\":\"United Way for Southeastern Michigan\"},\"image\":{\"@id\":\"https:\/\/unitedwaysem.org\/#\/schema\/logo\/image\/\"}}]}<\/script>\n<!-- \/ Yoast SEO plugin. -->","yoast_head_json":{"title":"Know before you sign - United Way for Southeastern Michigan","robots":{"index":"index","follow":"follow","max-snippet":"max-snippet:-1","max-image-preview":"max-image-preview:large","max-video-preview":"max-video-preview:-1"},"canonical":"https:\/\/unitedwaysem.org\/es\/get-involved\/advocate\/know-before-you-sign\/","og_locale":"es_MX","og_type":"article","og_title":"Know before you sign - United Way for Southeastern Michigan","og_url":"https:\/\/unitedwaysem.org\/es\/get-involved\/advocate\/know-before-you-sign\/","og_site_name":"United Way for Southeastern Michigan","article_modified_time":"2025-09-10T15:24:35+00:00","og_image":[{"width":1200,"height":630,"url":"https:\/\/unitedwaysem.org\/wp-content\/uploads\/2025\/01\/uwsem-share-image-v2.jpg","type":"image\/jpeg"}],"twitter_card":"summary_large_image","twitter_misc":{"Tiempo de lectura":"3 minutos"},"schema":{"@context":"https:\/\/schema.org","@graph":[{"@type":"WebPage","@id":"https:\/\/unitedwaysem.org\/get-involved\/advocate\/know-before-you-sign\/","url":"https:\/\/unitedwaysem.org\/get-involved\/advocate\/know-before-you-sign\/","name":"Know before you sign - United Way for Southeastern Michigan","isPartOf":{"@id":"https:\/\/unitedwaysem.org\/#website"},"datePublished":"2025-09-03T19:53:46+00:00","dateModified":"2025-09-10T15:24:35+00:00","breadcrumb":{"@id":"https:\/\/unitedwaysem.org\/get-involved\/advocate\/know-before-you-sign\/#breadcrumb"},"inLanguage":"es","potentialAction":[{"@type":"ReadAction","target":["https:\/\/unitedwaysem.org\/get-involved\/advocate\/know-before-you-sign\/"]}]},{"@type":"BreadcrumbList","@id":"https:\/\/unitedwaysem.org\/get-involved\/advocate\/know-before-you-sign\/#breadcrumb","itemListElement":[{"@type":"ListItem","position":1,"name":"Home","item":"https:\/\/unitedwaysem.org\/"},{"@type":"ListItem","position":2,"name":"Get Involved","item":"https:\/\/unitedwaysem.org\/get-involved\/"},{"@type":"ListItem","position":3,"name":"Advocate","item":"https:\/\/unitedwaysem.org\/get-involved\/advocate\/"},{"@type":"ListItem","position":4,"name":"Know before you sign"}]},{"@type":"WebSite","@id":"https:\/\/unitedwaysem.org\/#website","url":"https:\/\/unitedwaysem.org\/","name":"United Way para el sureste de Michigan","description":"","publisher":{"@id":"https:\/\/unitedwaysem.org\/#organization"},"potentialAction":[{"@type":"SearchAction","target":{"@type":"EntryPoint","urlTemplate":"https:\/\/unitedwaysem.org\/?s={search_term_string}"},"query-input":{"@type":"PropertyValueSpecification","valueRequired":true,"valueName":"search_term_string"}}],"inLanguage":"es"},{"@type":"Organization","@id":"https:\/\/unitedwaysem.org\/#organization","name":"United Way para el sureste de Michigan","url":"https:\/\/unitedwaysem.org\/","logo":{"@type":"ImageObject","inLanguage":"es","@id":"https:\/\/unitedwaysem.org\/#\/schema\/logo\/image\/","url":"https:\/\/unitedwaysem.org\/wp-content\/uploads\/2024\/12\/uwsem-logo.png","contentUrl":"https:\/\/unitedwaysem.org\/wp-content\/uploads\/2024\/12\/uwsem-logo.png","width":768,"height":768,"caption":"United Way for Southeastern Michigan"},"image":{"@id":"https:\/\/unitedwaysem.org\/#\/schema\/logo\/image\/"}}]}},"_links":{"self":[{"href":"https:\/\/unitedwaysem.org\/es\/wp-json\/wp\/v2\/pages\/4812","targetHints":{"allow":["GET"]}}],"collection":[{"href":"https:\/\/unitedwaysem.org\/es\/wp-json\/wp\/v2\/pages"}],"about":[{"href":"https:\/\/unitedwaysem.org\/es\/wp-json\/wp\/v2\/types\/page"}],"author":[{"embeddable":true,"href":"https:\/\/unitedwaysem.org\/es\/wp-json\/wp\/v2\/users\/12"}],"replies":[{"embeddable":true,"href":"https:\/\/unitedwaysem.org\/es\/wp-json\/wp\/v2\/comments?post=4812"}],"version-history":[{"count":0,"href":"https:\/\/unitedwaysem.org\/es\/wp-json\/wp\/v2\/pages\/4812\/revisions"}],"up":[{"embeddable":true,"href":"https:\/\/unitedwaysem.org\/es\/wp-json\/wp\/v2\/pages\/716"}],"wp:attachment":[{"href":"https:\/\/unitedwaysem.org\/es\/wp-json\/wp\/v2\/media?parent=4812"}],"curies":[{"name":"wp","href":"https:\/\/api.w.org\/{rel}","templated":true}]}}