{"id":4664,"date":"2025-08-12T11:51:12","date_gmt":"2025-08-12T15:51:12","guid":{"rendered":"https:\/\/unitedwaysem.org\/?page_id=4664"},"modified":"2026-04-08T15:12:28","modified_gmt":"2026-04-08T19:12:28","slug":"community-data-hub","status":"publish","type":"page","link":"https:\/\/unitedwaysem.org\/es\/about-us\/community-data-hub\/","title":{"rendered":"Centro de datos comunitarios"},"content":{"rendered":"","protected":false},"excerpt":{"rendered":"","protected":false},"author":11,"featured_media":0,"parent":683,"menu_order":0,"comment_status":"closed","ping_status":"closed","template":"","meta":{"_acf_changed":false,"_relevanssi_hide_post":"","_relevanssi_hide_content":"","_relevanssi_pin_for_all":"","_relevanssi_pin_keywords":"","_relevanssi_unpin_keywords":"","_relevanssi_related_keywords":"","_relevanssi_related_include_ids":"","_relevanssi_related_exclude_ids":"","_relevanssi_related_no_append":"","_relevanssi_related_not_related":"","_relevanssi_related_posts":"","_relevanssi_noindex_reason":""},"class_list":["post-4664","page","type-page","status-publish","hentry"],"acf":{"page_layout":[{"acf_fc_layout":"layout_hero","_acfe_flexible_toggle":null,"component_hero":{"kicker_text":"","heading":"Community Data Hub","summary":"United Way for Southeastern Michigan believes data can help tell the story of our region. Our analysts and visualization designers strive to make data accessible, meaningful and actionable for all, regardless of comfort or experience.\r\n\r\nHere, you'll find resources and tools to help organizations and community members use our program data and publicly accessible datasets. These tools help our community understand and advocate for the region and the issues they care about.","image":1218,"cta":{"title":"Our approach to data","url":"https:\/\/unitedwaysem.org\/wp-content\/uploads\/2025\/08\/Data-Viz-Philosophy_Final-2025-update.pdf","target":"_blank"},"bubble":""}},{"acf_fc_layout":"layout_basic_html","_acfe_flexible_toggle":null,"component_basic_html":{"header":"Community Data","code":"<iframe title=\"Community Data Dashboard 2026\" width=\"1200\" height=\"747\" src=\"https:\/\/app.powerbi.com\/view?r=eyJrIjoiY2E2MjJlOWQtMWI5ZS00NGJiLWJhMjgtZmE4ZmJmZDk4MmU1IiwidCI6ImIxNTJkZTI1LTYxZDMtNDlhMi1hMmY4LTczMWQ2ZTgxNDAyOSIsImMiOjN9\" frameborder=\"0\" allowFullScreen=\"true\"><\/iframe>","width":"wide"}},{"acf_fc_layout":"layout_group","_acfe_flexible_toggle":null,"component_group":{"version":"2","header":{"":null,"show_arrows":false,"heading":"","subheading":"","abstract":""},"columns":[{"image":1457,"title":"2-1-1 Impact","abstract":"Find data on the needs individuals face today.","button":{"title":"2-1-1 Impact Dashboard","url":"https:\/\/unitedwaysem.org\/our-impact\/2-1-1-impact\/#2-1-1-dashboard","target":"_blank"}},{"image":2528,"title":"Data and Analytics Resources","abstract":"Need help with a data project? Check out this curated tool kit of resources.","button":{"title":"Research, data and analytics resources","url":"https:\/\/unitedwaysem.org\/our-partners\/grants-hub\/partner-toolkit\/","target":"_blank"}}]}},{"acf_fc_layout":"layout_basic_html","_acfe_flexible_toggle":null,"component_basic_html":{"header":"ALICE Data","code":"<p>Through the Asset Limited, Income Constrained, Employed (ALICE) Report dataset, we aim to inform the conversation about the real and present needs of Southeastern Michigan residents.<\/p>\r\n<iframe title=\"Strategic Initiatives_ALICE Historical Dashboard_2025\" width=\"1200\" height=\"747\" src=\"https:\/\/app.powerbi.com\/view?r=eyJrIjoiNTcxN2I3NmUtYzE4MS00M2MzLTlkMjEtYTdmNmRhYzI3ODFmIiwidCI6ImIxNTJkZTI1LTYxZDMtNDlhMi1hMmY4LTczMWQ2ZTgxNDAyOSIsImMiOjN9\" frameborder=\"0\" allowFullScreen=\"true\"><\/iframe>","width":"wide"}},{"acf_fc_layout":"layout_group","_acfe_flexible_toggle":null,"component_group":{"version":"2","header":{"":null,"show_arrows":false,"heading":"","subheading":"","abstract":""},"columns":[{"image":3647,"title":"United for ALICE","abstract":"Find additional tools and other states' data maintained by United for ALICE.","button":{"title":"United for ALICE research center","url":"https:\/\/www.unitedforalice.org\/introducing-ALICE\/Michigan","target":"_blank"}},{"image":3795,"title":"ALICE in Michigan Map","abstract":"Explore an interactive map that looks at ALICE at the state, county, city and ZIP code levels.","button":{"title":"ALICE in Michigan 2025","url":"https:\/\/uwsem.maps.arcgis.com\/apps\/webappviewer\/index.html?id=06b51bf872cf4c199954135b3f17b7be","target":"_blank"}}]}},{"acf_fc_layout":"layout_wysiwyg","_acfe_flexible_toggle":null,"component_wysiwyg":{"content":"\u00bfTiene alguna pregunta sobre estas herramientas y recursos? \u00bfNo encuentra un conjunto de datos sobre un tema que le interese? P\u00f3ngase en contacto con nuestro equipo de Investigaci\u00f3n, Datos y An\u00e1lisis: <a href=\"mailto:DataAnalytics_Service_Account@UnitedWaySEM.org\">DataAnalytics_Service_Account@UnitedWaySEM.org<\/a>.","":null,"settings":""}}]},"yoast_head":"<!-- This site is optimized with the Yoast SEO plugin v26.8 - https:\/\/yoast.com\/product\/yoast-seo-wordpress\/ -->\n<title>Community Data Hub - United Way for Southeastern Michigan<\/title>\n<meta name=\"description\" content=\"Data can help tell the story of our region. Find United Way&#039;s program data and publicly accessible datasets here.\" \/>\n<meta name=\"robots\" content=\"index, follow, max-snippet:-1, max-image-preview:large, max-video-preview:-1\" \/>\n<link rel=\"canonical\" href=\"https:\/\/unitedwaysem.org\/es\/about-us\/community-data-hub\/\" \/>\n<meta property=\"og:locale\" content=\"es_MX\" \/>\n<meta property=\"og:type\" content=\"article\" \/>\n<meta property=\"og:title\" content=\"Community Data Hub - United Way for Southeastern Michigan\" \/>\n<meta property=\"og:description\" content=\"Data can help tell the story of our region. Find United Way&#039;s program data and publicly accessible datasets here.\" \/>\n<meta property=\"og:url\" content=\"https:\/\/unitedwaysem.org\/es\/about-us\/community-data-hub\/\" \/>\n<meta property=\"og:site_name\" content=\"United Way for Southeastern Michigan\" \/>\n<meta property=\"article:modified_time\" content=\"2026-04-08T19:12:28+00:00\" \/>\n<meta property=\"og:image\" content=\"https:\/\/unitedwaysem.org\/wp-content\/uploads\/2025\/01\/uwsem-share-image-v2.jpg\" \/>\n\t<meta property=\"og:image:width\" content=\"1200\" \/>\n\t<meta property=\"og:image:height\" content=\"630\" \/>\n\t<meta property=\"og:image:type\" content=\"image\/jpeg\" \/>\n<meta name=\"twitter:card\" content=\"summary_large_image\" \/>\n<meta name=\"twitter:label1\" content=\"Tiempo de lectura\" \/>\n\t<meta name=\"twitter:data1\" content=\"2 minutos\" \/>\n<script type=\"application\/ld+json\" class=\"yoast-schema-graph\">{\"@context\":\"https:\/\/schema.org\",\"@graph\":[{\"@type\":\"WebPage\",\"@id\":\"https:\/\/unitedwaysem.org\/about-us\/community-data-hub\/\",\"url\":\"https:\/\/unitedwaysem.org\/about-us\/community-data-hub\/\",\"name\":\"Community Data Hub - United Way for Southeastern Michigan\",\"isPartOf\":{\"@id\":\"https:\/\/unitedwaysem.org\/#website\"},\"datePublished\":\"2025-08-12T15:51:12+00:00\",\"dateModified\":\"2026-04-08T19:12:28+00:00\",\"description\":\"Data can help tell the story of our region. Find United Way's program data and publicly accessible datasets here.\",\"breadcrumb\":{\"@id\":\"https:\/\/unitedwaysem.org\/about-us\/community-data-hub\/#breadcrumb\"},\"inLanguage\":\"es\",\"potentialAction\":[{\"@type\":\"ReadAction\",\"target\":[\"https:\/\/unitedwaysem.org\/about-us\/community-data-hub\/\"]}]},{\"@type\":\"BreadcrumbList\",\"@id\":\"https:\/\/unitedwaysem.org\/about-us\/community-data-hub\/#breadcrumb\",\"itemListElement\":[{\"@type\":\"ListItem\",\"position\":1,\"name\":\"Home\",\"item\":\"https:\/\/unitedwaysem.org\/\"},{\"@type\":\"ListItem\",\"position\":2,\"name\":\"About Us\",\"item\":\"https:\/\/unitedwaysem.org\/about-us\/\"},{\"@type\":\"ListItem\",\"position\":3,\"name\":\"Community Data Hub\"}]},{\"@type\":\"WebSite\",\"@id\":\"https:\/\/unitedwaysem.org\/#website\",\"url\":\"https:\/\/unitedwaysem.org\/\",\"name\":\"United Way for Southeastern Michigan\",\"description\":\"\",\"publisher\":{\"@id\":\"https:\/\/unitedwaysem.org\/#organization\"},\"potentialAction\":[{\"@type\":\"SearchAction\",\"target\":{\"@type\":\"EntryPoint\",\"urlTemplate\":\"https:\/\/unitedwaysem.org\/?s={search_term_string}\"},\"query-input\":{\"@type\":\"PropertyValueSpecification\",\"valueRequired\":true,\"valueName\":\"search_term_string\"}}],\"inLanguage\":\"es\"},{\"@type\":\"Organization\",\"@id\":\"https:\/\/unitedwaysem.org\/#organization\",\"name\":\"United Way for Southeastern Michigan\",\"url\":\"https:\/\/unitedwaysem.org\/\",\"logo\":{\"@type\":\"ImageObject\",\"inLanguage\":\"es\",\"@id\":\"https:\/\/unitedwaysem.org\/#\/schema\/logo\/image\/\",\"url\":\"https:\/\/unitedwaysem.org\/wp-content\/uploads\/2024\/12\/uwsem-logo.png\",\"contentUrl\":\"https:\/\/unitedwaysem.org\/wp-content\/uploads\/2024\/12\/uwsem-logo.png\",\"width\":768,\"height\":768,\"caption\":\"United Way for Southeastern Michigan\"},\"image\":{\"@id\":\"https:\/\/unitedwaysem.org\/#\/schema\/logo\/image\/\"}}]}<\/script>\n<!-- \/ Yoast SEO plugin. -->","yoast_head_json":{"title":"Community Data Hub - United Way for Southeastern Michigan","description":"Data can help tell the story of our region. Find United Way's program data and publicly accessible datasets here.","robots":{"index":"index","follow":"follow","max-snippet":"max-snippet:-1","max-image-preview":"max-image-preview:large","max-video-preview":"max-video-preview:-1"},"canonical":"https:\/\/unitedwaysem.org\/es\/about-us\/community-data-hub\/","og_locale":"es_MX","og_type":"article","og_title":"Community Data Hub - United Way for Southeastern Michigan","og_description":"Data can help tell the story of our region. Find United Way's program data and publicly accessible datasets here.","og_url":"https:\/\/unitedwaysem.org\/es\/about-us\/community-data-hub\/","og_site_name":"United Way for Southeastern Michigan","article_modified_time":"2026-04-08T19:12:28+00:00","og_image":[{"width":1200,"height":630,"url":"https:\/\/unitedwaysem.org\/wp-content\/uploads\/2025\/01\/uwsem-share-image-v2.jpg","type":"image\/jpeg"}],"twitter_card":"summary_large_image","twitter_misc":{"Tiempo de lectura":"2 minutos"},"schema":{"@context":"https:\/\/schema.org","@graph":[{"@type":"WebPage","@id":"https:\/\/unitedwaysem.org\/about-us\/community-data-hub\/","url":"https:\/\/unitedwaysem.org\/about-us\/community-data-hub\/","name":"Community Data Hub - United Way for Southeastern Michigan","isPartOf":{"@id":"https:\/\/unitedwaysem.org\/#website"},"datePublished":"2025-08-12T15:51:12+00:00","dateModified":"2026-04-08T19:12:28+00:00","description":"Data can help tell the story of our region. Find United Way's program data and publicly accessible datasets here.","breadcrumb":{"@id":"https:\/\/unitedwaysem.org\/about-us\/community-data-hub\/#breadcrumb"},"inLanguage":"es","potentialAction":[{"@type":"ReadAction","target":["https:\/\/unitedwaysem.org\/about-us\/community-data-hub\/"]}]},{"@type":"BreadcrumbList","@id":"https:\/\/unitedwaysem.org\/about-us\/community-data-hub\/#breadcrumb","itemListElement":[{"@type":"ListItem","position":1,"name":"Home","item":"https:\/\/unitedwaysem.org\/"},{"@type":"ListItem","position":2,"name":"About Us","item":"https:\/\/unitedwaysem.org\/about-us\/"},{"@type":"ListItem","position":3,"name":"Community Data Hub"}]},{"@type":"WebSite","@id":"https:\/\/unitedwaysem.org\/#website","url":"https:\/\/unitedwaysem.org\/","name":"United Way para el sureste de Michigan","description":"","publisher":{"@id":"https:\/\/unitedwaysem.org\/#organization"},"potentialAction":[{"@type":"SearchAction","target":{"@type":"EntryPoint","urlTemplate":"https:\/\/unitedwaysem.org\/?s={search_term_string}"},"query-input":{"@type":"PropertyValueSpecification","valueRequired":true,"valueName":"search_term_string"}}],"inLanguage":"es"},{"@type":"Organization","@id":"https:\/\/unitedwaysem.org\/#organization","name":"United Way para el sureste de Michigan","url":"https:\/\/unitedwaysem.org\/","logo":{"@type":"ImageObject","inLanguage":"es","@id":"https:\/\/unitedwaysem.org\/#\/schema\/logo\/image\/","url":"https:\/\/unitedwaysem.org\/wp-content\/uploads\/2024\/12\/uwsem-logo.png","contentUrl":"https:\/\/unitedwaysem.org\/wp-content\/uploads\/2024\/12\/uwsem-logo.png","width":768,"height":768,"caption":"United Way for Southeastern Michigan"},"image":{"@id":"https:\/\/unitedwaysem.org\/#\/schema\/logo\/image\/"}}]}},"_links":{"self":[{"href":"https:\/\/unitedwaysem.org\/es\/wp-json\/wp\/v2\/pages\/4664","targetHints":{"allow":["GET"]}}],"collection":[{"href":"https:\/\/unitedwaysem.org\/es\/wp-json\/wp\/v2\/pages"}],"about":[{"href":"https:\/\/unitedwaysem.org\/es\/wp-json\/wp\/v2\/types\/page"}],"author":[{"embeddable":true,"href":"https:\/\/unitedwaysem.org\/es\/wp-json\/wp\/v2\/users\/11"}],"replies":[{"embeddable":true,"href":"https:\/\/unitedwaysem.org\/es\/wp-json\/wp\/v2\/comments?post=4664"}],"version-history":[{"count":5,"href":"https:\/\/unitedwaysem.org\/es\/wp-json\/wp\/v2\/pages\/4664\/revisions"}],"predecessor-version":[{"id":8142,"href":"https:\/\/unitedwaysem.org\/es\/wp-json\/wp\/v2\/pages\/4664\/revisions\/8142"}],"up":[{"embeddable":true,"href":"https:\/\/unitedwaysem.org\/es\/wp-json\/wp\/v2\/pages\/683"}],"wp:attachment":[{"href":"https:\/\/unitedwaysem.org\/es\/wp-json\/wp\/v2\/media?parent=4664"}],"curies":[{"name":"wp","href":"https:\/\/api.w.org\/{rel}","templated":true}]}}