{"id":379,"date":"2024-10-23T22:38:34","date_gmt":"2024-10-24T02:38:34","guid":{"rendered":"https:\/\/unitedwaysem.org\/?page_id=379"},"modified":"2025-04-24T09:15:07","modified_gmt":"2025-04-24T13:15:07","slug":"news-events","status":"publish","type":"page","link":"https:\/\/unitedwaysem.org\/es\/news-events\/","title":{"rendered":"Noticias y eventos"},"content":{"rendered":"","protected":false},"excerpt":{"rendered":"","protected":false},"author":4,"featured_media":0,"parent":0,"menu_order":0,"comment_status":"closed","ping_status":"closed","template":"","meta":{"_acf_changed":false,"_relevanssi_hide_post":"","_relevanssi_hide_content":"","_relevanssi_pin_for_all":"","_relevanssi_pin_keywords":"","_relevanssi_unpin_keywords":"","_relevanssi_related_keywords":"","_relevanssi_related_include_ids":"","_relevanssi_related_exclude_ids":"","_relevanssi_related_no_append":"","_relevanssi_related_not_related":"","_relevanssi_related_posts":"","_relevanssi_noindex_reason":""},"class_list":["post-379","page","type-page","status-publish","hentry"],"acf":{"page_layout":[{"acf_fc_layout":"layout_news_events_hero","_acfe_flexible_toggle":"","component_news_events_hero":{"heading":"News and Events","summary":"Find impact stories, press releases, recent news and upcoming events below.","links_title":"Media Inquiries: Senior Director of Communications and Media Relations Jerome Espy: 248-417-9567","links":[{"link":{"title":"Jerome.Espy@UnitedWaySEM.org","url":"mailto:Jerome.Espy@UnitedWaySEM.org","target":"_blank"}},{"link":{"title":"Press and Media Toolkit","url":"https:\/\/unitedwaysem.org\/news-events\/press-and-media-toolkit\/","target":""}}]}},{"acf_fc_layout":"layout_featured_article","_acfe_flexible_toggle":"","component_featured_article":{"article":""}},{"acf_fc_layout":"layout_impact_listing_grid","_acfe_flexible_toggle":"","component_impact_listing_grid":{"header":{"title":"Impact Stories","abstract":"Learn how your support of United Way makes a difference in the community through these stories.","show_arrows":false,"link":{"title":"See All","url":"https:\/\/unitedwaysem.org\/impact-stories\/","target":""}},"manually_curate":false,"post_types":["impact_story"],"cards":null,"columns":"3","quantity":""}},{"acf_fc_layout":"layout_listing_grid","_acfe_flexible_toggle":"","component_listing_grid":{"header":{"title":"United Way News","abstract":"Stay up to date on the latest at United Way for Southeastern Michigan.","link":{"title":"News","url":"https:\/\/unitedwaysem.org\/news\/","target":""},"show_arrows":false},"manually_curate":false,"post_types":["news"],"cards":null,"columns":"4","quantity":""}},{"acf_fc_layout":"layout_listing_grid","_acfe_flexible_toggle":"","component_listing_grid":{"header":{"title":"Upcoming Events","abstract":"Join us at an event! Find the details below.","link":{"title":"Events","url":"https:\/\/unitedwaysem.org\/events\/","target":""},"show_arrows":false},"manually_curate":false,"post_types":["event"],"cards":null,"columns":"4","quantity":""}}]},"yoast_head":"<!-- This site is optimized with the Yoast SEO plugin v26.8 - https:\/\/yoast.com\/product\/yoast-seo-wordpress\/ -->\n<title>News &amp; Events - United Way for Southeastern Michigan<\/title>\n<meta name=\"description\" content=\"Find recent press releases and mentions below, along with upcoming events.\" \/>\n<meta name=\"robots\" content=\"index, follow, max-snippet:-1, max-image-preview:large, max-video-preview:-1\" \/>\n<link rel=\"canonical\" href=\"https:\/\/unitedwaysem.org\/es\/news-events\/\" \/>\n<meta property=\"og:locale\" content=\"es_MX\" \/>\n<meta property=\"og:type\" content=\"article\" \/>\n<meta property=\"og:title\" content=\"News &amp; Events - United Way for Southeastern Michigan\" \/>\n<meta property=\"og:description\" content=\"Find recent press releases and mentions below, along with upcoming events.\" \/>\n<meta property=\"og:url\" content=\"https:\/\/unitedwaysem.org\/es\/news-events\/\" \/>\n<meta property=\"og:site_name\" content=\"United Way for Southeastern Michigan\" \/>\n<meta property=\"article:modified_time\" content=\"2025-04-24T13:15:07+00:00\" \/>\n<meta property=\"og:image\" content=\"https:\/\/unitedwaysem.org\/wp-content\/uploads\/2025\/01\/uwsem-share-image-v2.jpg\" \/>\n\t<meta property=\"og:image:width\" content=\"1200\" \/>\n\t<meta property=\"og:image:height\" content=\"630\" \/>\n\t<meta property=\"og:image:type\" content=\"image\/jpeg\" \/>\n<meta name=\"twitter:card\" content=\"summary_large_image\" \/>\n<script type=\"application\/ld+json\" class=\"yoast-schema-graph\">{\"@context\":\"https:\/\/schema.org\",\"@graph\":[{\"@type\":\"WebPage\",\"@id\":\"https:\/\/unitedwaysem.org\/news-events\/\",\"url\":\"https:\/\/unitedwaysem.org\/news-events\/\",\"name\":\"News & Events - United Way for Southeastern Michigan\",\"isPartOf\":{\"@id\":\"https:\/\/unitedwaysem.org\/#website\"},\"datePublished\":\"2024-10-24T02:38:34+00:00\",\"dateModified\":\"2025-04-24T13:15:07+00:00\",\"description\":\"Find recent press releases and mentions below, along with upcoming events.\",\"breadcrumb\":{\"@id\":\"https:\/\/unitedwaysem.org\/news-events\/#breadcrumb\"},\"inLanguage\":\"es\",\"potentialAction\":[{\"@type\":\"ReadAction\",\"target\":[\"https:\/\/unitedwaysem.org\/news-events\/\"]}]},{\"@type\":\"BreadcrumbList\",\"@id\":\"https:\/\/unitedwaysem.org\/news-events\/#breadcrumb\",\"itemListElement\":[{\"@type\":\"ListItem\",\"position\":1,\"name\":\"Home\",\"item\":\"https:\/\/unitedwaysem.org\/\"},{\"@type\":\"ListItem\",\"position\":2,\"name\":\"News &#038; Events\"}]},{\"@type\":\"WebSite\",\"@id\":\"https:\/\/unitedwaysem.org\/#website\",\"url\":\"https:\/\/unitedwaysem.org\/\",\"name\":\"United Way for Southeastern Michigan\",\"description\":\"\",\"publisher\":{\"@id\":\"https:\/\/unitedwaysem.org\/#organization\"},\"potentialAction\":[{\"@type\":\"SearchAction\",\"target\":{\"@type\":\"EntryPoint\",\"urlTemplate\":\"https:\/\/unitedwaysem.org\/?s={search_term_string}\"},\"query-input\":{\"@type\":\"PropertyValueSpecification\",\"valueRequired\":true,\"valueName\":\"search_term_string\"}}],\"inLanguage\":\"es\"},{\"@type\":\"Organization\",\"@id\":\"https:\/\/unitedwaysem.org\/#organization\",\"name\":\"United Way for Southeastern Michigan\",\"url\":\"https:\/\/unitedwaysem.org\/\",\"logo\":{\"@type\":\"ImageObject\",\"inLanguage\":\"es\",\"@id\":\"https:\/\/unitedwaysem.org\/#\/schema\/logo\/image\/\",\"url\":\"https:\/\/unitedwaysem.org\/wp-content\/uploads\/2024\/12\/uwsem-logo.png\",\"contentUrl\":\"https:\/\/unitedwaysem.org\/wp-content\/uploads\/2024\/12\/uwsem-logo.png\",\"width\":768,\"height\":768,\"caption\":\"United Way for Southeastern Michigan\"},\"image\":{\"@id\":\"https:\/\/unitedwaysem.org\/#\/schema\/logo\/image\/\"}}]}<\/script>\n<!-- \/ Yoast SEO plugin. -->","yoast_head_json":{"title":"Noticias y eventos - United Way para el sureste de Michigan","description":"A continuaci\u00f3n, encontrar\u00e1 los comunicados de prensa y menciones recientes, junto con los pr\u00f3ximos eventos.","robots":{"index":"index","follow":"follow","max-snippet":"max-snippet:-1","max-image-preview":"max-image-preview:large","max-video-preview":"max-video-preview:-1"},"canonical":"https:\/\/unitedwaysem.org\/es\/news-events\/","og_locale":"es_MX","og_type":"article","og_title":"News & Events - United Way for Southeastern Michigan","og_description":"Find recent press releases and mentions below, along with upcoming events.","og_url":"https:\/\/unitedwaysem.org\/es\/news-events\/","og_site_name":"United Way for Southeastern Michigan","article_modified_time":"2025-04-24T13:15:07+00:00","og_image":[{"width":1200,"height":630,"url":"https:\/\/unitedwaysem.org\/wp-content\/uploads\/2025\/01\/uwsem-share-image-v2.jpg","type":"image\/jpeg"}],"twitter_card":"summary_large_image","schema":{"@context":"https:\/\/schema.org","@graph":[{"@type":"WebPage","@id":"https:\/\/unitedwaysem.org\/news-events\/","url":"https:\/\/unitedwaysem.org\/news-events\/","name":"Noticias y eventos - United Way para el sureste de Michigan","isPartOf":{"@id":"https:\/\/unitedwaysem.org\/#website"},"datePublished":"2024-10-24T02:38:34+00:00","dateModified":"2025-04-24T13:15:07+00:00","description":"A continuaci\u00f3n, encontrar\u00e1 los comunicados de prensa y menciones recientes, junto con los pr\u00f3ximos eventos.","breadcrumb":{"@id":"https:\/\/unitedwaysem.org\/news-events\/#breadcrumb"},"inLanguage":"es","potentialAction":[{"@type":"ReadAction","target":["https:\/\/unitedwaysem.org\/news-events\/"]}]},{"@type":"BreadcrumbList","@id":"https:\/\/unitedwaysem.org\/news-events\/#breadcrumb","itemListElement":[{"@type":"ListItem","position":1,"name":"Home","item":"https:\/\/unitedwaysem.org\/"},{"@type":"ListItem","position":2,"name":"News &#038; Events"}]},{"@type":"WebSite","@id":"https:\/\/unitedwaysem.org\/#website","url":"https:\/\/unitedwaysem.org\/","name":"United Way para el sureste de Michigan","description":"","publisher":{"@id":"https:\/\/unitedwaysem.org\/#organization"},"potentialAction":[{"@type":"SearchAction","target":{"@type":"EntryPoint","urlTemplate":"https:\/\/unitedwaysem.org\/?s={search_term_string}"},"query-input":{"@type":"PropertyValueSpecification","valueRequired":true,"valueName":"search_term_string"}}],"inLanguage":"es"},{"@type":"Organization","@id":"https:\/\/unitedwaysem.org\/#organization","name":"United Way para el sureste de Michigan","url":"https:\/\/unitedwaysem.org\/","logo":{"@type":"ImageObject","inLanguage":"es","@id":"https:\/\/unitedwaysem.org\/#\/schema\/logo\/image\/","url":"https:\/\/unitedwaysem.org\/wp-content\/uploads\/2024\/12\/uwsem-logo.png","contentUrl":"https:\/\/unitedwaysem.org\/wp-content\/uploads\/2024\/12\/uwsem-logo.png","width":768,"height":768,"caption":"United Way for Southeastern Michigan"},"image":{"@id":"https:\/\/unitedwaysem.org\/#\/schema\/logo\/image\/"}}]}},"_links":{"self":[{"href":"https:\/\/unitedwaysem.org\/es\/wp-json\/wp\/v2\/pages\/379","targetHints":{"allow":["GET"]}}],"collection":[{"href":"https:\/\/unitedwaysem.org\/es\/wp-json\/wp\/v2\/pages"}],"about":[{"href":"https:\/\/unitedwaysem.org\/es\/wp-json\/wp\/v2\/types\/page"}],"author":[{"embeddable":true,"href":"https:\/\/unitedwaysem.org\/es\/wp-json\/wp\/v2\/users\/4"}],"replies":[{"embeddable":true,"href":"https:\/\/unitedwaysem.org\/es\/wp-json\/wp\/v2\/comments?post=379"}],"version-history":[{"count":0,"href":"https:\/\/unitedwaysem.org\/es\/wp-json\/wp\/v2\/pages\/379\/revisions"}],"wp:attachment":[{"href":"https:\/\/unitedwaysem.org\/es\/wp-json\/wp\/v2\/media?parent=379"}],"curies":[{"name":"wp","href":"https:\/\/api.w.org\/{rel}","templated":true}]}}