{"id":3419,"date":"2025-04-18T17:51:10","date_gmt":"2025-04-18T21:51:10","guid":{"rendered":"https:\/\/unitedwaysem.org\/?page_id=3419"},"modified":"2025-04-21T18:14:40","modified_gmt":"2025-04-21T22:14:40","slug":"equity-challenge-2024","status":"publish","type":"page","link":"https:\/\/unitedwaysem.org\/es\/equity-challenge-2024\/","title":{"rendered":"Desaf\u00edo de Renta Variable de 21 d\u00edas 2024"},"content":{"rendered":"","protected":false},"excerpt":{"rendered":"","protected":false},"author":5,"featured_media":0,"parent":0,"menu_order":0,"comment_status":"closed","ping_status":"closed","template":"","meta":{"_acf_changed":false,"_relevanssi_hide_post":"","_relevanssi_hide_content":"","_relevanssi_pin_for_all":"","_relevanssi_pin_keywords":"","_relevanssi_unpin_keywords":"","_relevanssi_related_keywords":"","_relevanssi_related_include_ids":"","_relevanssi_related_exclude_ids":"","_relevanssi_related_no_append":"","_relevanssi_related_not_related":"","_relevanssi_related_posts":"","_relevanssi_noindex_reason":""},"class_list":["post-3419","page","type-page","status-publish","hentry"],"acf":{"page_layout":[{"acf_fc_layout":"layout_hero","_acfe_flexible_toggle":"","component_hero":{"kicker_text":"Equity Challenge 2024","heading":"2024 Equity Challenge Content","summary":"At United Way, we know that addressing inequity is critical to accomplishing our mission of building communities of stable households and thriving children. But to do so, we must understand our history and what drives these disparities. When we take it upon ourselves to learn, grow and educate others, we are doing our part to build a brighter future for our region. Find content from our 2023 21-Day Equity Challenge below.","image":"","cta":"","bubble":3018}},{"acf_fc_layout":"layout_wysiwyg","_acfe_flexible_toggle":"","component_wysiwyg":{"content":"<h3>DESAF\u00cdO DE EQUIDAD 2024: Semana de inicio<\/h3>\r\n<a href=\"https:\/\/unitedwaysem.org\/es\/equity-challenge-days\/2024-day-1\/\">D\u00eda 1: \u00a1Bienvenidos al Desaf\u00edo de Equidad de 21 d\u00edas 2024!<\/a>\r\n<h3>DESAF\u00cdO DE EQUIDAD 2024: Semana 1<\/h3>\r\n<a href=\"https:\/\/unitedwaysem.org\/es\/equity-challenge-days\/2024-day-2\/\">D\u00eda 2: La educaci\u00f3n infantil es fundamental para cerrar las brechas de equidad.<\/a>\r\n<a href=\"https:\/\/unitedwaysem.org\/es\/equity-challenge-days\/2024-day-3\/\">D\u00eda 3: Tu derecho al voto: c\u00f3mo surgi\u00f3 y c\u00f3mo ejercerlo<\/a>\r\n<a href=\"https:\/\/unitedwaysem.org\/es\/equity-challenge-days\/2024-day-4\/\">D\u00eda 4: Navegando por la salud materna de las mujeres negras<\/a>\r\n<a href=\"https:\/\/unitedwaysem.org\/es\/equity-challenge-days\/2024-day-5\/\">D\u00eda 5: Instituciones que act\u00faan con credibilidad<\/a>\r\n<a href=\"https:\/\/unitedwaysem.org\/es\/equity-challenge-days\/2024-day-6\/\">D\u00eda 6: Viernes. Autoevaluaci\u00f3n semanal, revisi\u00f3n y d\u00eda de acci\u00f3n comunitaria.<\/a>\r\n<h3>DESAF\u00cdO DE EQUIDAD 2024: Semana 2<\/h3>\r\n<a href=\"https:\/\/unitedwaysem.org\/es\/equity-challenge-days\/2024-day-7\/\"> D\u00eda 7: Dar la bienvenida a los reci\u00e9n llegados: refugiados e inmigraci\u00f3n<\/a>\r\n<a href=\"https:\/\/unitedwaysem.org\/es\/equity-challenge-days\/2024-day-8\/\">D\u00eda 8: La brecha en el acceso a la justicia y las respuestas en Michigan<\/a>\r\n<a href=\"https:\/\/unitedwaysem.org\/es\/equity-challenge-days\/2024-day-9\/\">D\u00eda 9: Revelando la equidad: adoptando respuestas no violentas a las crisis<\/a>\r\n<a href=\"https:\/\/unitedwaysem.org\/es\/equity-challenge-days\/2024-day-10\/\">D\u00eda 10: Lucha contra la trata de personas: una crisis sanitaria<\/a>\r\n<a href=\"https:\/\/unitedwaysem.org\/es\/equity-challenge-days\/2024-day-11\/\">D\u00eda 11: Viernes. Autoevaluaci\u00f3n semanal, revisi\u00f3n y d\u00eda de acci\u00f3n comunitaria.<\/a>\r\n<h3>DESAF\u00cdO DE EQUIDAD 2024: Semana 3<\/h3>\r\n<a href=\"https:\/\/unitedwaysem.org\/es\/equity-challenge-days\/2024-day-12\/\">D\u00eda 12: C\u00f3mo acceder a la atenci\u00f3n m\u00e9dica<\/a>\r\n<a href=\"https:\/\/unitedwaysem.org\/es\/equity-challenge-days\/2024-day-13\/\">D\u00eda 13: Prejuicios relacionados con el peso<\/a>\r\n<a href=\"https:\/\/unitedwaysem.org\/es\/equity-challenge-days\/2024-day-14\/\">D\u00eda 14: Injusticia ambiental: explorando las ra\u00edces del racismo ambiental<\/a>\r\n<a href=\"https:\/\/unitedwaysem.org\/es\/equity-challenge-days\/2024-day-15\/\">D\u00eda 15: Prejuicios por el peso y la lucha contra la obesidad en la atenci\u00f3n m\u00e9dica<\/a>\r\n<a href=\"https:\/\/unitedwaysem.org\/es\/equity-challenge-days\/2024-day-16\/\">D\u00eda 16: Viernes. Autoevaluaci\u00f3n semanal, revisi\u00f3n y d\u00eda de acci\u00f3n comunitaria.<\/a>\r\n<h3>DESAF\u00cdO DE EQUIDAD 2024: Semana 4<\/h3>\r\n<a href=\"https:\/\/unitedwaysem.org\/es\/equity-challenge-days\/2024-day-17\/\">D\u00eda 17: El racismo es una crisis de salud p\u00fablica<\/a>\r\n<a href=\"https:\/\/unitedwaysem.org\/es\/equity-challenge-days\/2024-day-18\/\">D\u00eda 18: La crisis de salud mental que enfrentan los j\u00f3venes de color<\/a>\r\n<a href=\"https:\/\/unitedwaysem.org\/es\/equity-challenge-days\/2024-day-19\/\"> <span class=\"cal-icon\">D\u00eda 19: El impacto continuo del desplazamiento a trav\u00e9s de la gentrificaci\u00f3n<\/span><\/a>\r\n<a href=\"https:\/\/unitedwaysem.org\/es\/equity-challenge-days\/2024-day-20\/\">D\u00eda 20: La persistente brecha de riqueza impacta el acceso de la comunidad negra a viviendas asequibles<\/a>\r\n<a href=\"https:\/\/unitedwaysem.org\/es\/equity-challenge-days\/2024-day-21-2\/\">D\u00eda 21: Act\u00faa con inclusi\u00f3n: un proceso intencional para crear espacios para todos<\/a>","":null,"settings":""}},{"acf_fc_layout":"layout_group","_acfe_flexible_toggle":"","component_group":{"version":"3","header":{"":null,"show_arrows":false,"heading":"","subheading":"","abstract":""},"columns":[{"image":"","title":"ABOUT THE CHALLENGE","abstract":"Learn about the history and intention of the 21-Day Equity Challenge","button":{"title":"Learn More","url":"https:\/\/unitedwaysem.org\/about-us\/equity-and-inclusion\/21-day-equity-challenge\/about-the-equity-challenge\/","target":""}},{"image":"","title":"Our Commitment to Equity","abstract":"Read more about United Way\u2019s Diversity, Equity and Inclusion work.","button":{"title":"Learn More","url":"https:\/\/unitedwaysem.org\/equity-and-inclusion\/","target":""}}]}}]},"yoast_head":"<!-- This site is optimized with the Yoast SEO plugin v26.8 - https:\/\/yoast.com\/product\/yoast-seo-wordpress\/ -->\n<title>21-Day Equity Challenge 2024 - United Way for Southeastern Michigan<\/title>\n<meta name=\"robots\" content=\"index, follow, max-snippet:-1, max-image-preview:large, max-video-preview:-1\" \/>\n<link rel=\"canonical\" href=\"https:\/\/unitedwaysem.org\/es\/equity-challenge-2024\/\" \/>\n<meta property=\"og:locale\" content=\"es_MX\" \/>\n<meta property=\"og:type\" content=\"article\" \/>\n<meta property=\"og:title\" content=\"21-Day Equity Challenge 2024 - United Way for Southeastern Michigan\" \/>\n<meta property=\"og:url\" content=\"https:\/\/unitedwaysem.org\/es\/equity-challenge-2024\/\" \/>\n<meta property=\"og:site_name\" content=\"United Way for Southeastern Michigan\" \/>\n<meta property=\"article:modified_time\" content=\"2025-04-21T22:14:40+00:00\" \/>\n<meta property=\"og:image\" content=\"https:\/\/unitedwaysem.org\/wp-content\/uploads\/2025\/01\/uwsem-share-image-v2.jpg\" \/>\n\t<meta property=\"og:image:width\" content=\"1200\" \/>\n\t<meta property=\"og:image:height\" content=\"630\" \/>\n\t<meta property=\"og:image:type\" content=\"image\/jpeg\" \/>\n<meta name=\"twitter:card\" content=\"summary_large_image\" \/>\n<script type=\"application\/ld+json\" class=\"yoast-schema-graph\">{\"@context\":\"https:\/\/schema.org\",\"@graph\":[{\"@type\":\"WebPage\",\"@id\":\"https:\/\/unitedwaysem.org\/equity-challenge-2024\/\",\"url\":\"https:\/\/unitedwaysem.org\/equity-challenge-2024\/\",\"name\":\"21-Day Equity Challenge 2024 - United Way for Southeastern Michigan\",\"isPartOf\":{\"@id\":\"https:\/\/unitedwaysem.org\/#website\"},\"datePublished\":\"2025-04-18T21:51:10+00:00\",\"dateModified\":\"2025-04-21T22:14:40+00:00\",\"breadcrumb\":{\"@id\":\"https:\/\/unitedwaysem.org\/equity-challenge-2024\/#breadcrumb\"},\"inLanguage\":\"es\",\"potentialAction\":[{\"@type\":\"ReadAction\",\"target\":[\"https:\/\/unitedwaysem.org\/equity-challenge-2024\/\"]}]},{\"@type\":\"BreadcrumbList\",\"@id\":\"https:\/\/unitedwaysem.org\/equity-challenge-2024\/#breadcrumb\",\"itemListElement\":[{\"@type\":\"ListItem\",\"position\":1,\"name\":\"Home\",\"item\":\"https:\/\/unitedwaysem.org\/\"},{\"@type\":\"ListItem\",\"position\":2,\"name\":\"21-Day Equity Challenge 2024\"}]},{\"@type\":\"WebSite\",\"@id\":\"https:\/\/unitedwaysem.org\/#website\",\"url\":\"https:\/\/unitedwaysem.org\/\",\"name\":\"United Way for Southeastern Michigan\",\"description\":\"\",\"publisher\":{\"@id\":\"https:\/\/unitedwaysem.org\/#organization\"},\"potentialAction\":[{\"@type\":\"SearchAction\",\"target\":{\"@type\":\"EntryPoint\",\"urlTemplate\":\"https:\/\/unitedwaysem.org\/?s={search_term_string}\"},\"query-input\":{\"@type\":\"PropertyValueSpecification\",\"valueRequired\":true,\"valueName\":\"search_term_string\"}}],\"inLanguage\":\"es\"},{\"@type\":\"Organization\",\"@id\":\"https:\/\/unitedwaysem.org\/#organization\",\"name\":\"United Way for Southeastern Michigan\",\"url\":\"https:\/\/unitedwaysem.org\/\",\"logo\":{\"@type\":\"ImageObject\",\"inLanguage\":\"es\",\"@id\":\"https:\/\/unitedwaysem.org\/#\/schema\/logo\/image\/\",\"url\":\"https:\/\/unitedwaysem.org\/wp-content\/uploads\/2024\/12\/uwsem-logo.png\",\"contentUrl\":\"https:\/\/unitedwaysem.org\/wp-content\/uploads\/2024\/12\/uwsem-logo.png\",\"width\":768,\"height\":768,\"caption\":\"United Way for Southeastern Michigan\"},\"image\":{\"@id\":\"https:\/\/unitedwaysem.org\/#\/schema\/logo\/image\/\"}}]}<\/script>\n<!-- \/ Yoast SEO plugin. -->","yoast_head_json":{"title":"21 D\u00edas de Desaf\u00edo por la Equidad 2024 - United Way del sureste de Michigan","robots":{"index":"index","follow":"follow","max-snippet":"max-snippet:-1","max-image-preview":"max-image-preview:large","max-video-preview":"max-video-preview:-1"},"canonical":"https:\/\/unitedwaysem.org\/es\/equity-challenge-2024\/","og_locale":"es_MX","og_type":"article","og_title":"21-Day Equity Challenge 2024 - United Way for Southeastern Michigan","og_url":"https:\/\/unitedwaysem.org\/es\/equity-challenge-2024\/","og_site_name":"United Way for Southeastern Michigan","article_modified_time":"2025-04-21T22:14:40+00:00","og_image":[{"width":1200,"height":630,"url":"https:\/\/unitedwaysem.org\/wp-content\/uploads\/2025\/01\/uwsem-share-image-v2.jpg","type":"image\/jpeg"}],"twitter_card":"summary_large_image","schema":{"@context":"https:\/\/schema.org","@graph":[{"@type":"WebPage","@id":"https:\/\/unitedwaysem.org\/equity-challenge-2024\/","url":"https:\/\/unitedwaysem.org\/equity-challenge-2024\/","name":"21 D\u00edas de Desaf\u00edo por la Equidad 2024 - United Way del sureste de Michigan","isPartOf":{"@id":"https:\/\/unitedwaysem.org\/#website"},"datePublished":"2025-04-18T21:51:10+00:00","dateModified":"2025-04-21T22:14:40+00:00","breadcrumb":{"@id":"https:\/\/unitedwaysem.org\/equity-challenge-2024\/#breadcrumb"},"inLanguage":"es","potentialAction":[{"@type":"ReadAction","target":["https:\/\/unitedwaysem.org\/equity-challenge-2024\/"]}]},{"@type":"BreadcrumbList","@id":"https:\/\/unitedwaysem.org\/equity-challenge-2024\/#breadcrumb","itemListElement":[{"@type":"ListItem","position":1,"name":"Home","item":"https:\/\/unitedwaysem.org\/"},{"@type":"ListItem","position":2,"name":"21-Day Equity Challenge 2024"}]},{"@type":"WebSite","@id":"https:\/\/unitedwaysem.org\/#website","url":"https:\/\/unitedwaysem.org\/","name":"United Way para el sureste de Michigan","description":"","publisher":{"@id":"https:\/\/unitedwaysem.org\/#organization"},"potentialAction":[{"@type":"SearchAction","target":{"@type":"EntryPoint","urlTemplate":"https:\/\/unitedwaysem.org\/?s={search_term_string}"},"query-input":{"@type":"PropertyValueSpecification","valueRequired":true,"valueName":"search_term_string"}}],"inLanguage":"es"},{"@type":"Organization","@id":"https:\/\/unitedwaysem.org\/#organization","name":"United Way para el sureste de Michigan","url":"https:\/\/unitedwaysem.org\/","logo":{"@type":"ImageObject","inLanguage":"es","@id":"https:\/\/unitedwaysem.org\/#\/schema\/logo\/image\/","url":"https:\/\/unitedwaysem.org\/wp-content\/uploads\/2024\/12\/uwsem-logo.png","contentUrl":"https:\/\/unitedwaysem.org\/wp-content\/uploads\/2024\/12\/uwsem-logo.png","width":768,"height":768,"caption":"United Way for Southeastern Michigan"},"image":{"@id":"https:\/\/unitedwaysem.org\/#\/schema\/logo\/image\/"}}]}},"_links":{"self":[{"href":"https:\/\/unitedwaysem.org\/es\/wp-json\/wp\/v2\/pages\/3419","targetHints":{"allow":["GET"]}}],"collection":[{"href":"https:\/\/unitedwaysem.org\/es\/wp-json\/wp\/v2\/pages"}],"about":[{"href":"https:\/\/unitedwaysem.org\/es\/wp-json\/wp\/v2\/types\/page"}],"author":[{"embeddable":true,"href":"https:\/\/unitedwaysem.org\/es\/wp-json\/wp\/v2\/users\/5"}],"replies":[{"embeddable":true,"href":"https:\/\/unitedwaysem.org\/es\/wp-json\/wp\/v2\/comments?post=3419"}],"version-history":[{"count":0,"href":"https:\/\/unitedwaysem.org\/es\/wp-json\/wp\/v2\/pages\/3419\/revisions"}],"wp:attachment":[{"href":"https:\/\/unitedwaysem.org\/es\/wp-json\/wp\/v2\/media?parent=3419"}],"curies":[{"name":"wp","href":"https:\/\/api.w.org\/{rel}","templated":true}]}}