{"id":2776,"date":"2025-02-10T13:28:07","date_gmt":"2025-02-10T18:28:07","guid":{"rendered":"https:\/\/unitedwaysem.org\/?page_id=2776"},"modified":"2025-03-05T15:50:19","modified_gmt":"2025-03-05T20:50:19","slug":"building-foundations","status":"publish","type":"page","link":"https:\/\/unitedwaysem.org\/es\/our-impact\/building-foundations\/","title":{"rendered":"Cimientos de edificios"},"content":{"rendered":"","protected":false},"excerpt":{"rendered":"","protected":false},"author":11,"featured_media":0,"parent":334,"menu_order":0,"comment_status":"closed","ping_status":"closed","template":"","meta":{"_acf_changed":false,"_relevanssi_hide_post":"","_relevanssi_hide_content":"","_relevanssi_pin_for_all":"","_relevanssi_pin_keywords":"","_relevanssi_unpin_keywords":"","_relevanssi_related_keywords":"","_relevanssi_related_include_ids":"","_relevanssi_related_exclude_ids":"","_relevanssi_related_no_append":"","_relevanssi_related_not_related":"","_relevanssi_related_posts":"","_relevanssi_noindex_reason":""},"class_list":["post-2776","page","type-page","status-publish","hentry"],"acf":{"page_layout":[{"acf_fc_layout":"layout_hero","_acfe_flexible_toggle":"","component_hero":{"kicker_text":"","heading":"Building Foundations","summary":"","image":2812,"cta":"","bubble":""}},{"acf_fc_layout":"layout_promo","_acfe_flexible_toggle":"","component_promo":{"":null,"title":"Ayudando a los ni\u00f1os del condado de Wayne","abstract":"United Way for Southeastern Michigan\u2019s Building Foundations program helps at-risk children between the ages of 7 and 17 in Wayne County. Services include anger management and conflict resolution, tutoring, mentoring, career development, life-skills coaching and more.\r\n<br>\r\n<br>\r\nEstablished in 2005, the program helps children at risk of child abuse and neglect, out-of-home placement and entry into the juvenile justice system.\r\n<br>\r\n<br>\r\nWe bring partners, funding and expertise together to serve more than 2,500 children each year. Program participants must remain drug free, improve school attendance and performance and remain free of violent and criminal behavior.","links":null,"button":"","button2":null,"image":2885,"reverse":false,"color":"navy","id":""}},{"acf_fc_layout":"layout_wysiwyg","_acfe_flexible_toggle":"","component_wysiwyg":{"content":"<h2>Socios de Building Foundations<\/h2>\r\n<ul>\r\n \t<li>Alternativas para las ni\u00f1as<\/li>\r\n \t<li>Centro Cultural Bint Jebail<\/li>\r\n \t<li>Desarrollo de la familia negra<\/li>\r\n \t<li>Alianza de Acci\u00f3n Comunitaria Cody Rouge<\/li>\r\n \t<li>Asociaci\u00f3n de Organizaciones Afroamericanas de Detroit<\/li>\r\n \t<li>Fundaci\u00f3n de Seguridad P\u00fablica de Detroit<\/li>\r\n \t<li>Servicios comunitarios diversificados<\/li>\r\n \t<li>Franklin Wright Settlements, S.A.<\/li>\r\n \t<li>Ni\u00f1os saludables<\/li>\r\n \t<li>Servicios Humanos Matrix<\/li>\r\n \t<li>La Uni\u00f3n<\/li>\r\n<\/ul>\r\nCon el apoyo del condado de Wayne y nuestros socios, Building Foundations ayuda a crear un futuro m\u00e1s brillante para los ni\u00f1os del condado de Wayne.\r\n\r\n<a class=\"tm-button button version-1\" role=\"button\" href=\"mailto:BuildingFoundations@LiveUnitedSEM.org\" target=\"_blank\" rel=\"noopener\"><span class=\"tm-button-inner\"><span class=\"text\">Env\u00edenos un correo electr\u00f3nico para obtener m\u00e1s informaci\u00f3n.<\/span><\/span><\/a>","":null,"settings":""}},{"acf_fc_layout":"layout_our_impact","_acfe_flexible_toggle":"","component_our_impact":{"header":{"title":"Our Impact","abstract":"Learn how Building Foundations makes an impact in Wayne County. ","link":""},"dynamic_population":false,"version":"1","topic_filter":[],"program_theme_filter":[],"layout":[{"acf_fc_layout":"version_5","stat_col_1":2777,"stat_col_2":2778,"stat_col_3":2779,"stat_col_4":""}]}}]},"yoast_head":"<!-- This site is optimized with the Yoast SEO plugin v26.8 - https:\/\/yoast.com\/product\/yoast-seo-wordpress\/ -->\n<title>Building Foundations - United Way for Southeastern Michigan<\/title>\n<meta name=\"description\" content=\"United Way for Southeastern Michigan\u2019s Building Foundations program helps at-risk children between the ages of 7 and 17 in Wayne County.\" \/>\n<meta name=\"robots\" content=\"index, follow, max-snippet:-1, max-image-preview:large, max-video-preview:-1\" \/>\n<link rel=\"canonical\" href=\"https:\/\/unitedwaysem.org\/es\/our-impact\/building-foundations\/\" \/>\n<meta property=\"og:locale\" content=\"es_MX\" \/>\n<meta property=\"og:type\" content=\"article\" \/>\n<meta property=\"og:title\" content=\"Building Foundations - United Way for Southeastern Michigan\" \/>\n<meta property=\"og:description\" content=\"United Way for Southeastern Michigan\u2019s Building Foundations program helps at-risk children between the ages of 7 and 17 in Wayne County.\" \/>\n<meta property=\"og:url\" content=\"https:\/\/unitedwaysem.org\/es\/our-impact\/building-foundations\/\" \/>\n<meta property=\"og:site_name\" content=\"United Way for Southeastern Michigan\" \/>\n<meta property=\"article:modified_time\" content=\"2025-03-05T20:50:19+00:00\" \/>\n<meta property=\"og:image\" content=\"https:\/\/unitedwaysem.org\/wp-content\/uploads\/2025\/01\/uwsem-share-image-v2.jpg\" \/>\n\t<meta property=\"og:image:width\" content=\"1200\" \/>\n\t<meta property=\"og:image:height\" content=\"630\" \/>\n\t<meta property=\"og:image:type\" content=\"image\/jpeg\" \/>\n<meta name=\"twitter:card\" content=\"summary_large_image\" \/>\n<script type=\"application\/ld+json\" class=\"yoast-schema-graph\">{\"@context\":\"https:\/\/schema.org\",\"@graph\":[{\"@type\":\"WebPage\",\"@id\":\"https:\/\/unitedwaysem.org\/our-impact\/building-foundations\/\",\"url\":\"https:\/\/unitedwaysem.org\/our-impact\/building-foundations\/\",\"name\":\"Building Foundations - United Way for Southeastern Michigan\",\"isPartOf\":{\"@id\":\"https:\/\/unitedwaysem.org\/#website\"},\"datePublished\":\"2025-02-10T18:28:07+00:00\",\"dateModified\":\"2025-03-05T20:50:19+00:00\",\"description\":\"United Way for Southeastern Michigan\u2019s Building Foundations program helps at-risk children between the ages of 7 and 17 in Wayne County.\",\"breadcrumb\":{\"@id\":\"https:\/\/unitedwaysem.org\/our-impact\/building-foundations\/#breadcrumb\"},\"inLanguage\":\"es\",\"potentialAction\":[{\"@type\":\"ReadAction\",\"target\":[\"https:\/\/unitedwaysem.org\/our-impact\/building-foundations\/\"]}]},{\"@type\":\"BreadcrumbList\",\"@id\":\"https:\/\/unitedwaysem.org\/our-impact\/building-foundations\/#breadcrumb\",\"itemListElement\":[{\"@type\":\"ListItem\",\"position\":1,\"name\":\"Home\",\"item\":\"https:\/\/unitedwaysem.org\/\"},{\"@type\":\"ListItem\",\"position\":2,\"name\":\"Our Impact\",\"item\":\"https:\/\/unitedwaysem.org\/our-impact\/\"},{\"@type\":\"ListItem\",\"position\":3,\"name\":\"Building Foundations\"}]},{\"@type\":\"WebSite\",\"@id\":\"https:\/\/unitedwaysem.org\/#website\",\"url\":\"https:\/\/unitedwaysem.org\/\",\"name\":\"United Way for Southeastern Michigan\",\"description\":\"\",\"publisher\":{\"@id\":\"https:\/\/unitedwaysem.org\/#organization\"},\"potentialAction\":[{\"@type\":\"SearchAction\",\"target\":{\"@type\":\"EntryPoint\",\"urlTemplate\":\"https:\/\/unitedwaysem.org\/?s={search_term_string}\"},\"query-input\":{\"@type\":\"PropertyValueSpecification\",\"valueRequired\":true,\"valueName\":\"search_term_string\"}}],\"inLanguage\":\"es\"},{\"@type\":\"Organization\",\"@id\":\"https:\/\/unitedwaysem.org\/#organization\",\"name\":\"United Way for Southeastern Michigan\",\"url\":\"https:\/\/unitedwaysem.org\/\",\"logo\":{\"@type\":\"ImageObject\",\"inLanguage\":\"es\",\"@id\":\"https:\/\/unitedwaysem.org\/#\/schema\/logo\/image\/\",\"url\":\"https:\/\/unitedwaysem.org\/wp-content\/uploads\/2024\/12\/uwsem-logo.png\",\"contentUrl\":\"https:\/\/unitedwaysem.org\/wp-content\/uploads\/2024\/12\/uwsem-logo.png\",\"width\":768,\"height\":768,\"caption\":\"United Way for Southeastern Michigan\"},\"image\":{\"@id\":\"https:\/\/unitedwaysem.org\/#\/schema\/logo\/image\/\"}}]}<\/script>\n<!-- \/ Yoast SEO plugin. -->","yoast_head_json":{"title":"Building Foundations - United Way for Southeastern Michigan","description":"United Way for Southeastern Michigan\u2019s Building Foundations program helps at-risk children between the ages of 7 and 17 in Wayne County.","robots":{"index":"index","follow":"follow","max-snippet":"max-snippet:-1","max-image-preview":"max-image-preview:large","max-video-preview":"max-video-preview:-1"},"canonical":"https:\/\/unitedwaysem.org\/es\/our-impact\/building-foundations\/","og_locale":"es_MX","og_type":"article","og_title":"Building Foundations - United Way for Southeastern Michigan","og_description":"United Way for Southeastern Michigan\u2019s Building Foundations program helps at-risk children between the ages of 7 and 17 in Wayne County.","og_url":"https:\/\/unitedwaysem.org\/es\/our-impact\/building-foundations\/","og_site_name":"United Way for Southeastern Michigan","article_modified_time":"2025-03-05T20:50:19+00:00","og_image":[{"width":1200,"height":630,"url":"https:\/\/unitedwaysem.org\/wp-content\/uploads\/2025\/01\/uwsem-share-image-v2.jpg","type":"image\/jpeg"}],"twitter_card":"summary_large_image","schema":{"@context":"https:\/\/schema.org","@graph":[{"@type":"WebPage","@id":"https:\/\/unitedwaysem.org\/our-impact\/building-foundations\/","url":"https:\/\/unitedwaysem.org\/our-impact\/building-foundations\/","name":"Building Foundations - United Way for Southeastern Michigan","isPartOf":{"@id":"https:\/\/unitedwaysem.org\/#website"},"datePublished":"2025-02-10T18:28:07+00:00","dateModified":"2025-03-05T20:50:19+00:00","description":"United Way for Southeastern Michigan\u2019s Building Foundations program helps at-risk children between the ages of 7 and 17 in Wayne County.","breadcrumb":{"@id":"https:\/\/unitedwaysem.org\/our-impact\/building-foundations\/#breadcrumb"},"inLanguage":"es","potentialAction":[{"@type":"ReadAction","target":["https:\/\/unitedwaysem.org\/our-impact\/building-foundations\/"]}]},{"@type":"BreadcrumbList","@id":"https:\/\/unitedwaysem.org\/our-impact\/building-foundations\/#breadcrumb","itemListElement":[{"@type":"ListItem","position":1,"name":"Home","item":"https:\/\/unitedwaysem.org\/"},{"@type":"ListItem","position":2,"name":"Our Impact","item":"https:\/\/unitedwaysem.org\/our-impact\/"},{"@type":"ListItem","position":3,"name":"Building Foundations"}]},{"@type":"WebSite","@id":"https:\/\/unitedwaysem.org\/#website","url":"https:\/\/unitedwaysem.org\/","name":"United Way para el sureste de Michigan","description":"","publisher":{"@id":"https:\/\/unitedwaysem.org\/#organization"},"potentialAction":[{"@type":"SearchAction","target":{"@type":"EntryPoint","urlTemplate":"https:\/\/unitedwaysem.org\/?s={search_term_string}"},"query-input":{"@type":"PropertyValueSpecification","valueRequired":true,"valueName":"search_term_string"}}],"inLanguage":"es"},{"@type":"Organization","@id":"https:\/\/unitedwaysem.org\/#organization","name":"United Way para el sureste de Michigan","url":"https:\/\/unitedwaysem.org\/","logo":{"@type":"ImageObject","inLanguage":"es","@id":"https:\/\/unitedwaysem.org\/#\/schema\/logo\/image\/","url":"https:\/\/unitedwaysem.org\/wp-content\/uploads\/2024\/12\/uwsem-logo.png","contentUrl":"https:\/\/unitedwaysem.org\/wp-content\/uploads\/2024\/12\/uwsem-logo.png","width":768,"height":768,"caption":"United Way for Southeastern Michigan"},"image":{"@id":"https:\/\/unitedwaysem.org\/#\/schema\/logo\/image\/"}}]}},"_links":{"self":[{"href":"https:\/\/unitedwaysem.org\/es\/wp-json\/wp\/v2\/pages\/2776","targetHints":{"allow":["GET"]}}],"collection":[{"href":"https:\/\/unitedwaysem.org\/es\/wp-json\/wp\/v2\/pages"}],"about":[{"href":"https:\/\/unitedwaysem.org\/es\/wp-json\/wp\/v2\/types\/page"}],"author":[{"embeddable":true,"href":"https:\/\/unitedwaysem.org\/es\/wp-json\/wp\/v2\/users\/11"}],"replies":[{"embeddable":true,"href":"https:\/\/unitedwaysem.org\/es\/wp-json\/wp\/v2\/comments?post=2776"}],"version-history":[{"count":0,"href":"https:\/\/unitedwaysem.org\/es\/wp-json\/wp\/v2\/pages\/2776\/revisions"}],"up":[{"embeddable":true,"href":"https:\/\/unitedwaysem.org\/es\/wp-json\/wp\/v2\/pages\/334"}],"wp:attachment":[{"href":"https:\/\/unitedwaysem.org\/es\/wp-json\/wp\/v2\/media?parent=2776"}],"curies":[{"name":"wp","href":"https:\/\/api.w.org\/{rel}","templated":true}]}}