{"id":2547,"date":"2025-01-14T21:29:44","date_gmt":"2025-01-15T02:29:44","guid":{"rendered":"https:\/\/unitedwaysem.org\/?page_id=2547"},"modified":"2026-02-11T13:41:24","modified_gmt":"2026-02-11T18:41:24","slug":"the-leadership-society","status":"publish","type":"page","link":"https:\/\/unitedwaysem.org\/es\/ways-to-give\/giving-societies\/the-leadership-society\/","title":{"rendered":"La Sociedad de Liderazgo"},"content":{"rendered":"","protected":false},"excerpt":{"rendered":"","protected":false},"author":11,"featured_media":0,"parent":2351,"menu_order":0,"comment_status":"closed","ping_status":"closed","template":"","meta":{"_acf_changed":false,"_relevanssi_hide_post":"","_relevanssi_hide_content":"","_relevanssi_pin_for_all":"","_relevanssi_pin_keywords":"","_relevanssi_unpin_keywords":"","_relevanssi_related_keywords":"","_relevanssi_related_include_ids":"","_relevanssi_related_exclude_ids":"","_relevanssi_related_no_append":"","_relevanssi_related_not_related":"","_relevanssi_related_posts":"","_relevanssi_noindex_reason":""},"class_list":["post-2547","page","type-page","status-publish","hentry"],"acf":{"page_layout":[{"acf_fc_layout":"layout_hero","_acfe_flexible_toggle":null,"component_hero":{"kicker_text":"","heading":"The Leadership Society","summary":"Leadership donors help United Way for Southeastern Michigan and our community by making yearly gifts that create lasting change in our area.","image":2559,"cta":"","bubble":""}},{"acf_fc_layout":"layout_wysiwyg","_acfe_flexible_toggle":null,"component_wysiwyg":{"content":"La Sociedad de Liderazgo rinde homenaje a los donantes cuyas donaciones tienen un impacto positivo en las personas y familias de los condados de Macomb, Oakland, Washtenaw y Wayne. El a\u00f1o pasado, los donantes l\u00edderes aportaron m\u00e1s de $4 millones. Este dinero ayud\u00f3 a familias necesitadas y apoy\u00f3 programas que ofrecen soluciones a largo plazo y m\u00e1s oportunidades.\r\n<h2>C\u00f3mo convertirse en donante l\u00edder<\/h2>\r\nLos donantes l\u00edderes apoyan a United Way for Southeastern Michigan mediante una donaci\u00f3n anual de entre $1,000 y $9,999. Hay muchas formas de hacer su donaci\u00f3n.<a href=\"https:\/\/unitedwaysem.org\/es\/opportunities\/ways-to-give\/\"> Haga clic aqu\u00ed para obtener m\u00e1s informaci\u00f3n.<\/a>.\r\n<h2>Ventajas de ser donante l\u00edder<\/h2>\r\nComo donante l\u00edder, disfrutar\u00e1 de:\r\n<ul>\r\n \t<li>Un evento anual de agradecimiento.<\/li>\r\n \t<li>Oportunidades exclusivas para voluntarios.<\/li>\r\n \t<li>Bolet\u00edn semestral.<\/li>\r\n<\/ul>\r\n<h2>Conozca a nuestro Comit\u00e9 de la Sociedad de Liderazgo<\/h2>\r\n<strong>Copresidentes:<\/strong>\r\n<ul>\r\n \t<li>Dave Skaff, Old National Bank<\/li>\r\n \t<li>Dana Williams, Corporaci\u00f3n de Soluciones de Empleo de Detroit<\/li>\r\n<\/ul>\r\n<strong>Miembros del comit\u00e9:<\/strong>\r\n<ul>\r\n \t<li>Alicia Allen, miembro de la comunidad<\/li>\r\n \t<li>Brandon Black, Banco de Ann Arbor<\/li>\r\n \t<li>Laura Dickerson, Sindicato Internacional, UAW<\/li>\r\n \t<li>JPaul Dixon, Hylant<\/li>\r\n \t<li>Mac Dobson, Lending Club Bank<\/li>\r\n \t<li>Rich Glover, Kelly Services<\/li>\r\n \t<li>Nicole Kontyko, Ford Estates<\/li>\r\n \t<li>Kyle Mazurek, ITC<\/li>\r\n \t<li>Megan Mazurek, Reinhart Realtors<\/li>\r\n \t<li>Priscilla Perkins, Sociedad de Ayuda Contable<\/li>\r\n \t<li>Phil Santer, Ann Arbor Spark<\/li>\r\n \t<li>Deb Thompson, miembro de la comunidad<\/li>\r\n<\/ul>","":null,"settings":""}},{"acf_fc_layout":"layout_group","_acfe_flexible_toggle":null,"component_group":{"version":"3","header":{"":null,"show_arrows":false,"heading":"Get Involved","subheading":"","abstract":""},"columns":[{"image":2558,"title":"Download Brochure","abstract":"Learn more about the Leadership Society through our brochure.","button":{"title":"Download","url":"https:\/\/unitedwaysem.org\/wp-content\/uploads\/2026\/02\/2025-2026-Leadership-Giving-One-Pager_Ben-Thompson.pdf","target":"_blank"}},{"image":3124,"title":"Give","abstract":"Your dollars make a difference right here in our community, and we make it easy to give in several different ways. Donate through our secure site, or find additional options on our Ways to Give page.","button":{"title":"Donate","url":"https:\/\/unitedwaysem.org\/opportunities\/ways-to-give\/","target":"_blank"}},{"image":2560,"title":"Contact Us","abstract":"Fill out this form to get in touch with us, or reach out directly if you prefer:\r\n\r\nBen Thompson\r\nDirector of Philanthropy, Leadership Giving\r\n734-677-7224\r\n<a href=\"mailto:Ben.Thompson@UnitedWaySEM.org\">Ben.Thompson@UnitedWaySEM.org<\/a>","button":{"title":"Contact us","url":"https:\/\/unitedwaysem.org\/ways-to-give\/giving-societies\/the-leadership-society\/leadership-society-contact\/","target":"_blank"}}]}},{"acf_fc_layout":"layout_our_impact","_acfe_flexible_toggle":null,"component_our_impact":{"header":{"title":"Our Impact","abstract":"The Leadership Society makes a major impact in Southeastern Michigan. Here are just a few ways they do it.","link":""},"dynamic_population":false,"version":"1","topic_filter":[],"program_theme_filter":[],"layout":[{"acf_fc_layout":"version_5","stat_col_1":2555,"stat_col_2":2556,"stat_col_3":2557,"stat_col_4":""}]}}]},"yoast_head":"<!-- This site is optimized with the Yoast SEO plugin v26.8 - https:\/\/yoast.com\/product\/yoast-seo-wordpress\/ -->\n<title>The Leadership Society - United Way for Southeastern Michigan<\/title>\n<meta name=\"description\" content=\"Leadership donors help United Way for Southeastern Michigan and our community by making yearly gifts that create lasting change in our area.\" \/>\n<meta name=\"robots\" content=\"index, follow, max-snippet:-1, max-image-preview:large, max-video-preview:-1\" \/>\n<link rel=\"canonical\" href=\"https:\/\/unitedwaysem.org\/es\/ways-to-give\/giving-societies\/the-leadership-society\/\" \/>\n<meta property=\"og:locale\" content=\"es_MX\" \/>\n<meta property=\"og:type\" content=\"article\" \/>\n<meta property=\"og:title\" content=\"The Leadership Society - United Way for Southeastern Michigan\" \/>\n<meta property=\"og:description\" content=\"Leadership donors help United Way for Southeastern Michigan and our community by making yearly gifts that create lasting change in our area.\" \/>\n<meta property=\"og:url\" content=\"https:\/\/unitedwaysem.org\/es\/ways-to-give\/giving-societies\/the-leadership-society\/\" \/>\n<meta property=\"og:site_name\" content=\"United Way for Southeastern Michigan\" \/>\n<meta property=\"article:modified_time\" content=\"2026-02-11T18:41:24+00:00\" \/>\n<meta property=\"og:image\" content=\"https:\/\/unitedwaysem.org\/wp-content\/uploads\/2025\/01\/uwsem-share-image-v2.jpg\" \/>\n\t<meta property=\"og:image:width\" content=\"1200\" \/>\n\t<meta property=\"og:image:height\" content=\"630\" \/>\n\t<meta property=\"og:image:type\" content=\"image\/jpeg\" \/>\n<meta name=\"twitter:card\" content=\"summary_large_image\" \/>\n<meta name=\"twitter:label1\" content=\"Tiempo de lectura\" \/>\n\t<meta name=\"twitter:data1\" content=\"3 minutos\" \/>\n<script type=\"application\/ld+json\" class=\"yoast-schema-graph\">{\"@context\":\"https:\/\/schema.org\",\"@graph\":[{\"@type\":\"WebPage\",\"@id\":\"https:\/\/unitedwaysem.org\/ways-to-give\/giving-societies\/the-leadership-society\/\",\"url\":\"https:\/\/unitedwaysem.org\/ways-to-give\/giving-societies\/the-leadership-society\/\",\"name\":\"The Leadership Society - United Way for Southeastern Michigan\",\"isPartOf\":{\"@id\":\"https:\/\/unitedwaysem.org\/#website\"},\"datePublished\":\"2025-01-15T02:29:44+00:00\",\"dateModified\":\"2026-02-11T18:41:24+00:00\",\"description\":\"Leadership donors help United Way for Southeastern Michigan and our community by making yearly gifts that create lasting change in our area.\",\"breadcrumb\":{\"@id\":\"https:\/\/unitedwaysem.org\/ways-to-give\/giving-societies\/the-leadership-society\/#breadcrumb\"},\"inLanguage\":\"es\",\"potentialAction\":[{\"@type\":\"ReadAction\",\"target\":[\"https:\/\/unitedwaysem.org\/ways-to-give\/giving-societies\/the-leadership-society\/\"]}]},{\"@type\":\"BreadcrumbList\",\"@id\":\"https:\/\/unitedwaysem.org\/ways-to-give\/giving-societies\/the-leadership-society\/#breadcrumb\",\"itemListElement\":[{\"@type\":\"ListItem\",\"position\":1,\"name\":\"Home\",\"item\":\"https:\/\/unitedwaysem.org\/\"},{\"@type\":\"ListItem\",\"position\":2,\"name\":\"Ways to Give\",\"item\":\"https:\/\/unitedwaysem.org\/ways-to-give\/\"},{\"@type\":\"ListItem\",\"position\":3,\"name\":\"Giving Societies\",\"item\":\"https:\/\/unitedwaysem.org\/ways-to-give\/giving-societies\/\"},{\"@type\":\"ListItem\",\"position\":4,\"name\":\"The Leadership Society\"}]},{\"@type\":\"WebSite\",\"@id\":\"https:\/\/unitedwaysem.org\/#website\",\"url\":\"https:\/\/unitedwaysem.org\/\",\"name\":\"United Way for Southeastern Michigan\",\"description\":\"\",\"publisher\":{\"@id\":\"https:\/\/unitedwaysem.org\/#organization\"},\"potentialAction\":[{\"@type\":\"SearchAction\",\"target\":{\"@type\":\"EntryPoint\",\"urlTemplate\":\"https:\/\/unitedwaysem.org\/?s={search_term_string}\"},\"query-input\":{\"@type\":\"PropertyValueSpecification\",\"valueRequired\":true,\"valueName\":\"search_term_string\"}}],\"inLanguage\":\"es\"},{\"@type\":\"Organization\",\"@id\":\"https:\/\/unitedwaysem.org\/#organization\",\"name\":\"United Way for Southeastern Michigan\",\"url\":\"https:\/\/unitedwaysem.org\/\",\"logo\":{\"@type\":\"ImageObject\",\"inLanguage\":\"es\",\"@id\":\"https:\/\/unitedwaysem.org\/#\/schema\/logo\/image\/\",\"url\":\"https:\/\/unitedwaysem.org\/wp-content\/uploads\/2024\/12\/uwsem-logo.png\",\"contentUrl\":\"https:\/\/unitedwaysem.org\/wp-content\/uploads\/2024\/12\/uwsem-logo.png\",\"width\":768,\"height\":768,\"caption\":\"United Way for Southeastern Michigan\"},\"image\":{\"@id\":\"https:\/\/unitedwaysem.org\/#\/schema\/logo\/image\/\"}}]}<\/script>\n<!-- \/ Yoast SEO plugin. -->","yoast_head_json":{"title":"The Leadership Society - United Way for Southeastern Michigan","description":"Los donantes l\u00edderes ayudan a United Way for Southeastern Michigan y a nuestra comunidad mediante donaciones anuales que generan un cambio duradero en nuestra zona.","robots":{"index":"index","follow":"follow","max-snippet":"max-snippet:-1","max-image-preview":"max-image-preview:large","max-video-preview":"max-video-preview:-1"},"canonical":"https:\/\/unitedwaysem.org\/es\/ways-to-give\/giving-societies\/the-leadership-society\/","og_locale":"es_MX","og_type":"article","og_title":"The Leadership Society - United Way for Southeastern Michigan","og_description":"Leadership donors help United Way for Southeastern Michigan and our community by making yearly gifts that create lasting change in our area.","og_url":"https:\/\/unitedwaysem.org\/es\/ways-to-give\/giving-societies\/the-leadership-society\/","og_site_name":"United Way for Southeastern Michigan","article_modified_time":"2026-02-11T18:41:24+00:00","og_image":[{"width":1200,"height":630,"url":"https:\/\/unitedwaysem.org\/wp-content\/uploads\/2025\/01\/uwsem-share-image-v2.jpg","type":"image\/jpeg"}],"twitter_card":"summary_large_image","twitter_misc":{"Tiempo de lectura":"3 minutos"},"schema":{"@context":"https:\/\/schema.org","@graph":[{"@type":"WebPage","@id":"https:\/\/unitedwaysem.org\/ways-to-give\/giving-societies\/the-leadership-society\/","url":"https:\/\/unitedwaysem.org\/ways-to-give\/giving-societies\/the-leadership-society\/","name":"The Leadership Society - United Way for Southeastern Michigan","isPartOf":{"@id":"https:\/\/unitedwaysem.org\/#website"},"datePublished":"2025-01-15T02:29:44+00:00","dateModified":"2026-02-11T18:41:24+00:00","description":"Los donantes l\u00edderes ayudan a United Way for Southeastern Michigan y a nuestra comunidad mediante donaciones anuales que generan un cambio duradero en nuestra zona.","breadcrumb":{"@id":"https:\/\/unitedwaysem.org\/ways-to-give\/giving-societies\/the-leadership-society\/#breadcrumb"},"inLanguage":"es","potentialAction":[{"@type":"ReadAction","target":["https:\/\/unitedwaysem.org\/ways-to-give\/giving-societies\/the-leadership-society\/"]}]},{"@type":"BreadcrumbList","@id":"https:\/\/unitedwaysem.org\/ways-to-give\/giving-societies\/the-leadership-society\/#breadcrumb","itemListElement":[{"@type":"ListItem","position":1,"name":"Home","item":"https:\/\/unitedwaysem.org\/"},{"@type":"ListItem","position":2,"name":"Ways to Give","item":"https:\/\/unitedwaysem.org\/ways-to-give\/"},{"@type":"ListItem","position":3,"name":"Giving Societies","item":"https:\/\/unitedwaysem.org\/ways-to-give\/giving-societies\/"},{"@type":"ListItem","position":4,"name":"The Leadership Society"}]},{"@type":"WebSite","@id":"https:\/\/unitedwaysem.org\/#website","url":"https:\/\/unitedwaysem.org\/","name":"United Way para el sureste de Michigan","description":"","publisher":{"@id":"https:\/\/unitedwaysem.org\/#organization"},"potentialAction":[{"@type":"SearchAction","target":{"@type":"EntryPoint","urlTemplate":"https:\/\/unitedwaysem.org\/?s={search_term_string}"},"query-input":{"@type":"PropertyValueSpecification","valueRequired":true,"valueName":"search_term_string"}}],"inLanguage":"es"},{"@type":"Organization","@id":"https:\/\/unitedwaysem.org\/#organization","name":"United Way para el sureste de Michigan","url":"https:\/\/unitedwaysem.org\/","logo":{"@type":"ImageObject","inLanguage":"es","@id":"https:\/\/unitedwaysem.org\/#\/schema\/logo\/image\/","url":"https:\/\/unitedwaysem.org\/wp-content\/uploads\/2024\/12\/uwsem-logo.png","contentUrl":"https:\/\/unitedwaysem.org\/wp-content\/uploads\/2024\/12\/uwsem-logo.png","width":768,"height":768,"caption":"United Way for Southeastern Michigan"},"image":{"@id":"https:\/\/unitedwaysem.org\/#\/schema\/logo\/image\/"}}]}},"_links":{"self":[{"href":"https:\/\/unitedwaysem.org\/es\/wp-json\/wp\/v2\/pages\/2547","targetHints":{"allow":["GET"]}}],"collection":[{"href":"https:\/\/unitedwaysem.org\/es\/wp-json\/wp\/v2\/pages"}],"about":[{"href":"https:\/\/unitedwaysem.org\/es\/wp-json\/wp\/v2\/types\/page"}],"author":[{"embeddable":true,"href":"https:\/\/unitedwaysem.org\/es\/wp-json\/wp\/v2\/users\/11"}],"replies":[{"embeddable":true,"href":"https:\/\/unitedwaysem.org\/es\/wp-json\/wp\/v2\/comments?post=2547"}],"version-history":[{"count":0,"href":"https:\/\/unitedwaysem.org\/es\/wp-json\/wp\/v2\/pages\/2547\/revisions"}],"up":[{"embeddable":true,"href":"https:\/\/unitedwaysem.org\/es\/wp-json\/wp\/v2\/pages\/2351"}],"wp:attachment":[{"href":"https:\/\/unitedwaysem.org\/es\/wp-json\/wp\/v2\/media?parent=2547"}],"curies":[{"name":"wp","href":"https:\/\/api.w.org\/{rel}","templated":true}]}}