{"id":2474,"date":"2025-01-14T12:56:18","date_gmt":"2025-01-14T17:56:18","guid":{"rendered":"https:\/\/unitedwaysem.org\/?page_id=2474"},"modified":"2025-02-12T09:01:07","modified_gmt":"2025-02-12T14:01:07","slug":"donor-bill-of-rights","status":"publish","type":"page","link":"https:\/\/unitedwaysem.org\/es\/donor-bill-of-rights\/","title":{"rendered":"Declaraci\u00f3n de derechos de los donantes"},"content":{"rendered":"","protected":false},"excerpt":{"rendered":"","protected":false},"author":5,"featured_media":0,"parent":0,"menu_order":0,"comment_status":"closed","ping_status":"closed","template":"","meta":{"_acf_changed":false,"_relevanssi_hide_post":"","_relevanssi_hide_content":"","_relevanssi_pin_for_all":"","_relevanssi_pin_keywords":"","_relevanssi_unpin_keywords":"","_relevanssi_related_keywords":"","_relevanssi_related_include_ids":"","_relevanssi_related_exclude_ids":"","_relevanssi_related_no_append":"","_relevanssi_related_not_related":"","_relevanssi_related_posts":"","_relevanssi_noindex_reason":""},"class_list":["post-2474","page","type-page","status-publish","hentry"],"acf":{"page_layout":[{"acf_fc_layout":"layout_wysiwyg","_acfe_flexible_toggle":"","component_wysiwyg":{"content":"<h2 class=\"text-center\">Declaraci\u00f3n de derechos de los donantes<\/h2>\r\n<b>FILANTROP\u00cdA<\/b>\u00a0se basa en la acci\u00f3n voluntaria por el bien com\u00fan. Es una tradici\u00f3n de dar y compartir que es fundamental para la calidad de vida. Para garantizar que la filantrop\u00eda merezca el respeto y la confianza del p\u00fablico en general, y que los donantes y posibles donantes puedan tener plena confianza en las organizaciones sin fines de lucro y en las causas que se les pide que apoyen, declaramos que todos los donantes tienen los siguientes derechos:\r\n<ol>\r\n \t<li>Estar informado sobre la misi\u00f3n de la organizaci\u00f3n, sobre la forma en que la organizaci\u00f3n pretende utilizar los recursos donados y sobre su capacidad para utilizar las donaciones de manera eficaz para los fines previstos.<\/li>\r\n \t<li>Estar informado de la identidad de las personas que forman parte del consejo de administraci\u00f3n de la organizaci\u00f3n y esperar que el consejo ejerza un juicio prudente en sus responsabilidades de administraci\u00f3n.<\/li>\r\n \t<li>Tener acceso a los estados financieros m\u00e1s recientes de la organizaci\u00f3n.<\/li>\r\n \t<li>Tener la seguridad de que sus donaciones se utilizar\u00e1n para los fines para los que fueron entregadas.<\/li>\r\n \t<li>Recibir el reconocimiento y la valoraci\u00f3n adecuados.<\/li>\r\n \t<li>Tener la seguridad de que la informaci\u00f3n sobre sus donaciones se maneja con respeto y confidencialidad, en la medida en que lo permita la ley.<\/li>\r\n \t<li>Esperar que todas las relaciones con personas que representan a organizaciones de inter\u00e9s para el donante sean de naturaleza profesional.<\/li>\r\n \t<li>Ser informado de si las personas que solicitan donaciones son voluntarios, empleados de la organizaci\u00f3n o solicitantes contratados.<\/li>\r\n \t<li>Tener la oportunidad de que sus nombres sean eliminados de las listas de correo que una organizaci\u00f3n pueda tener la intenci\u00f3n de compartir.<\/li>\r\n \t<li>Sentirse libre de hacer preguntas al realizar una donaci\u00f3n y recibir respuestas r\u00e1pidas, sinceras y directas.<\/li>\r\n<\/ol>\r\n<h3>Donaciones m\u00f3viles<\/h3>\r\nSi realiza una donaci\u00f3n a United Way for Southeastern Michigan a trav\u00e9s de su tel\u00e9fono celular, se a\u00f1adir\u00e1 una donaci\u00f3n \u00fanica de $10 a su factura de tel\u00e9fono celular o se deducir\u00e1 de su saldo prepagado. Pueden aplicarse tarifas por mensajes y datos. Todos los cargos son facturados y pagaderos a su proveedor de servicios celulares. El servicio est\u00e1 disponible en Verizon Wireless, AT&amp;T, Sprint y T-Mobile. Todas las compras deben ser autorizadas por el titular de la cuenta. Al participar, usted certifica que es mayor de 18 a\u00f1os y\/o cuenta con el permiso de sus padres. Las donaciones son recaudadas en beneficio de United Way for Southeastern Michigan por Innogive Foundation y est\u00e1n sujetas a los t\u00e9rminos que se encuentran en\u00a0<a href=\"http:\/\/igfn.org\/t\" target=\"_blank\" rel=\"noopener\">igfn.org\/t<\/a>. Pol\u00edtica de privacidad:\u00a0<a href=\"http:\/\/igfn.org\/p\">igfn.org\/p<\/a>. Env\u00ede STOP al 80888 para darse de baja; env\u00ede HELP al 80888 para obtener ayuda. T\u00e9rminos completos:\u00a0<a href=\"https:\/\/www.mobilecause.com\/constituent-terms-new\">mobilecause.com\/t\u00e9rminos-constituyentes-nuevos.<\/a>","":null,"settings":""}}]},"yoast_head":"<!-- This site is optimized with the Yoast SEO plugin v26.8 - https:\/\/yoast.com\/product\/yoast-seo-wordpress\/ -->\n<title>Donor Bill Of Rights - United Way for Southeastern Michigan<\/title>\n<meta name=\"description\" content=\"To ensure that philanthropy merits the respect and trust of the general public, and that donors and prospective donors can have full confidence in the not-for-profit organizations and causes they are asked to support...\" \/>\n<meta name=\"robots\" content=\"index, follow, max-snippet:-1, max-image-preview:large, max-video-preview:-1\" \/>\n<link rel=\"canonical\" href=\"https:\/\/unitedwaysem.org\/es\/donor-bill-of-rights\/\" \/>\n<meta property=\"og:locale\" content=\"es_MX\" \/>\n<meta property=\"og:type\" content=\"article\" \/>\n<meta property=\"og:title\" content=\"Donor Bill Of Rights - United Way for Southeastern Michigan\" \/>\n<meta property=\"og:description\" content=\"To ensure that philanthropy merits the respect and trust of the general public, and that donors and prospective donors can have full confidence in the not-for-profit organizations and causes they are asked to support...\" \/>\n<meta property=\"og:url\" content=\"https:\/\/unitedwaysem.org\/es\/donor-bill-of-rights\/\" \/>\n<meta property=\"og:site_name\" content=\"United Way for Southeastern Michigan\" \/>\n<meta property=\"article:modified_time\" content=\"2025-02-12T14:01:07+00:00\" \/>\n<meta property=\"og:image\" content=\"https:\/\/unitedwaysem.org\/wp-content\/uploads\/2025\/01\/uwsem-share-image-v2.jpg\" \/>\n\t<meta property=\"og:image:width\" content=\"1200\" \/>\n\t<meta property=\"og:image:height\" content=\"630\" \/>\n\t<meta property=\"og:image:type\" content=\"image\/jpeg\" \/>\n<meta name=\"twitter:card\" content=\"summary_large_image\" \/>\n<script type=\"application\/ld+json\" class=\"yoast-schema-graph\">{\"@context\":\"https:\/\/schema.org\",\"@graph\":[{\"@type\":\"WebPage\",\"@id\":\"https:\/\/unitedwaysem.org\/donor-bill-of-rights\/\",\"url\":\"https:\/\/unitedwaysem.org\/donor-bill-of-rights\/\",\"name\":\"Donor Bill Of Rights - United Way for Southeastern Michigan\",\"isPartOf\":{\"@id\":\"https:\/\/unitedwaysem.org\/#website\"},\"datePublished\":\"2025-01-14T17:56:18+00:00\",\"dateModified\":\"2025-02-12T14:01:07+00:00\",\"description\":\"To ensure that philanthropy merits the respect and trust of the general public, and that donors and prospective donors can have full confidence in the not-for-profit organizations and causes they are asked to support...\",\"breadcrumb\":{\"@id\":\"https:\/\/unitedwaysem.org\/donor-bill-of-rights\/#breadcrumb\"},\"inLanguage\":\"es\",\"potentialAction\":[{\"@type\":\"ReadAction\",\"target\":[\"https:\/\/unitedwaysem.org\/donor-bill-of-rights\/\"]}]},{\"@type\":\"BreadcrumbList\",\"@id\":\"https:\/\/unitedwaysem.org\/donor-bill-of-rights\/#breadcrumb\",\"itemListElement\":[{\"@type\":\"ListItem\",\"position\":1,\"name\":\"Home\",\"item\":\"https:\/\/unitedwaysem.org\/\"},{\"@type\":\"ListItem\",\"position\":2,\"name\":\"Donor Bill Of Rights\"}]},{\"@type\":\"WebSite\",\"@id\":\"https:\/\/unitedwaysem.org\/#website\",\"url\":\"https:\/\/unitedwaysem.org\/\",\"name\":\"United Way for Southeastern Michigan\",\"description\":\"\",\"publisher\":{\"@id\":\"https:\/\/unitedwaysem.org\/#organization\"},\"potentialAction\":[{\"@type\":\"SearchAction\",\"target\":{\"@type\":\"EntryPoint\",\"urlTemplate\":\"https:\/\/unitedwaysem.org\/?s={search_term_string}\"},\"query-input\":{\"@type\":\"PropertyValueSpecification\",\"valueRequired\":true,\"valueName\":\"search_term_string\"}}],\"inLanguage\":\"es\"},{\"@type\":\"Organization\",\"@id\":\"https:\/\/unitedwaysem.org\/#organization\",\"name\":\"United Way for Southeastern Michigan\",\"url\":\"https:\/\/unitedwaysem.org\/\",\"logo\":{\"@type\":\"ImageObject\",\"inLanguage\":\"es\",\"@id\":\"https:\/\/unitedwaysem.org\/#\/schema\/logo\/image\/\",\"url\":\"https:\/\/unitedwaysem.org\/wp-content\/uploads\/2024\/12\/uwsem-logo.png\",\"contentUrl\":\"https:\/\/unitedwaysem.org\/wp-content\/uploads\/2024\/12\/uwsem-logo.png\",\"width\":768,\"height\":768,\"caption\":\"United Way for Southeastern Michigan\"},\"image\":{\"@id\":\"https:\/\/unitedwaysem.org\/#\/schema\/logo\/image\/\"}}]}<\/script>\n<!-- \/ Yoast SEO plugin. -->","yoast_head_json":{"title":"Declaraci\u00f3n de derechos de los donantes - United Way para el sureste de Michigan","description":"Para garantizar que la filantrop\u00eda merezca el respeto y la confianza del p\u00fablico en general, y que los donantes y posibles donantes puedan tener plena confianza en las organizaciones sin fines de lucro y en las causas que se les pide que apoyen...","robots":{"index":"index","follow":"follow","max-snippet":"max-snippet:-1","max-image-preview":"max-image-preview:large","max-video-preview":"max-video-preview:-1"},"canonical":"https:\/\/unitedwaysem.org\/es\/donor-bill-of-rights\/","og_locale":"es_MX","og_type":"article","og_title":"Donor Bill Of Rights - United Way for Southeastern Michigan","og_description":"To ensure that philanthropy merits the respect and trust of the general public, and that donors and prospective donors can have full confidence in the not-for-profit organizations and causes they are asked to support...","og_url":"https:\/\/unitedwaysem.org\/es\/donor-bill-of-rights\/","og_site_name":"United Way for Southeastern Michigan","article_modified_time":"2025-02-12T14:01:07+00:00","og_image":[{"width":1200,"height":630,"url":"https:\/\/unitedwaysem.org\/wp-content\/uploads\/2025\/01\/uwsem-share-image-v2.jpg","type":"image\/jpeg"}],"twitter_card":"summary_large_image","schema":{"@context":"https:\/\/schema.org","@graph":[{"@type":"WebPage","@id":"https:\/\/unitedwaysem.org\/donor-bill-of-rights\/","url":"https:\/\/unitedwaysem.org\/donor-bill-of-rights\/","name":"Declaraci\u00f3n de derechos de los donantes - United Way para el sureste de Michigan","isPartOf":{"@id":"https:\/\/unitedwaysem.org\/#website"},"datePublished":"2025-01-14T17:56:18+00:00","dateModified":"2025-02-12T14:01:07+00:00","description":"Para garantizar que la filantrop\u00eda merezca el respeto y la confianza del p\u00fablico en general, y que los donantes y posibles donantes puedan tener plena confianza en las organizaciones sin fines de lucro y en las causas que se les pide que apoyen...","breadcrumb":{"@id":"https:\/\/unitedwaysem.org\/donor-bill-of-rights\/#breadcrumb"},"inLanguage":"es","potentialAction":[{"@type":"ReadAction","target":["https:\/\/unitedwaysem.org\/donor-bill-of-rights\/"]}]},{"@type":"BreadcrumbList","@id":"https:\/\/unitedwaysem.org\/donor-bill-of-rights\/#breadcrumb","itemListElement":[{"@type":"ListItem","position":1,"name":"Home","item":"https:\/\/unitedwaysem.org\/"},{"@type":"ListItem","position":2,"name":"Donor Bill Of Rights"}]},{"@type":"WebSite","@id":"https:\/\/unitedwaysem.org\/#website","url":"https:\/\/unitedwaysem.org\/","name":"United Way para el sureste de Michigan","description":"","publisher":{"@id":"https:\/\/unitedwaysem.org\/#organization"},"potentialAction":[{"@type":"SearchAction","target":{"@type":"EntryPoint","urlTemplate":"https:\/\/unitedwaysem.org\/?s={search_term_string}"},"query-input":{"@type":"PropertyValueSpecification","valueRequired":true,"valueName":"search_term_string"}}],"inLanguage":"es"},{"@type":"Organization","@id":"https:\/\/unitedwaysem.org\/#organization","name":"United Way para el sureste de Michigan","url":"https:\/\/unitedwaysem.org\/","logo":{"@type":"ImageObject","inLanguage":"es","@id":"https:\/\/unitedwaysem.org\/#\/schema\/logo\/image\/","url":"https:\/\/unitedwaysem.org\/wp-content\/uploads\/2024\/12\/uwsem-logo.png","contentUrl":"https:\/\/unitedwaysem.org\/wp-content\/uploads\/2024\/12\/uwsem-logo.png","width":768,"height":768,"caption":"United Way for Southeastern Michigan"},"image":{"@id":"https:\/\/unitedwaysem.org\/#\/schema\/logo\/image\/"}}]}},"_links":{"self":[{"href":"https:\/\/unitedwaysem.org\/es\/wp-json\/wp\/v2\/pages\/2474","targetHints":{"allow":["GET"]}}],"collection":[{"href":"https:\/\/unitedwaysem.org\/es\/wp-json\/wp\/v2\/pages"}],"about":[{"href":"https:\/\/unitedwaysem.org\/es\/wp-json\/wp\/v2\/types\/page"}],"author":[{"embeddable":true,"href":"https:\/\/unitedwaysem.org\/es\/wp-json\/wp\/v2\/users\/5"}],"replies":[{"embeddable":true,"href":"https:\/\/unitedwaysem.org\/es\/wp-json\/wp\/v2\/comments?post=2474"}],"version-history":[{"count":0,"href":"https:\/\/unitedwaysem.org\/es\/wp-json\/wp\/v2\/pages\/2474\/revisions"}],"wp:attachment":[{"href":"https:\/\/unitedwaysem.org\/es\/wp-json\/wp\/v2\/media?parent=2474"}],"curies":[{"name":"wp","href":"https:\/\/api.w.org\/{rel}","templated":true}]}}