{"id":1808,"date":"2023-12-05T13:54:24","date_gmt":"2023-12-05T18:54:24","guid":{"rendered":"https:\/\/unitedwaysem.org\/power-of-the-purse-2024\/"},"modified":"2026-05-12T16:51:27","modified_gmt":"2026-05-12T20:51:27","slug":"power-of-the-purse","status":"publish","type":"page","link":"https:\/\/unitedwaysem.org\/es\/get-involved\/give\/affinity-groups\/women-united\/power-of-the-purse\/","title":{"rendered":"El poder del dinero"},"content":{"rendered":"","protected":false},"excerpt":{"rendered":"","protected":false},"author":11,"featured_media":0,"parent":805,"menu_order":0,"comment_status":"closed","ping_status":"closed","template":"","meta":{"_acf_changed":false,"_relevanssi_hide_post":"","_relevanssi_hide_content":"","_relevanssi_pin_for_all":"","_relevanssi_pin_keywords":"","_relevanssi_unpin_keywords":"","_relevanssi_related_keywords":"","_relevanssi_related_include_ids":"","_relevanssi_related_exclude_ids":"","_relevanssi_related_no_append":"","_relevanssi_related_not_related":"","_relevanssi_related_posts":"","_relevanssi_noindex_reason":""},"class_list":["post-1808","page","type-page","status-publish","hentry","news_type-update"],"acf":{"page_layout":[{"acf_fc_layout":"layout_hero","_acfe_flexible_toggle":null,"component_hero":{"kicker_text":"","heading":"Power of the Purse","summary":"","image":2726,"cta":"","bubble":""}},{"acf_fc_layout":"layout_wysiwyg","_acfe_flexible_toggle":null,"component_wysiwyg":{"content":"<img class=\"aligncenter wp-image-7584 size-full\" src=\"https:\/\/unitedwaysem.org\/wp-content\/uploads\/2026\/03\/1482-2026-1200x630-FB-POP-Main-Event-V4-1.jpg\" alt=\"\" width=\"2500\" height=\"1313\" \/>\r\n\r\n<strong>5:00-7:30 p. m.<\/strong>\r\n<strong>Mi\u00e9rcoles, 4 de noviembre<\/strong>\r\n<strong>Edificio Morris Lawrence en el Washtenaw Community College, 4800 E. Huron River Drive, Ann Arbor.<\/strong>\r\n\r\nDesde su inicio, Power of the Purse ha recaudado m\u00e1s de $$450,000 para financiar subvenciones otorgadas a organizaciones locales de servicios humanos enfocadas en el avance y la estabilidad econ\u00f3mica de las mujeres.\n\nLos bolsos donados para la subasta incluyen desde bolsas hechas a mano por artesanos locales hasta carteras de alta gama y todo lo intermedio para cualquier look u ocasi\u00f3n. Power of the Purse es m\u00e1s que solo bolsos elegantes, se trata de personas. Los fondos recaudados se reinvertir\u00e1n en organizaciones comunitarias que apoyan la estabilidad financiera de mujeres locales necesitadas.\n\n\u00bfPreguntas? Env\u00ede un correo electr\u00f3nico a <a href=\"mailto:WomenUnited@LiveUnitedSEM.org\">WomenUnited@LiveUnitedSEM.org<\/a>.\r\n\r\nWant some tips for purse shopping? The guide below helps you figure out what works best when purchasing a purse to donate for the auction.\r\n<p style=\"text-align: center;\"><a class=\"tm-button button version-1\" role=\"button\" href=\"https:\/\/unitedwaysem.org\/wp-content\/uploads\/2026\/05\/1482-2026-8.5x11-Flyer-Purse-Guide-POP-V3.pdf\" target=\"true\"><span class=\"tm-button-inner\"><span class=\"text\">Purse donation guide<\/span><\/span><\/a><\/p>","":null,"settings":""}},{"acf_fc_layout":"layout_listing_grid","_acfe_flexible_toggle":null,"component_listing_grid":{"header":{"title":"Ways to get involved","abstract":"","link":"","show_arrows":false},"manually_curate":true,"post_types":[],"cards":[{"image":8176,"title":"","abstract":"","button":{"title":"Donate a bag or in-kind item","url":"https:\/\/unitedwaysem.org\/get-involved\/give\/affinity-groups\/women-united\/power-of-the-purse\/in-kind-donation-form\/","target":""}},{"image":8187,"title":"","abstract":"","button":{"title":"Sponsorship opportunities","url":"https:\/\/eventsupporter.onecause.com\/event\/organizations\/sf-0013c00001pf6wnAAA\/events\/vevt:4d27a80b-dc22-48ae-8d7d-751a2e294279\/sponsorship-packages","target":""}},{"image":8185,"title":"","abstract":"","button":{"title":"Shop our Amazon Purse Registry","url":"https:\/\/www.amazon.com\/registries\/gl\/guest-view\/3Q4YSDRWI3S40?ref_=cm_sw_r_cp_ud_ggr-subnav-share_1WQ83SANBT409NR7GBYA","target":""}}],"columns":"3","quantity":""}},{"acf_fc_layout":"layout_our_impact","_acfe_flexible_toggle":null,"component_our_impact":{"header":{"title":"Our impact","abstract":"See how Power of the Purse has helped advance the economic stability of women.","link":""},"dynamic_population":true,"version":"1","topic_filter":[299],"program_theme_filter":[],"layout":[{"acf_fc_layout":"version_1","story_col_1":null,"stat_col_2_row_1":null,"stat_col_2_row_2":null}]}}]},"yoast_head":"<!-- This site is optimized with the Yoast SEO plugin v26.8 - https:\/\/yoast.com\/product\/yoast-seo-wordpress\/ -->\n<title>Power of the Purse - United Way for Southeastern Michigan<\/title>\n<meta name=\"description\" content=\"Power of the Purse is about more than just stylish handbags, it\u2019s about people.\" \/>\n<meta name=\"robots\" content=\"index, follow, max-snippet:-1, max-image-preview:large, max-video-preview:-1\" \/>\n<link rel=\"canonical\" href=\"https:\/\/unitedwaysem.org\/es\/get-involved\/give\/affinity-groups\/women-united\/power-of-the-purse\/\" \/>\n<meta property=\"og:locale\" content=\"es_MX\" \/>\n<meta property=\"og:type\" content=\"article\" \/>\n<meta property=\"og:title\" content=\"Power of the Purse - United Way for Southeastern Michigan\" \/>\n<meta property=\"og:description\" content=\"Power of the Purse is about more than just stylish handbags, it\u2019s about people.\" \/>\n<meta property=\"og:url\" content=\"https:\/\/unitedwaysem.org\/es\/get-involved\/give\/affinity-groups\/women-united\/power-of-the-purse\/\" \/>\n<meta property=\"og:site_name\" content=\"United Way for Southeastern Michigan\" \/>\n<meta property=\"article:modified_time\" content=\"2026-05-12T20:51:27+00:00\" \/>\n<meta property=\"og:image\" content=\"https:\/\/unitedwaysem.org\/wp-content\/uploads\/2025\/01\/uwsem-share-image-v2.jpg\" \/>\n\t<meta property=\"og:image:width\" content=\"1200\" \/>\n\t<meta property=\"og:image:height\" content=\"630\" \/>\n\t<meta property=\"og:image:type\" content=\"image\/jpeg\" \/>\n<meta name=\"twitter:card\" content=\"summary_large_image\" \/>\n<meta name=\"twitter:label1\" content=\"Tiempo de lectura\" \/>\n\t<meta name=\"twitter:data1\" content=\"2 minutos\" \/>\n<script type=\"application\/ld+json\" class=\"yoast-schema-graph\">{\"@context\":\"https:\/\/schema.org\",\"@graph\":[{\"@type\":\"WebPage\",\"@id\":\"https:\/\/unitedwaysem.org\/get-involved\/give\/affinity-groups\/women-united\/power-of-the-purse\/\",\"url\":\"https:\/\/unitedwaysem.org\/get-involved\/give\/affinity-groups\/women-united\/power-of-the-purse\/\",\"name\":\"Power of the Purse - United Way for Southeastern Michigan\",\"isPartOf\":{\"@id\":\"https:\/\/unitedwaysem.org\/#website\"},\"datePublished\":\"2023-12-05T18:54:24+00:00\",\"dateModified\":\"2026-05-12T20:51:27+00:00\",\"description\":\"Power of the Purse is about more than just stylish handbags, it\u2019s about people.\",\"breadcrumb\":{\"@id\":\"https:\/\/unitedwaysem.org\/get-involved\/give\/affinity-groups\/women-united\/power-of-the-purse\/#breadcrumb\"},\"inLanguage\":\"es\",\"potentialAction\":[{\"@type\":\"ReadAction\",\"target\":[\"https:\/\/unitedwaysem.org\/get-involved\/give\/affinity-groups\/women-united\/power-of-the-purse\/\"]}]},{\"@type\":\"BreadcrumbList\",\"@id\":\"https:\/\/unitedwaysem.org\/get-involved\/give\/affinity-groups\/women-united\/power-of-the-purse\/#breadcrumb\",\"itemListElement\":[{\"@type\":\"ListItem\",\"position\":1,\"name\":\"Home\",\"item\":\"https:\/\/unitedwaysem.org\/\"},{\"@type\":\"ListItem\",\"position\":2,\"name\":\"Get Involved\",\"item\":\"https:\/\/unitedwaysem.org\/get-involved\/\"},{\"@type\":\"ListItem\",\"position\":3,\"name\":\"Give\",\"item\":\"https:\/\/unitedwaysem.org\/get-involved\/give\/\"},{\"@type\":\"ListItem\",\"position\":4,\"name\":\"Affinity Groups\",\"item\":\"https:\/\/unitedwaysem.org\/get-involved\/give\/affinity-groups\/\"},{\"@type\":\"ListItem\",\"position\":5,\"name\":\"Women United\",\"item\":\"https:\/\/unitedwaysem.org\/get-involved\/give\/affinity-groups\/women-united\/\"},{\"@type\":\"ListItem\",\"position\":6,\"name\":\"Power of the Purse\"}]},{\"@type\":\"WebSite\",\"@id\":\"https:\/\/unitedwaysem.org\/#website\",\"url\":\"https:\/\/unitedwaysem.org\/\",\"name\":\"United Way for Southeastern Michigan\",\"description\":\"\",\"publisher\":{\"@id\":\"https:\/\/unitedwaysem.org\/#organization\"},\"potentialAction\":[{\"@type\":\"SearchAction\",\"target\":{\"@type\":\"EntryPoint\",\"urlTemplate\":\"https:\/\/unitedwaysem.org\/?s={search_term_string}\"},\"query-input\":{\"@type\":\"PropertyValueSpecification\",\"valueRequired\":true,\"valueName\":\"search_term_string\"}}],\"inLanguage\":\"es\"},{\"@type\":\"Organization\",\"@id\":\"https:\/\/unitedwaysem.org\/#organization\",\"name\":\"United Way for Southeastern Michigan\",\"url\":\"https:\/\/unitedwaysem.org\/\",\"logo\":{\"@type\":\"ImageObject\",\"inLanguage\":\"es\",\"@id\":\"https:\/\/unitedwaysem.org\/#\/schema\/logo\/image\/\",\"url\":\"https:\/\/unitedwaysem.org\/wp-content\/uploads\/2024\/12\/uwsem-logo.png\",\"contentUrl\":\"https:\/\/unitedwaysem.org\/wp-content\/uploads\/2024\/12\/uwsem-logo.png\",\"width\":768,\"height\":768,\"caption\":\"United Way for Southeastern Michigan\"},\"image\":{\"@id\":\"https:\/\/unitedwaysem.org\/#\/schema\/logo\/image\/\"}}]}<\/script>\n<!-- \/ Yoast SEO plugin. -->","yoast_head_json":{"title":"El poder del monedero - United Way para el sureste de Michigan","description":"El poder del dinero no se trata solo de bolsos elegantes, se trata de personas.","robots":{"index":"index","follow":"follow","max-snippet":"max-snippet:-1","max-image-preview":"max-image-preview:large","max-video-preview":"max-video-preview:-1"},"canonical":"https:\/\/unitedwaysem.org\/es\/get-involved\/give\/affinity-groups\/women-united\/power-of-the-purse\/","og_locale":"es_MX","og_type":"article","og_title":"Power of the Purse - United Way for Southeastern Michigan","og_description":"Power of the Purse is about more than just stylish handbags, it\u2019s about people.","og_url":"https:\/\/unitedwaysem.org\/es\/get-involved\/give\/affinity-groups\/women-united\/power-of-the-purse\/","og_site_name":"United Way for Southeastern Michigan","article_modified_time":"2026-05-12T20:51:27+00:00","og_image":[{"width":1200,"height":630,"url":"https:\/\/unitedwaysem.org\/wp-content\/uploads\/2025\/01\/uwsem-share-image-v2.jpg","type":"image\/jpeg"}],"twitter_card":"summary_large_image","twitter_misc":{"Tiempo de lectura":"2 minutos"},"schema":{"@context":"https:\/\/schema.org","@graph":[{"@type":"WebPage","@id":"https:\/\/unitedwaysem.org\/get-involved\/give\/affinity-groups\/women-united\/power-of-the-purse\/","url":"https:\/\/unitedwaysem.org\/get-involved\/give\/affinity-groups\/women-united\/power-of-the-purse\/","name":"El poder del monedero - United Way para el sureste de Michigan","isPartOf":{"@id":"https:\/\/unitedwaysem.org\/#website"},"datePublished":"2023-12-05T18:54:24+00:00","dateModified":"2026-05-12T20:51:27+00:00","description":"El poder del dinero no se trata solo de bolsos elegantes, se trata de personas.","breadcrumb":{"@id":"https:\/\/unitedwaysem.org\/get-involved\/give\/affinity-groups\/women-united\/power-of-the-purse\/#breadcrumb"},"inLanguage":"es","potentialAction":[{"@type":"ReadAction","target":["https:\/\/unitedwaysem.org\/get-involved\/give\/affinity-groups\/women-united\/power-of-the-purse\/"]}]},{"@type":"BreadcrumbList","@id":"https:\/\/unitedwaysem.org\/get-involved\/give\/affinity-groups\/women-united\/power-of-the-purse\/#breadcrumb","itemListElement":[{"@type":"ListItem","position":1,"name":"Home","item":"https:\/\/unitedwaysem.org\/"},{"@type":"ListItem","position":2,"name":"Get Involved","item":"https:\/\/unitedwaysem.org\/get-involved\/"},{"@type":"ListItem","position":3,"name":"Give","item":"https:\/\/unitedwaysem.org\/get-involved\/give\/"},{"@type":"ListItem","position":4,"name":"Affinity Groups","item":"https:\/\/unitedwaysem.org\/get-involved\/give\/affinity-groups\/"},{"@type":"ListItem","position":5,"name":"Women United","item":"https:\/\/unitedwaysem.org\/get-involved\/give\/affinity-groups\/women-united\/"},{"@type":"ListItem","position":6,"name":"Power of the Purse"}]},{"@type":"WebSite","@id":"https:\/\/unitedwaysem.org\/#website","url":"https:\/\/unitedwaysem.org\/","name":"United Way para el sureste de Michigan","description":"","publisher":{"@id":"https:\/\/unitedwaysem.org\/#organization"},"potentialAction":[{"@type":"SearchAction","target":{"@type":"EntryPoint","urlTemplate":"https:\/\/unitedwaysem.org\/?s={search_term_string}"},"query-input":{"@type":"PropertyValueSpecification","valueRequired":true,"valueName":"search_term_string"}}],"inLanguage":"es"},{"@type":"Organization","@id":"https:\/\/unitedwaysem.org\/#organization","name":"United Way para el sureste de Michigan","url":"https:\/\/unitedwaysem.org\/","logo":{"@type":"ImageObject","inLanguage":"es","@id":"https:\/\/unitedwaysem.org\/#\/schema\/logo\/image\/","url":"https:\/\/unitedwaysem.org\/wp-content\/uploads\/2024\/12\/uwsem-logo.png","contentUrl":"https:\/\/unitedwaysem.org\/wp-content\/uploads\/2024\/12\/uwsem-logo.png","width":768,"height":768,"caption":"United Way for Southeastern Michigan"},"image":{"@id":"https:\/\/unitedwaysem.org\/#\/schema\/logo\/image\/"}}]}},"_links":{"self":[{"href":"https:\/\/unitedwaysem.org\/es\/wp-json\/wp\/v2\/pages\/1808","targetHints":{"allow":["GET"]}}],"collection":[{"href":"https:\/\/unitedwaysem.org\/es\/wp-json\/wp\/v2\/pages"}],"about":[{"href":"https:\/\/unitedwaysem.org\/es\/wp-json\/wp\/v2\/types\/page"}],"author":[{"embeddable":true,"href":"https:\/\/unitedwaysem.org\/es\/wp-json\/wp\/v2\/users\/11"}],"replies":[{"embeddable":true,"href":"https:\/\/unitedwaysem.org\/es\/wp-json\/wp\/v2\/comments?post=1808"}],"version-history":[{"count":5,"href":"https:\/\/unitedwaysem.org\/es\/wp-json\/wp\/v2\/pages\/1808\/revisions"}],"predecessor-version":[{"id":8616,"href":"https:\/\/unitedwaysem.org\/es\/wp-json\/wp\/v2\/pages\/1808\/revisions\/8616"}],"up":[{"embeddable":true,"href":"https:\/\/unitedwaysem.org\/es\/wp-json\/wp\/v2\/pages\/805"}],"wp:attachment":[{"href":"https:\/\/unitedwaysem.org\/es\/wp-json\/wp\/v2\/media?parent=1808"}],"curies":[{"name":"wp","href":"https:\/\/api.w.org\/{rel}","templated":true}]}}