{"id":1771,"date":"2023-06-22T13:41:31","date_gmt":"2023-06-22T17:41:31","guid":{"rendered":"https:\/\/unitedwaysem.org\/alice-report\/"},"modified":"2026-01-21T09:32:47","modified_gmt":"2026-01-21T14:32:47","slug":"alice-report","status":"publish","type":"page","link":"https:\/\/unitedwaysem.org\/es\/get-to-know-us\/alice-report\/","title":{"rendered":"Informe ALICE"},"content":{"rendered":"","protected":false},"excerpt":{"rendered":"","protected":false},"author":21,"featured_media":0,"parent":333,"menu_order":0,"comment_status":"closed","ping_status":"closed","template":"","meta":{"_acf_changed":false,"_relevanssi_hide_post":"","_relevanssi_hide_content":"","_relevanssi_pin_for_all":"","_relevanssi_pin_keywords":"","_relevanssi_unpin_keywords":"","_relevanssi_related_keywords":"","_relevanssi_related_include_ids":"","_relevanssi_related_exclude_ids":"","_relevanssi_related_no_append":"","_relevanssi_related_not_related":"","_relevanssi_related_posts":"","_relevanssi_noindex_reason":""},"class_list":["post-1771","page","type-page","status-publish","hentry"],"acf":{"page_layout":[{"acf_fc_layout":"layout_hero","_acfe_flexible_toggle":null,"component_hero":{"kicker_text":"","heading":"ALICE Report","summary":"Through the Asset Limited, Income Constrained, Employed (ALICE) Report, we aim to inform the conversation about the real and present needs of our residents.","image":2135,"cta":"","bubble":35}},{"acf_fc_layout":"layout_wysiwyg","_acfe_flexible_toggle":null,"component_wysiwyg":{"content":"<h4 style=\"text-align: center;\"><strong>En el sureste de Michigan, m\u00e1s del 40 % de los hogares tienen dificultades para cubrir sus necesidades b\u00e1sicas.<\/strong><\/h4>\r\nSon ALICE (Asset Limited, Income Constrained, Employed, es decir, personas con activos limitados, ingresos restringidos y empleo). Son padres que no pueden pagar una guarder\u00eda de calidad. Son personas mayores que se ven obligadas a elegir entre comprar comida o medicamentos. Son familias que luchan bajo el peso del aumento de los precios. Son miembros de nuestras familias, nuestros amigos y nuestros vecinos.\r\n\r\nEllos son la raz\u00f3n por la que United Way for Southeastern Michigan trabaja junto con sus socios y la comunidad para cerrar la brecha entre lo que ganan las personas y el costo de vida, de modo que todas las familias, en todos los c\u00f3digos postales, tengan las mismas oportunidades de prosperar. Cuando ALICE pasa de simplemente sobrevivir a prosperar, toda la comunidad sale ganando.","":null,"settings":""}},{"acf_fc_layout":"layout_image","_acfe_flexible_toggle":null,"component_image":{"image":6754,"helper_width":"wide"}},{"acf_fc_layout":"layout_promo","_acfe_flexible_toggle":null,"component_promo":{"":null,"title":"Siento que alguien se preocupa por m\u00ed.","abstract":"\"Learning about the ALICE report and this data, I feel like somebody cares. Somebody is actually paying attention to our struggle and trying to do something about it. That\u2019s a good thing.\u201d \u2013 Sophia","links":null,"button":"","button2":"","image":1777,"reverse":true,"color":"navy","id":""}},{"acf_fc_layout":"layout_wysiwyg","_acfe_flexible_toggle":null,"component_wysiwyg":{"content":"<h2>Acerca del informe ALICE<\/h2>\r\nEl informe ALICE 2025, elaborado por la <a href=\"https:\/\/www.uwmich.org\/\" target=\"_blank\" rel=\"noopener\">Asociaci\u00f3n de United Ways de Michigan<\/a> en colaboraci\u00f3n con <a href=\"https:\/\/www.unitedforalice.org\/\" target=\"_blank\" rel=\"noopener\">Unidos por ALICE<\/a>, revela la magnitud de las dificultades econ\u00f3micas en Michigan y ofrece una visi\u00f3n detallada de c\u00f3mo les va a los hogares ALICE ante el aumento de los costos y el fin de las ayudas de la era pand\u00e9mica.\r\n\r\nEl informe compara los ingresos de los hogares con el costo real de la vida en nuestra regi\u00f3n. Se trata de una medici\u00f3n m\u00e1s precisa de las finanzas de los hogares que el nivel federal de pobreza (FPL), que se basa en los precios de los alimentos establecidos en la d\u00e9cada de 1970 e indexados a la inflaci\u00f3n, lo que significa que no refleja la realidad de los gastos dom\u00e9sticos esenciales, como la atenci\u00f3n m\u00e9dica, la alimentaci\u00f3n y el cuidado de los ni\u00f1os.\r\n\r\nSi bien solo 14% de los hogares de nuestra regi\u00f3n viven por debajo del nivel de pobreza, otros 28% de hogares tienen ingresos inferiores al presupuesto de supervivencia ALICE. En conjunto, estas dos cifras constituyen el porcentaje del total de hogares de los condados de Macomb, Oakland, Washtenaw y Wayne que se encuentran por debajo del umbral del presupuesto de supervivencia ALICE.\r\n\r\n<img class=\"aligncenter wp-image-3803 size-full\" src=\"https:\/\/unitedwaysem.org\/wp-content\/uploads\/2025\/06\/Household-budget-graphic-2025.png\" alt=\"\" width=\"742\" height=\"736\" \/>","":null,"settings":""}},{"acf_fc_layout":"layout_wysiwyg","_acfe_flexible_toggle":null,"component_wysiwyg":{"content":"El presupuesto de supervivencia de ALICE muestra los costos m\u00ednimos necesarios para cubrir las necesidades b\u00e1sicas en nuestra regi\u00f3n. Seg\u00fan el informe de 2025, ese presupuesto es de $90,096 para una familia de cuatro personas, lo que supone unos $7,508 al mes, incluyendo el alquiler, los servicios p\u00fablicos, el cuidado de los ni\u00f1os, la alimentaci\u00f3n, la atenci\u00f3n m\u00e9dica, el transporte, la tecnolog\u00eda y los impuestos.","":null,"settings":""}},{"acf_fc_layout":"layout_group","_acfe_flexible_toggle":null,"component_group":{"version":"3","header":{"":null,"show_arrows":false,"heading":"Learn more and get involved","subheading":"","abstract":""},"columns":[{"image":3668,"title":"Volunteer and make a difference","abstract":"Visit our volunteer portal to find an opportunity that's perfect for you and spend your time helping ALICE families in our region.","button":{"title":"Visit the portal","url":"https:\/\/liveunitedsem.galaxydigital.com\/","target":"_blank"}},{"image":1236,"title":"Download the report","abstract":"Download the report to find an in-depth look at ALICE households.","button":{"title":"Download","url":"https:\/\/static1.squarespace.com\/static\/61802352224f2a00897ee6aa\/t\/682b663f9e64e51e602c041d\/1747674698459\/State+of+ALICE+Michigan+Report+2025.pdf","target":"_blank"}},{"image":2163,"title":"Explore ALICE in your community","abstract":"Learn about ALICE households by county.","button":{"title":"Learn More","url":"https:\/\/www.unitedforalice.org\/mapping-tool#4.75\/36.316\/-95.842","target":"_blank"}}]}},{"acf_fc_layout":"layout_promo","_acfe_flexible_toggle":null,"component_promo":{"":null,"title":"No todos los gastos son iguales","abstract":"\"People need to understand that not all expenses are created equal \u2013 like transportation. Just by living in a certain ZIP code, you\u2019re charged more for insurance and have to go further \u2013 meaning buy more gas \u2013 to access quality food, grocery stores, etc.\u201d \u2013 Camille","links":null,"button":"","button2":"","image":1778,"reverse":false,"color":"navy","id":""}},{"acf_fc_layout":"layout_our_impact","_acfe_flexible_toggle":null,"component_our_impact":{"header":{"title":"","abstract":"","link":""},"dynamic_population":false,"version":"1","topic_filter":[],"program_theme_filter":[],"layout":[{"acf_fc_layout":"version_4","story_col_1":3653,"story_col_2":3692},{"acf_fc_layout":"version_6","story_col_1":3751},{"acf_fc_layout":"version_6","story_col_1":3643}]}}]},"yoast_head":"<!-- This site is optimized with the Yoast SEO plugin v26.8 - https:\/\/yoast.com\/product\/yoast-seo-wordpress\/ -->\n<title>ALICE Report - United Way for Southeastern Michigan<\/title>\n<meta name=\"description\" content=\"The ALICE Report reveals the magnitude of financial hardship in Michigan and offers an in-depth look at how ALICE households are faring. It measures how families are faring by comparing household earnings to the true cost of living in our region.\" \/>\n<meta name=\"robots\" content=\"index, follow, max-snippet:-1, max-image-preview:large, max-video-preview:-1\" \/>\n<link rel=\"canonical\" href=\"https:\/\/unitedwaysem.org\/es\/get-to-know-us\/alice-report\/\" \/>\n<meta property=\"og:locale\" content=\"es_MX\" \/>\n<meta property=\"og:type\" content=\"article\" \/>\n<meta property=\"og:title\" content=\"ALICE Report - United Way for Southeastern Michigan\" \/>\n<meta property=\"og:description\" content=\"The ALICE Report reveals the magnitude of financial hardship in Michigan and offers an in-depth look at how ALICE households are faring. It measures how families are faring by comparing household earnings to the true cost of living in our region.\" \/>\n<meta property=\"og:url\" content=\"https:\/\/unitedwaysem.org\/es\/get-to-know-us\/alice-report\/\" \/>\n<meta property=\"og:site_name\" content=\"United Way for Southeastern Michigan\" \/>\n<meta property=\"article:modified_time\" content=\"2026-01-21T14:32:47+00:00\" \/>\n<meta property=\"og:image\" content=\"https:\/\/unitedwaysem.org\/wp-content\/uploads\/2025\/01\/uwsem-share-image-v2.jpg\" \/>\n\t<meta property=\"og:image:width\" content=\"1200\" \/>\n\t<meta property=\"og:image:height\" content=\"630\" \/>\n\t<meta property=\"og:image:type\" content=\"image\/jpeg\" \/>\n<meta name=\"twitter:card\" content=\"summary_large_image\" \/>\n<meta name=\"twitter:label1\" content=\"Tiempo de lectura\" \/>\n\t<meta name=\"twitter:data1\" content=\"4 minutos\" \/>\n<script type=\"application\/ld+json\" class=\"yoast-schema-graph\">{\"@context\":\"https:\/\/schema.org\",\"@graph\":[{\"@type\":\"WebPage\",\"@id\":\"https:\/\/unitedwaysem.org\/get-to-know-us\/alice-report\/\",\"url\":\"https:\/\/unitedwaysem.org\/get-to-know-us\/alice-report\/\",\"name\":\"ALICE Report - United Way for Southeastern Michigan\",\"isPartOf\":{\"@id\":\"https:\/\/unitedwaysem.org\/#website\"},\"datePublished\":\"2023-06-22T17:41:31+00:00\",\"dateModified\":\"2026-01-21T14:32:47+00:00\",\"description\":\"The ALICE Report reveals the magnitude of financial hardship in Michigan and offers an in-depth look at how ALICE households are faring. It measures how families are faring by comparing household earnings to the true cost of living in our region.\",\"breadcrumb\":{\"@id\":\"https:\/\/unitedwaysem.org\/get-to-know-us\/alice-report\/#breadcrumb\"},\"inLanguage\":\"es\",\"potentialAction\":[{\"@type\":\"ReadAction\",\"target\":[\"https:\/\/unitedwaysem.org\/get-to-know-us\/alice-report\/\"]}]},{\"@type\":\"BreadcrumbList\",\"@id\":\"https:\/\/unitedwaysem.org\/get-to-know-us\/alice-report\/#breadcrumb\",\"itemListElement\":[{\"@type\":\"ListItem\",\"position\":1,\"name\":\"Home\",\"item\":\"https:\/\/unitedwaysem.org\/\"},{\"@type\":\"ListItem\",\"position\":2,\"name\":\"Get to Know Us\",\"item\":\"https:\/\/unitedwaysem.org\/get-to-know-us\/\"},{\"@type\":\"ListItem\",\"position\":3,\"name\":\"ALICE Report\"}]},{\"@type\":\"WebSite\",\"@id\":\"https:\/\/unitedwaysem.org\/#website\",\"url\":\"https:\/\/unitedwaysem.org\/\",\"name\":\"United Way for Southeastern Michigan\",\"description\":\"\",\"publisher\":{\"@id\":\"https:\/\/unitedwaysem.org\/#organization\"},\"potentialAction\":[{\"@type\":\"SearchAction\",\"target\":{\"@type\":\"EntryPoint\",\"urlTemplate\":\"https:\/\/unitedwaysem.org\/?s={search_term_string}\"},\"query-input\":{\"@type\":\"PropertyValueSpecification\",\"valueRequired\":true,\"valueName\":\"search_term_string\"}}],\"inLanguage\":\"es\"},{\"@type\":\"Organization\",\"@id\":\"https:\/\/unitedwaysem.org\/#organization\",\"name\":\"United Way for Southeastern Michigan\",\"url\":\"https:\/\/unitedwaysem.org\/\",\"logo\":{\"@type\":\"ImageObject\",\"inLanguage\":\"es\",\"@id\":\"https:\/\/unitedwaysem.org\/#\/schema\/logo\/image\/\",\"url\":\"https:\/\/unitedwaysem.org\/wp-content\/uploads\/2024\/12\/uwsem-logo.png\",\"contentUrl\":\"https:\/\/unitedwaysem.org\/wp-content\/uploads\/2024\/12\/uwsem-logo.png\",\"width\":768,\"height\":768,\"caption\":\"United Way for Southeastern Michigan\"},\"image\":{\"@id\":\"https:\/\/unitedwaysem.org\/#\/schema\/logo\/image\/\"}}]}<\/script>\n<!-- \/ Yoast SEO plugin. -->","yoast_head_json":{"title":"Informe ALICE - United Way para el sureste de Michigan","description":"El informe ALICE revela la magnitud de las dificultades econ\u00f3micas en M\u00edchigan y ofrece una visi\u00f3n detallada de la situaci\u00f3n de los hogares ALICE. Mide la situaci\u00f3n de las familias comparando los ingresos familiares con el costo real de la vida en nuestra regi\u00f3n.","robots":{"index":"index","follow":"follow","max-snippet":"max-snippet:-1","max-image-preview":"max-image-preview:large","max-video-preview":"max-video-preview:-1"},"canonical":"https:\/\/unitedwaysem.org\/es\/get-to-know-us\/alice-report\/","og_locale":"es_MX","og_type":"article","og_title":"ALICE Report - United Way for Southeastern Michigan","og_description":"The ALICE Report reveals the magnitude of financial hardship in Michigan and offers an in-depth look at how ALICE households are faring. It measures how families are faring by comparing household earnings to the true cost of living in our region.","og_url":"https:\/\/unitedwaysem.org\/es\/get-to-know-us\/alice-report\/","og_site_name":"United Way for Southeastern Michigan","article_modified_time":"2026-01-21T14:32:47+00:00","og_image":[{"width":1200,"height":630,"url":"https:\/\/unitedwaysem.org\/wp-content\/uploads\/2025\/01\/uwsem-share-image-v2.jpg","type":"image\/jpeg"}],"twitter_card":"summary_large_image","twitter_misc":{"Tiempo de lectura":"4 minutos"},"schema":{"@context":"https:\/\/schema.org","@graph":[{"@type":"WebPage","@id":"https:\/\/unitedwaysem.org\/get-to-know-us\/alice-report\/","url":"https:\/\/unitedwaysem.org\/get-to-know-us\/alice-report\/","name":"Informe ALICE - United Way para el sureste de Michigan","isPartOf":{"@id":"https:\/\/unitedwaysem.org\/#website"},"datePublished":"2023-06-22T17:41:31+00:00","dateModified":"2026-01-21T14:32:47+00:00","description":"El informe ALICE revela la magnitud de las dificultades econ\u00f3micas en M\u00edchigan y ofrece una visi\u00f3n detallada de la situaci\u00f3n de los hogares ALICE. Mide la situaci\u00f3n de las familias comparando los ingresos familiares con el costo real de la vida en nuestra regi\u00f3n.","breadcrumb":{"@id":"https:\/\/unitedwaysem.org\/get-to-know-us\/alice-report\/#breadcrumb"},"inLanguage":"es","potentialAction":[{"@type":"ReadAction","target":["https:\/\/unitedwaysem.org\/get-to-know-us\/alice-report\/"]}]},{"@type":"BreadcrumbList","@id":"https:\/\/unitedwaysem.org\/get-to-know-us\/alice-report\/#breadcrumb","itemListElement":[{"@type":"ListItem","position":1,"name":"Home","item":"https:\/\/unitedwaysem.org\/"},{"@type":"ListItem","position":2,"name":"Get to Know Us","item":"https:\/\/unitedwaysem.org\/get-to-know-us\/"},{"@type":"ListItem","position":3,"name":"ALICE Report"}]},{"@type":"WebSite","@id":"https:\/\/unitedwaysem.org\/#website","url":"https:\/\/unitedwaysem.org\/","name":"United Way para el sureste de Michigan","description":"","publisher":{"@id":"https:\/\/unitedwaysem.org\/#organization"},"potentialAction":[{"@type":"SearchAction","target":{"@type":"EntryPoint","urlTemplate":"https:\/\/unitedwaysem.org\/?s={search_term_string}"},"query-input":{"@type":"PropertyValueSpecification","valueRequired":true,"valueName":"search_term_string"}}],"inLanguage":"es"},{"@type":"Organization","@id":"https:\/\/unitedwaysem.org\/#organization","name":"United Way para el sureste de Michigan","url":"https:\/\/unitedwaysem.org\/","logo":{"@type":"ImageObject","inLanguage":"es","@id":"https:\/\/unitedwaysem.org\/#\/schema\/logo\/image\/","url":"https:\/\/unitedwaysem.org\/wp-content\/uploads\/2024\/12\/uwsem-logo.png","contentUrl":"https:\/\/unitedwaysem.org\/wp-content\/uploads\/2024\/12\/uwsem-logo.png","width":768,"height":768,"caption":"United Way for Southeastern Michigan"},"image":{"@id":"https:\/\/unitedwaysem.org\/#\/schema\/logo\/image\/"}}]}},"_links":{"self":[{"href":"https:\/\/unitedwaysem.org\/es\/wp-json\/wp\/v2\/pages\/1771","targetHints":{"allow":["GET"]}}],"collection":[{"href":"https:\/\/unitedwaysem.org\/es\/wp-json\/wp\/v2\/pages"}],"about":[{"href":"https:\/\/unitedwaysem.org\/es\/wp-json\/wp\/v2\/types\/page"}],"author":[{"embeddable":true,"href":"https:\/\/unitedwaysem.org\/es\/wp-json\/wp\/v2\/users\/21"}],"replies":[{"embeddable":true,"href":"https:\/\/unitedwaysem.org\/es\/wp-json\/wp\/v2\/comments?post=1771"}],"version-history":[{"count":0,"href":"https:\/\/unitedwaysem.org\/es\/wp-json\/wp\/v2\/pages\/1771\/revisions"}],"up":[{"embeddable":true,"href":"https:\/\/unitedwaysem.org\/es\/wp-json\/wp\/v2\/pages\/333"}],"wp:attachment":[{"href":"https:\/\/unitedwaysem.org\/es\/wp-json\/wp\/v2\/media?parent=1771"}],"curies":[{"name":"wp","href":"https:\/\/api.w.org\/{rel}","templated":true}]}}