{"id":1769,"date":"2023-05-16T17:18:09","date_gmt":"2023-05-16T21:18:09","guid":{"rendered":"https:\/\/unitedwaysem.org\/21-day-equity-challenge-2023\/"},"modified":"2025-04-21T18:13:52","modified_gmt":"2025-04-21T22:13:52","slug":"equity-challenge-2023","status":"publish","type":"page","link":"https:\/\/unitedwaysem.org\/es\/equity-challenge-2023\/","title":{"rendered":"Desaf\u00edo de equidad de 21 d\u00edas 2023"},"content":{"rendered":"","protected":false},"excerpt":{"rendered":"","protected":false},"author":11,"featured_media":0,"parent":0,"menu_order":0,"comment_status":"closed","ping_status":"closed","template":"","meta":{"_acf_changed":false,"_relevanssi_hide_post":"","_relevanssi_hide_content":"","_relevanssi_pin_for_all":"","_relevanssi_pin_keywords":"","_relevanssi_unpin_keywords":"","_relevanssi_related_keywords":"","_relevanssi_related_include_ids":"","_relevanssi_related_exclude_ids":"","_relevanssi_related_no_append":"","_relevanssi_related_not_related":"","_relevanssi_related_posts":"","_relevanssi_noindex_reason":""},"class_list":["post-1769","page","type-page","status-publish","hentry"],"acf":{"page_layout":[{"acf_fc_layout":"layout_hero","_acfe_flexible_toggle":"","component_hero":{"kicker_text":"","heading":"2023 Equity Challenge Content","summary":"","image":3490,"cta":"","bubble":3018}},{"acf_fc_layout":"layout_wysiwyg","_acfe_flexible_toggle":"","component_wysiwyg":{"content":"En United Way, sabemos que abordar la desigualdad es fundamental para cumplir nuestra misi\u00f3n de construir comunidades con hogares estables y ni\u00f1os pr\u00f3speros. Pero para ello, debemos comprender nuestra historia y qu\u00e9 es lo que provoca estas disparidades. Cuando nos comprometemos a aprender, crecer y educar a los dem\u00e1s, estamos contribuyendo a construir un futuro m\u00e1s brillante para nuestra regi\u00f3n. A continuaci\u00f3n, encontrar\u00e1 contenido de nuestro Desaf\u00edo de 21 d\u00edas por la equidad 2023.\r\n<h3>DESAF\u00cdO DE EQUIDAD 2023: Semana de inicio<\/h3>\r\n<a href=\"https:\/\/unitedwaysem.org\/es\/equity-challenge-days\/2023-day-1\/\">\r\nD\u00eda 1: \u00a1Bienvenidos al Reto de la Equidad de 21 d\u00edas 2023!<\/a>\r\n<h3>DESAF\u00cdO DE EQUIDAD 2023: Semana 1<\/h3>\r\n<a href=\"https:\/\/unitedwaysem.org\/es\/equity-challenge-days\/2023-day-2\/\">D\u00eda 2: \u00bfPor qu\u00e9 centrarse en la equidad? En qu\u00e9 se diferencia la equidad de la igualdad.<\/a>\r\n<a href=\"https:\/\/unitedwaysem.org\/es\/equity-challenge-days\/2023-day-3\/\">D\u00eda 3: Sesgos y estereotipos: se acabaron los atajos<\/a>\r\n<a href=\"https:\/\/unitedwaysem.org\/es\/equity-challenge-days\/2023-day-4\/\">D\u00eda 4: Hablar con los ni\u00f1os sobre la diversidad y la equidad<\/a>\r\n<a href=\"https:\/\/unitedwaysem.org\/es\/equity-challenge-days\/2023-day-5\/\">D\u00eda 5: Equidad educativa<\/a>\r\n<a href=\"https:\/\/unitedwaysem.org\/es\/equity-challenge-days\/2023-day-6\/\">D\u00eda 6: Practicar el autocuidado radical durante tu camino hacia la equidad<\/a>\r\n<h3>DESAF\u00cdO DE EQUIDAD 2023: Semana 2<\/h3>\r\n<a href=\"https:\/\/unitedwaysem.org\/es\/equity-challenge-days\/2023-day-7\/\"> D\u00eda 7: C\u00f3mo nuestro entorno social influye en nuestra salud y calidad de vida<\/a>\r\n<a href=\"https:\/\/unitedwaysem.org\/es\/equity-challenge-days\/2023-day-8\/\">D\u00eda 8: Signos vitales: desigualdad en la atenci\u00f3n m\u00e9dica materna de las mujeres negras<\/a>\r\n<a href=\"https:\/\/unitedwaysem.org\/es\/equity-challenge-days\/2023-day-9\/\">D\u00eda 9: Equidad en salud y el entorno construido<\/a>\r\n<a href=\"https:\/\/unitedwaysem.org\/es\/equity-challenge-days\/2023-day-10\/\">D\u00eda 10: Concienciaci\u00f3n sobre las discapacidades: una parte natural de la experiencia humana<\/a>\r\n<a href=\"https:\/\/unitedwaysem.org\/es\/equity-challenge-days\/2023-day-11\/\">D\u00eda 11: Avanzando hacia la equidad en salud mental <\/a>\r\n<h3>DESAF\u00cdO DE EQUIDAD 2023: Semana 3<\/h3>\r\n<a href=\"https:\/\/unitedwaysem.org\/es\/equity-challenge-days\/2023-day-12\/\">D\u00eda 12: La violencia: un hilo conductor hist\u00f3rico y oportuno en los sistemas<\/a>\r\n<a href=\"https:\/\/unitedwaysem.org\/es\/equity-challenge-days\/2023-day-13\/\">D\u00eda 13: Encarcelamiento masivo: \u00bfun sistema injusto?<\/a>\r\n<a href=\"https:\/\/unitedwaysem.org\/es\/equity-challenge-days\/2023-day-14\/\">D\u00eda 14: Libertad frente a la violencia para todos: una mirada a la violencia de g\u00e9nero<\/a>\r\n<a href=\"https:\/\/unitedwaysem.org\/es\/equity-challenge-days\/2023-day-15\/\">D\u00eda 15: Terrorismo corporal y liberaci\u00f3n corporal<\/a>\r\n<a href=\"https:\/\/unitedwaysem.org\/es\/equity-challenge-days\/2023-day-16\/\">D\u00eda 16: Las desigualdades en materia de vivienda y su impacto en el \u00e1rea metropolitana de Detroit<\/a>\r\n<h3>DESAF\u00cdO DE EQUIDAD 2023: Semana 4<\/h3>\r\n<a href=\"https:\/\/unitedwaysem.org\/es\/equity-challenge-days\/2023-day-17\/\">D\u00eda 17: Introducci\u00f3n al cambio de c\u00f3digo y a la creaci\u00f3n de un espacio para que todos puedan mostrarse tal y como son.<\/a>\r\n<a href=\"https:\/\/unitedwaysem.org\/es\/equity-challenge-days\/2023-day-18\/\">D\u00eda 18: Inclusi\u00f3n: un proceso intencional para crear espacios para todos<\/a>\r\n<a href=\"https:\/\/unitedwaysem.org\/es\/equity-challenge-days\/2023-day-19\/\"> <span class=\"cal-icon\">D\u00eda 19: Aqu\u00ed y queer<\/span><\/a>\r\n<a href=\"https:\/\/unitedwaysem.org\/es\/equity-challenge-days\/2023-day-20\/\">D\u00eda 20: Arte y equidad: \u00bfc\u00f3mo puede la expresi\u00f3n personal apoyar la justicia social?<\/a>\r\n<a href=\"https:\/\/unitedwaysem.org\/es\/equity-challenge-days\/2023-day-21\/\">D\u00eda 21: Lucha por la equidad y la justicia: defensa y alianza por la justicia racial<\/a>","":null,"settings":""}},{"acf_fc_layout":"layout_group","_acfe_flexible_toggle":"","component_group":{"version":"3","header":{"":null,"show_arrows":false,"heading":"","subheading":"","abstract":""},"columns":[{"image":"","title":"ABOUT THE CHALLENGE","abstract":"Learn about the history and intention of the 21-Day Equity Challenge","button":{"title":"Learn More","url":"https:\/\/unitedwaysem.org\/about-us\/equity-and-inclusion\/21-day-equity-challenge\/about-the-equity-challenge\/","target":""}},{"image":"","title":"Our Commitment to Equity","abstract":"Read more about United Way\u2019s Diversity, Equity and Inclusion work.","button":{"title":"Learn More","url":"https:\/\/unitedwaysem.org\/equity-and-inclusion\/","target":""}}]}}]},"yoast_head":"<!-- This site is optimized with the Yoast SEO plugin v26.8 - https:\/\/yoast.com\/product\/yoast-seo-wordpress\/ -->\n<title>21-Day Equity Challenge 2023 - United Way for Southeastern Michigan<\/title>\n<meta name=\"robots\" content=\"index, follow, max-snippet:-1, max-image-preview:large, max-video-preview:-1\" \/>\n<link rel=\"canonical\" href=\"https:\/\/unitedwaysem.org\/es\/equity-challenge-2023\/\" \/>\n<meta property=\"og:locale\" content=\"es_MX\" \/>\n<meta property=\"og:type\" content=\"article\" \/>\n<meta property=\"og:title\" content=\"21-Day Equity Challenge 2023 - United Way for Southeastern Michigan\" \/>\n<meta property=\"og:url\" content=\"https:\/\/unitedwaysem.org\/es\/equity-challenge-2023\/\" \/>\n<meta property=\"og:site_name\" content=\"United Way for Southeastern Michigan\" \/>\n<meta property=\"article:modified_time\" content=\"2025-04-21T22:13:52+00:00\" \/>\n<meta property=\"og:image\" content=\"https:\/\/unitedwaysem.org\/wp-content\/uploads\/2025\/01\/uwsem-share-image-v2.jpg\" \/>\n\t<meta property=\"og:image:width\" content=\"1200\" \/>\n\t<meta property=\"og:image:height\" content=\"630\" \/>\n\t<meta property=\"og:image:type\" content=\"image\/jpeg\" \/>\n<meta name=\"twitter:card\" content=\"summary_large_image\" \/>\n<script type=\"application\/ld+json\" class=\"yoast-schema-graph\">{\"@context\":\"https:\/\/schema.org\",\"@graph\":[{\"@type\":\"WebPage\",\"@id\":\"https:\/\/unitedwaysem.org\/equity-challenge-2023\/\",\"url\":\"https:\/\/unitedwaysem.org\/equity-challenge-2023\/\",\"name\":\"21-Day Equity Challenge 2023 - United Way for Southeastern Michigan\",\"isPartOf\":{\"@id\":\"https:\/\/unitedwaysem.org\/#website\"},\"datePublished\":\"2023-05-16T21:18:09+00:00\",\"dateModified\":\"2025-04-21T22:13:52+00:00\",\"breadcrumb\":{\"@id\":\"https:\/\/unitedwaysem.org\/equity-challenge-2023\/#breadcrumb\"},\"inLanguage\":\"es\",\"potentialAction\":[{\"@type\":\"ReadAction\",\"target\":[\"https:\/\/unitedwaysem.org\/equity-challenge-2023\/\"]}]},{\"@type\":\"BreadcrumbList\",\"@id\":\"https:\/\/unitedwaysem.org\/equity-challenge-2023\/#breadcrumb\",\"itemListElement\":[{\"@type\":\"ListItem\",\"position\":1,\"name\":\"Home\",\"item\":\"https:\/\/unitedwaysem.org\/\"},{\"@type\":\"ListItem\",\"position\":2,\"name\":\"21-Day Equity Challenge 2023\"}]},{\"@type\":\"WebSite\",\"@id\":\"https:\/\/unitedwaysem.org\/#website\",\"url\":\"https:\/\/unitedwaysem.org\/\",\"name\":\"United Way for Southeastern Michigan\",\"description\":\"\",\"publisher\":{\"@id\":\"https:\/\/unitedwaysem.org\/#organization\"},\"potentialAction\":[{\"@type\":\"SearchAction\",\"target\":{\"@type\":\"EntryPoint\",\"urlTemplate\":\"https:\/\/unitedwaysem.org\/?s={search_term_string}\"},\"query-input\":{\"@type\":\"PropertyValueSpecification\",\"valueRequired\":true,\"valueName\":\"search_term_string\"}}],\"inLanguage\":\"es\"},{\"@type\":\"Organization\",\"@id\":\"https:\/\/unitedwaysem.org\/#organization\",\"name\":\"United Way for Southeastern Michigan\",\"url\":\"https:\/\/unitedwaysem.org\/\",\"logo\":{\"@type\":\"ImageObject\",\"inLanguage\":\"es\",\"@id\":\"https:\/\/unitedwaysem.org\/#\/schema\/logo\/image\/\",\"url\":\"https:\/\/unitedwaysem.org\/wp-content\/uploads\/2024\/12\/uwsem-logo.png\",\"contentUrl\":\"https:\/\/unitedwaysem.org\/wp-content\/uploads\/2024\/12\/uwsem-logo.png\",\"width\":768,\"height\":768,\"caption\":\"United Way for Southeastern Michigan\"},\"image\":{\"@id\":\"https:\/\/unitedwaysem.org\/#\/schema\/logo\/image\/\"}}]}<\/script>\n<!-- \/ Yoast SEO plugin. -->","yoast_head_json":{"title":"21-Day Equity Challenge 2023 - United Way for Southeastern Michigan","robots":{"index":"index","follow":"follow","max-snippet":"max-snippet:-1","max-image-preview":"max-image-preview:large","max-video-preview":"max-video-preview:-1"},"canonical":"https:\/\/unitedwaysem.org\/es\/equity-challenge-2023\/","og_locale":"es_MX","og_type":"article","og_title":"21-Day Equity Challenge 2023 - United Way for Southeastern Michigan","og_url":"https:\/\/unitedwaysem.org\/es\/equity-challenge-2023\/","og_site_name":"United Way for Southeastern Michigan","article_modified_time":"2025-04-21T22:13:52+00:00","og_image":[{"width":1200,"height":630,"url":"https:\/\/unitedwaysem.org\/wp-content\/uploads\/2025\/01\/uwsem-share-image-v2.jpg","type":"image\/jpeg"}],"twitter_card":"summary_large_image","schema":{"@context":"https:\/\/schema.org","@graph":[{"@type":"WebPage","@id":"https:\/\/unitedwaysem.org\/equity-challenge-2023\/","url":"https:\/\/unitedwaysem.org\/equity-challenge-2023\/","name":"21-Day Equity Challenge 2023 - United Way for Southeastern Michigan","isPartOf":{"@id":"https:\/\/unitedwaysem.org\/#website"},"datePublished":"2023-05-16T21:18:09+00:00","dateModified":"2025-04-21T22:13:52+00:00","breadcrumb":{"@id":"https:\/\/unitedwaysem.org\/equity-challenge-2023\/#breadcrumb"},"inLanguage":"es","potentialAction":[{"@type":"ReadAction","target":["https:\/\/unitedwaysem.org\/equity-challenge-2023\/"]}]},{"@type":"BreadcrumbList","@id":"https:\/\/unitedwaysem.org\/equity-challenge-2023\/#breadcrumb","itemListElement":[{"@type":"ListItem","position":1,"name":"Home","item":"https:\/\/unitedwaysem.org\/"},{"@type":"ListItem","position":2,"name":"21-Day Equity Challenge 2023"}]},{"@type":"WebSite","@id":"https:\/\/unitedwaysem.org\/#website","url":"https:\/\/unitedwaysem.org\/","name":"United Way para el sureste de Michigan","description":"","publisher":{"@id":"https:\/\/unitedwaysem.org\/#organization"},"potentialAction":[{"@type":"SearchAction","target":{"@type":"EntryPoint","urlTemplate":"https:\/\/unitedwaysem.org\/?s={search_term_string}"},"query-input":{"@type":"PropertyValueSpecification","valueRequired":true,"valueName":"search_term_string"}}],"inLanguage":"es"},{"@type":"Organization","@id":"https:\/\/unitedwaysem.org\/#organization","name":"United Way para el sureste de Michigan","url":"https:\/\/unitedwaysem.org\/","logo":{"@type":"ImageObject","inLanguage":"es","@id":"https:\/\/unitedwaysem.org\/#\/schema\/logo\/image\/","url":"https:\/\/unitedwaysem.org\/wp-content\/uploads\/2024\/12\/uwsem-logo.png","contentUrl":"https:\/\/unitedwaysem.org\/wp-content\/uploads\/2024\/12\/uwsem-logo.png","width":768,"height":768,"caption":"United Way for Southeastern Michigan"},"image":{"@id":"https:\/\/unitedwaysem.org\/#\/schema\/logo\/image\/"}}]}},"_links":{"self":[{"href":"https:\/\/unitedwaysem.org\/es\/wp-json\/wp\/v2\/pages\/1769","targetHints":{"allow":["GET"]}}],"collection":[{"href":"https:\/\/unitedwaysem.org\/es\/wp-json\/wp\/v2\/pages"}],"about":[{"href":"https:\/\/unitedwaysem.org\/es\/wp-json\/wp\/v2\/types\/page"}],"author":[{"embeddable":true,"href":"https:\/\/unitedwaysem.org\/es\/wp-json\/wp\/v2\/users\/11"}],"replies":[{"embeddable":true,"href":"https:\/\/unitedwaysem.org\/es\/wp-json\/wp\/v2\/comments?post=1769"}],"version-history":[{"count":0,"href":"https:\/\/unitedwaysem.org\/es\/wp-json\/wp\/v2\/pages\/1769\/revisions"}],"wp:attachment":[{"href":"https:\/\/unitedwaysem.org\/es\/wp-json\/wp\/v2\/media?parent=1769"}],"curies":[{"name":"wp","href":"https:\/\/api.w.org\/{rel}","templated":true}]}}