{"id":1756,"date":"2023-04-13T14:46:44","date_gmt":"2023-04-13T18:46:44","guid":{"rendered":"https:\/\/unitedwaysem.org\/give-stock\/"},"modified":"2026-04-15T13:34:49","modified_gmt":"2026-04-15T17:34:49","slug":"give-stock","status":"publish","type":"page","link":"https:\/\/unitedwaysem.org\/es\/ways-to-give\/give-stock\/","title":{"rendered":"Formas de donar: Donar acciones"},"content":{"rendered":"","protected":false},"excerpt":{"rendered":"","protected":false},"author":11,"featured_media":0,"parent":1748,"menu_order":0,"comment_status":"closed","ping_status":"closed","template":"","meta":{"_acf_changed":false,"_relevanssi_hide_post":"","_relevanssi_hide_content":"","_relevanssi_pin_for_all":"","_relevanssi_pin_keywords":"","_relevanssi_unpin_keywords":"","_relevanssi_related_keywords":"","_relevanssi_related_include_ids":"","_relevanssi_related_exclude_ids":"","_relevanssi_related_no_append":"","_relevanssi_related_not_related":"","_relevanssi_related_posts":"","_relevanssi_noindex_reason":""},"class_list":["post-1756","page","type-page","status-publish","hentry","news_type-update"],"acf":{"page_layout":[{"acf_fc_layout":"layout_usm_action_form","_acfe_flexible_toggle":null,"component_usm_action_form":{"":null,"heading":"Ways to Give: Give Stock","description":"Gracias por su inter\u00e9s en donar a United Way for Southeastern Michigan a trav\u00e9s de una transferencia de acciones. Por favor, ingrese los detalles de su donaci\u00f3n a continuaci\u00f3n para que podamos reconocerla adecuadamente, asegurar que sea registrada con precisi\u00f3n en su historial de donante, e invitarle a unirse a nuestros grupos de afinidad.\n\nAqu\u00ed est\u00e1n todos los detalles que necesitar\u00e1:\n\nN\u00famero de cuenta: E44110006\nJPMorgan Chase Bank, N.A.\nN\u00famero de Participante DTC 0902\nN\u00famero de Cuenta de Cr\u00e9dito \u2013 P72500\nN\u00famero de Cuenta FFC \u2013 E44110006\nCuenta FFC de \u2013 UNITED WAY FOR SOUTHEASTERN MICHIGAN\n\n\u00bfPreguntas? Env\u00ede un correo electr\u00f3nico a <a href=\"mailto:Philanthropy@UnitedWaySEM.org\">Philanthropy@UnitedWaySEM.org<\/a> o llame al 313-226-9200.","image":"","form_html":"<iframe style=\"border: 0;\" src=\"https:\/\/analytics.clickdimensions.com\/liveunitedsemorg-asyem\/pages\/kkah5nooee2rkqavxcw0dg.html?PageId=e421409228daed11912900155dcc340e\" width=\"100%\" height=\"1300px\" frameborder=\"0\" scrolling=\"no\"><\/iframe>\r\n"}}]},"yoast_head":"<!-- This site is optimized with the Yoast SEO plugin v26.8 - https:\/\/yoast.com\/product\/yoast-seo-wordpress\/ -->\n<title>Ways to give: Give Stock - United Way for Southeastern Michigan<\/title>\n<meta name=\"description\" content=\"Thank you for your interest in donating to United Way for Southeastern Michigan via stock transfer.\" \/>\n<meta name=\"robots\" content=\"index, follow, max-snippet:-1, max-image-preview:large, max-video-preview:-1\" \/>\n<link rel=\"canonical\" href=\"https:\/\/unitedwaysem.org\/es\/ways-to-give\/give-stock\/\" \/>\n<meta property=\"og:locale\" content=\"es_MX\" \/>\n<meta property=\"og:type\" content=\"article\" \/>\n<meta property=\"og:title\" content=\"Ways to give: Give Stock - United Way for Southeastern Michigan\" \/>\n<meta property=\"og:description\" content=\"Thank you for your interest in donating to United Way for Southeastern Michigan via stock transfer.\" \/>\n<meta property=\"og:url\" content=\"https:\/\/unitedwaysem.org\/es\/ways-to-give\/give-stock\/\" \/>\n<meta property=\"og:site_name\" content=\"United Way for Southeastern Michigan\" \/>\n<meta property=\"article:modified_time\" content=\"2026-04-15T17:34:49+00:00\" \/>\n<meta property=\"og:image\" content=\"https:\/\/unitedwaysem.org\/wp-content\/uploads\/2025\/01\/uwsem-share-image-v2.jpg\" \/>\n\t<meta property=\"og:image:width\" content=\"1200\" \/>\n\t<meta property=\"og:image:height\" content=\"630\" \/>\n\t<meta property=\"og:image:type\" content=\"image\/jpeg\" \/>\n<meta name=\"twitter:card\" content=\"summary_large_image\" \/>\n<meta name=\"twitter:label1\" content=\"Tiempo de lectura\" \/>\n\t<meta name=\"twitter:data1\" content=\"1 minuto\" \/>\n<script type=\"application\/ld+json\" class=\"yoast-schema-graph\">{\"@context\":\"https:\/\/schema.org\",\"@graph\":[{\"@type\":\"WebPage\",\"@id\":\"https:\/\/unitedwaysem.org\/ways-to-give\/give-stock\/\",\"url\":\"https:\/\/unitedwaysem.org\/ways-to-give\/give-stock\/\",\"name\":\"Ways to give: Give Stock - United Way for Southeastern Michigan\",\"isPartOf\":{\"@id\":\"https:\/\/unitedwaysem.org\/#website\"},\"datePublished\":\"2023-04-13T18:46:44+00:00\",\"dateModified\":\"2026-04-15T17:34:49+00:00\",\"description\":\"Thank you for your interest in donating to United Way for Southeastern Michigan via stock transfer.\",\"breadcrumb\":{\"@id\":\"https:\/\/unitedwaysem.org\/ways-to-give\/give-stock\/#breadcrumb\"},\"inLanguage\":\"es\",\"potentialAction\":[{\"@type\":\"ReadAction\",\"target\":[\"https:\/\/unitedwaysem.org\/ways-to-give\/give-stock\/\"]}]},{\"@type\":\"BreadcrumbList\",\"@id\":\"https:\/\/unitedwaysem.org\/ways-to-give\/give-stock\/#breadcrumb\",\"itemListElement\":[{\"@type\":\"ListItem\",\"position\":1,\"name\":\"Home\",\"item\":\"https:\/\/unitedwaysem.org\/\"},{\"@type\":\"ListItem\",\"position\":2,\"name\":\"Ways to Give\",\"item\":\"https:\/\/unitedwaysem.org\/ways-to-give\/\"},{\"@type\":\"ListItem\",\"position\":3,\"name\":\"Ways to give: Give Stock\"}]},{\"@type\":\"WebSite\",\"@id\":\"https:\/\/unitedwaysem.org\/#website\",\"url\":\"https:\/\/unitedwaysem.org\/\",\"name\":\"United Way for Southeastern Michigan\",\"description\":\"\",\"publisher\":{\"@id\":\"https:\/\/unitedwaysem.org\/#organization\"},\"potentialAction\":[{\"@type\":\"SearchAction\",\"target\":{\"@type\":\"EntryPoint\",\"urlTemplate\":\"https:\/\/unitedwaysem.org\/?s={search_term_string}\"},\"query-input\":{\"@type\":\"PropertyValueSpecification\",\"valueRequired\":true,\"valueName\":\"search_term_string\"}}],\"inLanguage\":\"es\"},{\"@type\":\"Organization\",\"@id\":\"https:\/\/unitedwaysem.org\/#organization\",\"name\":\"United Way for Southeastern Michigan\",\"url\":\"https:\/\/unitedwaysem.org\/\",\"logo\":{\"@type\":\"ImageObject\",\"inLanguage\":\"es\",\"@id\":\"https:\/\/unitedwaysem.org\/#\/schema\/logo\/image\/\",\"url\":\"https:\/\/unitedwaysem.org\/wp-content\/uploads\/2024\/12\/uwsem-logo.png\",\"contentUrl\":\"https:\/\/unitedwaysem.org\/wp-content\/uploads\/2024\/12\/uwsem-logo.png\",\"width\":768,\"height\":768,\"caption\":\"United Way for Southeastern Michigan\"},\"image\":{\"@id\":\"https:\/\/unitedwaysem.org\/#\/schema\/logo\/image\/\"}}]}<\/script>\n<!-- \/ Yoast SEO plugin. -->","yoast_head_json":{"title":"Formas de donar: Done acciones - United Way para el sureste de Michigan","description":"Gracias por su inter\u00e9s en donar a United Way for Southeastern Michigan a trav\u00e9s de transferencia de acciones.","robots":{"index":"index","follow":"follow","max-snippet":"max-snippet:-1","max-image-preview":"max-image-preview:large","max-video-preview":"max-video-preview:-1"},"canonical":"https:\/\/unitedwaysem.org\/es\/ways-to-give\/give-stock\/","og_locale":"es_MX","og_type":"article","og_title":"Ways to give: Give Stock - United Way for Southeastern Michigan","og_description":"Thank you for your interest in donating to United Way for Southeastern Michigan via stock transfer.","og_url":"https:\/\/unitedwaysem.org\/es\/ways-to-give\/give-stock\/","og_site_name":"United Way for Southeastern Michigan","article_modified_time":"2026-04-15T17:34:49+00:00","og_image":[{"width":1200,"height":630,"url":"https:\/\/unitedwaysem.org\/wp-content\/uploads\/2025\/01\/uwsem-share-image-v2.jpg","type":"image\/jpeg"}],"twitter_card":"summary_large_image","twitter_misc":{"Tiempo de lectura":"1 minuto"},"schema":{"@context":"https:\/\/schema.org","@graph":[{"@type":"WebPage","@id":"https:\/\/unitedwaysem.org\/ways-to-give\/give-stock\/","url":"https:\/\/unitedwaysem.org\/ways-to-give\/give-stock\/","name":"Formas de donar: Done acciones - United Way para el sureste de Michigan","isPartOf":{"@id":"https:\/\/unitedwaysem.org\/#website"},"datePublished":"2023-04-13T18:46:44+00:00","dateModified":"2026-04-15T17:34:49+00:00","description":"Gracias por su inter\u00e9s en donar a United Way for Southeastern Michigan a trav\u00e9s de transferencia de acciones.","breadcrumb":{"@id":"https:\/\/unitedwaysem.org\/ways-to-give\/give-stock\/#breadcrumb"},"inLanguage":"es","potentialAction":[{"@type":"ReadAction","target":["https:\/\/unitedwaysem.org\/ways-to-give\/give-stock\/"]}]},{"@type":"BreadcrumbList","@id":"https:\/\/unitedwaysem.org\/ways-to-give\/give-stock\/#breadcrumb","itemListElement":[{"@type":"ListItem","position":1,"name":"Home","item":"https:\/\/unitedwaysem.org\/"},{"@type":"ListItem","position":2,"name":"Ways to Give","item":"https:\/\/unitedwaysem.org\/ways-to-give\/"},{"@type":"ListItem","position":3,"name":"Ways to give: Give Stock"}]},{"@type":"WebSite","@id":"https:\/\/unitedwaysem.org\/#website","url":"https:\/\/unitedwaysem.org\/","name":"United Way para el sureste de Michigan","description":"","publisher":{"@id":"https:\/\/unitedwaysem.org\/#organization"},"potentialAction":[{"@type":"SearchAction","target":{"@type":"EntryPoint","urlTemplate":"https:\/\/unitedwaysem.org\/?s={search_term_string}"},"query-input":{"@type":"PropertyValueSpecification","valueRequired":true,"valueName":"search_term_string"}}],"inLanguage":"es"},{"@type":"Organization","@id":"https:\/\/unitedwaysem.org\/#organization","name":"United Way para el sureste de Michigan","url":"https:\/\/unitedwaysem.org\/","logo":{"@type":"ImageObject","inLanguage":"es","@id":"https:\/\/unitedwaysem.org\/#\/schema\/logo\/image\/","url":"https:\/\/unitedwaysem.org\/wp-content\/uploads\/2024\/12\/uwsem-logo.png","contentUrl":"https:\/\/unitedwaysem.org\/wp-content\/uploads\/2024\/12\/uwsem-logo.png","width":768,"height":768,"caption":"United Way for Southeastern Michigan"},"image":{"@id":"https:\/\/unitedwaysem.org\/#\/schema\/logo\/image\/"}}]}},"_links":{"self":[{"href":"https:\/\/unitedwaysem.org\/es\/wp-json\/wp\/v2\/pages\/1756","targetHints":{"allow":["GET"]}}],"collection":[{"href":"https:\/\/unitedwaysem.org\/es\/wp-json\/wp\/v2\/pages"}],"about":[{"href":"https:\/\/unitedwaysem.org\/es\/wp-json\/wp\/v2\/types\/page"}],"author":[{"embeddable":true,"href":"https:\/\/unitedwaysem.org\/es\/wp-json\/wp\/v2\/users\/11"}],"replies":[{"embeddable":true,"href":"https:\/\/unitedwaysem.org\/es\/wp-json\/wp\/v2\/comments?post=1756"}],"version-history":[{"count":1,"href":"https:\/\/unitedwaysem.org\/es\/wp-json\/wp\/v2\/pages\/1756\/revisions"}],"predecessor-version":[{"id":8200,"href":"https:\/\/unitedwaysem.org\/es\/wp-json\/wp\/v2\/pages\/1756\/revisions\/8200"}],"up":[{"embeddable":true,"href":"https:\/\/unitedwaysem.org\/es\/wp-json\/wp\/v2\/pages\/1748"}],"wp:attachment":[{"href":"https:\/\/unitedwaysem.org\/es\/wp-json\/wp\/v2\/media?parent=1756"}],"curies":[{"name":"wp","href":"https:\/\/api.w.org\/{rel}","templated":true}]}}