{"id":1702,"date":"2023-01-13T14:02:39","date_gmt":"2023-01-13T19:02:39","guid":{"rendered":"https:\/\/unitedwaysem.org\/connect4care-a-southeastern-michigan-cie\/"},"modified":"2025-10-23T14:16:14","modified_gmt":"2025-10-23T18:16:14","slug":"connect4care-a-southeastern-michigan-cie","status":"publish","type":"page","link":"https:\/\/unitedwaysem.org\/es\/our-impact\/connect4care-a-southeastern-michigan-cie\/","title":{"rendered":"Connect4Care\u2122: Un intercambio de informaci\u00f3n comunitaria (CIE) del sureste de Michigan."},"content":{"rendered":"","protected":false},"excerpt":{"rendered":"","protected":false},"author":11,"featured_media":1704,"parent":334,"menu_order":0,"comment_status":"closed","ping_status":"closed","template":"","meta":{"_acf_changed":false,"_relevanssi_hide_post":"","_relevanssi_hide_content":"","_relevanssi_pin_for_all":"","_relevanssi_pin_keywords":"","_relevanssi_unpin_keywords":"","_relevanssi_related_keywords":"","_relevanssi_related_include_ids":"","_relevanssi_related_exclude_ids":"","_relevanssi_related_no_append":"","_relevanssi_related_not_related":"","_relevanssi_related_posts":"","_relevanssi_noindex_reason":""},"class_list":["post-1702","page","type-page","status-publish","has-post-thumbnail","hentry","news_type-update"],"acf":{"page_layout":[{"acf_fc_layout":"layout_hero","_acfe_flexible_toggle":"","component_hero":{"kicker_text":"Strengthening the Sector","heading":"Connect4Care\u2122 CIE","summary":"Our vision is a community where resources are easy to find and access no matter who you ask for help. We have the knowledge and the ability to make this happen by working together.","image":2563,"cta":"","bubble":2120}},{"acf_fc_layout":"layout_promo","_acfe_flexible_toggle":"","component_promo":{"":null,"title":"\u00bfQu\u00e9 es la CIE?","abstract":"A Community Information Exchange\u00ae (CIE) is an effort to better connect people with resources. Health and social services organizations make up a network of partners that help people in need. To support this assistance, organizations use technology and tools to share information. This helps organizations grow their impact and individuals get the help they need faster and easier. Since 2018, United Way has been working with partners to develop and grow a CIE in Southeastern Michigan called Connect4Care\u2122.","links":null,"button":{"title":" Visit CIESanDiego.org for more information on the first CIE developed by 2-1-1 San Diego.","url":"http:\/\/ciesandiego.org\/","target":"_blank"},"button2":"","image":2169,"reverse":false,"color":"navy","id":""}},{"acf_fc_layout":"layout_wysiwyg","_acfe_flexible_toggle":"","component_wysiwyg":{"content":"<img class=\"aligncenter wp-image-1761 size-large\" src=\"https:\/\/unitedwaysem.org\/wp-content\/uploads\/2023\/07\/Connection-Graphic-1024x309.jpg\" alt=\"\" width=\"1024\" height=\"309\" \/>\r\n\r\nLos CIE ayudan a buscar recursos, solicitar servicios, compartir informaci\u00f3n sobre los servicios recibidos y mucho m\u00e1s. Nuestro directorio de recursos 2-1-1 respalda la capacidad de Connect4Care\u2122 para poner en contacto a las personas con los servicios de las organizaciones. Esto permite realizar derivaciones m\u00e1s oportunas y adecuadas para la atenci\u00f3n comunitaria.\r\n\r\n<a href=\"https:\/\/unitedwaysem.org\/es\/closed-loop-referrals\/\" target=\"_blank\" rel=\"noopener\">Haga clic aqu\u00ed para obtener m\u00e1s informaci\u00f3n sobre c\u00f3mo funciona este proceso.<\/a>.\r\n\r\n<img class=\"aligncenter wp-image-1760 size-large\" src=\"https:\/\/unitedwaysem.org\/wp-content\/uploads\/2023\/07\/Health-Social-Services-Graphic-1024x881.jpg\" alt=\"\" width=\"1024\" height=\"881\" \/>\r\n\r\n&nbsp;","":null,"settings":""}},{"acf_fc_layout":"layout_group","_acfe_flexible_toggle":"","component_group":{"version":"3","header":{"":null,"show_arrows":false,"heading":"How Connect4Care\u2122\u202fImpacts Our Community","subheading":"","abstract":""},"columns":[{"image":"","title":"Individuals","abstract":"Connect4Care\u2122 creates easy connections to resources for community members.","button":""},{"image":"","title":"Partners","abstract":"Connect4Care\u2122 results in better awareness of resources in the community through streamlined referrals and no duplication of efforts.","button":""},{"image":"","title":"Community","abstract":"Connect4Care\u2122 enables partners to better respond to trends and predict changes in community needs. This results in more informed and fair allocation of resources and policy solutions that strengthen the sector.","button":""}]}},{"acf_fc_layout":"layout_wysiwyg","_acfe_flexible_toggle":"","component_wysiwyg":{"content":"<h2>\u00bfQui\u00e9n forma parte de Connect4Care\u2122?<\/h2>\r\nThe Connect4Care\u2122 network is made up of health and social services organizations in Southeastern Michigan. They provide services such as food, health care, child care, employment, transportation and housing assistance. Participating organizations share information about their services to connect clients and partners in the network.\r\n\r\nConnect4Care\u2122 depends on input from community members and collaborators. Input found in committees, feedback, and surveys are used to create standard practices and policies. There is no Community Information Exchange without community.","":null,"settings":""}},{"acf_fc_layout":"layout_basic_html","_acfe_flexible_toggle":"","component_basic_html":{"header":"Connect4Care\u2122 video overview","code":"<iframe title=\"YouTube video player\" src=\"https:\/\/www.youtube.com\/embed\/XE528e-HBoA?si=xz03XM7QatQ0qsmA\" width=\"560\" height=\"315\" frameborder=\"0\" allowfullscreen=\"allowfullscreen\"><\/iframe>","width":"narrow"}},{"acf_fc_layout":"layout_listing_grid","_acfe_flexible_toggle":"","component_listing_grid":{"header":{"title":"Connect4Care\u2122 Resources","abstract":"Connect4Care\u2122 network partners are health and social services agencies that have agreed to share new levels of information with each other to strengthen coordination of services and care for our community. Health and social services agencies provide supportive services to people. Services include food resources, child care, employment, transportation and housing assistance.","link":"","show_arrows":true},"manually_curate":true,"post_types":[],"cards":[{"image":"","title":"CIE 101","abstract":"","button":{"title":"Watch Video","url":"https:\/\/www.youtube.com\/watch?v=jGdJj3T-Tb0","target":"_blank"}},{"image":"","title":"Privacy and Technology","abstract":"","button":{"title":"Watch Video","url":"https:\/\/www.youtube.com\/watch?v=xjSzr8ucZfM","target":"_blank"}},{"image":"","title":"Environmental Scan","abstract":"","button":{"title":"Watch Video","url":"https:\/\/www.youtube.com\/watch?v=9cgiOyHdYEA","target":"_blank"}},{"image":"","title":"Interview Results","abstract":"","button":{"title":"Watch Video","url":"https:\/\/www.youtube.com\/watch?v=oNFn1VI7i3A","target":"_blank"}}],"columns":"4","quantity":""}},{"acf_fc_layout":"layout_wysiwyg","_acfe_flexible_toggle":"","component_wysiwyg":{"content":"<h2>Socios<\/h2>\r\n<img class=\"alignnone wp-image-1705 size-large\" src=\"https:\/\/unitedwaysem.org\/wp-content\/uploads\/2023\/01\/CIE-logo-lockup-1024x585.jpg\" alt=\"\" width=\"1024\" height=\"585\" \/>\r\n\r\nAgradecemos adem\u00e1s a Accounting Aid Society, Michigan 2-1-1 y otros socios con los que colaboramos para ampliar la red.","":null,"settings":""}},{"acf_fc_layout":"layout_featured_news_events","_acfe_flexible_toggle":"","component_featured_news_events":{"header":{"title":"Upcoming training opportunities","abstract":"Join us to learn more about the Michigan 2-1-1 Resource Directory and partnership opportunities with Connect4Care Community Information Exchange.","link":""},"manually_curate":true,"featured_items":[5685,5689,5692,5699,5749,5751,5753,5755,5758]}}]},"yoast_head":"<!-- This site is optimized with the Yoast SEO plugin v26.8 - https:\/\/yoast.com\/product\/yoast-seo-wordpress\/ -->\n<title>Connect4Care\u2122: A Southeastern Michigan Community information exchange (CIE) - United Way for Southeastern Michigan<\/title>\n<meta name=\"description\" content=\"Our vision is a community where resources are easy to find and access no matter who you ask for help.\" \/>\n<meta name=\"robots\" content=\"index, follow, max-snippet:-1, max-image-preview:large, max-video-preview:-1\" \/>\n<link rel=\"canonical\" href=\"https:\/\/unitedwaysem.org\/es\/our-impact\/connect4care-a-southeastern-michigan-cie\/\" \/>\n<meta property=\"og:locale\" content=\"es_MX\" \/>\n<meta property=\"og:type\" content=\"article\" \/>\n<meta property=\"og:title\" content=\"Connect4Care\u2122: A Southeastern Michigan Community information exchange (CIE) - United Way for Southeastern Michigan\" \/>\n<meta property=\"og:description\" content=\"Our vision is a community where resources are easy to find and access no matter who you ask for help.\" \/>\n<meta property=\"og:url\" content=\"https:\/\/unitedwaysem.org\/es\/our-impact\/connect4care-a-southeastern-michigan-cie\/\" \/>\n<meta property=\"og:site_name\" content=\"United Way for Southeastern Michigan\" \/>\n<meta property=\"article:modified_time\" content=\"2025-10-23T18:16:14+00:00\" \/>\n<meta property=\"og:image\" content=\"https:\/\/unitedwaysem.org\/wp-content\/uploads\/2023\/01\/Detroit-looking-towards-downtown.jpeg\" \/>\n\t<meta property=\"og:image:width\" content=\"1800\" \/>\n\t<meta property=\"og:image:height\" content=\"1200\" \/>\n\t<meta property=\"og:image:type\" content=\"image\/jpeg\" \/>\n<meta name=\"twitter:card\" content=\"summary_large_image\" \/>\n<meta name=\"twitter:label1\" content=\"Tiempo de lectura\" \/>\n\t<meta name=\"twitter:data1\" content=\"3 minutos\" \/>\n<script type=\"application\/ld+json\" class=\"yoast-schema-graph\">{\"@context\":\"https:\/\/schema.org\",\"@graph\":[{\"@type\":\"WebPage\",\"@id\":\"https:\/\/unitedwaysem.org\/our-impact\/connect4care-a-southeastern-michigan-cie\/\",\"url\":\"https:\/\/unitedwaysem.org\/our-impact\/connect4care-a-southeastern-michigan-cie\/\",\"name\":\"Connect4Care\u2122: A Southeastern Michigan Community information exchange (CIE) - United Way for Southeastern Michigan\",\"isPartOf\":{\"@id\":\"https:\/\/unitedwaysem.org\/#website\"},\"primaryImageOfPage\":{\"@id\":\"https:\/\/unitedwaysem.org\/our-impact\/connect4care-a-southeastern-michigan-cie\/#primaryimage\"},\"image\":{\"@id\":\"https:\/\/unitedwaysem.org\/our-impact\/connect4care-a-southeastern-michigan-cie\/#primaryimage\"},\"thumbnailUrl\":\"https:\/\/unitedwaysem.org\/wp-content\/uploads\/2023\/01\/Detroit-looking-towards-downtown.jpeg\",\"datePublished\":\"2023-01-13T19:02:39+00:00\",\"dateModified\":\"2025-10-23T18:16:14+00:00\",\"description\":\"Our vision is a community where resources are easy to find and access no matter who you ask for help.\",\"breadcrumb\":{\"@id\":\"https:\/\/unitedwaysem.org\/our-impact\/connect4care-a-southeastern-michigan-cie\/#breadcrumb\"},\"inLanguage\":\"es\",\"potentialAction\":[{\"@type\":\"ReadAction\",\"target\":[\"https:\/\/unitedwaysem.org\/our-impact\/connect4care-a-southeastern-michigan-cie\/\"]}]},{\"@type\":\"ImageObject\",\"inLanguage\":\"es\",\"@id\":\"https:\/\/unitedwaysem.org\/our-impact\/connect4care-a-southeastern-michigan-cie\/#primaryimage\",\"url\":\"https:\/\/unitedwaysem.org\/wp-content\/uploads\/2023\/01\/Detroit-looking-towards-downtown.jpeg\",\"contentUrl\":\"https:\/\/unitedwaysem.org\/wp-content\/uploads\/2023\/01\/Detroit-looking-towards-downtown.jpeg\",\"width\":1800,\"height\":1200},{\"@type\":\"BreadcrumbList\",\"@id\":\"https:\/\/unitedwaysem.org\/our-impact\/connect4care-a-southeastern-michigan-cie\/#breadcrumb\",\"itemListElement\":[{\"@type\":\"ListItem\",\"position\":1,\"name\":\"Home\",\"item\":\"https:\/\/unitedwaysem.org\/\"},{\"@type\":\"ListItem\",\"position\":2,\"name\":\"Our Impact\",\"item\":\"https:\/\/unitedwaysem.org\/our-impact\/\"},{\"@type\":\"ListItem\",\"position\":3,\"name\":\"Connect4Care\u2122: A Southeastern Michigan Community information exchange (CIE)\"}]},{\"@type\":\"WebSite\",\"@id\":\"https:\/\/unitedwaysem.org\/#website\",\"url\":\"https:\/\/unitedwaysem.org\/\",\"name\":\"United Way for Southeastern Michigan\",\"description\":\"\",\"publisher\":{\"@id\":\"https:\/\/unitedwaysem.org\/#organization\"},\"potentialAction\":[{\"@type\":\"SearchAction\",\"target\":{\"@type\":\"EntryPoint\",\"urlTemplate\":\"https:\/\/unitedwaysem.org\/?s={search_term_string}\"},\"query-input\":{\"@type\":\"PropertyValueSpecification\",\"valueRequired\":true,\"valueName\":\"search_term_string\"}}],\"inLanguage\":\"es\"},{\"@type\":\"Organization\",\"@id\":\"https:\/\/unitedwaysem.org\/#organization\",\"name\":\"United Way for Southeastern Michigan\",\"url\":\"https:\/\/unitedwaysem.org\/\",\"logo\":{\"@type\":\"ImageObject\",\"inLanguage\":\"es\",\"@id\":\"https:\/\/unitedwaysem.org\/#\/schema\/logo\/image\/\",\"url\":\"https:\/\/unitedwaysem.org\/wp-content\/uploads\/2024\/12\/uwsem-logo.png\",\"contentUrl\":\"https:\/\/unitedwaysem.org\/wp-content\/uploads\/2024\/12\/uwsem-logo.png\",\"width\":768,\"height\":768,\"caption\":\"United Way for Southeastern Michigan\"},\"image\":{\"@id\":\"https:\/\/unitedwaysem.org\/#\/schema\/logo\/image\/\"}}]}<\/script>\n<!-- \/ Yoast SEO plugin. -->","yoast_head_json":{"title":"Connect4Care\u2122: A Southeastern Michigan Community information exchange (CIE) - United Way for Southeastern Michigan","description":"Our vision is a community where resources are easy to find and access no matter who you ask for help.","robots":{"index":"index","follow":"follow","max-snippet":"max-snippet:-1","max-image-preview":"max-image-preview:large","max-video-preview":"max-video-preview:-1"},"canonical":"https:\/\/unitedwaysem.org\/es\/our-impact\/connect4care-a-southeastern-michigan-cie\/","og_locale":"es_MX","og_type":"article","og_title":"Connect4Care\u2122: A Southeastern Michigan Community information exchange (CIE) - United Way for Southeastern Michigan","og_description":"Our vision is a community where resources are easy to find and access no matter who you ask for help.","og_url":"https:\/\/unitedwaysem.org\/es\/our-impact\/connect4care-a-southeastern-michigan-cie\/","og_site_name":"United Way for Southeastern Michigan","article_modified_time":"2025-10-23T18:16:14+00:00","og_image":[{"width":1800,"height":1200,"url":"https:\/\/unitedwaysem.org\/wp-content\/uploads\/2023\/01\/Detroit-looking-towards-downtown.jpeg","type":"image\/jpeg"}],"twitter_card":"summary_large_image","twitter_misc":{"Tiempo de lectura":"3 minutos"},"schema":{"@context":"https:\/\/schema.org","@graph":[{"@type":"WebPage","@id":"https:\/\/unitedwaysem.org\/our-impact\/connect4care-a-southeastern-michigan-cie\/","url":"https:\/\/unitedwaysem.org\/our-impact\/connect4care-a-southeastern-michigan-cie\/","name":"Connect4Care\u2122: A Southeastern Michigan Community information exchange (CIE) - United Way for Southeastern Michigan","isPartOf":{"@id":"https:\/\/unitedwaysem.org\/#website"},"primaryImageOfPage":{"@id":"https:\/\/unitedwaysem.org\/our-impact\/connect4care-a-southeastern-michigan-cie\/#primaryimage"},"image":{"@id":"https:\/\/unitedwaysem.org\/our-impact\/connect4care-a-southeastern-michigan-cie\/#primaryimage"},"thumbnailUrl":"https:\/\/unitedwaysem.org\/wp-content\/uploads\/2023\/01\/Detroit-looking-towards-downtown.jpeg","datePublished":"2023-01-13T19:02:39+00:00","dateModified":"2025-10-23T18:16:14+00:00","description":"Our vision is a community where resources are easy to find and access no matter who you ask for help.","breadcrumb":{"@id":"https:\/\/unitedwaysem.org\/our-impact\/connect4care-a-southeastern-michigan-cie\/#breadcrumb"},"inLanguage":"es","potentialAction":[{"@type":"ReadAction","target":["https:\/\/unitedwaysem.org\/our-impact\/connect4care-a-southeastern-michigan-cie\/"]}]},{"@type":"ImageObject","inLanguage":"es","@id":"https:\/\/unitedwaysem.org\/our-impact\/connect4care-a-southeastern-michigan-cie\/#primaryimage","url":"https:\/\/unitedwaysem.org\/wp-content\/uploads\/2023\/01\/Detroit-looking-towards-downtown.jpeg","contentUrl":"https:\/\/unitedwaysem.org\/wp-content\/uploads\/2023\/01\/Detroit-looking-towards-downtown.jpeg","width":1800,"height":1200},{"@type":"BreadcrumbList","@id":"https:\/\/unitedwaysem.org\/our-impact\/connect4care-a-southeastern-michigan-cie\/#breadcrumb","itemListElement":[{"@type":"ListItem","position":1,"name":"Home","item":"https:\/\/unitedwaysem.org\/"},{"@type":"ListItem","position":2,"name":"Our Impact","item":"https:\/\/unitedwaysem.org\/our-impact\/"},{"@type":"ListItem","position":3,"name":"Connect4Care\u2122: A Southeastern Michigan Community information exchange (CIE)"}]},{"@type":"WebSite","@id":"https:\/\/unitedwaysem.org\/#website","url":"https:\/\/unitedwaysem.org\/","name":"United Way para el sureste de Michigan","description":"","publisher":{"@id":"https:\/\/unitedwaysem.org\/#organization"},"potentialAction":[{"@type":"SearchAction","target":{"@type":"EntryPoint","urlTemplate":"https:\/\/unitedwaysem.org\/?s={search_term_string}"},"query-input":{"@type":"PropertyValueSpecification","valueRequired":true,"valueName":"search_term_string"}}],"inLanguage":"es"},{"@type":"Organization","@id":"https:\/\/unitedwaysem.org\/#organization","name":"United Way para el sureste de Michigan","url":"https:\/\/unitedwaysem.org\/","logo":{"@type":"ImageObject","inLanguage":"es","@id":"https:\/\/unitedwaysem.org\/#\/schema\/logo\/image\/","url":"https:\/\/unitedwaysem.org\/wp-content\/uploads\/2024\/12\/uwsem-logo.png","contentUrl":"https:\/\/unitedwaysem.org\/wp-content\/uploads\/2024\/12\/uwsem-logo.png","width":768,"height":768,"caption":"United Way for Southeastern Michigan"},"image":{"@id":"https:\/\/unitedwaysem.org\/#\/schema\/logo\/image\/"}}]}},"_links":{"self":[{"href":"https:\/\/unitedwaysem.org\/es\/wp-json\/wp\/v2\/pages\/1702","targetHints":{"allow":["GET"]}}],"collection":[{"href":"https:\/\/unitedwaysem.org\/es\/wp-json\/wp\/v2\/pages"}],"about":[{"href":"https:\/\/unitedwaysem.org\/es\/wp-json\/wp\/v2\/types\/page"}],"author":[{"embeddable":true,"href":"https:\/\/unitedwaysem.org\/es\/wp-json\/wp\/v2\/users\/11"}],"replies":[{"embeddable":true,"href":"https:\/\/unitedwaysem.org\/es\/wp-json\/wp\/v2\/comments?post=1702"}],"version-history":[{"count":0,"href":"https:\/\/unitedwaysem.org\/es\/wp-json\/wp\/v2\/pages\/1702\/revisions"}],"up":[{"embeddable":true,"href":"https:\/\/unitedwaysem.org\/es\/wp-json\/wp\/v2\/pages\/334"}],"wp:featuredmedia":[{"embeddable":true,"href":"https:\/\/unitedwaysem.org\/es\/wp-json\/wp\/v2\/media\/1704"}],"wp:attachment":[{"href":"https:\/\/unitedwaysem.org\/es\/wp-json\/wp\/v2\/media?parent=1702"}],"curies":[{"name":"wp","href":"https:\/\/api.w.org\/{rel}","templated":true}]}}