{"id":1586,"date":"2022-03-29T12:36:51","date_gmt":"2022-03-29T16:36:51","guid":{"rendered":"https:\/\/unitedwaysem.org\/proposal-opportunities\/"},"modified":"2026-03-30T15:45:18","modified_gmt":"2026-03-30T19:45:18","slug":"proposal-opportunities","status":"publish","type":"page","link":"https:\/\/unitedwaysem.org\/es\/our-partners\/grants-hub\/proposal-opportunities\/","title":{"rendered":"Oportunidades de propuestas"},"content":{"rendered":"","protected":false},"excerpt":{"rendered":"","protected":false},"author":5,"featured_media":0,"parent":1584,"menu_order":0,"comment_status":"closed","ping_status":"closed","template":"","meta":{"_acf_changed":false,"_relevanssi_hide_post":"","_relevanssi_hide_content":"","_relevanssi_pin_for_all":"","_relevanssi_pin_keywords":"","_relevanssi_unpin_keywords":"","_relevanssi_related_keywords":"","_relevanssi_related_include_ids":"","_relevanssi_related_exclude_ids":"","_relevanssi_related_no_append":"","_relevanssi_related_not_related":"","_relevanssi_related_posts":"","_relevanssi_noindex_reason":""},"class_list":["post-1586","page","type-page","status-publish","hentry","news_type-update"],"acf":{"page_layout":[{"acf_fc_layout":"layout_hero","_acfe_flexible_toggle":null,"component_hero":{"kicker_text":"","heading":"Proposal Opportunities","summary":"","image":"","cta":"","bubble":""}},{"acf_fc_layout":"layout_wysiwyg","_acfe_flexible_toggle":null,"component_wysiwyg":{"content":"<strong>Las solicitudes para el Fondo de Acceso y Respuesta para la Comunidad cerraron el 27 de marzo de 2026 y ya no se aceptan. Las notificaciones de adjudicaci\u00f3n de fondos se entregar\u00e1n a los solicitantes a finales de junio de 2026.<\/strong>\r\n\r\nEl marco de financiaci\u00f3n de United Way est\u00e1 dise\u00f1ado para proporcionar recursos y coordinar una red de socios que ofrecen una serie de servicios bajo una visi\u00f3n compartida de ayudar a las personas y familias ALICE a pasar de la crisis a la estabilidad y de la estabilidad a la prosperidad en los condados de Macomb, Oakland, Washtenaw y Wayne.\r\n<ul>\r\n \t<li>Fondo de acceso y respuesta comunitaria: Dise\u00f1ado para proporcionar financiaci\u00f3n flexible a las organizaciones que satisfacen las necesidades inmediatas y m\u00e1s acuciantes de las personas y las familias.<\/li>\r\n \t<li>Servicios integrales y Fondo de Estabilidad: Financiamiento flexible para organizaciones o colaboraciones establecidas que brindan servicios integrales para estabilizar a las personas y las familias.<\/li>\r\n \t<li>Connect4Care &amp; Systems Change Fund: Financiamiento para instituciones o colaboraciones reconocidas a nivel regional para abordar los problemas sist\u00e9micos que est\u00e1n aumentando el n\u00famero de hogares ALICE y conectar a las personas con sistemas de atenci\u00f3n m\u00e1s integrados, fluidos y dignos que apoyen la estabilidad duradera y a largo plazo de las personas y las familias a gran escala.<\/li>\r\n<\/ul>\r\n<ul>\r\n \t<li style=\"list-style-type: none;\">\r\n<ul>\r\n \t<li style=\"list-style-type: none;\"><\/li>\r\n<\/ul>\r\n<\/li>\r\n<\/ul>\r\n<h5>Mant\u00e9ngase conectado<\/h5>\r\n<ul>\r\n \t<li>Cree y\/o actualice su cuenta de organizaci\u00f3n en <a href=\"https:\/\/apply.unitedwaysem.org\/\" target=\"_blank\" rel=\"noopener\">Survey Monkey Solicitar<\/a> Ahora, para asegurarse de que su organizaci\u00f3n reciba nuestras actualizaciones.<\/li>\r\n \t<li><a href=\"https:\/\/unitedwaysem.org\/es\/our-partners\/grants-hub\/partner-network-sign-up\/\" target=\"_blank\" rel=\"noopener\">Suscr\u00edbase para recibir nuestro bolet\u00edn mensual de la red de socios.<\/a> Para mantenerse al d\u00eda sobre oportunidades de financiamiento y recursos.<\/li>\r\n \t<li>\u00bfDesea ponerse en contacto con un miembro del equipo de United Way para hablar sobre nuestras inversiones? Env\u00ede un correo electr\u00f3nico a <a href=\"mailto:PartnerNetworks@UnitedWaySEM.org\">PartnerNetworks@UnitedWaySEM.org<\/a>.<\/li>\r\n<\/ul>","":null,"settings":""}}]},"yoast_head":"<!-- This site is optimized with the Yoast SEO plugin v26.8 - https:\/\/yoast.com\/product\/yoast-seo-wordpress\/ -->\n<title>Proposal Opportunities - United Way for Southeastern Michigan<\/title>\n<meta name=\"description\" content=\"Our goal is to maximize the impact of every dollar to better and more sustainably support the needs of ALICE households and the organizations that serve them.\" \/>\n<meta name=\"robots\" content=\"index, follow, max-snippet:-1, max-image-preview:large, max-video-preview:-1\" \/>\n<link rel=\"canonical\" href=\"https:\/\/unitedwaysem.org\/es\/our-partners\/grants-hub\/proposal-opportunities\/\" \/>\n<meta property=\"og:locale\" content=\"es_MX\" \/>\n<meta property=\"og:type\" content=\"article\" \/>\n<meta property=\"og:title\" content=\"Proposal Opportunities - United Way for Southeastern Michigan\" \/>\n<meta property=\"og:description\" content=\"Our goal is to maximize the impact of every dollar to better and more sustainably support the needs of ALICE households and the organizations that serve them.\" \/>\n<meta property=\"og:url\" content=\"https:\/\/unitedwaysem.org\/es\/our-partners\/grants-hub\/proposal-opportunities\/\" \/>\n<meta property=\"og:site_name\" content=\"United Way for Southeastern Michigan\" \/>\n<meta property=\"article:modified_time\" content=\"2026-03-30T19:45:18+00:00\" \/>\n<meta property=\"og:image\" content=\"https:\/\/unitedwaysem.org\/wp-content\/uploads\/2025\/01\/uwsem-share-image-v2.jpg\" \/>\n\t<meta property=\"og:image:width\" content=\"1200\" \/>\n\t<meta property=\"og:image:height\" content=\"630\" \/>\n\t<meta property=\"og:image:type\" content=\"image\/jpeg\" \/>\n<meta name=\"twitter:card\" content=\"summary_large_image\" \/>\n<meta name=\"twitter:label1\" content=\"Tiempo de lectura\" \/>\n\t<meta name=\"twitter:data1\" content=\"2 minutos\" \/>\n<script type=\"application\/ld+json\" class=\"yoast-schema-graph\">{\"@context\":\"https:\/\/schema.org\",\"@graph\":[{\"@type\":\"WebPage\",\"@id\":\"https:\/\/unitedwaysem.org\/our-partners\/grants-hub\/proposal-opportunities\/\",\"url\":\"https:\/\/unitedwaysem.org\/our-partners\/grants-hub\/proposal-opportunities\/\",\"name\":\"Proposal Opportunities - United Way for Southeastern Michigan\",\"isPartOf\":{\"@id\":\"https:\/\/unitedwaysem.org\/#website\"},\"datePublished\":\"2022-03-29T16:36:51+00:00\",\"dateModified\":\"2026-03-30T19:45:18+00:00\",\"description\":\"Our goal is to maximize the impact of every dollar to better and more sustainably support the needs of ALICE households and the organizations that serve them.\",\"breadcrumb\":{\"@id\":\"https:\/\/unitedwaysem.org\/our-partners\/grants-hub\/proposal-opportunities\/#breadcrumb\"},\"inLanguage\":\"es\",\"potentialAction\":[{\"@type\":\"ReadAction\",\"target\":[\"https:\/\/unitedwaysem.org\/our-partners\/grants-hub\/proposal-opportunities\/\"]}]},{\"@type\":\"BreadcrumbList\",\"@id\":\"https:\/\/unitedwaysem.org\/our-partners\/grants-hub\/proposal-opportunities\/#breadcrumb\",\"itemListElement\":[{\"@type\":\"ListItem\",\"position\":1,\"name\":\"Home\",\"item\":\"https:\/\/unitedwaysem.org\/\"},{\"@type\":\"ListItem\",\"position\":2,\"name\":\"Our Partners\",\"item\":\"https:\/\/unitedwaysem.org\/our-partners\/\"},{\"@type\":\"ListItem\",\"position\":3,\"name\":\"Grants and Partner Hub\",\"item\":\"https:\/\/unitedwaysem.org\/our-partners\/grants-hub\/\"},{\"@type\":\"ListItem\",\"position\":4,\"name\":\"Proposal Opportunities\"}]},{\"@type\":\"WebSite\",\"@id\":\"https:\/\/unitedwaysem.org\/#website\",\"url\":\"https:\/\/unitedwaysem.org\/\",\"name\":\"United Way for Southeastern Michigan\",\"description\":\"\",\"publisher\":{\"@id\":\"https:\/\/unitedwaysem.org\/#organization\"},\"potentialAction\":[{\"@type\":\"SearchAction\",\"target\":{\"@type\":\"EntryPoint\",\"urlTemplate\":\"https:\/\/unitedwaysem.org\/?s={search_term_string}\"},\"query-input\":{\"@type\":\"PropertyValueSpecification\",\"valueRequired\":true,\"valueName\":\"search_term_string\"}}],\"inLanguage\":\"es\"},{\"@type\":\"Organization\",\"@id\":\"https:\/\/unitedwaysem.org\/#organization\",\"name\":\"United Way for Southeastern Michigan\",\"url\":\"https:\/\/unitedwaysem.org\/\",\"logo\":{\"@type\":\"ImageObject\",\"inLanguage\":\"es\",\"@id\":\"https:\/\/unitedwaysem.org\/#\/schema\/logo\/image\/\",\"url\":\"https:\/\/unitedwaysem.org\/wp-content\/uploads\/2024\/12\/uwsem-logo.png\",\"contentUrl\":\"https:\/\/unitedwaysem.org\/wp-content\/uploads\/2024\/12\/uwsem-logo.png\",\"width\":768,\"height\":768,\"caption\":\"United Way for Southeastern Michigan\"},\"image\":{\"@id\":\"https:\/\/unitedwaysem.org\/#\/schema\/logo\/image\/\"}}]}<\/script>\n<!-- \/ Yoast SEO plugin. -->","yoast_head_json":{"title":"Proposal Opportunities - United Way for Southeastern Michigan","description":"Our goal is to maximize the impact of every dollar to better and more sustainably support the needs of ALICE households and the organizations that serve them.","robots":{"index":"index","follow":"follow","max-snippet":"max-snippet:-1","max-image-preview":"max-image-preview:large","max-video-preview":"max-video-preview:-1"},"canonical":"https:\/\/unitedwaysem.org\/es\/our-partners\/grants-hub\/proposal-opportunities\/","og_locale":"es_MX","og_type":"article","og_title":"Proposal Opportunities - United Way for Southeastern Michigan","og_description":"Our goal is to maximize the impact of every dollar to better and more sustainably support the needs of ALICE households and the organizations that serve them.","og_url":"https:\/\/unitedwaysem.org\/es\/our-partners\/grants-hub\/proposal-opportunities\/","og_site_name":"United Way for Southeastern Michigan","article_modified_time":"2026-03-30T19:45:18+00:00","og_image":[{"width":1200,"height":630,"url":"https:\/\/unitedwaysem.org\/wp-content\/uploads\/2025\/01\/uwsem-share-image-v2.jpg","type":"image\/jpeg"}],"twitter_card":"summary_large_image","twitter_misc":{"Tiempo de lectura":"2 minutos"},"schema":{"@context":"https:\/\/schema.org","@graph":[{"@type":"WebPage","@id":"https:\/\/unitedwaysem.org\/our-partners\/grants-hub\/proposal-opportunities\/","url":"https:\/\/unitedwaysem.org\/our-partners\/grants-hub\/proposal-opportunities\/","name":"Proposal Opportunities - United Way for Southeastern Michigan","isPartOf":{"@id":"https:\/\/unitedwaysem.org\/#website"},"datePublished":"2022-03-29T16:36:51+00:00","dateModified":"2026-03-30T19:45:18+00:00","description":"Our goal is to maximize the impact of every dollar to better and more sustainably support the needs of ALICE households and the organizations that serve them.","breadcrumb":{"@id":"https:\/\/unitedwaysem.org\/our-partners\/grants-hub\/proposal-opportunities\/#breadcrumb"},"inLanguage":"es","potentialAction":[{"@type":"ReadAction","target":["https:\/\/unitedwaysem.org\/our-partners\/grants-hub\/proposal-opportunities\/"]}]},{"@type":"BreadcrumbList","@id":"https:\/\/unitedwaysem.org\/our-partners\/grants-hub\/proposal-opportunities\/#breadcrumb","itemListElement":[{"@type":"ListItem","position":1,"name":"Home","item":"https:\/\/unitedwaysem.org\/"},{"@type":"ListItem","position":2,"name":"Our Partners","item":"https:\/\/unitedwaysem.org\/our-partners\/"},{"@type":"ListItem","position":3,"name":"Grants and Partner Hub","item":"https:\/\/unitedwaysem.org\/our-partners\/grants-hub\/"},{"@type":"ListItem","position":4,"name":"Proposal Opportunities"}]},{"@type":"WebSite","@id":"https:\/\/unitedwaysem.org\/#website","url":"https:\/\/unitedwaysem.org\/","name":"United Way para el sureste de Michigan","description":"","publisher":{"@id":"https:\/\/unitedwaysem.org\/#organization"},"potentialAction":[{"@type":"SearchAction","target":{"@type":"EntryPoint","urlTemplate":"https:\/\/unitedwaysem.org\/?s={search_term_string}"},"query-input":{"@type":"PropertyValueSpecification","valueRequired":true,"valueName":"search_term_string"}}],"inLanguage":"es"},{"@type":"Organization","@id":"https:\/\/unitedwaysem.org\/#organization","name":"United Way para el sureste de Michigan","url":"https:\/\/unitedwaysem.org\/","logo":{"@type":"ImageObject","inLanguage":"es","@id":"https:\/\/unitedwaysem.org\/#\/schema\/logo\/image\/","url":"https:\/\/unitedwaysem.org\/wp-content\/uploads\/2024\/12\/uwsem-logo.png","contentUrl":"https:\/\/unitedwaysem.org\/wp-content\/uploads\/2024\/12\/uwsem-logo.png","width":768,"height":768,"caption":"United Way for Southeastern Michigan"},"image":{"@id":"https:\/\/unitedwaysem.org\/#\/schema\/logo\/image\/"}}]}},"_links":{"self":[{"href":"https:\/\/unitedwaysem.org\/es\/wp-json\/wp\/v2\/pages\/1586","targetHints":{"allow":["GET"]}}],"collection":[{"href":"https:\/\/unitedwaysem.org\/es\/wp-json\/wp\/v2\/pages"}],"about":[{"href":"https:\/\/unitedwaysem.org\/es\/wp-json\/wp\/v2\/types\/page"}],"author":[{"embeddable":true,"href":"https:\/\/unitedwaysem.org\/es\/wp-json\/wp\/v2\/users\/5"}],"replies":[{"embeddable":true,"href":"https:\/\/unitedwaysem.org\/es\/wp-json\/wp\/v2\/comments?post=1586"}],"version-history":[{"count":6,"href":"https:\/\/unitedwaysem.org\/es\/wp-json\/wp\/v2\/pages\/1586\/revisions"}],"predecessor-version":[{"id":7950,"href":"https:\/\/unitedwaysem.org\/es\/wp-json\/wp\/v2\/pages\/1586\/revisions\/7950"}],"up":[{"embeddable":true,"href":"https:\/\/unitedwaysem.org\/es\/wp-json\/wp\/v2\/pages\/1584"}],"wp:attachment":[{"href":"https:\/\/unitedwaysem.org\/es\/wp-json\/wp\/v2\/media?parent=1586"}],"curies":[{"name":"wp","href":"https:\/\/api.w.org\/{rel}","templated":true}]}}