{"id":1584,"date":"2022-03-29T12:50:04","date_gmt":"2022-03-29T16:50:04","guid":{"rendered":"https:\/\/unitedwaysem.org\/grants-hub\/"},"modified":"2026-03-20T16:04:47","modified_gmt":"2026-03-20T20:04:47","slug":"grants-hub","status":"publish","type":"page","link":"https:\/\/unitedwaysem.org\/es\/our-partners\/grants-hub\/","title":{"rendered":"Centro de subvenciones y socios"},"content":{"rendered":"","protected":false},"excerpt":{"rendered":"","protected":false},"author":12,"featured_media":0,"parent":840,"menu_order":0,"comment_status":"closed","ping_status":"closed","template":"","meta":{"_acf_changed":false,"_relevanssi_hide_post":"","_relevanssi_hide_content":"","_relevanssi_pin_for_all":"","_relevanssi_pin_keywords":"","_relevanssi_unpin_keywords":"","_relevanssi_related_keywords":"","_relevanssi_related_include_ids":"","_relevanssi_related_exclude_ids":"","_relevanssi_related_no_append":"","_relevanssi_related_not_related":"","_relevanssi_related_posts":"","_relevanssi_noindex_reason":""},"class_list":["post-1584","page","type-page","status-publish","hentry","news_type-update"],"acf":{"page_layout":[{"acf_fc_layout":"layout_hero","_acfe_flexible_toggle":null,"component_hero":{"kicker_text":"United Way for Southeastern Michigan is powered by partners.","heading":"Grants and Partner Hub","summary":"","image":2528,"cta":"","bubble":""}},{"acf_fc_layout":"layout_wysiwyg","_acfe_flexible_toggle":null,"component_wysiwyg":{"content":"United Way for Southeastern Michigan se sustenta gracias a sus socios. Regularmente proporcionamos fondos a organizaciones de servicios sociales que realmente marcan la diferencia. Obtenga m\u00e1s informaci\u00f3n sobre el trabajo que ayudamos a impulsar a trav\u00e9s de nuestro <a href=\"https:\/\/unitedwaysem.org\/wp-content\/uploads\/2026\/03\/1522-2026-8.5x11-Community-Investments-Impact-Report-Interactive-V5-1-1.pdf\" target=\"_blank\" rel=\"noopener\">Informe de mitad de a\u00f1o del ejercicio 2025-26<\/a>.Tenemos cientos de colaboraciones, y son m\u00e1s que un simple tr\u00e1mite. Trabajamos mano a mano con nuestros socios para mejorar y expandir la programaci\u00f3n, as\u00ed como para proporcionar recursos y experiencia. Al colaborar, Iluminamos el Camino hacia un futuro mejor en el Sureste de Michigan.\n\nPublicamos regularmente solicitudes de propuestas e invitamos a las organizaciones a presentar sus candidaturas donde consideren apropiado. Los detalles espec\u00edficos var\u00edan seg\u00fan el caso. Visite nuestra p\u00e1gina de oportunidades activas para obtener m\u00e1s informaci\u00f3n. Si no est\u00e1 seguro de d\u00f3nde encaja su idea o si desea m\u00e1s informaci\u00f3n, p\u00f3ngase en contacto con <a href=\"mailto:PartnerNetwork@UnitedWaySEM.org\">PartnerNetworks@UnitedWaySEM.org<\/a>.","":null,"settings":""}},{"acf_fc_layout":"layout_listing_grid","_acfe_flexible_toggle":null,"component_listing_grid":{"header":{"title":"","abstract":"","link":"","show_arrows":false},"manually_curate":true,"post_types":[],"cards":[{"image":3663,"title":"Active funding opportunities","abstract":"Find all of our current and past grant opportunities here.","button":{"title":"Proposal Opportunities","url":"https:\/\/unitedwaysem.org\/proposal-opportunities\/","target":""}},{"image":1258,"title":"Partner Success Stories","abstract":"Read about the impact our partners have made in the community with assistance from United Way.","button":{"title":"Blog","url":"https:\/\/unitedwaysem.org\/blog\/","target":""}},{"image":3675,"title":"Partner toolkits and resources","abstract":"Find everything from monthly newsletters to useful tools to help you make the most of your efforts.","button":{"title":"Grant Partner Toolkit","url":"https:\/\/unitedwaysem.org\/partner-toolkit\/","target":""}},{"image":3749,"title":"Partner Network","abstract":"View our full list of partners.","button":{"title":"Explore Our Network","url":"https:\/\/unitedwaysem.org\/our-partners\/","target":""}},{"image":2169,"title":"In-Kind Community Resources","abstract":"Learn more about free resources offered to nonprofits in Macomb, Oakland, Washtenaw and Wayne counties.","button":{"title":"Learn More","url":"https:\/\/unitedwaysem.org\/wp-content\/uploads\/2025\/09\/1375-2025-8.5x11-In-Kind-Community-Resource-Flyer-V2.pdf","target":"_blank"}},{"image":2528,"title":"Sign up for emails","abstract":"Sign up for our Partner Network list! You'll receive our monthly newsletter and other pertinent emails.","button":{"title":"Sign Up","url":"https:\/\/unitedwaysem.org\/our-partners\/grants-hub\/partner-network-sign-up\/","target":"_blank"}}],"columns":"3","quantity":""}},{"acf_fc_layout":"layout_footer_promo","_acfe_flexible_toggle":null,"component_footer_promo":{"title":"Comparta su historia","abstract":"Does your organization have a success story to share? Fill out this form and we'll be in touch!","buttons":[{"button":{"title":"Share Your News","url":"https:\/\/unitedwaysem.org\/share-your-news\/","target":""}}]}}]},"yoast_head":"<!-- This site is optimized with the Yoast SEO plugin v26.8 - https:\/\/yoast.com\/product\/yoast-seo-wordpress\/ -->\n<title>Grants and Partner Hub - United Way for Southeastern Michigan<\/title>\n<meta name=\"description\" content=\"We work side-by-side with partners to improve and expand programming and provide resources and expertise.\" \/>\n<meta name=\"robots\" content=\"index, follow, max-snippet:-1, max-image-preview:large, max-video-preview:-1\" \/>\n<link rel=\"canonical\" href=\"https:\/\/unitedwaysem.org\/es\/our-partners\/grants-hub\/\" \/>\n<meta property=\"og:locale\" content=\"es_MX\" \/>\n<meta property=\"og:type\" content=\"article\" \/>\n<meta property=\"og:title\" content=\"Grants and Partner Hub - United Way for Southeastern Michigan\" \/>\n<meta property=\"og:description\" content=\"We work side-by-side with partners to improve and expand programming and provide resources and expertise.\" \/>\n<meta property=\"og:url\" content=\"https:\/\/unitedwaysem.org\/es\/our-partners\/grants-hub\/\" \/>\n<meta property=\"og:site_name\" content=\"United Way for Southeastern Michigan\" \/>\n<meta property=\"article:modified_time\" content=\"2026-03-20T20:04:47+00:00\" \/>\n<meta property=\"og:image\" content=\"https:\/\/unitedwaysem.org\/wp-content\/uploads\/2025\/01\/uwsem-share-image-v2.jpg\" \/>\n\t<meta property=\"og:image:width\" content=\"1200\" \/>\n\t<meta property=\"og:image:height\" content=\"630\" \/>\n\t<meta property=\"og:image:type\" content=\"image\/jpeg\" \/>\n<meta name=\"twitter:card\" content=\"summary_large_image\" \/>\n<meta name=\"twitter:label1\" content=\"Tiempo de lectura\" \/>\n\t<meta name=\"twitter:data1\" content=\"3 minutos\" \/>\n<script type=\"application\/ld+json\" class=\"yoast-schema-graph\">{\"@context\":\"https:\/\/schema.org\",\"@graph\":[{\"@type\":\"WebPage\",\"@id\":\"https:\/\/unitedwaysem.org\/our-partners\/grants-hub\/\",\"url\":\"https:\/\/unitedwaysem.org\/our-partners\/grants-hub\/\",\"name\":\"Grants and Partner Hub - United Way for Southeastern Michigan\",\"isPartOf\":{\"@id\":\"https:\/\/unitedwaysem.org\/#website\"},\"datePublished\":\"2022-03-29T16:50:04+00:00\",\"dateModified\":\"2026-03-20T20:04:47+00:00\",\"description\":\"We work side-by-side with partners to improve and expand programming and provide resources and expertise.\",\"breadcrumb\":{\"@id\":\"https:\/\/unitedwaysem.org\/our-partners\/grants-hub\/#breadcrumb\"},\"inLanguage\":\"es\",\"potentialAction\":[{\"@type\":\"ReadAction\",\"target\":[\"https:\/\/unitedwaysem.org\/our-partners\/grants-hub\/\"]}]},{\"@type\":\"BreadcrumbList\",\"@id\":\"https:\/\/unitedwaysem.org\/our-partners\/grants-hub\/#breadcrumb\",\"itemListElement\":[{\"@type\":\"ListItem\",\"position\":1,\"name\":\"Home\",\"item\":\"https:\/\/unitedwaysem.org\/\"},{\"@type\":\"ListItem\",\"position\":2,\"name\":\"Our Partners\",\"item\":\"https:\/\/unitedwaysem.org\/our-partners\/\"},{\"@type\":\"ListItem\",\"position\":3,\"name\":\"Grants and Partner Hub\"}]},{\"@type\":\"WebSite\",\"@id\":\"https:\/\/unitedwaysem.org\/#website\",\"url\":\"https:\/\/unitedwaysem.org\/\",\"name\":\"United Way for Southeastern Michigan\",\"description\":\"\",\"publisher\":{\"@id\":\"https:\/\/unitedwaysem.org\/#organization\"},\"potentialAction\":[{\"@type\":\"SearchAction\",\"target\":{\"@type\":\"EntryPoint\",\"urlTemplate\":\"https:\/\/unitedwaysem.org\/?s={search_term_string}\"},\"query-input\":{\"@type\":\"PropertyValueSpecification\",\"valueRequired\":true,\"valueName\":\"search_term_string\"}}],\"inLanguage\":\"es\"},{\"@type\":\"Organization\",\"@id\":\"https:\/\/unitedwaysem.org\/#organization\",\"name\":\"United Way for Southeastern Michigan\",\"url\":\"https:\/\/unitedwaysem.org\/\",\"logo\":{\"@type\":\"ImageObject\",\"inLanguage\":\"es\",\"@id\":\"https:\/\/unitedwaysem.org\/#\/schema\/logo\/image\/\",\"url\":\"https:\/\/unitedwaysem.org\/wp-content\/uploads\/2024\/12\/uwsem-logo.png\",\"contentUrl\":\"https:\/\/unitedwaysem.org\/wp-content\/uploads\/2024\/12\/uwsem-logo.png\",\"width\":768,\"height\":768,\"caption\":\"United Way for Southeastern Michigan\"},\"image\":{\"@id\":\"https:\/\/unitedwaysem.org\/#\/schema\/logo\/image\/\"}}]}<\/script>\n<!-- \/ Yoast SEO plugin. -->","yoast_head_json":{"title":"Centro de subvenciones y socios - United Way para el sureste de Michigan","description":"Trabajamos codo con codo con nuestros socios para mejorar y ampliar la programaci\u00f3n, y proporcionar recursos y conocimientos especializados.","robots":{"index":"index","follow":"follow","max-snippet":"max-snippet:-1","max-image-preview":"max-image-preview:large","max-video-preview":"max-video-preview:-1"},"canonical":"https:\/\/unitedwaysem.org\/es\/our-partners\/grants-hub\/","og_locale":"es_MX","og_type":"article","og_title":"Grants and Partner Hub - United Way for Southeastern Michigan","og_description":"We work side-by-side with partners to improve and expand programming and provide resources and expertise.","og_url":"https:\/\/unitedwaysem.org\/es\/our-partners\/grants-hub\/","og_site_name":"United Way for Southeastern Michigan","article_modified_time":"2026-03-20T20:04:47+00:00","og_image":[{"width":1200,"height":630,"url":"https:\/\/unitedwaysem.org\/wp-content\/uploads\/2025\/01\/uwsem-share-image-v2.jpg","type":"image\/jpeg"}],"twitter_card":"summary_large_image","twitter_misc":{"Tiempo de lectura":"3 minutos"},"schema":{"@context":"https:\/\/schema.org","@graph":[{"@type":"WebPage","@id":"https:\/\/unitedwaysem.org\/our-partners\/grants-hub\/","url":"https:\/\/unitedwaysem.org\/our-partners\/grants-hub\/","name":"Centro de subvenciones y socios - United Way para el sureste de Michigan","isPartOf":{"@id":"https:\/\/unitedwaysem.org\/#website"},"datePublished":"2022-03-29T16:50:04+00:00","dateModified":"2026-03-20T20:04:47+00:00","description":"Trabajamos codo con codo con nuestros socios para mejorar y ampliar la programaci\u00f3n, y proporcionar recursos y conocimientos especializados.","breadcrumb":{"@id":"https:\/\/unitedwaysem.org\/our-partners\/grants-hub\/#breadcrumb"},"inLanguage":"es","potentialAction":[{"@type":"ReadAction","target":["https:\/\/unitedwaysem.org\/our-partners\/grants-hub\/"]}]},{"@type":"BreadcrumbList","@id":"https:\/\/unitedwaysem.org\/our-partners\/grants-hub\/#breadcrumb","itemListElement":[{"@type":"ListItem","position":1,"name":"Home","item":"https:\/\/unitedwaysem.org\/"},{"@type":"ListItem","position":2,"name":"Our Partners","item":"https:\/\/unitedwaysem.org\/our-partners\/"},{"@type":"ListItem","position":3,"name":"Grants and Partner Hub"}]},{"@type":"WebSite","@id":"https:\/\/unitedwaysem.org\/#website","url":"https:\/\/unitedwaysem.org\/","name":"United Way para el sureste de Michigan","description":"","publisher":{"@id":"https:\/\/unitedwaysem.org\/#organization"},"potentialAction":[{"@type":"SearchAction","target":{"@type":"EntryPoint","urlTemplate":"https:\/\/unitedwaysem.org\/?s={search_term_string}"},"query-input":{"@type":"PropertyValueSpecification","valueRequired":true,"valueName":"search_term_string"}}],"inLanguage":"es"},{"@type":"Organization","@id":"https:\/\/unitedwaysem.org\/#organization","name":"United Way para el sureste de Michigan","url":"https:\/\/unitedwaysem.org\/","logo":{"@type":"ImageObject","inLanguage":"es","@id":"https:\/\/unitedwaysem.org\/#\/schema\/logo\/image\/","url":"https:\/\/unitedwaysem.org\/wp-content\/uploads\/2024\/12\/uwsem-logo.png","contentUrl":"https:\/\/unitedwaysem.org\/wp-content\/uploads\/2024\/12\/uwsem-logo.png","width":768,"height":768,"caption":"United Way for Southeastern Michigan"},"image":{"@id":"https:\/\/unitedwaysem.org\/#\/schema\/logo\/image\/"}}]}},"_links":{"self":[{"href":"https:\/\/unitedwaysem.org\/es\/wp-json\/wp\/v2\/pages\/1584","targetHints":{"allow":["GET"]}}],"collection":[{"href":"https:\/\/unitedwaysem.org\/es\/wp-json\/wp\/v2\/pages"}],"about":[{"href":"https:\/\/unitedwaysem.org\/es\/wp-json\/wp\/v2\/types\/page"}],"author":[{"embeddable":true,"href":"https:\/\/unitedwaysem.org\/es\/wp-json\/wp\/v2\/users\/12"}],"replies":[{"embeddable":true,"href":"https:\/\/unitedwaysem.org\/es\/wp-json\/wp\/v2\/comments?post=1584"}],"version-history":[{"count":1,"href":"https:\/\/unitedwaysem.org\/es\/wp-json\/wp\/v2\/pages\/1584\/revisions"}],"predecessor-version":[{"id":7736,"href":"https:\/\/unitedwaysem.org\/es\/wp-json\/wp\/v2\/pages\/1584\/revisions\/7736"}],"up":[{"embeddable":true,"href":"https:\/\/unitedwaysem.org\/es\/wp-json\/wp\/v2\/pages\/840"}],"wp:attachment":[{"href":"https:\/\/unitedwaysem.org\/es\/wp-json\/wp\/v2\/media?parent=1584"}],"curies":[{"name":"wp","href":"https:\/\/api.w.org\/{rel}","templated":true}]}}