{"id":1512,"date":"2021-08-25T11:51:28","date_gmt":"2021-08-25T15:51:28","guid":{"rendered":"https:\/\/unitedwaysem.org\/racial-equity-fund\/"},"modified":"2025-02-18T09:38:34","modified_gmt":"2025-02-18T14:38:34","slug":"racial-equity-fund","status":"publish","type":"page","link":"https:\/\/unitedwaysem.org\/es\/racial-equity-fund\/","title":{"rendered":"El Fondo para la Equidad Racial"},"content":{"rendered":"","protected":false},"excerpt":{"rendered":"","protected":false},"author":12,"featured_media":1513,"parent":0,"menu_order":0,"comment_status":"closed","ping_status":"closed","template":"","meta":{"_acf_changed":false,"_relevanssi_hide_post":"","_relevanssi_hide_content":"","_relevanssi_pin_for_all":"","_relevanssi_pin_keywords":"","_relevanssi_unpin_keywords":"","_relevanssi_related_keywords":"","_relevanssi_related_include_ids":"","_relevanssi_related_exclude_ids":"","_relevanssi_related_no_append":"","_relevanssi_related_not_related":"","_relevanssi_related_posts":"","_relevanssi_noindex_reason":""},"class_list":["post-1512","page","type-page","status-publish","has-post-thumbnail","hentry","news_type-update"],"acf":{"page_layout":[{"acf_fc_layout":"layout_hero","_acfe_flexible_toggle":"","component_hero":{"kicker_text":"","heading":"The Racial Equity Fund","summary":"","image":652,"cta":"","bubble":""}},{"acf_fc_layout":"layout_wysiwyg","_acfe_flexible_toggle":"","component_wysiwyg":{"content":"<div class=\"wp-block-group\">\r\n<div class=\"wp-block-group__inner-container is-layout-flow wp-block-group-is-layout-flow\"><section class=\"section-editor section-padding\">\r\n<div class=\"container-imported\">\r\n<div class=\"row\">\r\n<div class=\"col-lg-10 mx-auto\">\r\n<h2 class=\"section-editor__content\" style=\"text-align: center;\"><span style=\"text-align: center;\">Fondo para la Equidad Racial: 2024<\/span><\/h2>\r\n<\/div>\r\n<\/div>\r\n<\/div>\r\n<\/section><section class=\"section-editor section-padding\">\r\n<div class=\"container-imported\">\r\n<div class=\"row\">\r\n<div class=\"col-lg-10 mx-auto\">\r\n<div class=\"section-editor__content\">\r\n\r\nThe Racial Equity Fund will provide financial support and technical assistance to BIPOC-led organizations through operational unrestricted grants. The fund is designed to empower BIPOC-led organizations to provide programs and projects that work toward eliminating racial disparities in pursuit of more equitable and just communities across Southeastern Michigan.\r\n\r\nCreated by a diverse and inclusive workgroup of community members over the course of two months in the Summer of 2021, this fund seeks to prioritize the lived experience of our communities. The workgroup\u2019s scope was informed by the Centering Community Voice Blueprint.\r\n\r\nThe fund\u2019s objective is to empower Black, Indigenous and People of Color (BIPOC) and people most harmed by systemic oppression. Our efforts seek to ensure all people experience authentic inclusion and have equitable access to resources and opportunities to thrive and reach their full potential.\r\n\r\nThis winter, $200,000 is available in grants ranging from $10,000 to $50,000 directly for organizations with BIPOC executive leadership. Over the last two years, 49 organizations were awarded.\r\n<h2>Detalles del fondo y requisitos de elegibilidad<\/h2>\r\n<ul>\r\n \t<li>Las subvenciones operativas flexibles, sin restricciones y generales oscilan entre 10,000 y 50,000 pesos.<\/li>\r\n \t<li>Las organizaciones deben contar con liderazgo ejecutivo BIPOC.\r\n<ul>\r\n \t<li>El liderazgo ejecutivo BIPOC se define como: United Way for Southeastern Michigan adopta un enfoque integral para evaluar las identidades de quienes detentan el poder de decisi\u00f3n a la hora de determinar si una organizaci\u00f3n o grupo est\u00e1 dirigido por BIPOC. Esto significa que no solo recopilamos informaci\u00f3n sobre la identidad del l\u00edder de la organizaci\u00f3n, sino que tambi\u00e9n evaluamos: 1. en qu\u00e9 medida el personal clave, que tiene poder de decisi\u00f3n, se identifica como BIPOC, y 2. en qu\u00e9 medida la junta directiva\/el consejo asesor, que tambi\u00e9n tiene poder de decisi\u00f3n, se identifica como BIPOC. Si tiene alguna pregunta sobre c\u00f3mo se aplica esta definici\u00f3n a su organizaci\u00f3n, p\u00f3ngase en contacto con Ray Stoeser en <a href=\"mailto:RacialEquityFund@UnitedWaySEM.org\">RacialEquityFund@UnitedWaySEM.org (El futuro de la energ\u00eda renovable: perspectivas para M\u00e9xico).<\/a><\/li>\r\n<\/ul>\r\n<\/li>\r\n \t<li>Las organizaciones deben proponer programas de financiaci\u00f3n que respondan y mitiguen los efectos de las desigualdades raciales y\/o fortalezcan el poder y las infraestructuras de las comunidades de color en todo el condado de Washtenaw.<\/li>\r\n \t<li>Las organizaciones deben ser organizaciones sin fines de lucro 501(c)3. Las organizaciones deben estar al d\u00eda con el estado de M\u00edchigan y el Servicio de Impuestos Internos (IRS) y deber\u00e1n subir una copia de su carta de designaci\u00f3n del IRS, el formulario 990, el formulario W-9 y los estados financieros. Las organizaciones que no sean 501(c)3 pueden presentar su solicitud a trav\u00e9s de un fiduciario, si procede.<\/li>\r\n \t<li>El fondo busca apoyar a organizaciones que a menudo quedan excluidas del ecosistema de financiamiento tradicional. Para aumentar la diversidad de las organizaciones y los programas que reciben apoyo, las organizaciones que actualmente reciben financiamiento de United Way for Southeastern Michigan, United Way of Washtenaw County y\/o que hayan sido beneficiarias anteriormente del Fondo para la Equidad Racial no pueden presentar su solicitud.<\/li>\r\n<\/ul>\r\n&nbsp;\r\n\r\n<\/div>\r\n<\/div>\r\n<\/div>\r\n<\/div>\r\n<\/section>\r\n<div class=\"wp-block-spacer\" style=\"height: 43px;\" aria-hidden=\"true\"><a class=\"tm-button button version-1\" role=\"button\" href=\"https:\/\/unitedwaysem.org\/es\/about-us\/equity-and-inclusion\/dei-donation-page\/\" target=\"_blank\" rel=\"noopener\"><span class=\"tm-button-inner\"><span class=\"text\">Dona ahora<\/span><\/span><\/a><\/div>\r\n<\/div>\r\n<\/div>","":null,"settings":""}},{"acf_fc_layout":"layout_accordion","_acfe_flexible_toggle":"","component_accordion":{"heading":"FAQs","panels":[{"panel_heading":"What is the Racial Equity Fund?","panel_copy":"<div class=\"faq-item__question\">\r\n<div class=\"faq-item__question-icon\">The Racial Equity Fund endeavors to provide financial support in the form of flexible, unrestricted and general operating grants with the intention of prioritizing funding solutions by leaders who are\u202fin\u202fclose proximity\u202fto the opportunity\/need the organization is trying to address.<\/div>\r\n<\/div>\r\n<div class=\"faq-item__answer\">\r\nThe Racial Equity Fund sees value in funding a variety of organizations\u2014from smaller, community-based, grassroots organizations; to medium-sized organizations focused on institutional change; to larger organizations with resources to focus on systemic and structural change, and particularly those excluded from the traditional funding ecosystem. Funding can be used as seed funding to support organization growth and scale to design new, creative ideas and\/or to promote or expand existing racial justice and equity work.<\/div>"},{"panel_heading":"How was the fund and RFP process developed?","panel_copy":"<div class=\"faq-item__question\">\r\n<div class=\"faq-item__question-icon\">The RFP process, language and rubric were designed by the Racial Equity Fund Workgroup \u2014 a group of local community leaders representing diverse communities across Southeastern Michigan including Washtenaw County. The workgroup is responsible for incorporating lived experiences at all levels of the grantmaking process. The process is anchored in support by the <a href=\"https:\/\/unitedwaysem.org\/wp-content\/uploads\/Centering-Community-Voice-Toolkit.pdf\" target=\"_blank\" rel=\"noopener\">Centering Community Voices Blueprint<\/a> . The framework describes the need for centering community voices and highlights opportunities throughout the grant cycle for incorporating lived experiences of the communities served.<\/div>\r\n<\/div>"},{"panel_heading":"Why convene a workgroup to lead the grantmaking process?","panel_copy":"<div class=\"faq-item__question\">\r\n<div class=\"faq-item__question-icon\">Doing so is an important and effective way to support system changes and shift power dynamics. This will ultimately move individuals in underserved communities closer to having their basic needs met long-term and to reducing existing inequities.<\/div>\r\n<\/div>"},{"panel_heading":"What was the workgroup tasked with?","panel_copy":"<div class=\"faq-item__question\">\r\n<div class=\"faq-item__question-icon\">The workgroup was responsible for:<\/div>\r\n<\/div>\r\n<ul>\r\n \t<li class=\"faq-item__answer\">Co-creating the Racial Equity Fund grant process.<\/li>\r\n \t<li class=\"faq-item__answer\">Setting funding priorities for the Racial Equity Fund centered on the lived experiences of community members.<\/li>\r\n \t<li class=\"faq-item__answer\">Determining RFP evaluation metrics and reporting guidelines.<\/li>\r\n \t<li class=\"faq-item__answer\">Developing a process to ensure a diverse applicant pool, including outreach to under-resourced and\/or unfamiliar organizations.<\/li>\r\n \t<li class=\"faq-item__answer\">Drafting the RFP language.<\/li>\r\n<\/ul>"},{"panel_heading":"What is the spending period of this grant?","panel_copy":"<div class=\"faq-item__question\">\r\n<div class=\"faq-item__question-icon\">Jan. 1, 2024 through Dec. 31, 2024. Since funding determinations will not be announced until early March, organizations will be able to retroactively charge eligible expenditures back to the start of the grant period.<\/div>\r\n<\/div>"},{"panel_heading":"Can an organization apply for both the Racial Equity Fund grant and Washtenaw Basic Needs grant?","panel_copy":"<div class=\"faq-item__question\">\r\n<div class=\"faq-item__question-icon\">Any eligible organization may apply for both opportunities as applicable. However, both are open, competitive processes and submission of an application does not guarantee funding. We will consider the availability of funds against the full spectrum of competitive applications received for each funding opportunity.<\/div>\r\n<\/div>\r\n<div class=\"faq-item__answer\">\r\n\r\nTo view all open grant opportunities, visit our <a href=\"https:\/\/unitedwaysem.org\/about-us\/our-partners\/grants-hub\/proposal-opportunities\/ \" target=\"_blank\" rel=\"noopener\">proposal opportunities page<\/a>.\r\n\r\n<\/div>"},{"panel_heading":"Can organizations that are not based in Washtenaw County, but serve Washtenaw residents apply?","panel_copy":"<div class=\"faq-item__question\">\r\n<div class=\"faq-item__question-icon\">No. Organizations must be based (have a physical presence) in Washtenaw County AND serve Washtenaw County residents.<\/div>\r\n<\/div>"},{"panel_heading":"Through United Way of Washtenaw County, I was previously able to phone in my application. Can I still do that?","panel_copy":"<div class=\"faq-item__question\">\r\n<div class=\"faq-item__question-icon\">Unfortunately, for this opportunity that option is not available. All applications must be submitted through United Way for Southeastern Michigan\u2019s grant management system, <a href=\"https:\/\/apply.unitedwaysem.org\/\" target=\"_blank\" rel=\"noopener\">SurveyMonkey Apply<\/a> . For questions or support related to accessing SurveyMonkey Apply (SMA), please contact the Community Investments team at <a href=\"mailto:SMA@UnitedWaySEM.org\" target=\"_blank\" rel=\"noopener\">SMA@UnitedWaySEM.org<\/a>.<\/div>\r\n<\/div>"}]}},{"acf_fc_layout":"layout_accordion","_acfe_flexible_toggle":"","component_accordion":{"heading":"Metrics and Reporting","panels":[{"panel_heading":"Is there a minimum number of clients needed to apply?","panel_copy":"<div class=\"faq-item__question\">\r\n<div class=\"faq-item__question-icon\">There is no minimum expectation of a certain number of clients served. In general, we value quality over quantity and are trying to get a picture of scope and scale of the services that each applicant provides under the application domain(s).<\/div>\r\n<\/div>"},{"panel_heading":"Do all clients served by partners need to be considered ALICE?","panel_copy":"<div class=\"faq-item__question\">\r\n<div class=\"faq-item__question-icon\">No. We will not put restrictions on the use of funds in this way. We do want to understand how effective we are at reaching those below the ALICE threshold, including those below the federal poverty level and those that do not have incomes high enough to cover their basic needs.<\/div>\r\n<\/div>\r\n<div class=\"faq-item__answer\">\r\nWithin the application, you will be asked to provide estimations\/projections that will help us understand this, including demographic information and reach across the identified municipalities that have large concentrations of ALICE.<\/div>"},{"panel_heading":"Can funding be used for other families\/clients that fall below federal poverty level but are not living in the cities identified?","panel_copy":"<div class=\"faq-item__question\">\r\n<div class=\"faq-item__question-icon\">Yes. We will not put restrictions on the use of funds in this way. We do want to track how effective we are at reaching ALICE populations in the municipalities that we have listed and serving populations in the ALICE municipalities that we have listed is an important part of our funding criteria.<\/div>\r\n<\/div>"},{"panel_heading":"What sort of reporting will recipients of the grant be expected to provide?","panel_copy":"<div class=\"faq-item__question\">\r\n<div class=\"faq-item__question-icon\">Organizations will be required to submit a mid contract report in July and a final contract report in December.<\/div>\r\n<\/div>"},{"panel_heading":"When will grant funds be dispersed?","panel_copy":"<div class=\"faq-item__question\">\r\n<div class=\"faq-item__question-icon\">75% of grant funds will be dispersed within 2-weeks of a fully executed contract. Since funding determinations will not be announced until early March, organizations will be able to retroactively charge eligible expenditures back to the start of the grant period. The remaining 25% will be released in July after successful submission of a mid-contract report.<\/div>\r\n<\/div>"}]}}]},"yoast_head":"<!-- This site is optimized with the Yoast SEO plugin v26.8 - https:\/\/yoast.com\/product\/yoast-seo-wordpress\/ -->\n<title>The Racial Equity Fund - United Way for Southeastern Michigan<\/title>\n<meta name=\"description\" content=\"The Racial Equity Fund will provide financial support and technical assistance to BIPOC-led organizations through operational unrestricted grants.\" \/>\n<meta name=\"robots\" content=\"index, follow, max-snippet:-1, max-image-preview:large, max-video-preview:-1\" \/>\n<link rel=\"canonical\" href=\"https:\/\/unitedwaysem.org\/es\/racial-equity-fund\/\" \/>\n<meta property=\"og:locale\" content=\"es_MX\" \/>\n<meta property=\"og:type\" content=\"article\" \/>\n<meta property=\"og:title\" content=\"The Racial Equity Fund - United Way for Southeastern Michigan\" \/>\n<meta property=\"og:description\" content=\"The Racial Equity Fund will provide financial support and technical assistance to BIPOC-led organizations through operational unrestricted grants.\" \/>\n<meta property=\"og:url\" content=\"https:\/\/unitedwaysem.org\/es\/racial-equity-fund\/\" \/>\n<meta property=\"og:site_name\" content=\"United Way for Southeastern Michigan\" \/>\n<meta property=\"article:modified_time\" content=\"2025-02-18T14:38:34+00:00\" \/>\n<meta property=\"og:image\" content=\"https:\/\/unitedwaysem.org\/wp-content\/uploads\/2021\/08\/2021-REF-Website-Header-V2-scaled.jpg\" \/>\n\t<meta property=\"og:image:width\" content=\"2560\" \/>\n\t<meta property=\"og:image:height\" content=\"947\" \/>\n\t<meta property=\"og:image:type\" content=\"image\/jpeg\" \/>\n<meta name=\"twitter:card\" content=\"summary_large_image\" \/>\n<script type=\"application\/ld+json\" class=\"yoast-schema-graph\">{\"@context\":\"https:\/\/schema.org\",\"@graph\":[{\"@type\":\"WebPage\",\"@id\":\"https:\/\/unitedwaysem.org\/racial-equity-fund\/\",\"url\":\"https:\/\/unitedwaysem.org\/racial-equity-fund\/\",\"name\":\"The Racial Equity Fund - United Way for Southeastern Michigan\",\"isPartOf\":{\"@id\":\"https:\/\/unitedwaysem.org\/#website\"},\"primaryImageOfPage\":{\"@id\":\"https:\/\/unitedwaysem.org\/racial-equity-fund\/#primaryimage\"},\"image\":{\"@id\":\"https:\/\/unitedwaysem.org\/racial-equity-fund\/#primaryimage\"},\"thumbnailUrl\":\"https:\/\/unitedwaysem.org\/wp-content\/uploads\/2021\/08\/2021-REF-Website-Header-V2-scaled.jpg\",\"datePublished\":\"2021-08-25T15:51:28+00:00\",\"dateModified\":\"2025-02-18T14:38:34+00:00\",\"description\":\"The Racial Equity Fund will provide financial support and technical assistance to BIPOC-led organizations through operational unrestricted grants.\",\"breadcrumb\":{\"@id\":\"https:\/\/unitedwaysem.org\/racial-equity-fund\/#breadcrumb\"},\"inLanguage\":\"es\",\"potentialAction\":[{\"@type\":\"ReadAction\",\"target\":[\"https:\/\/unitedwaysem.org\/racial-equity-fund\/\"]}]},{\"@type\":\"ImageObject\",\"inLanguage\":\"es\",\"@id\":\"https:\/\/unitedwaysem.org\/racial-equity-fund\/#primaryimage\",\"url\":\"https:\/\/unitedwaysem.org\/wp-content\/uploads\/2021\/08\/2021-REF-Website-Header-V2-scaled.jpg\",\"contentUrl\":\"https:\/\/unitedwaysem.org\/wp-content\/uploads\/2021\/08\/2021-REF-Website-Header-V2-scaled.jpg\",\"width\":2560,\"height\":947},{\"@type\":\"BreadcrumbList\",\"@id\":\"https:\/\/unitedwaysem.org\/racial-equity-fund\/#breadcrumb\",\"itemListElement\":[{\"@type\":\"ListItem\",\"position\":1,\"name\":\"Home\",\"item\":\"https:\/\/unitedwaysem.org\/\"},{\"@type\":\"ListItem\",\"position\":2,\"name\":\"The Racial Equity Fund\"}]},{\"@type\":\"WebSite\",\"@id\":\"https:\/\/unitedwaysem.org\/#website\",\"url\":\"https:\/\/unitedwaysem.org\/\",\"name\":\"United Way for Southeastern Michigan\",\"description\":\"\",\"publisher\":{\"@id\":\"https:\/\/unitedwaysem.org\/#organization\"},\"potentialAction\":[{\"@type\":\"SearchAction\",\"target\":{\"@type\":\"EntryPoint\",\"urlTemplate\":\"https:\/\/unitedwaysem.org\/?s={search_term_string}\"},\"query-input\":{\"@type\":\"PropertyValueSpecification\",\"valueRequired\":true,\"valueName\":\"search_term_string\"}}],\"inLanguage\":\"es\"},{\"@type\":\"Organization\",\"@id\":\"https:\/\/unitedwaysem.org\/#organization\",\"name\":\"United Way for Southeastern Michigan\",\"url\":\"https:\/\/unitedwaysem.org\/\",\"logo\":{\"@type\":\"ImageObject\",\"inLanguage\":\"es\",\"@id\":\"https:\/\/unitedwaysem.org\/#\/schema\/logo\/image\/\",\"url\":\"https:\/\/unitedwaysem.org\/wp-content\/uploads\/2024\/12\/uwsem-logo.png\",\"contentUrl\":\"https:\/\/unitedwaysem.org\/wp-content\/uploads\/2024\/12\/uwsem-logo.png\",\"width\":768,\"height\":768,\"caption\":\"United Way for Southeastern Michigan\"},\"image\":{\"@id\":\"https:\/\/unitedwaysem.org\/#\/schema\/logo\/image\/\"}}]}<\/script>\n<!-- \/ Yoast SEO plugin. -->","yoast_head_json":{"title":"The Racial Equity Fund - United Way for Southeastern Michigan","description":"The Racial Equity Fund will provide financial support and technical assistance to BIPOC-led organizations through operational unrestricted grants.","robots":{"index":"index","follow":"follow","max-snippet":"max-snippet:-1","max-image-preview":"max-image-preview:large","max-video-preview":"max-video-preview:-1"},"canonical":"https:\/\/unitedwaysem.org\/es\/racial-equity-fund\/","og_locale":"es_MX","og_type":"article","og_title":"The Racial Equity Fund - United Way for Southeastern Michigan","og_description":"The Racial Equity Fund will provide financial support and technical assistance to BIPOC-led organizations through operational unrestricted grants.","og_url":"https:\/\/unitedwaysem.org\/es\/racial-equity-fund\/","og_site_name":"United Way for Southeastern Michigan","article_modified_time":"2025-02-18T14:38:34+00:00","og_image":[{"width":2560,"height":947,"url":"https:\/\/unitedwaysem.org\/wp-content\/uploads\/2021\/08\/2021-REF-Website-Header-V2-scaled.jpg","type":"image\/jpeg"}],"twitter_card":"summary_large_image","schema":{"@context":"https:\/\/schema.org","@graph":[{"@type":"WebPage","@id":"https:\/\/unitedwaysem.org\/racial-equity-fund\/","url":"https:\/\/unitedwaysem.org\/racial-equity-fund\/","name":"The Racial Equity Fund - United Way for Southeastern Michigan","isPartOf":{"@id":"https:\/\/unitedwaysem.org\/#website"},"primaryImageOfPage":{"@id":"https:\/\/unitedwaysem.org\/racial-equity-fund\/#primaryimage"},"image":{"@id":"https:\/\/unitedwaysem.org\/racial-equity-fund\/#primaryimage"},"thumbnailUrl":"https:\/\/unitedwaysem.org\/wp-content\/uploads\/2021\/08\/2021-REF-Website-Header-V2-scaled.jpg","datePublished":"2021-08-25T15:51:28+00:00","dateModified":"2025-02-18T14:38:34+00:00","description":"The Racial Equity Fund will provide financial support and technical assistance to BIPOC-led organizations through operational unrestricted grants.","breadcrumb":{"@id":"https:\/\/unitedwaysem.org\/racial-equity-fund\/#breadcrumb"},"inLanguage":"es","potentialAction":[{"@type":"ReadAction","target":["https:\/\/unitedwaysem.org\/racial-equity-fund\/"]}]},{"@type":"ImageObject","inLanguage":"es","@id":"https:\/\/unitedwaysem.org\/racial-equity-fund\/#primaryimage","url":"https:\/\/unitedwaysem.org\/wp-content\/uploads\/2021\/08\/2021-REF-Website-Header-V2-scaled.jpg","contentUrl":"https:\/\/unitedwaysem.org\/wp-content\/uploads\/2021\/08\/2021-REF-Website-Header-V2-scaled.jpg","width":2560,"height":947},{"@type":"BreadcrumbList","@id":"https:\/\/unitedwaysem.org\/racial-equity-fund\/#breadcrumb","itemListElement":[{"@type":"ListItem","position":1,"name":"Home","item":"https:\/\/unitedwaysem.org\/"},{"@type":"ListItem","position":2,"name":"The Racial Equity Fund"}]},{"@type":"WebSite","@id":"https:\/\/unitedwaysem.org\/#website","url":"https:\/\/unitedwaysem.org\/","name":"United Way para el sureste de Michigan","description":"","publisher":{"@id":"https:\/\/unitedwaysem.org\/#organization"},"potentialAction":[{"@type":"SearchAction","target":{"@type":"EntryPoint","urlTemplate":"https:\/\/unitedwaysem.org\/?s={search_term_string}"},"query-input":{"@type":"PropertyValueSpecification","valueRequired":true,"valueName":"search_term_string"}}],"inLanguage":"es"},{"@type":"Organization","@id":"https:\/\/unitedwaysem.org\/#organization","name":"United Way para el sureste de Michigan","url":"https:\/\/unitedwaysem.org\/","logo":{"@type":"ImageObject","inLanguage":"es","@id":"https:\/\/unitedwaysem.org\/#\/schema\/logo\/image\/","url":"https:\/\/unitedwaysem.org\/wp-content\/uploads\/2024\/12\/uwsem-logo.png","contentUrl":"https:\/\/unitedwaysem.org\/wp-content\/uploads\/2024\/12\/uwsem-logo.png","width":768,"height":768,"caption":"United Way for Southeastern Michigan"},"image":{"@id":"https:\/\/unitedwaysem.org\/#\/schema\/logo\/image\/"}}]}},"_links":{"self":[{"href":"https:\/\/unitedwaysem.org\/es\/wp-json\/wp\/v2\/pages\/1512","targetHints":{"allow":["GET"]}}],"collection":[{"href":"https:\/\/unitedwaysem.org\/es\/wp-json\/wp\/v2\/pages"}],"about":[{"href":"https:\/\/unitedwaysem.org\/es\/wp-json\/wp\/v2\/types\/page"}],"author":[{"embeddable":true,"href":"https:\/\/unitedwaysem.org\/es\/wp-json\/wp\/v2\/users\/12"}],"replies":[{"embeddable":true,"href":"https:\/\/unitedwaysem.org\/es\/wp-json\/wp\/v2\/comments?post=1512"}],"version-history":[{"count":0,"href":"https:\/\/unitedwaysem.org\/es\/wp-json\/wp\/v2\/pages\/1512\/revisions"}],"wp:featuredmedia":[{"embeddable":true,"href":"https:\/\/unitedwaysem.org\/es\/wp-json\/wp\/v2\/media\/1513"}],"wp:attachment":[{"href":"https:\/\/unitedwaysem.org\/es\/wp-json\/wp\/v2\/media?parent=1512"}],"curies":[{"name":"wp","href":"https:\/\/api.w.org\/{rel}","templated":true}]}}