{"id":1058,"date":"2022-01-20T17:41:26","date_gmt":"2022-01-20T22:41:26","guid":{"rendered":"https:\/\/unitedwaysem.org\/women-of-influence-summit\/"},"modified":"2026-03-04T16:46:28","modified_gmt":"2026-03-04T21:46:28","slug":"women-of-influence-summit","status":"publish","type":"page","link":"https:\/\/unitedwaysem.org\/es\/get-involved\/give\/affinity-groups\/women-united\/women-of-influence-summit\/","title":{"rendered":"Cumbre de Mujeres Influyentes"},"content":{"rendered":"","protected":false},"excerpt":{"rendered":"","protected":false},"author":11,"featured_media":1059,"parent":805,"menu_order":0,"comment_status":"closed","ping_status":"closed","template":"","meta":{"_acf_changed":false,"_relevanssi_hide_post":"","_relevanssi_hide_content":"","_relevanssi_pin_for_all":"","_relevanssi_pin_keywords":"","_relevanssi_unpin_keywords":"","_relevanssi_related_keywords":"","_relevanssi_related_include_ids":"","_relevanssi_related_exclude_ids":"","_relevanssi_related_no_append":"","_relevanssi_related_not_related":"","_relevanssi_related_posts":"","_relevanssi_noindex_reason":""},"class_list":["post-1058","page","type-page","status-publish","has-post-thumbnail","hentry","news_type-update"],"acf":{"page_layout":[{"acf_fc_layout":"layout_hero","_acfe_flexible_toggle":null,"component_hero":{"kicker_text":"A decade of impact","heading":"Women of Influence Summit","summary":"","image":6576,"cta":"","bubble":""}},{"acf_fc_layout":"layout_wysiwyg","_acfe_flexible_toggle":null,"component_wysiwyg":{"content":"<h2 style=\"text-align: center;\">Una d\u00e9cada de impacto<\/h2>\r\nCelebramos una d\u00e9cada de impacto en la d\u00e9cima edici\u00f3n anual de la Cumbre de Mujeres Influyentes, que se celebrar\u00e1 el viernes 13 de marzo en un nuevo y emocionante lugar: \u00a1el Ford Field! Nuestro popular Mercado de Empresas Propiedad de Mujeres vuelve por cuarto a\u00f1o consecutivo. <a href=\"https:\/\/unitedwaysem.org\/es\/get-involved\/give\/affinity-groups\/women-united\/women-of-influence-summit\/women-of-influence-women-owned-market-participants-2026\/\" target=\"_blank\" rel=\"noopener\">Haga clic aqu\u00ed para ver la lista de participantes.<\/a>.Cada a\u00f1o, este evento celebra el D\u00eda Internacional de la Mujer y recauda fondos para la educaci\u00f3n infantil. Organizada por el grupo filantr\u00f3pico Women United de United Way for Southeastern Michigan, la cumbre ha recaudado m\u00e1s de $2 millones para apoyar a los ni\u00f1os, las familias y los cuidadores de nuestra comunidad desde su creaci\u00f3n.","":null,"settings":""}},{"acf_fc_layout":"layout_promo","_acfe_flexible_toggle":null,"component_promo":{"":null,"title":"Orador principal","abstract":"Our keynote speaker, presented by Siebert Williams Shank Foundation, is Susan Packard, cofounder of HGTV.\r\n\r\nPackard has been on the ground floor and helped to build powerful media brands like HBO, CNBC and HGTV. She left the corporate media world to become a writer, mentor and leadership speaker, publishing four books, two of which highlight the courage and accomplishments of women. She finds purpose today in supporting women, mentoring college students in recovery, writing, and taking in perfect Michigan days.","links":null,"button":"","button2":"","image":7222,"reverse":false,"color":"navy","id":""}},{"acf_fc_layout":"layout_wysiwyg","_acfe_flexible_toggle":null,"component_wysiwyg":{"content":"Las entradas est\u00e1n agotadas, pero a\u00fan puede hacer una donaci\u00f3n para apoyar la causa.\r\n\r\n<a class=\"tm-button button version-1\" role=\"button\" href=\"https:\/\/giving.unitedwaysem.org\/unitedwaysem\/get-involved\/donate\/2026-women-of-influence-donations\" target=\"true\"><span class=\"tm-button-inner\"><span class=\"text\">Done para apoyar a los ni\u00f1os y sus familias.<\/span><\/span><\/a>\r\n\r\n\u00bfLe interesan otras formas de participar? <a href=\"https:\/\/unitedwaysem.org\/wp-content\/uploads\/2025\/10\/Sponsorship-Booklet-and-Form-10th-Annual-WOI.pdf\">Haga clic aqu\u00ed para ver nuestro men\u00fa de patrocinio.<\/a>\r\n<h4 style=\"text-align: center;\">Comit\u00e9 Honor\u00edfico de Mujeres Influyentes 2026<\/h4>","":null,"settings":""}},{"acf_fc_layout":"layout_column","_acfe_flexible_toggle":null,"component_column":{"columns":[{"content":"<ul>\r\n \t<li>Tiffany A. Albert<\/li>\r\n \t<li>Liz Alvarez<\/li>\r\n \t<li>Lisa Cawley<\/li>\r\n \t<li>Alissa Cleland<\/li>\r\n \t<li>Sarah Earley<\/li>\r\n \t<li>Elyse Foltyn<\/li>\r\n \t<li>Emily Ford<\/li>\r\n \t<li>Heather Geisler<\/li>\r\n<\/ul>"},{"content":"<ul>\r\n \t<li>Dr. Linda H. Gillum<\/li>\r\n \t<li>Laura Grannemann<\/li>\r\n \t<li>Marnita Harris<\/li>\r\n \t<li>Kelle Ilitch<\/li>\r\n \t<li>Anke Kaas<\/li>\r\n \t<li>Danialle Karmanos<\/li>\r\n \t<li>Lori Lancaster<\/li>\r\n \t<li>Heidi Magyar<\/li>\r\n<\/ul>"},{"content":"<ul>\r\n \t<li>Angelique Peterson-Mayberry<\/li>\r\n \t<li>Tomika Moch<\/li>\r\n \t<li>Nancy Moody<\/li>\r\n \t<li>Leslie Murphy<\/li>\r\n \t<li>Suzanne Shank<\/li>\r\n \t<li>Carla Walker-Miller<\/li>\r\n \t<li>Allyson Waldman<\/li>\r\n \t<li>Clare Willett<\/li>\r\n<\/ul>"}],"include_bottom_border":false}},{"acf_fc_layout":"layout_wysiwyg","_acfe_flexible_toggle":null,"component_wysiwyg":{"content":"<h5 style=\"text-align: center;\">Comit\u00e9 de Mujeres Unidas<\/h5>","":null,"settings":""}},{"acf_fc_layout":"layout_column","_acfe_flexible_toggle":null,"component_column":{"columns":[{"content":"<ul>\r\n \t<li>Marnita Harris, <em>Chair<\/em><\/li>\r\n \t<li>Rema Nasif, <em>Women of Influence Co-Chair<\/em><\/li>\r\n \t<li>Abby Watteny, <em>Women of Influence Co-Chair<\/em><\/li>\r\n \t<li>Kamela Bollano<\/li>\r\n \t<li>Andrea Davis<\/li>\r\n \t<li>Erica Foondle<\/li>\r\n<\/ul>"},{"content":"<ul>\r\n \t<li>Leslie Murphy<\/li>\r\n \t<li>Angelique Peterson-Mayberry<\/li>\r\n \t<li>Donna Stallings<\/li>\r\n \t<li>Heather Storey<\/li>\r\n \t<li>Tracy Thomas<\/li>\r\n \t<li>Debra Timmerman<\/li>\r\n \t<li>Allyson Waldman<\/li>\r\n<\/ul>"}],"include_bottom_border":false}},{"acf_fc_layout":"layout_video","_acfe_flexible_toggle":null,"component_video":{"":null,"youtube_id":"OQhwpuUV5tc","image":""}},{"acf_fc_layout":"layout_our_impact","_acfe_flexible_toggle":null,"component_our_impact":{"header":{"title":"","abstract":"","link":""},"dynamic_population":false,"version":"1","topic_filter":[],"program_theme_filter":[],"layout":[{"acf_fc_layout":"version_1","story_col_1":2944,"stat_col_2_row_1":4435,"stat_col_2_row_2":2933},{"acf_fc_layout":"version_4","story_col_1":2839,"story_col_2":1736}]}},{"acf_fc_layout":"layout_marquee","_acfe_flexible_toggle":null,"component_marquee":{"header":{"title":"Through the years","abstract":"Here are just a few photos from past summits. ","link":""},"items":[{"image":3011,"ratio":"square"},{"image":3010,"ratio":"square"},{"image":2989,"ratio":"square"},{"image":2962,"ratio":"square"},{"image":2961,"ratio":"square"},{"image":2960,"ratio":"square"},{"image":2959,"ratio":"square"},{"image":2956,"ratio":"square"},{"image":2949,"ratio":"square"},{"image":2946,"ratio":"square"},{"image":2816,"ratio":"square"},{"image":2253,"ratio":"square"},{"image":1124,"ratio":"square"},{"image":1123,"ratio":"square"},{"image":1122,"ratio":"square"},{"image":813,"ratio":"square"},{"image":589,"ratio":"square"},{"image":588,"ratio":"square"}]}}]},"yoast_head":"<!-- This site is optimized with the Yoast SEO plugin v26.8 - https:\/\/yoast.com\/product\/yoast-seo-wordpress\/ -->\n<title>Women of Influence Summit - United Way for Southeastern Michigan<\/title>\n<meta name=\"description\" content=\"The 2026 Women of Influence Summit is set for March 13 at Ford Field. Join us to celebrate a decade of impact!\" \/>\n<meta name=\"robots\" content=\"index, follow, max-snippet:-1, max-image-preview:large, max-video-preview:-1\" \/>\n<link rel=\"canonical\" href=\"https:\/\/unitedwaysem.org\/es\/get-involved\/give\/affinity-groups\/women-united\/women-of-influence-summit\/\" \/>\n<meta property=\"og:locale\" content=\"es_MX\" \/>\n<meta property=\"og:type\" content=\"article\" \/>\n<meta property=\"og:title\" content=\"Women of Influence Summit - United Way for Southeastern Michigan\" \/>\n<meta property=\"og:description\" content=\"The 2026 Women of Influence Summit is set for March 13 at Ford Field. Join us to celebrate a decade of impact!\" \/>\n<meta property=\"og:url\" content=\"https:\/\/unitedwaysem.org\/es\/get-involved\/give\/affinity-groups\/women-united\/women-of-influence-summit\/\" \/>\n<meta property=\"og:site_name\" content=\"United Way for Southeastern Michigan\" \/>\n<meta property=\"article:modified_time\" content=\"2026-03-04T21:46:28+00:00\" \/>\n<meta property=\"og:image\" content=\"https:\/\/unitedwaysem.org\/wp-content\/uploads\/2022\/01\/WOI-generic-square.jpg\" \/>\n\t<meta property=\"og:image:width\" content=\"2080\" \/>\n\t<meta property=\"og:image:height\" content=\"2064\" \/>\n\t<meta property=\"og:image:type\" content=\"image\/jpeg\" \/>\n<meta name=\"twitter:card\" content=\"summary_large_image\" \/>\n<meta name=\"twitter:label1\" content=\"Tiempo de lectura\" \/>\n\t<meta name=\"twitter:data1\" content=\"6 minutos\" \/>\n<script type=\"application\/ld+json\" class=\"yoast-schema-graph\">{\"@context\":\"https:\/\/schema.org\",\"@graph\":[{\"@type\":\"WebPage\",\"@id\":\"https:\/\/unitedwaysem.org\/get-involved\/give\/affinity-groups\/women-united\/women-of-influence-summit\/\",\"url\":\"https:\/\/unitedwaysem.org\/get-involved\/give\/affinity-groups\/women-united\/women-of-influence-summit\/\",\"name\":\"Women of Influence Summit - United Way for Southeastern Michigan\",\"isPartOf\":{\"@id\":\"https:\/\/unitedwaysem.org\/#website\"},\"primaryImageOfPage\":{\"@id\":\"https:\/\/unitedwaysem.org\/get-involved\/give\/affinity-groups\/women-united\/women-of-influence-summit\/#primaryimage\"},\"image\":{\"@id\":\"https:\/\/unitedwaysem.org\/get-involved\/give\/affinity-groups\/women-united\/women-of-influence-summit\/#primaryimage\"},\"thumbnailUrl\":\"https:\/\/unitedwaysem.org\/wp-content\/uploads\/2022\/01\/WOI-generic-square.jpg\",\"datePublished\":\"2022-01-20T22:41:26+00:00\",\"dateModified\":\"2026-03-04T21:46:28+00:00\",\"description\":\"The 2026 Women of Influence Summit is set for March 13 at Ford Field. Join us to celebrate a decade of impact!\",\"breadcrumb\":{\"@id\":\"https:\/\/unitedwaysem.org\/get-involved\/give\/affinity-groups\/women-united\/women-of-influence-summit\/#breadcrumb\"},\"inLanguage\":\"es\",\"potentialAction\":[{\"@type\":\"ReadAction\",\"target\":[\"https:\/\/unitedwaysem.org\/get-involved\/give\/affinity-groups\/women-united\/women-of-influence-summit\/\"]}]},{\"@type\":\"ImageObject\",\"inLanguage\":\"es\",\"@id\":\"https:\/\/unitedwaysem.org\/get-involved\/give\/affinity-groups\/women-united\/women-of-influence-summit\/#primaryimage\",\"url\":\"https:\/\/unitedwaysem.org\/wp-content\/uploads\/2022\/01\/WOI-generic-square.jpg\",\"contentUrl\":\"https:\/\/unitedwaysem.org\/wp-content\/uploads\/2022\/01\/WOI-generic-square.jpg\",\"width\":2080,\"height\":2064},{\"@type\":\"BreadcrumbList\",\"@id\":\"https:\/\/unitedwaysem.org\/get-involved\/give\/affinity-groups\/women-united\/women-of-influence-summit\/#breadcrumb\",\"itemListElement\":[{\"@type\":\"ListItem\",\"position\":1,\"name\":\"Home\",\"item\":\"https:\/\/unitedwaysem.org\/\"},{\"@type\":\"ListItem\",\"position\":2,\"name\":\"Get Involved\",\"item\":\"https:\/\/unitedwaysem.org\/get-involved\/\"},{\"@type\":\"ListItem\",\"position\":3,\"name\":\"Give\",\"item\":\"https:\/\/unitedwaysem.org\/get-involved\/give\/\"},{\"@type\":\"ListItem\",\"position\":4,\"name\":\"Affinity Groups\",\"item\":\"https:\/\/unitedwaysem.org\/get-involved\/give\/affinity-groups\/\"},{\"@type\":\"ListItem\",\"position\":5,\"name\":\"Women United\",\"item\":\"https:\/\/unitedwaysem.org\/get-involved\/give\/affinity-groups\/women-united\/\"},{\"@type\":\"ListItem\",\"position\":6,\"name\":\"Women of Influence Summit\"}]},{\"@type\":\"WebSite\",\"@id\":\"https:\/\/unitedwaysem.org\/#website\",\"url\":\"https:\/\/unitedwaysem.org\/\",\"name\":\"United Way for Southeastern Michigan\",\"description\":\"\",\"publisher\":{\"@id\":\"https:\/\/unitedwaysem.org\/#organization\"},\"potentialAction\":[{\"@type\":\"SearchAction\",\"target\":{\"@type\":\"EntryPoint\",\"urlTemplate\":\"https:\/\/unitedwaysem.org\/?s={search_term_string}\"},\"query-input\":{\"@type\":\"PropertyValueSpecification\",\"valueRequired\":true,\"valueName\":\"search_term_string\"}}],\"inLanguage\":\"es\"},{\"@type\":\"Organization\",\"@id\":\"https:\/\/unitedwaysem.org\/#organization\",\"name\":\"United Way for Southeastern Michigan\",\"url\":\"https:\/\/unitedwaysem.org\/\",\"logo\":{\"@type\":\"ImageObject\",\"inLanguage\":\"es\",\"@id\":\"https:\/\/unitedwaysem.org\/#\/schema\/logo\/image\/\",\"url\":\"https:\/\/unitedwaysem.org\/wp-content\/uploads\/2024\/12\/uwsem-logo.png\",\"contentUrl\":\"https:\/\/unitedwaysem.org\/wp-content\/uploads\/2024\/12\/uwsem-logo.png\",\"width\":768,\"height\":768,\"caption\":\"United Way for Southeastern Michigan\"},\"image\":{\"@id\":\"https:\/\/unitedwaysem.org\/#\/schema\/logo\/image\/\"}}]}<\/script>\n<!-- \/ Yoast SEO plugin. -->","yoast_head_json":{"title":"Cumbre de Mujeres Influyentes - United Way para el Sureste de Michigan","description":"La Cumbre de Mujeres Influyentes 2026 est\u00e1 programada para el 13 de marzo en el Ford Field. \u00a1\u00danase a nosotros para celebrar una d\u00e9cada de impacto!","robots":{"index":"index","follow":"follow","max-snippet":"max-snippet:-1","max-image-preview":"max-image-preview:large","max-video-preview":"max-video-preview:-1"},"canonical":"https:\/\/unitedwaysem.org\/es\/get-involved\/give\/affinity-groups\/women-united\/women-of-influence-summit\/","og_locale":"es_MX","og_type":"article","og_title":"Women of Influence Summit - United Way for Southeastern Michigan","og_description":"The 2026 Women of Influence Summit is set for March 13 at Ford Field. Join us to celebrate a decade of impact!","og_url":"https:\/\/unitedwaysem.org\/es\/get-involved\/give\/affinity-groups\/women-united\/women-of-influence-summit\/","og_site_name":"United Way for Southeastern Michigan","article_modified_time":"2026-03-04T21:46:28+00:00","og_image":[{"width":2080,"height":2064,"url":"https:\/\/unitedwaysem.org\/wp-content\/uploads\/2022\/01\/WOI-generic-square.jpg","type":"image\/jpeg"}],"twitter_card":"summary_large_image","twitter_misc":{"Tiempo de lectura":"6 minutos"},"schema":{"@context":"https:\/\/schema.org","@graph":[{"@type":"WebPage","@id":"https:\/\/unitedwaysem.org\/get-involved\/give\/affinity-groups\/women-united\/women-of-influence-summit\/","url":"https:\/\/unitedwaysem.org\/get-involved\/give\/affinity-groups\/women-united\/women-of-influence-summit\/","name":"Cumbre de Mujeres Influyentes - United Way para el Sureste de Michigan","isPartOf":{"@id":"https:\/\/unitedwaysem.org\/#website"},"primaryImageOfPage":{"@id":"https:\/\/unitedwaysem.org\/get-involved\/give\/affinity-groups\/women-united\/women-of-influence-summit\/#primaryimage"},"image":{"@id":"https:\/\/unitedwaysem.org\/get-involved\/give\/affinity-groups\/women-united\/women-of-influence-summit\/#primaryimage"},"thumbnailUrl":"https:\/\/unitedwaysem.org\/wp-content\/uploads\/2022\/01\/WOI-generic-square.jpg","datePublished":"2022-01-20T22:41:26+00:00","dateModified":"2026-03-04T21:46:28+00:00","description":"La Cumbre de Mujeres Influyentes 2026 est\u00e1 programada para el 13 de marzo en el Ford Field. \u00a1\u00danase a nosotros para celebrar una d\u00e9cada de impacto!","breadcrumb":{"@id":"https:\/\/unitedwaysem.org\/get-involved\/give\/affinity-groups\/women-united\/women-of-influence-summit\/#breadcrumb"},"inLanguage":"es","potentialAction":[{"@type":"ReadAction","target":["https:\/\/unitedwaysem.org\/get-involved\/give\/affinity-groups\/women-united\/women-of-influence-summit\/"]}]},{"@type":"ImageObject","inLanguage":"es","@id":"https:\/\/unitedwaysem.org\/get-involved\/give\/affinity-groups\/women-united\/women-of-influence-summit\/#primaryimage","url":"https:\/\/unitedwaysem.org\/wp-content\/uploads\/2022\/01\/WOI-generic-square.jpg","contentUrl":"https:\/\/unitedwaysem.org\/wp-content\/uploads\/2022\/01\/WOI-generic-square.jpg","width":2080,"height":2064},{"@type":"BreadcrumbList","@id":"https:\/\/unitedwaysem.org\/get-involved\/give\/affinity-groups\/women-united\/women-of-influence-summit\/#breadcrumb","itemListElement":[{"@type":"ListItem","position":1,"name":"Home","item":"https:\/\/unitedwaysem.org\/"},{"@type":"ListItem","position":2,"name":"Get Involved","item":"https:\/\/unitedwaysem.org\/get-involved\/"},{"@type":"ListItem","position":3,"name":"Give","item":"https:\/\/unitedwaysem.org\/get-involved\/give\/"},{"@type":"ListItem","position":4,"name":"Affinity Groups","item":"https:\/\/unitedwaysem.org\/get-involved\/give\/affinity-groups\/"},{"@type":"ListItem","position":5,"name":"Women United","item":"https:\/\/unitedwaysem.org\/get-involved\/give\/affinity-groups\/women-united\/"},{"@type":"ListItem","position":6,"name":"Women of Influence Summit"}]},{"@type":"WebSite","@id":"https:\/\/unitedwaysem.org\/#website","url":"https:\/\/unitedwaysem.org\/","name":"United Way para el sureste de Michigan","description":"","publisher":{"@id":"https:\/\/unitedwaysem.org\/#organization"},"potentialAction":[{"@type":"SearchAction","target":{"@type":"EntryPoint","urlTemplate":"https:\/\/unitedwaysem.org\/?s={search_term_string}"},"query-input":{"@type":"PropertyValueSpecification","valueRequired":true,"valueName":"search_term_string"}}],"inLanguage":"es"},{"@type":"Organization","@id":"https:\/\/unitedwaysem.org\/#organization","name":"United Way para el sureste de Michigan","url":"https:\/\/unitedwaysem.org\/","logo":{"@type":"ImageObject","inLanguage":"es","@id":"https:\/\/unitedwaysem.org\/#\/schema\/logo\/image\/","url":"https:\/\/unitedwaysem.org\/wp-content\/uploads\/2024\/12\/uwsem-logo.png","contentUrl":"https:\/\/unitedwaysem.org\/wp-content\/uploads\/2024\/12\/uwsem-logo.png","width":768,"height":768,"caption":"United Way for Southeastern Michigan"},"image":{"@id":"https:\/\/unitedwaysem.org\/#\/schema\/logo\/image\/"}}]}},"_links":{"self":[{"href":"https:\/\/unitedwaysem.org\/es\/wp-json\/wp\/v2\/pages\/1058","targetHints":{"allow":["GET"]}}],"collection":[{"href":"https:\/\/unitedwaysem.org\/es\/wp-json\/wp\/v2\/pages"}],"about":[{"href":"https:\/\/unitedwaysem.org\/es\/wp-json\/wp\/v2\/types\/page"}],"author":[{"embeddable":true,"href":"https:\/\/unitedwaysem.org\/es\/wp-json\/wp\/v2\/users\/11"}],"replies":[{"embeddable":true,"href":"https:\/\/unitedwaysem.org\/es\/wp-json\/wp\/v2\/comments?post=1058"}],"version-history":[{"count":5,"href":"https:\/\/unitedwaysem.org\/es\/wp-json\/wp\/v2\/pages\/1058\/revisions"}],"predecessor-version":[{"id":7419,"href":"https:\/\/unitedwaysem.org\/es\/wp-json\/wp\/v2\/pages\/1058\/revisions\/7419"}],"up":[{"embeddable":true,"href":"https:\/\/unitedwaysem.org\/es\/wp-json\/wp\/v2\/pages\/805"}],"wp:featuredmedia":[{"embeddable":true,"href":"https:\/\/unitedwaysem.org\/es\/wp-json\/wp\/v2\/media\/1059"}],"wp:attachment":[{"href":"https:\/\/unitedwaysem.org\/es\/wp-json\/wp\/v2\/media?parent=1058"}],"curies":[{"name":"wp","href":"https:\/\/api.w.org\/{rel}","templated":true}]}}