{"id":1044,"date":"2020-06-04T15:45:47","date_gmt":"2020-06-04T19:45:47","guid":{"rendered":"https:\/\/unitedwaysem.org\/sponsorship-opportunities\/"},"modified":"2025-05-20T16:37:10","modified_gmt":"2025-05-20T20:37:10","slug":"sponsorship-opportunities","status":"publish","type":"page","link":"https:\/\/unitedwaysem.org\/es\/get-involved\/give\/sponsorship-opportunities\/","title":{"rendered":"Oportunidades de patrocinio"},"content":{"rendered":"","protected":false},"excerpt":{"rendered":"","protected":false},"author":12,"featured_media":0,"parent":765,"menu_order":0,"comment_status":"closed","ping_status":"closed","template":"","meta":{"_acf_changed":false,"_relevanssi_hide_post":"","_relevanssi_hide_content":"","_relevanssi_pin_for_all":"","_relevanssi_pin_keywords":"","_relevanssi_unpin_keywords":"","_relevanssi_related_keywords":"","_relevanssi_related_include_ids":"","_relevanssi_related_exclude_ids":"","_relevanssi_related_no_append":"","_relevanssi_related_not_related":"","_relevanssi_related_posts":"","_relevanssi_noindex_reason":""},"class_list":["post-1044","page","type-page","status-publish","hentry","news_type-update"],"acf":{"page_layout":[{"acf_fc_layout":"layout_hero","_acfe_flexible_toggle":"","component_hero":{"kicker_text":"","heading":"Sponsorship Opportunities","summary":"","image":1125,"cta":"","bubble":""}},{"acf_fc_layout":"layout_wysiwyg","_acfe_flexible_toggle":"","component_wysiwyg":{"content":"Cada d\u00eda, United Way para el Sureste de Michigan impulsa el cambio, alumbrando el camino hacia un futuro m\u00e1s brillante para las familias en los condados de Macomb, Oakland, Washtenaw y Wayne. Diversas oportunidades de impacto comunitario a lo largo del a\u00f1o hacen esto posible, atrayendo contribuciones que nos ayudan a continuar abordando las principales necesidades de nuestra comunidad.\n\nComo patrocinador de United Way, su empresa recibir\u00e1 reconocimiento en eventos p\u00fablicos y privados, y en publicaciones especiales. A\u00fan mejor, nos ayudar\u00e1 a financiar programas vitales que apoyan a los hogares a alcanzar la estabilidad y a los ni\u00f1os a prosperar.","":null,"settings":""}},{"acf_fc_layout":"layout_wysiwyg","_acfe_flexible_toggle":"","component_wysiwyg":{"content":"<div class=\"row\">\r\n<div class=\"col-lg-6 mx-auto text-center\">\r\n<h2 style=\"text-align: center;\">Gracias a nuestros patrocinadores.<\/h2>\r\n<\/div>\r\n<\/div>","":null,"settings":""}},{"acf_fc_layout":"layout_partner_tabs","_acfe_flexible_toggle":"","component_partner_tabs":{"tabs":[{"title":"","card_display":"logo","partners":[{"title":"","image":3632,"url":"https:\/\/sites.google.com\/ahlsgroup.com\/ahlawnserviceinc\/home"},{"title":"","image":3617,"url":"https:\/\/www.accenture.com\/us-en"},{"title":"","image":3637,"url":"https:\/\/www.adamsoutdoor.com\/"},{"title":"","image":3633,"url":"https:\/\/www.ahpplc.com\/"},{"title":"","image":3698,"url":"https:\/\/www.ally.com\/"},{"title":"","image":3699,"url":"https:\/\/www.aam.com\/"},{"title":"","image":3629,"url":"https:\/\/www.aaacf.org\/"},{"title":"","image":2775,"url":"https:\/\/annarborusa.org\/"},{"title":"","image":2818,"url":"https:\/\/www.autoliv.com\/"},{"title":"","image":3615,"url":"https:\/\/www.bankofamerica.com\/"},{"title":"","image":2769,"url":"https:\/\/boannas.com\/"},{"title":"","image":3552,"url":"https:\/\/www.bcbsm.com\/"},{"title":"","image":2663,"url":"https:\/\/www.borgwarner.com\/home"},{"title":"","image":1559,"url":"https:\/\/www.bosch.us\/"},{"title":"","image":2666,"url":"https:\/\/www.clarkhill.com\/"},{"title":"","image":3229,"url":"https:\/\/corporate.comcast.com\/company\/"},{"title":"","image":3627,"url":"https:\/\/www.comerica.com\/"},{"title":"","image":2819,"url":"https:\/\/dakkota.com\/"},{"title":"","image":3622,"url":"https:\/\/www.dbusiness.com\/"},{"title":"","image":2670,"url":"https:\/\/www2.deloitte.com\/us\/"},{"title":"","image":3618,"url":"https:\/\/www.wearedobi.com\/agents\/1727870\/Jessica+Stencel"},{"title":"","image":2657,"url":"https:\/\/www.dteenergy.com\/us\/en.html"},{"title":"","image":2806,"url":"https:\/\/empoweringmichigan.com\/foundation\/"},{"title":"","image":3634,"url":"https:\/\/www.emich.edu\/"},{"title":"","image":3614,"url":"https:\/\/www.gm.com\/"},{"title":"","image":3621,"url":"https:\/\/www.henryford.com\/"},{"title":"","image":2678,"url":"https:\/\/www.hourdetroit.com\/"},{"title":"","image":2703,"url":""},{"title":"","image":3635,"url":"https:\/\/www.itc-holdings.com\/"},{"title":"","image":3636,"url":"https:\/\/www.jandlheating.com\/"},{"title":"","image":3070,"url":"https:\/\/www.key.com\/personal\/index.html"},{"title":"","image":3630,"url":"https:\/\/www.lafontainekia.com\/"},{"title":"","image":3620,"url":"https:\/\/knightfoundation.org\/"},{"title":"","image":2662,"url":"https:\/\/kresge.org\/"},{"title":"","image":3638,"url":"https:\/\/www.libertytitle.com\/"},{"title":"","image":3639,"url":"https:\/\/www.reinhartrealtors.com\/vp\/AgentServlet?SITE=REINHART&ScreenID=AGENT_DETAIL_P&cd_Agent=386380&pres_agent=386380"},{"title":"","image":3628,"url":"https:\/\/www.neimanmarcus.com\/"},{"title":"","image":3625,"url":"https:\/\/www.oldnational.com\/"},{"title":"","image":2667,"url":"https:\/\/www.onemagnify.com\/"},{"title":"","image":2799,"url":"https:\/\/pearlplan.com\/"},{"title":"","image":3640,"url":"https:\/\/www.plantemoran.com\/"},{"title":"","image":2660,"url":"https:\/\/www.pnc.com\/"},{"title":"","image":3641,"url":"https:\/\/www.pottytrainingtargets.com\/"},{"title":"","image":3631,"url":"https:\/\/www.preferredtitlea2.com\/"},{"title":"","image":2772,"url":"https:\/\/www.yourpremierbank.com\/"},{"title":"","image":3696,"url":"https:\/\/www.ptc.com\/en"},{"title":"","image":2674,"url":"https:\/\/www.pwc.com\/us\/"},{"title":"","image":2770,"url":"https:\/\/www.rehmann.com\/"},{"title":"","image":2768,"url":"https:\/\/risadvisory.com\/"},{"title":"","image":3697,"url":"https:\/\/www.riministreet.com\/"},{"title":"","image":3076,"url":"https:\/\/www.rocketcompanies.com\/"},{"title":"","image":2661,"url":"https:\/\/www.roush.com\/"},{"title":"","image":2672,"url":"https:\/\/www.spglobal.com\/mobility\/en\/index.html"},{"title":"","image":2669,"url":"https:\/\/www.skillman.org\/"},{"title":"","image":2701,"url":"https:\/\/www.stellantis.com\/en"},{"title":"","image":3701,"url":"https:\/\/www.stgit.com\/"},{"title":"","image":2773,"url":"https:\/\/www.umcu.org\/Home"},{"title":"","image":3623,"url":"https:\/\/www.mottchildren.org\/"},{"title":"","image":3624,"url":"https:\/\/www.umwomenshealth.org\/"},{"title":"","image":3077,"url":"https:\/\/wmenergy.com\/"},{"title":"","image":3071,"url":"https:\/\/www.wccnet.edu\/"},{"title":"","image":3619,"url":"https:\/\/womenshealth.wayne.edu\/"},{"title":"","image":3616,"url":"https:\/\/www.clickondetroit.com\/"}]}]}}]},"yoast_head":"<!-- This site is optimized with the Yoast SEO plugin v26.8 - https:\/\/yoast.com\/product\/yoast-seo-wordpress\/ -->\n<title>Sponsorship Opportunities - United Way for Southeastern Michigan<\/title>\n<meta name=\"description\" content=\"As a United Way sponsor, your company will receive recognition at public and private events, and in special publications while helping us fund vital programs that help Southeastern Michigan.\" \/>\n<meta name=\"robots\" content=\"index, follow, max-snippet:-1, max-image-preview:large, max-video-preview:-1\" \/>\n<link rel=\"canonical\" href=\"https:\/\/unitedwaysem.org\/es\/get-involved\/give\/sponsorship-opportunities\/\" \/>\n<meta property=\"og:locale\" content=\"es_MX\" \/>\n<meta property=\"og:type\" content=\"article\" \/>\n<meta property=\"og:title\" content=\"Sponsorship Opportunities - United Way for Southeastern Michigan\" \/>\n<meta property=\"og:description\" content=\"As a United Way sponsor, your company will receive recognition at public and private events, and in special publications while helping us fund vital programs that help Southeastern Michigan.\" \/>\n<meta property=\"og:url\" content=\"https:\/\/unitedwaysem.org\/es\/get-involved\/give\/sponsorship-opportunities\/\" \/>\n<meta property=\"og:site_name\" content=\"United Way for Southeastern Michigan\" \/>\n<meta property=\"article:modified_time\" content=\"2025-05-20T20:37:10+00:00\" \/>\n<meta property=\"og:image\" content=\"https:\/\/unitedwaysem.org\/wp-content\/uploads\/2025\/01\/uwsem-share-image-v2.jpg\" \/>\n\t<meta property=\"og:image:width\" content=\"1200\" \/>\n\t<meta property=\"og:image:height\" content=\"630\" \/>\n\t<meta property=\"og:image:type\" content=\"image\/jpeg\" \/>\n<meta name=\"twitter:card\" content=\"summary_large_image\" \/>\n<script type=\"application\/ld+json\" class=\"yoast-schema-graph\">{\"@context\":\"https:\/\/schema.org\",\"@graph\":[{\"@type\":\"WebPage\",\"@id\":\"https:\/\/unitedwaysem.org\/get-involved\/give\/sponsorship-opportunities\/\",\"url\":\"https:\/\/unitedwaysem.org\/get-involved\/give\/sponsorship-opportunities\/\",\"name\":\"Sponsorship Opportunities - United Way for Southeastern Michigan\",\"isPartOf\":{\"@id\":\"https:\/\/unitedwaysem.org\/#website\"},\"datePublished\":\"2020-06-04T19:45:47+00:00\",\"dateModified\":\"2025-05-20T20:37:10+00:00\",\"description\":\"As a United Way sponsor, your company will receive recognition at public and private events, and in special publications while helping us fund vital programs that help Southeastern Michigan.\",\"breadcrumb\":{\"@id\":\"https:\/\/unitedwaysem.org\/get-involved\/give\/sponsorship-opportunities\/#breadcrumb\"},\"inLanguage\":\"es\",\"potentialAction\":[{\"@type\":\"ReadAction\",\"target\":[\"https:\/\/unitedwaysem.org\/get-involved\/give\/sponsorship-opportunities\/\"]}]},{\"@type\":\"BreadcrumbList\",\"@id\":\"https:\/\/unitedwaysem.org\/get-involved\/give\/sponsorship-opportunities\/#breadcrumb\",\"itemListElement\":[{\"@type\":\"ListItem\",\"position\":1,\"name\":\"Home\",\"item\":\"https:\/\/unitedwaysem.org\/\"},{\"@type\":\"ListItem\",\"position\":2,\"name\":\"Get Involved\",\"item\":\"https:\/\/unitedwaysem.org\/get-involved\/\"},{\"@type\":\"ListItem\",\"position\":3,\"name\":\"Give\",\"item\":\"https:\/\/unitedwaysem.org\/get-involved\/give\/\"},{\"@type\":\"ListItem\",\"position\":4,\"name\":\"Sponsorship Opportunities\"}]},{\"@type\":\"WebSite\",\"@id\":\"https:\/\/unitedwaysem.org\/#website\",\"url\":\"https:\/\/unitedwaysem.org\/\",\"name\":\"United Way for Southeastern Michigan\",\"description\":\"\",\"publisher\":{\"@id\":\"https:\/\/unitedwaysem.org\/#organization\"},\"potentialAction\":[{\"@type\":\"SearchAction\",\"target\":{\"@type\":\"EntryPoint\",\"urlTemplate\":\"https:\/\/unitedwaysem.org\/?s={search_term_string}\"},\"query-input\":{\"@type\":\"PropertyValueSpecification\",\"valueRequired\":true,\"valueName\":\"search_term_string\"}}],\"inLanguage\":\"es\"},{\"@type\":\"Organization\",\"@id\":\"https:\/\/unitedwaysem.org\/#organization\",\"name\":\"United Way for Southeastern Michigan\",\"url\":\"https:\/\/unitedwaysem.org\/\",\"logo\":{\"@type\":\"ImageObject\",\"inLanguage\":\"es\",\"@id\":\"https:\/\/unitedwaysem.org\/#\/schema\/logo\/image\/\",\"url\":\"https:\/\/unitedwaysem.org\/wp-content\/uploads\/2024\/12\/uwsem-logo.png\",\"contentUrl\":\"https:\/\/unitedwaysem.org\/wp-content\/uploads\/2024\/12\/uwsem-logo.png\",\"width\":768,\"height\":768,\"caption\":\"United Way for Southeastern Michigan\"},\"image\":{\"@id\":\"https:\/\/unitedwaysem.org\/#\/schema\/logo\/image\/\"}}]}<\/script>\n<!-- \/ Yoast SEO plugin. -->","yoast_head_json":{"title":"Oportunidades de Patrocinio - United Way para el Sudeste de Michigan","description":"Como patrocinador de United Way, su empresa recibir\u00e1 reconocimiento en eventos p\u00fablicos y privados, y en publicaciones especiales, mientras nos ayuda a financiar programas vitales que benefician al sureste de Michigan.","robots":{"index":"index","follow":"follow","max-snippet":"max-snippet:-1","max-image-preview":"max-image-preview:large","max-video-preview":"max-video-preview:-1"},"canonical":"https:\/\/unitedwaysem.org\/es\/get-involved\/give\/sponsorship-opportunities\/","og_locale":"es_MX","og_type":"article","og_title":"Sponsorship Opportunities - United Way for Southeastern Michigan","og_description":"As a United Way sponsor, your company will receive recognition at public and private events, and in special publications while helping us fund vital programs that help Southeastern Michigan.","og_url":"https:\/\/unitedwaysem.org\/es\/get-involved\/give\/sponsorship-opportunities\/","og_site_name":"United Way for Southeastern Michigan","article_modified_time":"2025-05-20T20:37:10+00:00","og_image":[{"width":1200,"height":630,"url":"https:\/\/unitedwaysem.org\/wp-content\/uploads\/2025\/01\/uwsem-share-image-v2.jpg","type":"image\/jpeg"}],"twitter_card":"summary_large_image","schema":{"@context":"https:\/\/schema.org","@graph":[{"@type":"WebPage","@id":"https:\/\/unitedwaysem.org\/get-involved\/give\/sponsorship-opportunities\/","url":"https:\/\/unitedwaysem.org\/get-involved\/give\/sponsorship-opportunities\/","name":"Oportunidades de Patrocinio - United Way para el Sudeste de Michigan","isPartOf":{"@id":"https:\/\/unitedwaysem.org\/#website"},"datePublished":"2020-06-04T19:45:47+00:00","dateModified":"2025-05-20T20:37:10+00:00","description":"Como patrocinador de United Way, su empresa recibir\u00e1 reconocimiento en eventos p\u00fablicos y privados, y en publicaciones especiales, mientras nos ayuda a financiar programas vitales que benefician al sureste de Michigan.","breadcrumb":{"@id":"https:\/\/unitedwaysem.org\/get-involved\/give\/sponsorship-opportunities\/#breadcrumb"},"inLanguage":"es","potentialAction":[{"@type":"ReadAction","target":["https:\/\/unitedwaysem.org\/get-involved\/give\/sponsorship-opportunities\/"]}]},{"@type":"BreadcrumbList","@id":"https:\/\/unitedwaysem.org\/get-involved\/give\/sponsorship-opportunities\/#breadcrumb","itemListElement":[{"@type":"ListItem","position":1,"name":"Home","item":"https:\/\/unitedwaysem.org\/"},{"@type":"ListItem","position":2,"name":"Get Involved","item":"https:\/\/unitedwaysem.org\/get-involved\/"},{"@type":"ListItem","position":3,"name":"Give","item":"https:\/\/unitedwaysem.org\/get-involved\/give\/"},{"@type":"ListItem","position":4,"name":"Sponsorship Opportunities"}]},{"@type":"WebSite","@id":"https:\/\/unitedwaysem.org\/#website","url":"https:\/\/unitedwaysem.org\/","name":"United Way para el sureste de Michigan","description":"","publisher":{"@id":"https:\/\/unitedwaysem.org\/#organization"},"potentialAction":[{"@type":"SearchAction","target":{"@type":"EntryPoint","urlTemplate":"https:\/\/unitedwaysem.org\/?s={search_term_string}"},"query-input":{"@type":"PropertyValueSpecification","valueRequired":true,"valueName":"search_term_string"}}],"inLanguage":"es"},{"@type":"Organization","@id":"https:\/\/unitedwaysem.org\/#organization","name":"United Way para el sureste de Michigan","url":"https:\/\/unitedwaysem.org\/","logo":{"@type":"ImageObject","inLanguage":"es","@id":"https:\/\/unitedwaysem.org\/#\/schema\/logo\/image\/","url":"https:\/\/unitedwaysem.org\/wp-content\/uploads\/2024\/12\/uwsem-logo.png","contentUrl":"https:\/\/unitedwaysem.org\/wp-content\/uploads\/2024\/12\/uwsem-logo.png","width":768,"height":768,"caption":"United Way for Southeastern Michigan"},"image":{"@id":"https:\/\/unitedwaysem.org\/#\/schema\/logo\/image\/"}}]}},"_links":{"self":[{"href":"https:\/\/unitedwaysem.org\/es\/wp-json\/wp\/v2\/pages\/1044","targetHints":{"allow":["GET"]}}],"collection":[{"href":"https:\/\/unitedwaysem.org\/es\/wp-json\/wp\/v2\/pages"}],"about":[{"href":"https:\/\/unitedwaysem.org\/es\/wp-json\/wp\/v2\/types\/page"}],"author":[{"embeddable":true,"href":"https:\/\/unitedwaysem.org\/es\/wp-json\/wp\/v2\/users\/12"}],"replies":[{"embeddable":true,"href":"https:\/\/unitedwaysem.org\/es\/wp-json\/wp\/v2\/comments?post=1044"}],"version-history":[{"count":0,"href":"https:\/\/unitedwaysem.org\/es\/wp-json\/wp\/v2\/pages\/1044\/revisions"}],"up":[{"embeddable":true,"href":"https:\/\/unitedwaysem.org\/es\/wp-json\/wp\/v2\/pages\/765"}],"wp:attachment":[{"href":"https:\/\/unitedwaysem.org\/es\/wp-json\/wp\/v2\/media?parent=1044"}],"curies":[{"name":"wp","href":"https:\/\/api.w.org\/{rel}","templated":true}]}}