{"id":1042,"date":"2020-06-04T15:21:45","date_gmt":"2020-06-04T19:21:45","guid":{"rendered":"https:\/\/unitedwaysem.org\/room-request\/"},"modified":"2025-05-20T14:54:53","modified_gmt":"2025-05-20T18:54:53","slug":"room-request","status":"publish","type":"page","link":"https:\/\/unitedwaysem.org\/es\/about-us\/room-request\/","title":{"rendered":"Solicitud de habitaci\u00f3n"},"content":{"rendered":"","protected":false},"excerpt":{"rendered":"","protected":false},"author":11,"featured_media":0,"parent":683,"menu_order":0,"comment_status":"closed","ping_status":"closed","template":"","meta":{"_acf_changed":false,"_relevanssi_hide_post":"","_relevanssi_hide_content":"","_relevanssi_pin_for_all":"","_relevanssi_pin_keywords":"","_relevanssi_unpin_keywords":"","_relevanssi_related_keywords":"","_relevanssi_related_include_ids":"","_relevanssi_related_exclude_ids":"","_relevanssi_related_no_append":"","_relevanssi_related_not_related":"","_relevanssi_related_posts":"","_relevanssi_noindex_reason":""},"class_list":["post-1042","page","type-page","status-publish","hentry","news_type-update"],"acf":{"page_layout":[{"acf_fc_layout":"layout_hero","_acfe_flexible_toggle":"","component_hero":{"kicker_text":"","heading":"Room request","summary":"Request a room at our Washtenaw County office to host a meeting, workshop or brainstorming session.","image":"","cta":"","bubble":""}},{"acf_fc_layout":"layout_wysiwyg","_acfe_flexible_toggle":"","component_wysiwyg":{"content":"Ya sea una lluvia de ideas, un taller o una reuni\u00f3n de planificaci\u00f3n estrat\u00e9gica, nuestros socios de United Way est\u00e1n invitados a usar nuestros espacios de reuni\u00f3n de forma gratuita.\n\nNuestro equipo de instalaciones determinar\u00e1 si podemos satisfacer la solicitud y enviar\u00e1 un correo electr\u00f3nico de confirmaci\u00f3n, las expectativas y una invitaci\u00f3n de calendario.\r\n\r\n<a class=\"tm-button button version-1\" role=\"button\" href=\"https:\/\/forms.office.com\/pages\/responsepage.aspx?id=Jd5SsdNhokmi-HMdboFAKRnEAlx0z59MoCMEdqlrRVBUMFBJOUZFTVQySlBWNjREVUtaVzBPSkIzUC4u \" target=\"_blank\" rel=\"noopener\"><span class=\"tm-button-inner\"><span class=\"text\">Solicite una habitaci\u00f3n<\/span><\/span><\/a>\r\n\r\n<strong>Sala de conferencias Washtenaw A<\/strong>\r\n\r\n<strong>Disponibilidad<\/strong>\r\n\r\nLa sala est\u00e1 disponible de lunes a viernes, de 9:00 a. m. a 4:00 p. m.\r\n\r\n<strong>Equipo<\/strong>\r\n\r\nEsta habitaci\u00f3n cuenta con:\r\n<ul>\r\n \t<li>Pantallas grandes de alta definici\u00f3n y proyectores para presentaciones.<\/li>\r\n \t<li>Sistemas de videoconferencia para participantes remotos.<\/li>\r\n \t<li>Sistemas de audio.<\/li>\r\n \t<li>Opciones de conectividad como HDMI y transmisi\u00f3n inal\u00e1mbrica para compartir f\u00e1cilmente contenido desde dispositivos personales.<\/li>\r\n<\/ul>\r\n<strong>Costo<\/strong>\r\n\r\nEl uso de esta instalaci\u00f3n es gratuito.\r\n\r\n<strong>Fechas no disponibles<\/strong>\r\n\r\nEsta sala no estar\u00e1 disponible del 30 de enero al 1 de mayo debido a las actividades de preparaci\u00f3n de impuestos de VITA.\r\n\r\n<strong>Informaci\u00f3n adicional<\/strong>\r\n<ul>\r\n \t<li>Los socios son responsables de la preparaci\u00f3n y la limpieza. La sala debe quedar en las mismas condiciones en que se encontr\u00f3.<\/li>\r\n \t<li>Si necesita asistencia t\u00e9cnica con Microsoft Teams u otro equipo, ind\u00edquelo en su formulario de reserva para que podamos hacer los arreglos necesarios con anticipaci\u00f3n.<\/li>\r\n \t<li>Si necesita cancelar su reserva, le rogamos que nos lo comunique con al menos 24 horas de antelaci\u00f3n para que otras parejas puedan aprovechar la habitaci\u00f3n.<\/li>\r\n \t<li>\u00bfPreguntas? Cont\u00e1ctenos en LiveUnited@LiveUnitedSEM.org.<\/li>\r\n<\/ul>","":null,"settings":""}}]},"yoast_head":"<!-- This site is optimized with the Yoast SEO plugin v26.8 - https:\/\/yoast.com\/product\/yoast-seo-wordpress\/ -->\n<title>Room request - United Way for Southeastern Michigan<\/title>\n<meta name=\"robots\" content=\"index, follow, max-snippet:-1, max-image-preview:large, max-video-preview:-1\" \/>\n<link rel=\"canonical\" href=\"https:\/\/unitedwaysem.org\/es\/about-us\/room-request\/\" \/>\n<meta property=\"og:locale\" content=\"es_MX\" \/>\n<meta property=\"og:type\" content=\"article\" \/>\n<meta property=\"og:title\" content=\"Room request - United Way for Southeastern Michigan\" \/>\n<meta property=\"og:url\" content=\"https:\/\/unitedwaysem.org\/es\/about-us\/room-request\/\" \/>\n<meta property=\"og:site_name\" content=\"United Way for Southeastern Michigan\" \/>\n<meta property=\"article:modified_time\" content=\"2025-05-20T18:54:53+00:00\" \/>\n<meta property=\"og:image\" content=\"https:\/\/unitedwaysem.org\/wp-content\/uploads\/2025\/01\/uwsem-share-image-v2.jpg\" \/>\n\t<meta property=\"og:image:width\" content=\"1200\" \/>\n\t<meta property=\"og:image:height\" content=\"630\" \/>\n\t<meta property=\"og:image:type\" content=\"image\/jpeg\" \/>\n<meta name=\"twitter:card\" content=\"summary_large_image\" \/>\n<script type=\"application\/ld+json\" class=\"yoast-schema-graph\">{\"@context\":\"https:\/\/schema.org\",\"@graph\":[{\"@type\":\"WebPage\",\"@id\":\"https:\/\/unitedwaysem.org\/about-us\/room-request\/\",\"url\":\"https:\/\/unitedwaysem.org\/about-us\/room-request\/\",\"name\":\"Room request - United Way for Southeastern Michigan\",\"isPartOf\":{\"@id\":\"https:\/\/unitedwaysem.org\/#website\"},\"datePublished\":\"2020-06-04T19:21:45+00:00\",\"dateModified\":\"2025-05-20T18:54:53+00:00\",\"breadcrumb\":{\"@id\":\"https:\/\/unitedwaysem.org\/about-us\/room-request\/#breadcrumb\"},\"inLanguage\":\"es\",\"potentialAction\":[{\"@type\":\"ReadAction\",\"target\":[\"https:\/\/unitedwaysem.org\/about-us\/room-request\/\"]}]},{\"@type\":\"BreadcrumbList\",\"@id\":\"https:\/\/unitedwaysem.org\/about-us\/room-request\/#breadcrumb\",\"itemListElement\":[{\"@type\":\"ListItem\",\"position\":1,\"name\":\"Home\",\"item\":\"https:\/\/unitedwaysem.org\/\"},{\"@type\":\"ListItem\",\"position\":2,\"name\":\"About Us\",\"item\":\"https:\/\/unitedwaysem.org\/about-us\/\"},{\"@type\":\"ListItem\",\"position\":3,\"name\":\"Room request\"}]},{\"@type\":\"WebSite\",\"@id\":\"https:\/\/unitedwaysem.org\/#website\",\"url\":\"https:\/\/unitedwaysem.org\/\",\"name\":\"United Way for Southeastern Michigan\",\"description\":\"\",\"publisher\":{\"@id\":\"https:\/\/unitedwaysem.org\/#organization\"},\"potentialAction\":[{\"@type\":\"SearchAction\",\"target\":{\"@type\":\"EntryPoint\",\"urlTemplate\":\"https:\/\/unitedwaysem.org\/?s={search_term_string}\"},\"query-input\":{\"@type\":\"PropertyValueSpecification\",\"valueRequired\":true,\"valueName\":\"search_term_string\"}}],\"inLanguage\":\"es\"},{\"@type\":\"Organization\",\"@id\":\"https:\/\/unitedwaysem.org\/#organization\",\"name\":\"United Way for Southeastern Michigan\",\"url\":\"https:\/\/unitedwaysem.org\/\",\"logo\":{\"@type\":\"ImageObject\",\"inLanguage\":\"es\",\"@id\":\"https:\/\/unitedwaysem.org\/#\/schema\/logo\/image\/\",\"url\":\"https:\/\/unitedwaysem.org\/wp-content\/uploads\/2024\/12\/uwsem-logo.png\",\"contentUrl\":\"https:\/\/unitedwaysem.org\/wp-content\/uploads\/2024\/12\/uwsem-logo.png\",\"width\":768,\"height\":768,\"caption\":\"United Way for Southeastern Michigan\"},\"image\":{\"@id\":\"https:\/\/unitedwaysem.org\/#\/schema\/logo\/image\/\"}}]}<\/script>\n<!-- \/ Yoast SEO plugin. -->","yoast_head_json":{"title":"Solicitud de sala - United Way para el sureste de Michigan","robots":{"index":"index","follow":"follow","max-snippet":"max-snippet:-1","max-image-preview":"max-image-preview:large","max-video-preview":"max-video-preview:-1"},"canonical":"https:\/\/unitedwaysem.org\/es\/about-us\/room-request\/","og_locale":"es_MX","og_type":"article","og_title":"Room request - United Way for Southeastern Michigan","og_url":"https:\/\/unitedwaysem.org\/es\/about-us\/room-request\/","og_site_name":"United Way for Southeastern Michigan","article_modified_time":"2025-05-20T18:54:53+00:00","og_image":[{"width":1200,"height":630,"url":"https:\/\/unitedwaysem.org\/wp-content\/uploads\/2025\/01\/uwsem-share-image-v2.jpg","type":"image\/jpeg"}],"twitter_card":"summary_large_image","schema":{"@context":"https:\/\/schema.org","@graph":[{"@type":"WebPage","@id":"https:\/\/unitedwaysem.org\/about-us\/room-request\/","url":"https:\/\/unitedwaysem.org\/about-us\/room-request\/","name":"Solicitud de sala - United Way para el sureste de Michigan","isPartOf":{"@id":"https:\/\/unitedwaysem.org\/#website"},"datePublished":"2020-06-04T19:21:45+00:00","dateModified":"2025-05-20T18:54:53+00:00","breadcrumb":{"@id":"https:\/\/unitedwaysem.org\/about-us\/room-request\/#breadcrumb"},"inLanguage":"es","potentialAction":[{"@type":"ReadAction","target":["https:\/\/unitedwaysem.org\/about-us\/room-request\/"]}]},{"@type":"BreadcrumbList","@id":"https:\/\/unitedwaysem.org\/about-us\/room-request\/#breadcrumb","itemListElement":[{"@type":"ListItem","position":1,"name":"Home","item":"https:\/\/unitedwaysem.org\/"},{"@type":"ListItem","position":2,"name":"About Us","item":"https:\/\/unitedwaysem.org\/about-us\/"},{"@type":"ListItem","position":3,"name":"Room request"}]},{"@type":"WebSite","@id":"https:\/\/unitedwaysem.org\/#website","url":"https:\/\/unitedwaysem.org\/","name":"United Way para el sureste de Michigan","description":"","publisher":{"@id":"https:\/\/unitedwaysem.org\/#organization"},"potentialAction":[{"@type":"SearchAction","target":{"@type":"EntryPoint","urlTemplate":"https:\/\/unitedwaysem.org\/?s={search_term_string}"},"query-input":{"@type":"PropertyValueSpecification","valueRequired":true,"valueName":"search_term_string"}}],"inLanguage":"es"},{"@type":"Organization","@id":"https:\/\/unitedwaysem.org\/#organization","name":"United Way para el sureste de Michigan","url":"https:\/\/unitedwaysem.org\/","logo":{"@type":"ImageObject","inLanguage":"es","@id":"https:\/\/unitedwaysem.org\/#\/schema\/logo\/image\/","url":"https:\/\/unitedwaysem.org\/wp-content\/uploads\/2024\/12\/uwsem-logo.png","contentUrl":"https:\/\/unitedwaysem.org\/wp-content\/uploads\/2024\/12\/uwsem-logo.png","width":768,"height":768,"caption":"United Way for Southeastern Michigan"},"image":{"@id":"https:\/\/unitedwaysem.org\/#\/schema\/logo\/image\/"}}]}},"_links":{"self":[{"href":"https:\/\/unitedwaysem.org\/es\/wp-json\/wp\/v2\/pages\/1042","targetHints":{"allow":["GET"]}}],"collection":[{"href":"https:\/\/unitedwaysem.org\/es\/wp-json\/wp\/v2\/pages"}],"about":[{"href":"https:\/\/unitedwaysem.org\/es\/wp-json\/wp\/v2\/types\/page"}],"author":[{"embeddable":true,"href":"https:\/\/unitedwaysem.org\/es\/wp-json\/wp\/v2\/users\/11"}],"replies":[{"embeddable":true,"href":"https:\/\/unitedwaysem.org\/es\/wp-json\/wp\/v2\/comments?post=1042"}],"version-history":[{"count":0,"href":"https:\/\/unitedwaysem.org\/es\/wp-json\/wp\/v2\/pages\/1042\/revisions"}],"up":[{"embeddable":true,"href":"https:\/\/unitedwaysem.org\/es\/wp-json\/wp\/v2\/pages\/683"}],"wp:attachment":[{"href":"https:\/\/unitedwaysem.org\/es\/wp-json\/wp\/v2\/media?parent=1042"}],"curies":[{"name":"wp","href":"https:\/\/api.w.org\/{rel}","templated":true}]}}